{"id":10177,"date":"2020-06-20T11:27:51","date_gmt":"2020-06-20T10:27:51","guid":{"rendered":"http:\/\/wordpress.educom.pt\/TIC-Portugal-19\/?page_id=10177"},"modified":"2020-07-08T09:04:15","modified_gmt":"2020-07-08T08:04:15","slug":"apresentacao","status":"publish","type":"page","link":"https:\/\/wordpress.educom.pt\/TIC-Portugal-20\/apresentacao\/","title":{"rendered":"Apresenta\u00e7\u00e3o"},"content":{"rendered":"<p>Ir\u00e1 realizar-se no dia <strong>16 de julho de 2020<\/strong>, numa iniciativa da Associa\u00e7\u00e3o EDUCOM \u2013 APTE (Associa\u00e7\u00e3o Portuguesa de Telem\u00e1tica Educativa), atrav\u00e9s do seu Centro de Compet\u00eancia TIC e do seu Centro de Forma\u00e7\u00e3o de Professores, a edi\u00e7\u00e3o 2020 do Encontro <strong>TIC@Portugal<\/strong> &#8211; 8.\u00aa edi\u00e7\u00e3o, na sua atual configura\u00e7\u00e3o.<\/p>\n<p>Este evento tem como objetivo refletir sobre as pr\u00e1ticas do uso das TIC na Educa\u00e7\u00e3o. Pretende ouvir os\u00a0<strong>educadores e professores<\/strong>\u00a0que no terreno usam as TIC, atrav\u00e9s da apresenta\u00e7\u00e3o do seu trabalho, e convida\u00a0<strong>especialistas<\/strong>\u00a0a contribu\u00edrem com o que de mais recente se sabe neste dom\u00ednio. \u00c9 uma oportunidade para se divulgar e debater a<strong>\u00a0utiliza\u00e7\u00e3o das TIC nos processos de ensino e de aprendizagem.<\/strong><\/p>\n<p>A exemplo de anos anteriores, tem um car\u00e1cter <strong>nacional e descentralizado<\/strong>, a levar a cabo em colabora\u00e7\u00e3o com os <strong><em><a href=\"http:\/\/erte.dge.mec.pt\/centros-de-competencia-tic\" target=\"_blank\" rel=\"noopener noreferrer\">Centros de Compet\u00eancia TIC da ERTE\/Dire\u00e7\u00e3o-Geral da Educa\u00e7\u00e3o do Minist\u00e9rio da Educa\u00e7\u00e3o<\/a> <\/em><\/strong>que integram e complementam, com sess\u00f5es locais &#8211; este ano totalmente on-line, por videoconfer\u00eancia, esta iniciativa da EDUCOM.<\/p>\n<p>No atual contexto, que que o ensino a dist\u00e2ncia assegurou a continuidade das atividades letivas a partir do dia 16 de mar\u00e7o \u00faltimo, este ano o TIC@Portugal\u201920 decorrer\u00e1 inteiramente <em>on-line<\/em>, com sess\u00f5es partilhadas por videoconfer\u00eancia, em que todos os participantes estar\u00e3o reunidos num vasto \u201caudit\u00f3rio virtual\u201d, na reflex\u00e3o em torno das pr\u00e1ticas com as TIC nas escolas. \u00a0Este ano, o tema aborda: <span style=\"font-weight: 400;\"><strong>As TIC na Educa\u00e7\u00e3o: oportunidades em Pandemia<\/strong>.<\/span><\/p>\n<p>&nbsp;<\/p>\n<p>Quaisquer d\u00favidas poder\u00e3o ser esclarecidas atrav\u00e9s de email ou de telefone:<\/p>\n<p><strong>Email:<\/strong>\u00a0<em><a href=\"mailto:tic.portugal@educom.pt\">tic.portugal@educom.pt<\/a><\/em><\/p>\n<p><strong>Tlm:<\/strong> 96 73 01 886 (David Costa)<\/p>\n<p>Estamos a trabalhar para que a acredita\u00e7\u00e3o do Encontro possa realizar-se na modalidade de A\u00e7\u00e3o de Curta Dura\u00e7\u00e3o (3h), correspondente \u00e0 participa\u00e7\u00e3o num dos workshops\/webinars da parte da tarde.<\/p>\n","protected":false},"excerpt":{"rendered":"<p>Ir\u00e1 realizar-se no dia 16 de julho de 2020, numa iniciativa da Associa\u00e7\u00e3o EDUCOM \u2013 APTE (Associa\u00e7\u00e3o Portuguesa de Telem\u00e1tica Educativa), atrav\u00e9s do seu Centro&hellip;<\/p>\n","protected":false},"author":9,"featured_media":0,"parent":0,"menu_order":0,"comment_status":"closed","ping_status":"closed","template":"","meta":[],"_links":{"self":[{"href":"https:\/\/wordpress.educom.pt\/TIC-Portugal-20\/wp-json\/wp\/v2\/pages\/10177"}],"collection":[{"href":"https:\/\/wordpress.educom.pt\/TIC-Portugal-20\/wp-json\/wp\/v2\/pages"}],"about":[{"href":"https:\/\/wordpress.educom.pt\/TIC-Portugal-20\/wp-json\/wp\/v2\/types\/page"}],"author":[{"embeddable":true,"href":"https:\/\/wordpress.educom.pt\/TIC-Portugal-20\/wp-json\/wp\/v2\/users\/9"}],"replies":[{"embeddable":true,"href":"https:\/\/wordpress.educom.pt\/TIC-Portugal-20\/wp-json\/wp\/v2\/comments?post=10177"}],"version-history":[{"count":19,"href":"https:\/\/wordpress.educom.pt\/TIC-Portugal-20\/wp-json\/wp\/v2\/pages\/10177\/revisions"}],"predecessor-version":[{"id":11137,"href":"https:\/\/wordpress.educom.pt\/TIC-Portugal-20\/wp-json\/wp\/v2\/pages\/10177\/revisions\/11137"}],"wp:attachment":[{"href":"https:\/\/wordpress.educom.pt\/TIC-Portugal-20\/wp-json\/wp\/v2\/media?parent=10177"}],"curies":[{"name":"wp","href":"https:\/\/api.w.org\/{rel}","templated":true}]}}