{"id":10187,"date":"2020-06-20T10:51:33","date_gmt":"2020-06-20T09:51:33","guid":{"rendered":"http:\/\/wordpress.educom.pt\/TIC-Portugal-19\/?page_id=10187"},"modified":"2020-07-14T14:19:29","modified_gmt":"2020-07-14T13:19:29","slug":"submeter-uma-comunicacao","status":"publish","type":"page","link":"https:\/\/wordpress.educom.pt\/TIC-Portugal-20\/submeter-uma-comunicacao\/","title":{"rendered":"Submeter uma comunica\u00e7\u00e3o"},"content":{"rendered":"<p>Desde a primeira edi\u00e7\u00e3o, a identidade do encontro tem sido centrada na apresenta\u00e7\u00e3o e reflex\u00e3o em torno de <strong>Pr\u00e1ticas com as TIC em Educa\u00e7\u00e3o<\/strong>.<\/p>\n<p>Modelo de apresenta\u00e7\u00e3o: <strong><u><a href=\"https:\/\/wordpress.educom.pt\/TIC-Portugal-20\/wp-content\/uploads\/2020\/07\/modelo-de-diapositivos_TIC@PT20.pptx\" target=\"_blank\" rel=\"noopener noreferrer\">Clique para descarregar<\/a><\/u><\/strong><\/p>\n<p>Poder\u00e1 apresentar dois tipos de comunica\u00e7\u00f5es:<\/p>\n<hr \/>\n<figure id=\"attachment_11048\" aria-describedby=\"caption-attachment-11048\" style=\"width: 300px\" class=\"wp-caption aligncenter\"><a href=\"https:\/\/forms.gle\/oM9SpXu1r5g4MqBQ8\" target=\"_blank\" rel=\"noopener noreferrer\"><img loading=\"lazy\" class=\"wp-image-11048 size-medium\" src=\"https:\/\/wordpress.educom.pt\/TIC-Portugal-20\/wp-content\/uploads\/2020\/06\/bot\u00e3o_comunic_convencional-300x155.png\" alt=\"\" width=\"300\" height=\"155\" srcset=\"https:\/\/wordpress.educom.pt\/TIC-Portugal-20\/wp-content\/uploads\/2020\/06\/bot\u00e3o_comunic_convencional-300x155.png 300w, https:\/\/wordpress.educom.pt\/TIC-Portugal-20\/wp-content\/uploads\/2020\/06\/bot\u00e3o_comunic_convencional-150x77.png 150w, https:\/\/wordpress.educom.pt\/TIC-Portugal-20\/wp-content\/uploads\/2020\/06\/bot\u00e3o_comunic_convencional.png 547w\" sizes=\"(max-width: 300px) 100vw, 300px\" \/><\/a><figcaption id=\"caption-attachment-11048\" class=\"wp-caption-text\">Comunica\u00e7\u00e3o convencional &#8211; 15 minutos<\/figcaption><\/figure>\n<p>&nbsp;<\/p>\n<figure id=\"attachment_11049\" aria-describedby=\"caption-attachment-11049\" style=\"width: 300px\" class=\"wp-caption aligncenter\"><a href=\"https:\/\/forms.gle\/svtNtQ3w77cpzit86\" target=\"_blank\" rel=\"noopener noreferrer\"><img loading=\"lazy\" class=\"wp-image-11049 size-medium\" src=\"https:\/\/wordpress.educom.pt\/TIC-Portugal-20\/wp-content\/uploads\/2020\/06\/bot\u00e3o_comunic_flash-300x155.png\" alt=\"\" width=\"300\" height=\"155\" srcset=\"https:\/\/wordpress.educom.pt\/TIC-Portugal-20\/wp-content\/uploads\/2020\/06\/bot\u00e3o_comunic_flash-300x155.png 300w, https:\/\/wordpress.educom.pt\/TIC-Portugal-20\/wp-content\/uploads\/2020\/06\/bot\u00e3o_comunic_flash-150x77.png 150w, https:\/\/wordpress.educom.pt\/TIC-Portugal-20\/wp-content\/uploads\/2020\/06\/bot\u00e3o_comunic_flash.png 546w\" sizes=\"(max-width: 300px) 100vw, 300px\" \/><\/a><figcaption id=\"caption-attachment-11049\" class=\"wp-caption-text\">Comunica\u00e7\u00e3o Flash &#8211; 5 minutos<\/figcaption><\/figure>\n<hr \/>\n<p>Uma <strong>Comunica\u00e7\u00e3o Convencional<\/strong> pressup\u00f5e a partilha de metodologias, atividades, ferramentas ou estrat\u00e9gias recorrendo \u00e0s TIC no \u00e2mbito da atividade docente. Sugere-se a partilha dos produtos resultantes das atividades desenvolvidas com os alunos, as mais-valias para o processo de ensino e aprendizagem e os constrangimentos, se os houver. O resumo, com um m\u00e1ximo de <strong>1500 caracteres<\/strong>, dever\u00e1 ser enviado atrav\u00e9s de formul\u00e1rio, clicando no bot\u00e3o acima.<\/p>\n<p>Uma\u00a0<strong>Comunica\u00e7\u00e3o Flash<\/strong> pressup\u00f5e a partilha de experi\u00eancias TIC em tempo de pandemia, sob o tema MAIS PANDEMIA? C\u00c1 ESTAREMOS \u2026 COM AS TIC! O resumo dever\u00e1 indicar o t\u00edtulo e um par\u00e1grafo a descrever a partilha. Dever\u00e1 enviar\u00a0atrav\u00e9s de formul\u00e1rio, clicando no bot\u00e3o acima.<\/p>\n<p>As submiss\u00f5es ser\u00e3o apreciadas pela organiza\u00e7\u00e3o quanto \u00e0 pertin\u00eancia da partilha e a conformidade com o modelo solicitado, n\u00e3o se realizando avalia\u00e7\u00e3o cient\u00edfica das mesmas.<\/p>\n<p>A data limite para submiss\u00e3o de <strong>comunica\u00e7\u00f5es<\/strong> \u00e9 a <strong>10 de julho de 2020<\/strong>.<\/p>\n<p>Para apresentar uma comunica\u00e7\u00e3o ou sess\u00e3o pr\u00e1tica dever\u00e1 inscrever-se antecipadamente no TIC@PT&#8217;20 (<a href=\"https:\/\/forms.gle\/DrYWXFc3AQ9soUaG9\" target=\"_blank\" rel=\"noopener noreferrer\"><em><strong>aqui<\/strong><\/em><\/a>).<\/p>\n<p>A comiss\u00e3o organizadora informar\u00e1 sobre a aceita\u00e7\u00e3o da comunica\u00e7\u00e3o e a distribui\u00e7\u00e3o pelas salas de ideoconfer\u00eancia no dia 12 de julho de 2020.<\/p>\n<p>&nbsp;<\/p>\n<p><strong>Contacto<\/strong><\/p>\n<p><strong>Email:<\/strong>\u00a0<a href=\"mailto:tic.portugal@educom.pt\">tic.portugal@educom.pt<\/a><\/p>\n<p><strong>Tlm:\u00a0<\/strong>96 73 01 886 (David Costa)<\/p>\n","protected":false},"excerpt":{"rendered":"<p>Desde a primeira edi\u00e7\u00e3o, a identidade do encontro tem sido centrada na apresenta\u00e7\u00e3o e reflex\u00e3o em torno de Pr\u00e1ticas com as TIC em Educa\u00e7\u00e3o. Modelo&hellip;<\/p>\n","protected":false},"author":9,"featured_media":0,"parent":0,"menu_order":0,"comment_status":"closed","ping_status":"closed","template":"","meta":[],"_links":{"self":[{"href":"https:\/\/wordpress.educom.pt\/TIC-Portugal-20\/wp-json\/wp\/v2\/pages\/10187"}],"collection":[{"href":"https:\/\/wordpress.educom.pt\/TIC-Portugal-20\/wp-json\/wp\/v2\/pages"}],"about":[{"href":"https:\/\/wordpress.educom.pt\/TIC-Portugal-20\/wp-json\/wp\/v2\/types\/page"}],"author":[{"embeddable":true,"href":"https:\/\/wordpress.educom.pt\/TIC-Portugal-20\/wp-json\/wp\/v2\/users\/9"}],"replies":[{"embeddable":true,"href":"https:\/\/wordpress.educom.pt\/TIC-Portugal-20\/wp-json\/wp\/v2\/comments?post=10187"}],"version-history":[{"count":33,"href":"https:\/\/wordpress.educom.pt\/TIC-Portugal-20\/wp-json\/wp\/v2\/pages\/10187\/revisions"}],"predecessor-version":[{"id":11302,"href":"https:\/\/wordpress.educom.pt\/TIC-Portugal-20\/wp-json\/wp\/v2\/pages\/10187\/revisions\/11302"}],"wp:attachment":[{"href":"https:\/\/wordpress.educom.pt\/TIC-Portugal-20\/wp-json\/wp\/v2\/media?parent=10187"}],"curies":[{"name":"wp","href":"https:\/\/api.w.org\/{rel}","templated":true}]}}