{"id":11073,"date":"2020-07-01T17:54:33","date_gmt":"2020-07-01T16:54:33","guid":{"rendered":"http:\/\/wordpress.educom.pt\/TIC-Portugal-20\/?page_id=11073"},"modified":"2020-07-06T13:35:50","modified_gmt":"2020-07-06T12:35:50","slug":"sobre-o-professor-paulo-dias","status":"publish","type":"page","link":"https:\/\/wordpress.educom.pt\/TIC-Portugal-20\/programa\/sobre-o-professor-paulo-dias\/","title":{"rendered":"Sobre o Professor Paulo Dias &#8230;"},"content":{"rendered":"<p><img loading=\"lazy\" class=\"wp-image-11074 size-full alignleft\" src=\"https:\/\/wordpress.educom.pt\/TIC-Portugal-20\/wp-content\/uploads\/2020\/07\/PauloDias.png\" alt=\"Professor Paulo Dias\" width=\"118\" height=\"150\" \/><\/p>\n<p>Paulo Maria Bastos da Silva Dias \u00e9 professor catedr\u00e1tico e ex-Reitor da Universidade Aberta de Portugal (dezembro de 2011 a dezembro de 2019). Doutor em Educa\u00e7\u00e3o pela Universidade do Minho, Portugal, em 1990, e Doutor Honoris Causa pela Universidad Nacional Abierta y a Distancia, UNAD, Colombia, em Educaci\u00f3n a Dist\u00e2ncia y Tecnolog\u00eda Instruccional, em 2017. Tem como principal \u00e1rea de investiga\u00e7\u00e3o inova\u00e7\u00e3o em educa\u00e7\u00e3o a dist\u00e2ncia na sociedade digital, e possui mais de cem publica\u00e7\u00f5es em revistas da especialidade, livros e cap\u00edtulos de livros.<\/p>\n","protected":false},"excerpt":{"rendered":"<p>Paulo Maria Bastos da Silva Dias \u00e9 professor catedr\u00e1tico e ex-Reitor da Universidade Aberta de Portugal (dezembro de 2011 a dezembro de 2019). Doutor em&hellip;<\/p>\n","protected":false},"author":1,"featured_media":0,"parent":17,"menu_order":0,"comment_status":"closed","ping_status":"closed","template":"","meta":[],"_links":{"self":[{"href":"https:\/\/wordpress.educom.pt\/TIC-Portugal-20\/wp-json\/wp\/v2\/pages\/11073"}],"collection":[{"href":"https:\/\/wordpress.educom.pt\/TIC-Portugal-20\/wp-json\/wp\/v2\/pages"}],"about":[{"href":"https:\/\/wordpress.educom.pt\/TIC-Portugal-20\/wp-json\/wp\/v2\/types\/page"}],"author":[{"embeddable":true,"href":"https:\/\/wordpress.educom.pt\/TIC-Portugal-20\/wp-json\/wp\/v2\/users\/1"}],"replies":[{"embeddable":true,"href":"https:\/\/wordpress.educom.pt\/TIC-Portugal-20\/wp-json\/wp\/v2\/comments?post=11073"}],"version-history":[{"count":2,"href":"https:\/\/wordpress.educom.pt\/TIC-Portugal-20\/wp-json\/wp\/v2\/pages\/11073\/revisions"}],"predecessor-version":[{"id":11095,"href":"https:\/\/wordpress.educom.pt\/TIC-Portugal-20\/wp-json\/wp\/v2\/pages\/11073\/revisions\/11095"}],"up":[{"embeddable":true,"href":"https:\/\/wordpress.educom.pt\/TIC-Portugal-20\/wp-json\/wp\/v2\/pages\/17"}],"wp:attachment":[{"href":"https:\/\/wordpress.educom.pt\/TIC-Portugal-20\/wp-json\/wp\/v2\/media?parent=11073"}],"curies":[{"name":"wp","href":"https:\/\/api.w.org\/{rel}","templated":true}]}}