{"id":11080,"date":"2020-07-03T14:48:00","date_gmt":"2020-07-03T13:48:00","guid":{"rendered":"http:\/\/wordpress.educom.pt\/TIC-Portugal-20\/?page_id=11080"},"modified":"2020-07-03T14:48:00","modified_gmt":"2020-07-03T13:48:00","slug":"sobre-o-professor-jose-luis-ramos","status":"publish","type":"page","link":"https:\/\/wordpress.educom.pt\/TIC-Portugal-20\/sobre-o-professor-jose-luis-ramos\/","title":{"rendered":"Sobre o Professor Jos\u00e9 Lu\u00eds Ramos &#8230;"},"content":{"rendered":"<p><img loading=\"lazy\" class=\"alignleft wp-image-11081\" src=\"https:\/\/wordpress.educom.pt\/TIC-Portugal-20\/wp-content\/uploads\/2020\/07\/jlramos_3-c\u00f3pia.jpg\" alt=\"\" width=\"118\" height=\"119\" srcset=\"https:\/\/wordpress.educom.pt\/TIC-Portugal-20\/wp-content\/uploads\/2020\/07\/jlramos_3-c\u00f3pia.jpg 278w, https:\/\/wordpress.educom.pt\/TIC-Portugal-20\/wp-content\/uploads\/2020\/07\/jlramos_3-c\u00f3pia-150x150.jpg 150w\" sizes=\"(max-width: 118px) 100vw, 118px\" \/><\/p>\n<p style=\"margin: 0in; line-height: 18pt; font-family: 'Open Sans'; font-size: 11.25pt; color: #404041;\">Jos\u00e9 Lu\u00eds Pires Ramos \u00e9 Doutor em Ci\u00eancias da Educa\u00e7\u00e3o pela Universidade de \u00c9vora e Mestre em Tecnologia Educativa pela Universidade de Salamanca. \u00c9 Professor e investigador do Centro de Investiga\u00e7\u00e3o em Educa\u00e7\u00e3o e Psicologia na Universidade de \u00c9vora. A sua actividade profissional incide nos campos da integra\u00e7\u00e3o das TIC no curr\u00edculo e na aprendizagem, forma\u00e7\u00e3o de professores em TIC e concep\u00e7\u00e3o, desenvolvimento e avalia\u00e7\u00e3o de software e recursos educativos em suporte digital. Tem participado em projectos de investiga\u00e7\u00e3o e desenvolvimento nacionais e internacionais e publicado artigos cient\u00edficos e pedag\u00f3gicos nos dom\u00ednios assinalados. Foi coordenador e co-autor de v\u00e1rios estudos nacionais no dom\u00ednio das TIC em Educa\u00e7\u00e3o.<\/p>\n","protected":false},"excerpt":{"rendered":"<p>Jos\u00e9 Lu\u00eds Pires Ramos \u00e9 Doutor em Ci\u00eancias da Educa\u00e7\u00e3o pela Universidade de \u00c9vora e Mestre em Tecnologia Educativa pela Universidade de Salamanca. \u00c9 Professor&hellip;<\/p>\n","protected":false},"author":1,"featured_media":0,"parent":0,"menu_order":0,"comment_status":"closed","ping_status":"closed","template":"","meta":[],"_links":{"self":[{"href":"https:\/\/wordpress.educom.pt\/TIC-Portugal-20\/wp-json\/wp\/v2\/pages\/11080"}],"collection":[{"href":"https:\/\/wordpress.educom.pt\/TIC-Portugal-20\/wp-json\/wp\/v2\/pages"}],"about":[{"href":"https:\/\/wordpress.educom.pt\/TIC-Portugal-20\/wp-json\/wp\/v2\/types\/page"}],"author":[{"embeddable":true,"href":"https:\/\/wordpress.educom.pt\/TIC-Portugal-20\/wp-json\/wp\/v2\/users\/1"}],"replies":[{"embeddable":true,"href":"https:\/\/wordpress.educom.pt\/TIC-Portugal-20\/wp-json\/wp\/v2\/comments?post=11080"}],"version-history":[{"count":1,"href":"https:\/\/wordpress.educom.pt\/TIC-Portugal-20\/wp-json\/wp\/v2\/pages\/11080\/revisions"}],"predecessor-version":[{"id":11082,"href":"https:\/\/wordpress.educom.pt\/TIC-Portugal-20\/wp-json\/wp\/v2\/pages\/11080\/revisions\/11082"}],"wp:attachment":[{"href":"https:\/\/wordpress.educom.pt\/TIC-Portugal-20\/wp-json\/wp\/v2\/media?parent=11080"}],"curies":[{"name":"wp","href":"https:\/\/api.w.org\/{rel}","templated":true}]}}