{"id":11098,"date":"2020-07-06T13:51:50","date_gmt":"2020-07-06T12:51:50","guid":{"rendered":"http:\/\/wordpress.educom.pt\/TIC-Portugal-20\/?page_id=11098"},"modified":"2020-07-06T14:57:43","modified_gmt":"2020-07-06T13:57:43","slug":"a-plataforma-khan-academy-na-sala-de-aula-de-matematica","status":"publish","type":"page","link":"https:\/\/wordpress.educom.pt\/TIC-Portugal-20\/programa\/a-plataforma-khan-academy-na-sala-de-aula-de-matematica\/","title":{"rendered":"A plataforma Khan Academy na sala de aula de matem\u00e1tica"},"content":{"rendered":"<p style=\"text-align: center;\">Ana Catarina Gra\u00e7a, Teresa Fernandes e S\u00f3nia Silva<\/p>\n<p style=\"text-align: center;\">ana-c-graca@telecom.pt; teresa-p-fernandes@telecom.pt; slpsousa@ebsaas.com;<\/p>\n<p style=\"text-align: center;\">Funda\u00e7\u00e3o Altice; Escola B\u00e1sica e Secund\u00e1ria Doutor \u00c2ngelo Augusto da Silva<\/p>\n<p>&nbsp;<\/p>\n<p>A <em>Khan Academy<\/em> \u00e9 uma organiza\u00e7\u00e3o n\u00e3o governamental cuja miss\u00e3o \u00e9 oferecer uma educa\u00e7\u00e3o de qualidade a qualquer pessoa, em qualquer lugar e de forma totalmente gratuita, atrav\u00e9s de uma plataforma educativa e interativa on-line. Desde 2013 que a Funda\u00e7\u00e3o Altice tem garantido a tradu\u00e7\u00e3o e a adapta\u00e7\u00e3o dos conte\u00fados originais dispon\u00edveis na plataforma norte-americana para a realidade educativa e l\u00edngua portuguesa.<br \/>\nA <em>Khan Academy<\/em> (KA) disponibiliza, neste momento, um conjunto de 2 300 v\u00eddeos explicativos e 30 000 exerc\u00edcios interativos de matem\u00e1tica. A plataforma portuguesa dispon\u00edvel em <a href=\"https:\/\/pt-pt.khanacademy.org\" target=\"_blank\" rel=\"noopener noreferrer\">https:\/\/pt-pt.khanacademy.org<\/a>, pode ser acedida atrav\u00e9s de um computador, ou na <em>App Khan Academy<\/em>, atrav\u00e9s de um <em>tablet<\/em> ou <em>smartphone<\/em>. Em termos de n\u00fameros, a KA conta j\u00e1 com 100 mil utilizadores em Portugal.<br \/>\nUma das mais-valias desta plataforma educativa \u00e9 a oferta, dirigida para professores e pais, que permite monitorizar os conhecimentos e os progressos, tanto a n\u00edvel de turma como do aluno e educando.<br \/>\nA plataforma contribui para o sucesso escolar dos alunos, promovendo a motiva\u00e7\u00e3o para a aprendizagem, a autonomia na resolu\u00e7\u00e3o de exerc\u00edcios e o desenvolvimento do c\u00e1lculo mental, assim como ajuda na procura de novas estrat\u00e9gias.<br \/>\nCom este workshop pretendemos que o utilizador comece a dar os primeiros passos na KA, apresentando as principais funcionalidades da plataforma, e que apreenda, atrav\u00e9s da divulga\u00e7\u00e3o de alguns projetos dinamizados em Portugal, algumas formas de implementa\u00e7\u00e3o dos recursos digitais da plataforma KA na sala de aula de matem\u00e1tica. Um dos casos a apresentar tem vindo a ser dinamizado na Escola B\u00e1sica e Secund\u00e1ria Doutor \u00c2ngelo Augusto da Silva, Funchal, e visa, atrav\u00e9s da inova\u00e7\u00e3o pedag\u00f3gica e tecnol\u00f3gica, melhorar o sucesso escolar utilizando a plataforma \u201c<em>Khan Academy<\/em>\u201d.<\/p>\n","protected":false},"excerpt":{"rendered":"<p>Ana Catarina Gra\u00e7a, Teresa Fernandes e S\u00f3nia Silva ana-c-graca@telecom.pt; teresa-p-fernandes@telecom.pt; slpsousa@ebsaas.com; Funda\u00e7\u00e3o Altice; Escola B\u00e1sica e Secund\u00e1ria Doutor \u00c2ngelo Augusto da Silva &nbsp; A Khan&hellip;<\/p>\n","protected":false},"author":1,"featured_media":0,"parent":17,"menu_order":0,"comment_status":"closed","ping_status":"closed","template":"","meta":[],"_links":{"self":[{"href":"https:\/\/wordpress.educom.pt\/TIC-Portugal-20\/wp-json\/wp\/v2\/pages\/11098"}],"collection":[{"href":"https:\/\/wordpress.educom.pt\/TIC-Portugal-20\/wp-json\/wp\/v2\/pages"}],"about":[{"href":"https:\/\/wordpress.educom.pt\/TIC-Portugal-20\/wp-json\/wp\/v2\/types\/page"}],"author":[{"embeddable":true,"href":"https:\/\/wordpress.educom.pt\/TIC-Portugal-20\/wp-json\/wp\/v2\/users\/1"}],"replies":[{"embeddable":true,"href":"https:\/\/wordpress.educom.pt\/TIC-Portugal-20\/wp-json\/wp\/v2\/comments?post=11098"}],"version-history":[{"count":4,"href":"https:\/\/wordpress.educom.pt\/TIC-Portugal-20\/wp-json\/wp\/v2\/pages\/11098\/revisions"}],"predecessor-version":[{"id":11112,"href":"https:\/\/wordpress.educom.pt\/TIC-Portugal-20\/wp-json\/wp\/v2\/pages\/11098\/revisions\/11112"}],"up":[{"embeddable":true,"href":"https:\/\/wordpress.educom.pt\/TIC-Portugal-20\/wp-json\/wp\/v2\/pages\/17"}],"wp:attachment":[{"href":"https:\/\/wordpress.educom.pt\/TIC-Portugal-20\/wp-json\/wp\/v2\/media?parent=11098"}],"curies":[{"name":"wp","href":"https:\/\/api.w.org\/{rel}","templated":true}]}}