{"id":11102,"date":"2020-07-06T13:58:18","date_gmt":"2020-07-06T12:58:18","guid":{"rendered":"http:\/\/wordpress.educom.pt\/TIC-Portugal-20\/?page_id=11102"},"modified":"2020-07-14T11:56:35","modified_gmt":"2020-07-14T10:56:35","slug":"gamificar-a-avaliacao-com-kakoot-e-nearpod","status":"publish","type":"page","link":"https:\/\/wordpress.educom.pt\/TIC-Portugal-20\/programa\/gamificar-a-avaliacao-com-kakoot-e-nearpod\/","title":{"rendered":"Gamificar a avalia\u00e7\u00e3o com kahoot! e nearpod"},"content":{"rendered":"<p style=\"text-align: center;\">Vitor Gon\u00e7alves<\/p>\n<p style=\"text-align: center;\">vg@ipb.pt<\/p>\n<p style=\"text-align: center;\">CIEB, CCTIC, Instituto Polit\u00e9cnico de Bragan\u00e7a, Portugal<\/p>\n<p>&nbsp;<\/p>\n<p>Nunca antes o dia a dia foi t\u00e3o recheado de ambientes virtuais de aprendizagem ou plataformas de e-learning (<em>Moodle, Sakai, Google Classroom, Microsoft Teams<\/em>, entre outras) para interagir com conte\u00fados e atividades e interagir com os parceiros de aprendizagem; de sistemas de videoconfer\u00eancia (<em>Zoom<\/em>, <em>Cisco Webex<\/em>, <em>Google Meet, Skype, <\/em>entre outras) para realizar sess\u00f5es s\u00edncronas de \u00e1udio e v\u00eddeo, incluindo op\u00e7\u00f5es de partilha de \u00e1rea de trabalho, aplicativos, ficheiros e quadro branco; ou de outros programas que permitam a constru\u00e7\u00e3o de apresenta\u00e7\u00f5es ou tutoriais de v\u00eddeo (<em>LOOM<\/em> ou o <em>Screencast-o-matic, entre outros<\/em>) para capturar o ecr\u00e3 em v\u00eddeo, permitindo que o professor ilustre o seu discurso com aplica\u00e7\u00f5es inform\u00e1ticas, apresenta\u00e7\u00f5es eletr\u00f3nicas ou outros materiais; ou a constru\u00e7\u00e3o de recursos e atividades educativas online baseadas na gamifica\u00e7\u00e3o. Tanto o ensino a dist\u00e2ncia como o ensino presencial podem ganhar com a gamifica\u00e7\u00e3o ao usufruir de recursos baseados em mec\u00e2nicas de jogos e pensamentos orientados a jogos para enriquecer os contextos de aprendizagem e distribuir atividades de avalia\u00e7\u00e3o formativa atrav\u00e9s de ferramentas, tais como: kahoot!, nearpod, Quizlet, Quizizz e Socrative, entre outras.<\/p>\n<p>Desta pan\u00f3plia de tecnologias educativas, o presente workshop incidir\u00e1 sobre duas delas: o kahoot! para construir e disponibilizar exerc\u00edcios de avalia\u00e7\u00e3o formativa e o nearpod para disponibilizar n\u00e3o s\u00f3 intera\u00e7\u00e3o com conte\u00fados, mas tamb\u00e9m intera\u00e7\u00e3o com atividades e exerc\u00edcios de avalia\u00e7\u00e3o formativa.<\/p>\n","protected":false},"excerpt":{"rendered":"<p>Vitor Gon\u00e7alves vg@ipb.pt CIEB, CCTIC, Instituto Polit\u00e9cnico de Bragan\u00e7a, Portugal &nbsp; Nunca antes o dia a dia foi t\u00e3o recheado de ambientes virtuais de aprendizagem&hellip;<\/p>\n","protected":false},"author":1,"featured_media":0,"parent":17,"menu_order":0,"comment_status":"closed","ping_status":"closed","template":"","meta":[],"_links":{"self":[{"href":"https:\/\/wordpress.educom.pt\/TIC-Portugal-20\/wp-json\/wp\/v2\/pages\/11102"}],"collection":[{"href":"https:\/\/wordpress.educom.pt\/TIC-Portugal-20\/wp-json\/wp\/v2\/pages"}],"about":[{"href":"https:\/\/wordpress.educom.pt\/TIC-Portugal-20\/wp-json\/wp\/v2\/types\/page"}],"author":[{"embeddable":true,"href":"https:\/\/wordpress.educom.pt\/TIC-Portugal-20\/wp-json\/wp\/v2\/users\/1"}],"replies":[{"embeddable":true,"href":"https:\/\/wordpress.educom.pt\/TIC-Portugal-20\/wp-json\/wp\/v2\/comments?post=11102"}],"version-history":[{"count":2,"href":"https:\/\/wordpress.educom.pt\/TIC-Portugal-20\/wp-json\/wp\/v2\/pages\/11102\/revisions"}],"predecessor-version":[{"id":11275,"href":"https:\/\/wordpress.educom.pt\/TIC-Portugal-20\/wp-json\/wp\/v2\/pages\/11102\/revisions\/11275"}],"up":[{"embeddable":true,"href":"https:\/\/wordpress.educom.pt\/TIC-Portugal-20\/wp-json\/wp\/v2\/pages\/17"}],"wp:attachment":[{"href":"https:\/\/wordpress.educom.pt\/TIC-Portugal-20\/wp-json\/wp\/v2\/media?parent=11102"}],"curies":[{"name":"wp","href":"https:\/\/api.w.org\/{rel}","templated":true}]}}