{"id":11163,"date":"2020-07-13T10:44:52","date_gmt":"2020-07-13T09:44:52","guid":{"rendered":"http:\/\/wordpress.educom.pt\/TIC-Portugal-20\/?page_id=11163"},"modified":"2020-07-13T10:44:52","modified_gmt":"2020-07-13T09:44:52","slug":"aprender-presencialmente-ou-a-distancia-com-a-app-milage-aprender","status":"publish","type":"page","link":"https:\/\/wordpress.educom.pt\/TIC-Portugal-20\/programa\/aprender-presencialmente-ou-a-distancia-com-a-app-milage-aprender\/","title":{"rendered":"Aprender presencialmente ou a dist\u00e2ncia com a app MILAGE APRENDER+"},"content":{"rendered":"<p style=\"text-align: center;\">Mauro Figueiredo<\/p>\n<p style=\"text-align: center;\">mfiguei@ualg.pt<\/p>\n<p style=\"text-align: center;\">Universidade do Algarve<\/p>\n<p>&nbsp;<\/p>\n<p>A app MILAGE APRENDER+ desenvolvida pela Universidade do Algarve est\u00e1 dispon\u00edvel gratuitamente para dispositivos m\u00f3veis (Android e iOS), computadores Windows e Mac.<\/p>\n<p>Esta aplica\u00e7\u00e3o cont\u00e9m materiais para o ensino de todas as disciplinas organizados por anos de escolaridade, do pr\u00e9-escolar e do 1.\u00ba ao 12.\u00ba ano, que podem ser utilizados em aulas presenciais ou a dist\u00e2ncia, com total autonomia do aluno.<\/p>\n<p>O projeto MILAGE APRENDER+, apoiado pela Dire\u00e7\u00e3o Geral de Educa\u00e7\u00e3o (DGE), Associa\u00e7\u00e3o de Professores de Matem\u00e1tica (APM), Associa\u00e7\u00e3o de Professores de Portugu\u00eas e Associa\u00e7\u00e3o Portuguesa de Imprensa, pretende:<\/p>\n<ol>\n<li>ajudar todos os alunos a aprenderem, aproveitando as potencialidades dos <em>smartphones<\/em>, <em>tablets<\/em>, computadores, num modelo de ensino presencial e a dist\u00e2ncia, conjugado com um modelo pedag\u00f3gico desenvolvido para motivar os alunos e promover uma aprendizagem ativa, centrada no aluno, com maior autonomia e diferentes estilos de aprendizagem em ambiente gamificado e com v\u00eddeos educacionais.<\/li>\n<li>desenvolver uma comunidade de partilha de professores e alunos autores, potenciando o desenvolvimento de recursos personalizados, de compet\u00eancias digitais e transversais (soft skills) que se traduzem em novas pr\u00e1ticas pedag\u00f3gicas.<\/li>\n<\/ol>\n<p>Neste workshop iremos explorar as principais funcionalidades da app MILAGE APRENDER+.<\/p>\n<p>&nbsp;<\/p>\n<p>&nbsp;<\/p>\n<p>AGRADECIMENTOS<\/p>\n<p>O presente trabalho foi realizado no a\u0302mbito do projeto LEARN+\u00a0 Project reference: 2019-1-PT01-KA201-061246 e INCOLLAB Project reference: 2019-1-CZ01-KA203-061163, do programa ERASMUS+ financiado pela Uni\u00e3o Europeia.<\/p>\n","protected":false},"excerpt":{"rendered":"<p>Mauro Figueiredo mfiguei@ualg.pt Universidade do Algarve &nbsp; A app MILAGE APRENDER+ desenvolvida pela Universidade do Algarve est\u00e1 dispon\u00edvel gratuitamente para dispositivos m\u00f3veis (Android e iOS),&hellip;<\/p>\n","protected":false},"author":1,"featured_media":0,"parent":17,"menu_order":0,"comment_status":"closed","ping_status":"closed","template":"","meta":[],"_links":{"self":[{"href":"https:\/\/wordpress.educom.pt\/TIC-Portugal-20\/wp-json\/wp\/v2\/pages\/11163"}],"collection":[{"href":"https:\/\/wordpress.educom.pt\/TIC-Portugal-20\/wp-json\/wp\/v2\/pages"}],"about":[{"href":"https:\/\/wordpress.educom.pt\/TIC-Portugal-20\/wp-json\/wp\/v2\/types\/page"}],"author":[{"embeddable":true,"href":"https:\/\/wordpress.educom.pt\/TIC-Portugal-20\/wp-json\/wp\/v2\/users\/1"}],"replies":[{"embeddable":true,"href":"https:\/\/wordpress.educom.pt\/TIC-Portugal-20\/wp-json\/wp\/v2\/comments?post=11163"}],"version-history":[{"count":1,"href":"https:\/\/wordpress.educom.pt\/TIC-Portugal-20\/wp-json\/wp\/v2\/pages\/11163\/revisions"}],"predecessor-version":[{"id":11164,"href":"https:\/\/wordpress.educom.pt\/TIC-Portugal-20\/wp-json\/wp\/v2\/pages\/11163\/revisions\/11164"}],"up":[{"embeddable":true,"href":"https:\/\/wordpress.educom.pt\/TIC-Portugal-20\/wp-json\/wp\/v2\/pages\/17"}],"wp:attachment":[{"href":"https:\/\/wordpress.educom.pt\/TIC-Portugal-20\/wp-json\/wp\/v2\/media?parent=11163"}],"curies":[{"name":"wp","href":"https:\/\/api.w.org\/{rel}","templated":true}]}}