{"id":11178,"date":"2020-07-13T15:12:58","date_gmt":"2020-07-13T14:12:58","guid":{"rendered":"http:\/\/wordpress.educom.pt\/TIC-Portugal-20\/?page_id=11178"},"modified":"2020-07-13T15:12:58","modified_gmt":"2020-07-13T14:12:58","slug":"c4-tecteca-aplicativo-de-leitura-interativa","status":"publish","type":"page","link":"https:\/\/wordpress.educom.pt\/TIC-Portugal-20\/programa\/c4-tecteca-aplicativo-de-leitura-interativa\/","title":{"rendered":"C4 &#8211; TECTECA:  Aplicativo de Leitura Interativa"},"content":{"rendered":"<h4 style=\"text-align: center;\">C4 &#8211; TECTECA:\u00a0 Aplicativo de Leitura Interativa<\/h4>\n<p style=\"text-align: center;\">Cassia Cordeiro Furtado<\/p>\n<p style=\"text-align: center;\">cassia.furtado@ufma.br<\/p>\n<p style=\"text-align: center;\">Brasil<\/p>\n<p>&nbsp;<\/p>\n<p>Apresenta-se a <em>TecTeca<\/em> (<a href=\"https:\/\/tecteca.com\/\">https:\/\/tecteca.com\/<\/a>), aplicativo de literatura para a inf\u00e2ncia, que objetiva estimular a compet\u00eancia liter\u00e1ria com a utiliza\u00e7\u00e3o de recursos de m\u00eddias din\u00e2micas, customiza\u00e7\u00e3o, gamifica\u00e7\u00e3o.<\/p>\n<p>A etapa inicial foi compreender, atrav\u00e9s de entrevistas explorat\u00f3rias, as dores dos pais e educadores em rela\u00e7\u00e3o ao uso dos dispositivos m\u00f3veis por menores e identificar a utiliza\u00e7\u00e3o e o significado do livro digital liter\u00e1rio no cotidiano dessas crian\u00e7as.<\/p>\n<p>Os resultados apontam o uso dos dispositivos m\u00f3veis, preferencialmente para jogos, v\u00eddeos e comunica\u00e7\u00e3o. Destaca-se o desconhecimento da exist\u00eancia de literatura <em>on-line<\/em> pelos sujeitos da pesquisa. Os pais ignoram o conte\u00fado l\u00fadico de f\u00e1cil acesso para a faixa et\u00e1ria dos seus filhos e os educadores elencaram problemas que atingem o aprendizado, como aus\u00eancia de est\u00edmulo \u00e0 leitura <em>on-line<\/em>, influ\u00eancia negativa da escrita e distanciamento da cultura liter\u00e1ria.<\/p>\n<p>A gera\u00e7\u00e3o nascida a partir do ano 2000, apesar de extrema habilidade instrumental com as tecnologias m\u00f3veis e digitais, demonstra uma lacuna no desenvolvimento da compet\u00eancia liter\u00e1ria. Dessa forma considera-se que o aplicativo <em>TecTeca<\/em> pode agregar valor e desenvolver as pr\u00e1ticas leitoras e liter\u00e1rias das crian\u00e7as, com o uso da literatura em diversos formatos, com linguagens h\u00edbridas e agregadas \u00e0s ferramentas tecnol\u00f3gicas, de modo a aproximar o mundo liter\u00e1rio da crian\u00e7a do s\u00e9culo XXI.<\/p>\n<p>&nbsp;<\/p>\n<p>REFER\u00caNCIAS:<\/p>\n<p>MCCRINDLE, M. The ABC of the XYZ: understanding global generations. Sydney: UNSW Press, 2011. Dispon\u00edvel em: https:\/\/www.researchgate.net\/publication\/328347222_The_ABC_of_XYZ_Understanding_the_Global_Generations. Acesso em: 10 mar. 2019.<\/p>\n<p>&nbsp;<\/p>\n","protected":false},"excerpt":{"rendered":"<p>C4 &#8211; TECTECA:\u00a0 Aplicativo de Leitura Interativa Cassia Cordeiro Furtado cassia.furtado@ufma.br Brasil &nbsp; Apresenta-se a TecTeca (https:\/\/tecteca.com\/), aplicativo de literatura para a inf\u00e2ncia, que objetiva&hellip;<\/p>\n","protected":false},"author":1,"featured_media":0,"parent":17,"menu_order":0,"comment_status":"closed","ping_status":"closed","template":"","meta":[],"_links":{"self":[{"href":"https:\/\/wordpress.educom.pt\/TIC-Portugal-20\/wp-json\/wp\/v2\/pages\/11178"}],"collection":[{"href":"https:\/\/wordpress.educom.pt\/TIC-Portugal-20\/wp-json\/wp\/v2\/pages"}],"about":[{"href":"https:\/\/wordpress.educom.pt\/TIC-Portugal-20\/wp-json\/wp\/v2\/types\/page"}],"author":[{"embeddable":true,"href":"https:\/\/wordpress.educom.pt\/TIC-Portugal-20\/wp-json\/wp\/v2\/users\/1"}],"replies":[{"embeddable":true,"href":"https:\/\/wordpress.educom.pt\/TIC-Portugal-20\/wp-json\/wp\/v2\/comments?post=11178"}],"version-history":[{"count":1,"href":"https:\/\/wordpress.educom.pt\/TIC-Portugal-20\/wp-json\/wp\/v2\/pages\/11178\/revisions"}],"predecessor-version":[{"id":11179,"href":"https:\/\/wordpress.educom.pt\/TIC-Portugal-20\/wp-json\/wp\/v2\/pages\/11178\/revisions\/11179"}],"up":[{"embeddable":true,"href":"https:\/\/wordpress.educom.pt\/TIC-Portugal-20\/wp-json\/wp\/v2\/pages\/17"}],"wp:attachment":[{"href":"https:\/\/wordpress.educom.pt\/TIC-Portugal-20\/wp-json\/wp\/v2\/media?parent=11178"}],"curies":[{"name":"wp","href":"https:\/\/api.w.org\/{rel}","templated":true}]}}