{"id":11184,"date":"2020-07-13T15:21:15","date_gmt":"2020-07-13T14:21:15","guid":{"rendered":"http:\/\/wordpress.educom.pt\/TIC-Portugal-20\/?page_id=11184"},"modified":"2020-07-13T15:21:15","modified_gmt":"2020-07-13T14:21:15","slug":"c6-solidos-de-revolucao-por-dentro","status":"publish","type":"page","link":"https:\/\/wordpress.educom.pt\/TIC-Portugal-20\/programa\/c6-solidos-de-revolucao-por-dentro\/","title":{"rendered":"C6 &#8211; S\u00f3lidos de revolu\u00e7\u00e3o (Por) dentro &#8230;"},"content":{"rendered":"<h3 style=\"text-align: center;\">C6 &#8211; S\u00f3lidos de revolu\u00e7\u00e3o (Por) dentro da Realidade Aumentada<\/h3>\n<p style=\"text-align: center;\">Cristina Maria Ribeiro Caridade<\/p>\n<p style=\"text-align: center;\">caridade@isec.pt<\/p>\n<p style=\"text-align: center;\">Instituto Superior de Engenharia de Coimbra<\/p>\n<p>&nbsp;<\/p>\n<p>Com a <em>app GeoGebra Augmented Reality<\/em> [1], \u00e9 poss\u00edvel criar objetos 3D na sala de aulas, em casa, no jardim ou em qualquer outro local e movimentarmo-nos em torno deles. Uma experi\u00eancia interessante e enriquecedora que permite projetar objetos 3D sobre elementos reais capturados pela camara do telem\u00f3vel. A matem\u00e1tica numa outra dimens\u00e3o!<\/p>\n<p>Como forma de motivar os meus alunos e conduzir a melhorias significativas no ensino\/aprendizagem [2, 3], propus aos alunos do 1.\u00ba ano de An\u00e1lise Matem\u00e1tica I do curso de Engenharia Mec\u00e2nica e Eletromec\u00e2nica, criarem s\u00f3lidos de revolu\u00e7\u00e3o [3] e integr\u00e1-los no ambiente de realidade aumentada. A possibilidade de se poderem movimentar pelas cenas capturadas pela camara, entrando no interior dos objetos e observando os detalhes como se esses objetos existissem fisicamente, oferece ao aluno um ambiente estimulante de aprendizagem da matem\u00e1tica. A intera\u00e7\u00e3o e visualiza\u00e7\u00e3o de diferentes perspetivas do s\u00f3lido de revolu\u00e7\u00e3o e sua geometria e a partilha dos resultados com os colegas, tornou o ambiente da sala de aula, mais ativo, din\u00e2mico e estimulante para o sucesso das aprendizagens. A descoberta da matem\u00e1tica dentro do mundo real!<\/p>\n<p>&nbsp;<\/p>\n<p>REFER\u00caNCIAS:<\/p>\n<p>&nbsp;<\/p>\n<p>[1] Aplicativos Geogebra. https:\/\/www.geogebra.org\/download?lang=pt<\/p>\n<p>[2] Darvishzadeh, M., (2018). Analysis of student\u2019s challenges and performances in solving integral\u00b4s problems, Journal for Educators, Teachers and Trainers, 9 (1),164 \u2013 177.<\/p>\n<p>[3] Hashemia, N., Abub, M.S., Kashefi, H., (2019). Undergraduate Students\u2019 Difficulties in Solving Derivative and Integral Mathematical Problems. 2019 Penerbit UTM Press.<\/p>\n<p>[4] Wurning, O. Solids of Revolution \u2013 from the Integration of a given Function to the Modelling of a Problem with the help of CAS and GeoGebra. http:\/\/math.unipa.it\/~grim\/21_project\/Wurnig600-605.pdf<\/p>\n<p>&nbsp;<\/p>\n","protected":false},"excerpt":{"rendered":"<p>C6 &#8211; S\u00f3lidos de revolu\u00e7\u00e3o (Por) dentro da Realidade Aumentada Cristina Maria Ribeiro Caridade caridade@isec.pt Instituto Superior de Engenharia de Coimbra &nbsp; Com a app&hellip;<\/p>\n","protected":false},"author":1,"featured_media":0,"parent":17,"menu_order":0,"comment_status":"closed","ping_status":"closed","template":"","meta":[],"_links":{"self":[{"href":"https:\/\/wordpress.educom.pt\/TIC-Portugal-20\/wp-json\/wp\/v2\/pages\/11184"}],"collection":[{"href":"https:\/\/wordpress.educom.pt\/TIC-Portugal-20\/wp-json\/wp\/v2\/pages"}],"about":[{"href":"https:\/\/wordpress.educom.pt\/TIC-Portugal-20\/wp-json\/wp\/v2\/types\/page"}],"author":[{"embeddable":true,"href":"https:\/\/wordpress.educom.pt\/TIC-Portugal-20\/wp-json\/wp\/v2\/users\/1"}],"replies":[{"embeddable":true,"href":"https:\/\/wordpress.educom.pt\/TIC-Portugal-20\/wp-json\/wp\/v2\/comments?post=11184"}],"version-history":[{"count":1,"href":"https:\/\/wordpress.educom.pt\/TIC-Portugal-20\/wp-json\/wp\/v2\/pages\/11184\/revisions"}],"predecessor-version":[{"id":11185,"href":"https:\/\/wordpress.educom.pt\/TIC-Portugal-20\/wp-json\/wp\/v2\/pages\/11184\/revisions\/11185"}],"up":[{"embeddable":true,"href":"https:\/\/wordpress.educom.pt\/TIC-Portugal-20\/wp-json\/wp\/v2\/pages\/17"}],"wp:attachment":[{"href":"https:\/\/wordpress.educom.pt\/TIC-Portugal-20\/wp-json\/wp\/v2\/media?parent=11184"}],"curies":[{"name":"wp","href":"https:\/\/api.w.org\/{rel}","templated":true}]}}