{"id":11197,"date":"2020-07-13T22:05:50","date_gmt":"2020-07-13T21:05:50","guid":{"rendered":"http:\/\/wordpress.educom.pt\/TIC-Portugal-20\/?page_id=11197"},"modified":"2020-07-13T22:05:50","modified_gmt":"2020-07-13T21:05:50","slug":"c10-iniciativa-encontro-nacional-on-line","status":"publish","type":"page","link":"https:\/\/wordpress.educom.pt\/TIC-Portugal-20\/programa\/c10-iniciativa-encontro-nacional-on-line\/","title":{"rendered":"C10 &#8211; Iniciativa &#8220;Encontro Nacional on-line &#8230;"},"content":{"rendered":"<h3 style=\"text-align: center;\"><strong>C10 &#8211; Iniciativa &#8220;Encontro Nacional <em>on-line<\/em> de Pr\u00e1ticas Pedag\u00f3gicas de Professores de Espanhol&#8221;<\/strong><\/h3>\n<p style=\"text-align: center;\">\u00a0Isabel Cabo; C\u00e1tia Val\u00e9ria<\/p>\n<p style=\"text-align: center;\">isabel.cabo@aelc-lamego.pt<\/p>\n<p style=\"text-align: center;\">AE Latino Coelho, Lamego<\/p>\n<p>&nbsp;<\/p>\n<p>Isabel Cabo, docente de Espanhol no AE Latino Coelho, Lamego, fundou e dinamizou, a 04\/04\/20, os Encontros Nacionais <em>On-line<\/em> de Pr\u00e1ticas Pedag\u00f3gicas de Professores de Espanhol. Os Encontros nasceram com o intuito de:<\/p>\n<p>&#8211; ser um motor para o desenvolvimento de uma comunidade de aprendizagem constitu\u00edda por professores de Espanhol em Portugal;<\/p>\n<p>&#8211; constituir um cluster para partilhar pr\u00e1ticas inovadoras;<\/p>\n<p>&#8211; explorar o valor pedag\u00f3gico de recursos digitais e partilhar experi\u00eancias;<\/p>\n<p>&#8211; facilitar a intera\u00e7\u00e3o social e profissional num tempo de incertezas.<\/p>\n<p>No 1.\u00ba Encontro criou-se um espa\u00e7o de comunica\u00e7\u00e3o no <em>WhatsApp<\/em> e depois no <em>Telegram<\/em>.<\/p>\n<p>No 2.\u00ba Encontro criou-se um email e um espa\u00e7o de armazenamento e partilha de materiais pedag\u00f3gicos na <em>Google Drive<\/em>.<\/p>\n<p>No 4.\u00ba Encontro apresentou-se o projeto <em>eTwinning<\/em> \u201c\u00a1Espa\u00f1ol en Acci\u00f3n!\u201d, tendo aderido 20 escolas, 25 professores e 753 alunos. Aguardam-se os resultados da Candidatura a Selo Nacional de Qualidade eTwinning.<\/p>\n<p>O 7.\u00ba Encontro contou com um convidado muito especial, S. Ex\u00aa. Sr. Secret\u00e1rio de Estado da Educa\u00e7\u00e3o, Doutor Jo\u00e3o Costa.<\/p>\n<p>No 8.\u00ba Encontro apresentou-se a Plataforma <em>Milage Aprender +<\/em> e, nesse seguimento, 25 docentes elaboraram, colaborativamente, um elenco de conte\u00fados com vista \u00e0 cria\u00e7\u00e3o de fichas de trabalho.<\/p>\n<p>Desde 04\/04\/20 realizaram-se 14 Encontros e prev\u00ea-se que esta iniciativa alcance a maioridade at\u00e9 ao final de julho. As inscri\u00e7\u00f5es no Encontro s\u00e3o divulgadas no grupo do Facebook Espa\u00f1olitos de Lamego e no Telegram.<\/p>\n<p>&nbsp;<\/p>\n<p>REFER\u00caNCIAS:<\/p>\n<p>&nbsp;<\/p>\n<p>O Perfil dos Alunos, Aprendizagens Essenciais de Espanhol, PCIC, QECR, Plataforma eTwinning e Plataforma Milage, DigComp<\/p>\n<p>&nbsp;<\/p>\n","protected":false},"excerpt":{"rendered":"<p>C10 &#8211; Iniciativa &#8220;Encontro Nacional on-line de Pr\u00e1ticas Pedag\u00f3gicas de Professores de Espanhol&#8221; \u00a0Isabel Cabo; C\u00e1tia Val\u00e9ria isabel.cabo@aelc-lamego.pt AE Latino Coelho, Lamego &nbsp; Isabel Cabo,&hellip;<\/p>\n","protected":false},"author":1,"featured_media":0,"parent":17,"menu_order":0,"comment_status":"closed","ping_status":"closed","template":"","meta":[],"_links":{"self":[{"href":"https:\/\/wordpress.educom.pt\/TIC-Portugal-20\/wp-json\/wp\/v2\/pages\/11197"}],"collection":[{"href":"https:\/\/wordpress.educom.pt\/TIC-Portugal-20\/wp-json\/wp\/v2\/pages"}],"about":[{"href":"https:\/\/wordpress.educom.pt\/TIC-Portugal-20\/wp-json\/wp\/v2\/types\/page"}],"author":[{"embeddable":true,"href":"https:\/\/wordpress.educom.pt\/TIC-Portugal-20\/wp-json\/wp\/v2\/users\/1"}],"replies":[{"embeddable":true,"href":"https:\/\/wordpress.educom.pt\/TIC-Portugal-20\/wp-json\/wp\/v2\/comments?post=11197"}],"version-history":[{"count":1,"href":"https:\/\/wordpress.educom.pt\/TIC-Portugal-20\/wp-json\/wp\/v2\/pages\/11197\/revisions"}],"predecessor-version":[{"id":11198,"href":"https:\/\/wordpress.educom.pt\/TIC-Portugal-20\/wp-json\/wp\/v2\/pages\/11197\/revisions\/11198"}],"up":[{"embeddable":true,"href":"https:\/\/wordpress.educom.pt\/TIC-Portugal-20\/wp-json\/wp\/v2\/pages\/17"}],"wp:attachment":[{"href":"https:\/\/wordpress.educom.pt\/TIC-Portugal-20\/wp-json\/wp\/v2\/media?parent=11197"}],"curies":[{"name":"wp","href":"https:\/\/api.w.org\/{rel}","templated":true}]}}