{"id":11203,"date":"2020-07-13T22:14:58","date_gmt":"2020-07-13T21:14:58","guid":{"rendered":"http:\/\/wordpress.educom.pt\/TIC-Portugal-20\/?page_id=11203"},"modified":"2020-07-13T22:14:58","modified_gmt":"2020-07-13T21:14:58","slug":"c12-criacao-de-recursos-educativos-digitais","status":"publish","type":"page","link":"https:\/\/wordpress.educom.pt\/TIC-Portugal-20\/programa\/c12-criacao-de-recursos-educativos-digitais\/","title":{"rendered":"C12 &#8211; Cria\u00e7\u00e3o de Recursos Educativos Digitais"},"content":{"rendered":"<h4 style=\"text-align: center;\">C12 &#8211; Cria\u00e7\u00e3o de Recursos Educativos Digitais em contexto de \u201cPandemia Covid-19\u201d: relato de uma interven\u00e7\u00e3o no 1.\u00ba Ciclo do Ensino B\u00e1sico centrada no desenvolvimento de compet\u00eancias em Portugu\u00eas\u00bb<\/h4>\n<p style=\"text-align: center;\">Anabela de Lemos Bernardes<\/p>\n<p style=\"text-align: center;\">anabela.bn@gmail.com<\/p>\n<p style=\"text-align: center;\">Escola E.B de Abadias -Agrupamento de Escolas da Zona Urbana da Figueira da Foz<\/p>\n<p>&nbsp;<\/p>\n<p>\u201cDesafios do 1.\u00ba CEB- Juntos aprendemos mais\u201d Este \u00e9 o lema de um Blogue criado por Anabela Bernardes, prof.\u00aa do 1.\u00ba CEB, que alia a aprendizagem \u00e0 vertente l\u00fadica ou seja, a brincar todos podemos aprender mais! Este foi criado em contexto de \u00abPandemia Covid 19\u00bb. Nele foi partilhando Recursos Educativos Digitais (RED) com jogos interativos e divertidos que disp\u00f5em de autocorre\u00e7\u00e3o, para aprendizagem do Portugu\u00eas! A participa\u00e7\u00e3o dos seus alunos como ilustradores, na maioria dos jogos, deixou-os motivados e felizes! Neste jogos Interativos, cada aluno do 1.\u00ba CEB ter\u00e1 a possibilidade de jogar sozinho, ir ultrapassando cada etapa, aprendendo ou consolidando conte\u00fados de Portugu\u00eas, de forma bem divertida e desenvolvendo outro tipo de compet\u00eancias tamb\u00e9m no \u00e2mbito de utiliza\u00e7\u00e3o das TIC.<\/p>\n","protected":false},"excerpt":{"rendered":"<p>C12 &#8211; Cria\u00e7\u00e3o de Recursos Educativos Digitais em contexto de \u201cPandemia Covid-19\u201d: relato de uma interven\u00e7\u00e3o no 1.\u00ba Ciclo do Ensino B\u00e1sico centrada no desenvolvimento&hellip;<\/p>\n","protected":false},"author":1,"featured_media":0,"parent":17,"menu_order":0,"comment_status":"closed","ping_status":"closed","template":"","meta":[],"_links":{"self":[{"href":"https:\/\/wordpress.educom.pt\/TIC-Portugal-20\/wp-json\/wp\/v2\/pages\/11203"}],"collection":[{"href":"https:\/\/wordpress.educom.pt\/TIC-Portugal-20\/wp-json\/wp\/v2\/pages"}],"about":[{"href":"https:\/\/wordpress.educom.pt\/TIC-Portugal-20\/wp-json\/wp\/v2\/types\/page"}],"author":[{"embeddable":true,"href":"https:\/\/wordpress.educom.pt\/TIC-Portugal-20\/wp-json\/wp\/v2\/users\/1"}],"replies":[{"embeddable":true,"href":"https:\/\/wordpress.educom.pt\/TIC-Portugal-20\/wp-json\/wp\/v2\/comments?post=11203"}],"version-history":[{"count":1,"href":"https:\/\/wordpress.educom.pt\/TIC-Portugal-20\/wp-json\/wp\/v2\/pages\/11203\/revisions"}],"predecessor-version":[{"id":11204,"href":"https:\/\/wordpress.educom.pt\/TIC-Portugal-20\/wp-json\/wp\/v2\/pages\/11203\/revisions\/11204"}],"up":[{"embeddable":true,"href":"https:\/\/wordpress.educom.pt\/TIC-Portugal-20\/wp-json\/wp\/v2\/pages\/17"}],"wp:attachment":[{"href":"https:\/\/wordpress.educom.pt\/TIC-Portugal-20\/wp-json\/wp\/v2\/media?parent=11203"}],"curies":[{"name":"wp","href":"https:\/\/api.w.org\/{rel}","templated":true}]}}