{"id":11234,"date":"2020-07-13T22:54:17","date_gmt":"2020-07-13T21:54:17","guid":{"rendered":"http:\/\/wordpress.educom.pt\/TIC-Portugal-20\/?page_id=11234"},"modified":"2020-07-13T22:54:17","modified_gmt":"2020-07-13T21:54:17","slug":"c21-programacao-e-robotica","status":"publish","type":"page","link":"https:\/\/wordpress.educom.pt\/TIC-Portugal-20\/programa\/c21-programacao-e-robotica\/","title":{"rendered":"C21 &#8211; Programa\u00e7\u00e3o e Rob\u00f3tica &#8230;"},"content":{"rendered":"<h3 style=\"text-align: center;\">C21 &#8211; Programa\u00e7\u00e3o e Rob\u00f3tica no Pr\u00e9-Escolar e 1.\u00ba Ciclo do Ensino B\u00e1sico<\/h3>\n<p style=\"text-align: center;\">Patr\u00edcia Alexandra Rodrigues Marques<\/p>\n<p style=\"text-align: center;\">professorapatriciamarques@gmail.com<\/p>\n<p style=\"text-align: center;\">Munic\u00edpio de Tondela<\/p>\n<p>&nbsp;<\/p>\n<p>A \u00e1rea da Programa\u00e7\u00e3o e da Rob\u00f3tica tem como objetivos: promover a utiliza\u00e7\u00e3o das TIC, reduzir e prevenir o abandono escolar precoce, desenvolver compet\u00eancias tecnol\u00f3gicas, sociais e cognitivas nas crian\u00e7as\/alunos. As metodologias adotadas para a transmiss\u00e3o de conte\u00fados incidem na \u201cobserva\u00e7\u00e3o e experimenta\u00e7\u00e3o\u201d, depois o \u201caprender\u201d a programar e a usar as tecnologias e finalmente o \u201ccriar\u201d onde s\u00e3o desafiados a produzir e a trabalhar em projetos. Nas atividades desenvolvidas aposta-se na transdisciplinaridade entre as v\u00e1rias \u00e1reas do saber respeitando as individualidades de cada uma delas, mas com a colabora\u00e7\u00e3o de cada uma para um saber comum.<\/p>\n<p>Os alunos t\u00eam \u00e0 disposi\u00e7\u00e3o um conjunto de ferramentas materiais variado para a realiza\u00e7\u00e3o e bom funcionamento das aulas, desde computadores, <em>tablets<\/em>, <em>kits<\/em> de Rob\u00f3tica e Ardu\u00edno. Aposta-se na transversalidade de compet\u00eancias, na resolu\u00e7\u00e3o de problemas, no pensamento computacional e capacidades de \u201ccoding\u201d e programa\u00e7\u00e3o.<\/p>\n<p>Os alunos trabalham em grupo num ambiente rico em tecnologia, facilitador da aprendizagem, din\u00e2mico, interativo do trabalho colaborativo e da partilha, apoiando-se e ajudam-se mutuamente para a resolu\u00e7\u00e3o de problemas. Sempre que poss\u00edvel s\u00e3o envolvidos em projetos e este ano letivo dois dos Jardins de inf\u00e2ncia do concelho de Tondela venceram o concurso nacional de programa\u00e7\u00e3o &#8220;Criar com Scratch&#8221; arrecadando o 1.\u00ba e 2.\u00ba lugares.<\/p>\n","protected":false},"excerpt":{"rendered":"<p>C21 &#8211; Programa\u00e7\u00e3o e Rob\u00f3tica no Pr\u00e9-Escolar e 1.\u00ba Ciclo do Ensino B\u00e1sico Patr\u00edcia Alexandra Rodrigues Marques professorapatriciamarques@gmail.com Munic\u00edpio de Tondela &nbsp; A \u00e1rea da&hellip;<\/p>\n","protected":false},"author":1,"featured_media":0,"parent":17,"menu_order":0,"comment_status":"closed","ping_status":"closed","template":"","meta":[],"_links":{"self":[{"href":"https:\/\/wordpress.educom.pt\/TIC-Portugal-20\/wp-json\/wp\/v2\/pages\/11234"}],"collection":[{"href":"https:\/\/wordpress.educom.pt\/TIC-Portugal-20\/wp-json\/wp\/v2\/pages"}],"about":[{"href":"https:\/\/wordpress.educom.pt\/TIC-Portugal-20\/wp-json\/wp\/v2\/types\/page"}],"author":[{"embeddable":true,"href":"https:\/\/wordpress.educom.pt\/TIC-Portugal-20\/wp-json\/wp\/v2\/users\/1"}],"replies":[{"embeddable":true,"href":"https:\/\/wordpress.educom.pt\/TIC-Portugal-20\/wp-json\/wp\/v2\/comments?post=11234"}],"version-history":[{"count":1,"href":"https:\/\/wordpress.educom.pt\/TIC-Portugal-20\/wp-json\/wp\/v2\/pages\/11234\/revisions"}],"predecessor-version":[{"id":11235,"href":"https:\/\/wordpress.educom.pt\/TIC-Portugal-20\/wp-json\/wp\/v2\/pages\/11234\/revisions\/11235"}],"up":[{"embeddable":true,"href":"https:\/\/wordpress.educom.pt\/TIC-Portugal-20\/wp-json\/wp\/v2\/pages\/17"}],"wp:attachment":[{"href":"https:\/\/wordpress.educom.pt\/TIC-Portugal-20\/wp-json\/wp\/v2\/media?parent=11234"}],"curies":[{"name":"wp","href":"https:\/\/api.w.org\/{rel}","templated":true}]}}