{"id":11237,"date":"2020-07-13T22:58:22","date_gmt":"2020-07-13T21:58:22","guid":{"rendered":"http:\/\/wordpress.educom.pt\/TIC-Portugal-20\/?page_id=11237"},"modified":"2020-07-13T22:58:22","modified_gmt":"2020-07-13T21:58:22","slug":"c22-a-europeana-na-sala-de-aula","status":"publish","type":"page","link":"https:\/\/wordpress.educom.pt\/TIC-Portugal-20\/programa\/c22-a-europeana-na-sala-de-aula\/","title":{"rendered":"C22 &#8211; A Europeana na sala de aula"},"content":{"rendered":"<h3 style=\"text-align: center;\">C22 &#8211; A Europeana na sala de aula<\/h3>\n<p style=\"text-align: center;\">Ana Paula Andrade Alves<\/p>\n<p style=\"text-align: center;\">apaulaaalves65@gmail.com<\/p>\n<p style=\"text-align: center;\">AE Dr. Francisco Sanches, Braga<\/p>\n<p>&nbsp;<\/p>\n<p>A <em>Europeana Collections<\/em> \u00e9 uma plataforma que disponibiliza o acesso a mais de 50 milh\u00f5es de itens digitalizados sobre patrim\u00f3nio cultural europeu, tais como, livros, m\u00fasica ou obras de arte. No blogue &#8220;Teaching with Europeana&#8221; \u00e9 poss\u00edvel encontrar uma sele\u00e7\u00e3o de cen\u00e1rios de aprendizagem e de hist\u00f3rias de implementa\u00e7\u00e3o que t\u00eam por base o patrim\u00f3nio cultural digital da Europeana e que foram devidamente testados e validados atrav\u00e9s da coordena\u00e7\u00e3o da <em>European Schoolnet<\/em>. Muitos destes cen\u00e1rios s\u00e3o multidisciplinares ou interdisciplinares e aplicam-se a uma vasta gama de disciplinas curriculares, desde disciplinas das ci\u00eancias humanas (Hist\u00f3ria, Geografia, Filosofia, &#8230;), \u00e0s l\u00ednguas ou \u00e0s STEAM (Ci\u00eancia, Tecnologia, Engenharia, Artes e Matem\u00e1tica), do ensino b\u00e1sico e secund\u00e1rio.Nesta sess\u00e3o ser\u00e3o apresentados dois cen\u00e1rios de aprendizagem com a <em>Europeana<\/em>, desenvolvidos no \u00e2mbito da disciplina de Matem\u00e1tica em articula\u00e7\u00e3o com outras \u00e1reas disciplinares: o primeiro, relacionado com a tem\u00e1tica das Simetrias e o <em>design Art Nouveau<\/em> que foi desenvolvido, em ensino presencial, com alunos do 8.\u00ba ano; o segundo, relacionado com fonte documental do Pr\u00e9mio Nobel em que os alunos do 7.\u00ba ano, em per\u00edodo E@D, criaram desafios com equa\u00e7\u00f5es lineares. Em ambos os projetos, procurou-se a inova\u00e7\u00e3o pedag\u00f3gica em sala de aula, com a utiliza\u00e7\u00e3o da tecnologia e a divulga\u00e7\u00e3o do patrim\u00f3nio cultural europeu aos alunos, professores e comunidade.<\/p>\n<p>&nbsp;<\/p>\n<p>REFER\u00caNCIAS<\/p>\n<p>&nbsp;<\/p>\n<p>Europeana Collections, <a href=\"https:\/\/www.europeana.eu\/pt\">https:\/\/www.europeana.eu\/pt<\/a><\/p>\n<p>Teaching with Europeana, <a href=\"https:\/\/teachwitheuropeana.eun.org\/\">https:\/\/teachwitheuropeana.eun.org\/<\/a><\/p>\n<p>&nbsp;<\/p>\n","protected":false},"excerpt":{"rendered":"<p>C22 &#8211; A Europeana na sala de aula Ana Paula Andrade Alves apaulaaalves65@gmail.com AE Dr. Francisco Sanches, Braga &nbsp; A Europeana Collections \u00e9 uma plataforma&hellip;<\/p>\n","protected":false},"author":1,"featured_media":0,"parent":17,"menu_order":0,"comment_status":"closed","ping_status":"closed","template":"","meta":[],"_links":{"self":[{"href":"https:\/\/wordpress.educom.pt\/TIC-Portugal-20\/wp-json\/wp\/v2\/pages\/11237"}],"collection":[{"href":"https:\/\/wordpress.educom.pt\/TIC-Portugal-20\/wp-json\/wp\/v2\/pages"}],"about":[{"href":"https:\/\/wordpress.educom.pt\/TIC-Portugal-20\/wp-json\/wp\/v2\/types\/page"}],"author":[{"embeddable":true,"href":"https:\/\/wordpress.educom.pt\/TIC-Portugal-20\/wp-json\/wp\/v2\/users\/1"}],"replies":[{"embeddable":true,"href":"https:\/\/wordpress.educom.pt\/TIC-Portugal-20\/wp-json\/wp\/v2\/comments?post=11237"}],"version-history":[{"count":1,"href":"https:\/\/wordpress.educom.pt\/TIC-Portugal-20\/wp-json\/wp\/v2\/pages\/11237\/revisions"}],"predecessor-version":[{"id":11238,"href":"https:\/\/wordpress.educom.pt\/TIC-Portugal-20\/wp-json\/wp\/v2\/pages\/11237\/revisions\/11238"}],"up":[{"embeddable":true,"href":"https:\/\/wordpress.educom.pt\/TIC-Portugal-20\/wp-json\/wp\/v2\/pages\/17"}],"wp:attachment":[{"href":"https:\/\/wordpress.educom.pt\/TIC-Portugal-20\/wp-json\/wp\/v2\/media?parent=11237"}],"curies":[{"name":"wp","href":"https:\/\/api.w.org\/{rel}","templated":true}]}}