{"id":11240,"date":"2020-07-13T23:02:24","date_gmt":"2020-07-13T22:02:24","guid":{"rendered":"http:\/\/wordpress.educom.pt\/TIC-Portugal-20\/?page_id=11240"},"modified":"2020-07-13T23:02:24","modified_gmt":"2020-07-13T22:02:24","slug":"c23-as-tic-na-educacao","status":"publish","type":"page","link":"https:\/\/wordpress.educom.pt\/TIC-Portugal-20\/programa\/c23-as-tic-na-educacao\/","title":{"rendered":"C23 &#8211; As TIC na educa\u00e7\u00e3o &#8230;"},"content":{"rendered":"<h3 style=\"text-align: center;\">C23 &#8211; As TIC na educa\u00e7\u00e3o como resposta ao processo ensino-aprendizagem em fase de pandemia<\/h3>\n<p style=\"text-align: center;\">Brites Maria Ferreira Marques<\/p>\n<p style=\"text-align: center;\">brima@sapo.pt<\/p>\n<p style=\"text-align: center;\">Agrupamento de Escolas de Esmoriz &#8211; Ovar Norte<\/p>\n<p>&nbsp;<\/p>\n<p>Em fase de Pandemia, as novas tecnologias, desta era digital, s\u00e3o ferramentas de comunica\u00e7\u00e3o e intera\u00e7\u00e3o, potenciadoras no processo de ensino e aprendizagem. Assim, a necessidade de execu\u00e7\u00e3o de boas pr\u00e1ticas e modelos de aprendizagem passou a ser tema di\u00e1rio de conversa\u00e7\u00e3o entre a popula\u00e7\u00e3o escolar e tem sido essencial para um novo rumo no Ensino \u00e0 Dist\u00e2ncia (E@D).<\/p>\n<p>Sobreviver na sociedade do S\u00e9c. XXI, implica desenvolver capacidades para novas tarefas escolares, predisposi\u00e7\u00e3o para novas aprendizagens, trabalho cooperativo, colaborativo, articulado e formativo.<\/p>\n<p>Perceber, \u201corganizar e gerenciar uma boa escola, exige flexibilidade e diversifica\u00e7\u00e3o de pr\u00e1ticas, visando adequ\u00e1-las \u00e0 natureza de cada problema\u201d (Mello, 1994:19), \u00e9 perceber que escola e docentes n\u00e3o estavam preparados para essa adequa\u00e7\u00e3o de pr\u00e1ticas ao ensino e aprendizagem durante a Pandemia.<\/p>\n<p>As atuais dificuldades, permite distinguir tr\u00eas tipologias de dom\u00ednio e utiliza\u00e7\u00e3o das ferramentas digitais e tecnol\u00f3gicas por parte dos professores: a utiliza\u00e7\u00e3o Ativa (total), Reservada (parcial) e Passiva (pseudo) das TIC.<\/p>\n<p>Neste novo paradigma do E@D, a escola deve assumir um papel fundamental na forma\u00e7\u00e3o dos docentes, na import\u00e2ncia das TIC no processo de Ensino-Aprendizagem e na atualiza\u00e7\u00e3o de equipamentos ajustados ao atual sistema. A utiliza\u00e7\u00e3o das TIC de forma clara e consciente, tem implica\u00e7\u00f5es profundas no sucesso educativo dos alunos, no trabalho desenvolvido pelos docentes e na constru\u00e7\u00e3o de uma escola eficaz.<\/p>\n<p>&nbsp;<\/p>\n<p>REFER\u00caNCIAS:<\/p>\n<p>&nbsp;<\/p>\n<p>Brito, A. R. (2010). \u201cLas TIC en Educaci\u00f3n preescolar portuguesa: actitudes, medios y pr\u00e1cticas de Educadores de Infancia y de los ni\u00f1os\u201d. Disserta\u00e7\u00e3o de Doutoramento apresentada \u00e0 Faculdade de Psicologia e Ci\u00eancias da Educa\u00e7\u00e3o da Universidade de M\u00e1laga.<\/p>\n<p>Cabero, J., Cebrian, M., &amp; Duarte, A. (2000). \u201cLas nuevas tecnolog\u00edas para la mejora educativa\u201d. In Algunas comunicaciones y ponencias del Congreso Edutec99 Sevilla: Kronos.<\/p>\n<p>Mello, G. (1994). \u201cEscolas Eficazes: um sistema revisitado\u201d. Bras\u00edlia: MEC\/SEF\/UNESCO.<\/p>\n<p>Pesqueira, A. B. (2001). \u201cDe las competencias reflexivas al modelo profesional. Ense\u00f1anza\u201d. Espa\u00f1a.<\/p>\n<p>Pires, S. (2009). Tese de Mestrado \u201cInteresses das crian\u00e7as na utiliza\u00e7\u00e3o aut\u00f3noma do computador, em contexto escolar e familiar\u201d, Universidade do Minho, Braga.<\/p>\n<p>Ricoy, M. C. (2006). &#8220;Las tecnolog\u00edas de la informaci\u00f3n y comunicaci\u00f3n en la educaci\u00f3n: potencialidades y condicionantes que presentan\u201d. Anuario Ininco.<\/p>\n<p>&nbsp;<\/p>\n","protected":false},"excerpt":{"rendered":"<p>C23 &#8211; As TIC na educa\u00e7\u00e3o como resposta ao processo ensino-aprendizagem em fase de pandemia Brites Maria Ferreira Marques brima@sapo.pt Agrupamento de Escolas de Esmoriz&hellip;<\/p>\n","protected":false},"author":1,"featured_media":0,"parent":17,"menu_order":0,"comment_status":"closed","ping_status":"closed","template":"","meta":[],"_links":{"self":[{"href":"https:\/\/wordpress.educom.pt\/TIC-Portugal-20\/wp-json\/wp\/v2\/pages\/11240"}],"collection":[{"href":"https:\/\/wordpress.educom.pt\/TIC-Portugal-20\/wp-json\/wp\/v2\/pages"}],"about":[{"href":"https:\/\/wordpress.educom.pt\/TIC-Portugal-20\/wp-json\/wp\/v2\/types\/page"}],"author":[{"embeddable":true,"href":"https:\/\/wordpress.educom.pt\/TIC-Portugal-20\/wp-json\/wp\/v2\/users\/1"}],"replies":[{"embeddable":true,"href":"https:\/\/wordpress.educom.pt\/TIC-Portugal-20\/wp-json\/wp\/v2\/comments?post=11240"}],"version-history":[{"count":1,"href":"https:\/\/wordpress.educom.pt\/TIC-Portugal-20\/wp-json\/wp\/v2\/pages\/11240\/revisions"}],"predecessor-version":[{"id":11241,"href":"https:\/\/wordpress.educom.pt\/TIC-Portugal-20\/wp-json\/wp\/v2\/pages\/11240\/revisions\/11241"}],"up":[{"embeddable":true,"href":"https:\/\/wordpress.educom.pt\/TIC-Portugal-20\/wp-json\/wp\/v2\/pages\/17"}],"wp:attachment":[{"href":"https:\/\/wordpress.educom.pt\/TIC-Portugal-20\/wp-json\/wp\/v2\/media?parent=11240"}],"curies":[{"name":"wp","href":"https:\/\/api.w.org\/{rel}","templated":true}]}}