{"id":11247,"date":"2020-07-13T23:27:51","date_gmt":"2020-07-13T22:27:51","guid":{"rendered":"http:\/\/wordpress.educom.pt\/TIC-Portugal-20\/?page_id=11247"},"modified":"2020-07-13T23:27:51","modified_gmt":"2020-07-13T22:27:51","slug":"comunicacoes-convencionais-sala-2","status":"publish","type":"page","link":"https:\/\/wordpress.educom.pt\/TIC-Portugal-20\/programa\/comunicacoes-convencionais-sala-2\/","title":{"rendered":"Comunica\u00e7\u00f5es convencionais \u2013 Sala 2"},"content":{"rendered":"<p>Moderadora: Susana Senos<\/p>\n<ol>\n<li>C12 &#8211; <u><a href=\"https:\/\/wordpress.educom.pt\/TIC-Portugal-20\/programa\/c12-criacao-de-recursos-educativos-digitais\/\" target=\"_blank\" rel=\"noopener noreferrer\"><strong>Cria\u00e7\u00e3o de Recursos Educativos Digitais em contexto de \u201cPandemia Covid-19\u201d: relato de uma interven\u00e7\u00e3o no 1.\u00ba Ciclo do Ensino B\u00e1sico centrada no desenvolvimento de compet\u00eancias em Portugu\u00eas\u00bb<\/strong><\/a><\/u>, Anabela de Lemos Bernardes (Escola E.B de Abadias -AE da Zona Urbana da Figueira da Foz)<\/li>\n<li>C18 \u2013 <u><a href=\"https:\/\/wordpress.educom.pt\/TIC-Portugal-20\/programa\/c18-contribuicao-do-google-classroom\/\" target=\"_blank\" rel=\"noopener noreferrer\"><strong>Contribui\u00e7\u00e3o do Google Classroom para as aulas em tempo de pandemia covid-19<\/strong><\/a><\/u>, Sara Cruz, Ana Franco e Marco Bento (Col\u00e9gio Santa Eul\u00e1lia &#8211; Santa Maria da Feira)<\/li>\n<li>C20 &#8211; <u><a href=\"https:\/\/wordpress.educom.pt\/TIC-Portugal-20\/programa\/c20-narrativas-digitais\/\" target=\"_blank\" rel=\"noopener noreferrer\"><strong>Narrativas digitais colaborativas e interdisciplinares<\/strong><\/a><\/u>, Carla Maia, Marco Bento (AE Gon\u00e7alo Mendes da Maia; CIEd Universidade do Minho)<\/li>\n<li>C21 &#8211; <u><a href=\"https:\/\/wordpress.educom.pt\/TIC-Portugal-20\/programa\/c21-programacao-e-robotica\/\" target=\"_blank\" rel=\"noopener noreferrer\"><strong>Programa\u00e7\u00e3o e Rob\u00f3tica no Pr\u00e9-Escolar e 1.\u00ba Ciclo do Ensino B\u00e1sico<\/strong><\/a><\/u>, Patr\u00edcia Marques (Munic\u00edpio de Tondela)<\/li>\n<\/ol>\n","protected":false},"excerpt":{"rendered":"<p>Moderadora: Susana Senos C12 &#8211; Cria\u00e7\u00e3o de Recursos Educativos Digitais em contexto de \u201cPandemia Covid-19\u201d: relato de uma interven\u00e7\u00e3o no 1.\u00ba Ciclo do Ensino B\u00e1sico&hellip;<\/p>\n","protected":false},"author":1,"featured_media":0,"parent":17,"menu_order":0,"comment_status":"closed","ping_status":"closed","template":"","meta":[],"_links":{"self":[{"href":"https:\/\/wordpress.educom.pt\/TIC-Portugal-20\/wp-json\/wp\/v2\/pages\/11247"}],"collection":[{"href":"https:\/\/wordpress.educom.pt\/TIC-Portugal-20\/wp-json\/wp\/v2\/pages"}],"about":[{"href":"https:\/\/wordpress.educom.pt\/TIC-Portugal-20\/wp-json\/wp\/v2\/types\/page"}],"author":[{"embeddable":true,"href":"https:\/\/wordpress.educom.pt\/TIC-Portugal-20\/wp-json\/wp\/v2\/users\/1"}],"replies":[{"embeddable":true,"href":"https:\/\/wordpress.educom.pt\/TIC-Portugal-20\/wp-json\/wp\/v2\/comments?post=11247"}],"version-history":[{"count":1,"href":"https:\/\/wordpress.educom.pt\/TIC-Portugal-20\/wp-json\/wp\/v2\/pages\/11247\/revisions"}],"predecessor-version":[{"id":11248,"href":"https:\/\/wordpress.educom.pt\/TIC-Portugal-20\/wp-json\/wp\/v2\/pages\/11247\/revisions\/11248"}],"up":[{"embeddable":true,"href":"https:\/\/wordpress.educom.pt\/TIC-Portugal-20\/wp-json\/wp\/v2\/pages\/17"}],"wp:attachment":[{"href":"https:\/\/wordpress.educom.pt\/TIC-Portugal-20\/wp-json\/wp\/v2\/media?parent=11247"}],"curies":[{"name":"wp","href":"https:\/\/api.w.org\/{rel}","templated":true}]}}