{"id":11250,"date":"2020-07-13T23:31:06","date_gmt":"2020-07-13T22:31:06","guid":{"rendered":"http:\/\/wordpress.educom.pt\/TIC-Portugal-20\/?page_id=11250"},"modified":"2020-07-13T23:31:06","modified_gmt":"2020-07-13T22:31:06","slug":"comunicacoes-convencionais-sala-3","status":"publish","type":"page","link":"https:\/\/wordpress.educom.pt\/TIC-Portugal-20\/programa\/comunicacoes-convencionais-sala-3\/","title":{"rendered":"Comunica\u00e7\u00f5es convencionais \u2013 Sala 3"},"content":{"rendered":"<p>Moderador: Gon\u00e7alo Espadeiro<\/p>\n<ol>\n<li>C3 &#8211; <a href=\"https:\/\/wordpress.educom.pt\/TIC-Portugal-20\/programa\/c3-geogebra-classroom-avaliacao\/\" target=\"_blank\" rel=\"noopener noreferrer\"><u><strong>Geogebra (&amp;) Classroom &#8211; Avalia\u00e7\u00e3o da atividade Matem\u00e1tica dos Alunos<\/strong><\/u><\/a>, Paulo Correia (AE de Alc\u00e1cer do Sal)<\/li>\n<li>C7 &#8211; <u><a href=\"https:\/\/wordpress.educom.pt\/TIC-Portugal-20\/programa\/c7-inteligencia-artificial\/\" target=\"_blank\" rel=\"noopener noreferrer\"><strong>Intelig\u00eancia Artificial na sala de aula &#8211; &#8220;Programar Emo\u00e7\u00f5es&#8221;<\/strong><\/a><\/u>, Ricardo Carvalho (AE de \u00cdlhavo)<\/li>\n<li>C8 \u2013 <a href=\"https:\/\/wordpress.educom.pt\/TIC-Portugal-20\/programa\/c8-o-trabalho-colaborativo\/\" target=\"_blank\" rel=\"noopener noreferrer\"><u><strong>O Trabalho colaborativo em modo digital<\/strong><\/u><\/a>, Maria Manuela Teixeira (AE Dr.Alberto Iria)<\/li>\n<li>C10 \u2013 <u><a href=\"https:\/\/wordpress.educom.pt\/TIC-Portugal-20\/programa\/c10-iniciativa-encontro-nacional-on-line\/\" target=\"_blank\" rel=\"noopener noreferrer\"><strong>Iniciativa \u201cEncontro Nacional on-line de Pr\u00e1ticas Pedag\u00f3gicas de Professores de Espanhol\u201d<\/strong><\/a><\/u>, Isabel Cabo; C\u00e1tia Val\u00e9ria (AE Latino Coelho, Lamego)<\/li>\n<li>C13 &#8211; <u><a href=\"https:\/\/wordpress.educom.pt\/TIC-Portugal-20\/programa\/c13-avaliar-em-tempos-de-pandemia\/\" target=\"_blank\" rel=\"noopener noreferrer\"><strong>Avaliar em tempos de pandemia<\/strong><\/a><\/u>, Isabel Rodrigues (AE de Montenegro)<\/li>\n<\/ol>\n","protected":false},"excerpt":{"rendered":"<p>Moderador: Gon\u00e7alo Espadeiro C3 &#8211; Geogebra (&amp;) Classroom &#8211; Avalia\u00e7\u00e3o da atividade Matem\u00e1tica dos Alunos, Paulo Correia (AE de Alc\u00e1cer do Sal) C7 &#8211; Intelig\u00eancia&hellip;<\/p>\n","protected":false},"author":1,"featured_media":0,"parent":17,"menu_order":0,"comment_status":"closed","ping_status":"closed","template":"","meta":[],"_links":{"self":[{"href":"https:\/\/wordpress.educom.pt\/TIC-Portugal-20\/wp-json\/wp\/v2\/pages\/11250"}],"collection":[{"href":"https:\/\/wordpress.educom.pt\/TIC-Portugal-20\/wp-json\/wp\/v2\/pages"}],"about":[{"href":"https:\/\/wordpress.educom.pt\/TIC-Portugal-20\/wp-json\/wp\/v2\/types\/page"}],"author":[{"embeddable":true,"href":"https:\/\/wordpress.educom.pt\/TIC-Portugal-20\/wp-json\/wp\/v2\/users\/1"}],"replies":[{"embeddable":true,"href":"https:\/\/wordpress.educom.pt\/TIC-Portugal-20\/wp-json\/wp\/v2\/comments?post=11250"}],"version-history":[{"count":1,"href":"https:\/\/wordpress.educom.pt\/TIC-Portugal-20\/wp-json\/wp\/v2\/pages\/11250\/revisions"}],"predecessor-version":[{"id":11251,"href":"https:\/\/wordpress.educom.pt\/TIC-Portugal-20\/wp-json\/wp\/v2\/pages\/11250\/revisions\/11251"}],"up":[{"embeddable":true,"href":"https:\/\/wordpress.educom.pt\/TIC-Portugal-20\/wp-json\/wp\/v2\/pages\/17"}],"wp:attachment":[{"href":"https:\/\/wordpress.educom.pt\/TIC-Portugal-20\/wp-json\/wp\/v2\/media?parent=11250"}],"curies":[{"name":"wp","href":"https:\/\/api.w.org\/{rel}","templated":true}]}}