{"id":11253,"date":"2020-07-13T23:35:12","date_gmt":"2020-07-13T22:35:12","guid":{"rendered":"http:\/\/wordpress.educom.pt\/TIC-Portugal-20\/?page_id=11253"},"modified":"2020-07-13T23:35:12","modified_gmt":"2020-07-13T22:35:12","slug":"comunicacoes-convencionais-sala-4","status":"publish","type":"page","link":"https:\/\/wordpress.educom.pt\/TIC-Portugal-20\/programa\/comunicacoes-convencionais-sala-4\/","title":{"rendered":"Comunica\u00e7\u00f5es convencionais \u2013 Sala 4"},"content":{"rendered":"<p>Moderador: Ant\u00f3nio Maneira<\/p>\n<ol>\n<li>C2 &#8211; <u><a href=\"https:\/\/wordpress.educom.pt\/TIC-Portugal-20\/programa\/c2-projetos-interescolas-a-distancia\/\" target=\"_blank\" rel=\"noopener noreferrer\"><strong>Projetos Interescolas a Dist\u00e2ncia<\/strong><\/a><\/u>, V\u00edtor Gir\u00e3o Bastos; M\u00e1rio Lima (ES Rocha Peixoto; Col\u00e9gio Vasco da Gama)<\/li>\n<li>C11 &#8211; <u><a href=\"https:\/\/wordpress.educom.pt\/TIC-Portugal-20\/programa\/c11-pratica-simulada-oportunidades-e-desafios\/\" target=\"_blank\" rel=\"noopener noreferrer\"><strong>Pr\u00e1tica Simulada &#8211; Oportunidades e Desafios<\/strong><\/a><\/u>, F\u00e1tima Pais; Elisabete dos Inocentes (AE Dr. Serafim Leite)<\/li>\n<li>C15 &#8211; <u><a href=\"https:\/\/wordpress.educom.pt\/TIC-Portugal-20\/programa\/c15-clube-ciencia-viva\/\" target=\"_blank\" rel=\"noopener noreferrer\"><strong>Clube Ci\u00eancia Viva: exemplos de interdisciplinaridade<\/strong><\/a><\/u>, Nat\u00e1lia Ferreira, Marco Bento (AE de Rio Tinto 3; CIEd Universidade do Minho)<\/li>\n<li>C22 &#8211; <u><a href=\"https:\/\/wordpress.educom.pt\/TIC-Portugal-20\/programa\/c22-a-europeana-na-sala-de-aula\/\" target=\"_blank\" rel=\"noopener noreferrer\"><strong>A Europeana na sala de aula<\/strong><\/a><\/u>, Ana Paula Alves (AE Dr. Francisco Sanches, Braga)<\/li>\n<li>C23 &#8211; <u><a href=\"https:\/\/wordpress.educom.pt\/TIC-Portugal-20\/programa\/c23-as-tic-na-educacao\/\" target=\"_blank\" rel=\"noopener noreferrer\"><strong>As TIC na educa\u00e7\u00e3o como resposta ao processo ensino-aprendizagem em fase de pandemia<\/strong><\/a><\/u>, Brites Marques (AE de Esmoriz &#8211; Ovar Norte)<\/li>\n<\/ol>\n","protected":false},"excerpt":{"rendered":"<p>Moderador: Ant\u00f3nio Maneira C2 &#8211; Projetos Interescolas a Dist\u00e2ncia, V\u00edtor Gir\u00e3o Bastos; M\u00e1rio Lima (ES Rocha Peixoto; Col\u00e9gio Vasco da Gama) C11 &#8211; Pr\u00e1tica Simulada&hellip;<\/p>\n","protected":false},"author":1,"featured_media":0,"parent":17,"menu_order":0,"comment_status":"closed","ping_status":"closed","template":"","meta":[],"_links":{"self":[{"href":"https:\/\/wordpress.educom.pt\/TIC-Portugal-20\/wp-json\/wp\/v2\/pages\/11253"}],"collection":[{"href":"https:\/\/wordpress.educom.pt\/TIC-Portugal-20\/wp-json\/wp\/v2\/pages"}],"about":[{"href":"https:\/\/wordpress.educom.pt\/TIC-Portugal-20\/wp-json\/wp\/v2\/types\/page"}],"author":[{"embeddable":true,"href":"https:\/\/wordpress.educom.pt\/TIC-Portugal-20\/wp-json\/wp\/v2\/users\/1"}],"replies":[{"embeddable":true,"href":"https:\/\/wordpress.educom.pt\/TIC-Portugal-20\/wp-json\/wp\/v2\/comments?post=11253"}],"version-history":[{"count":1,"href":"https:\/\/wordpress.educom.pt\/TIC-Portugal-20\/wp-json\/wp\/v2\/pages\/11253\/revisions"}],"predecessor-version":[{"id":11254,"href":"https:\/\/wordpress.educom.pt\/TIC-Portugal-20\/wp-json\/wp\/v2\/pages\/11253\/revisions\/11254"}],"up":[{"embeddable":true,"href":"https:\/\/wordpress.educom.pt\/TIC-Portugal-20\/wp-json\/wp\/v2\/pages\/17"}],"wp:attachment":[{"href":"https:\/\/wordpress.educom.pt\/TIC-Portugal-20\/wp-json\/wp\/v2\/media?parent=11253"}],"curies":[{"name":"wp","href":"https:\/\/api.w.org\/{rel}","templated":true}]}}