{"id":11280,"date":"2020-07-14T12:24:50","date_gmt":"2020-07-14T11:24:50","guid":{"rendered":"http:\/\/wordpress.educom.pt\/TIC-Portugal-20\/?page_id=11280"},"modified":"2020-07-15T11:23:17","modified_gmt":"2020-07-15T10:23:17","slug":"comunicacoes-flash-sala-7","status":"publish","type":"page","link":"https:\/\/wordpress.educom.pt\/TIC-Portugal-20\/programa\/comunicacoes-flash-sala-7\/","title":{"rendered":"Comunica\u00e7\u00f5es Flash &#8211; sala 7"},"content":{"rendered":"<p><strong>Sala 7<\/strong> &#8211; Moderador: Cristina Novo | Comunica\u00e7\u00f5es: CF2, CF5, CF8, CF11, CF14, CF17, CF20, CF23, CF26<\/p>\n<p>&nbsp;<\/p>\n<p><strong>CF2 &#8211; Forma\u00e7\u00e3o continuada em ELE em tempos de pandemia. O exemplo da Para\u00edba (Brasil)<\/strong><br \/>\nSecundino Vig\u00f3n Artos<br \/>\nsecundinoufcg@gmail.com<br \/>\nUFCG<br \/>\nCom esta comunica\u00e7\u00e3o pretendemos apresentar as atividades de forma\u00e7\u00e3o continuada para professores em ELE (Espanhol como l\u00edngua estrangeira) em tempos da pandemia desenvolvidas por diferentes institui\u00e7\u00f5es do Estado da Para\u00edba (Brasil) como universidades, associa\u00e7\u00f5es de professores ou institui\u00e7\u00f5es particulares.<\/p>\n<p>&nbsp;<\/p>\n<p><strong>CF5 &#8211; Uma gamifica\u00e7\u00e3o mobile de sucesso: quando ningu\u00e9m fica para tr\u00e1s!<\/strong><br \/>\nM\u00f3nica Alexandra Rosa Ferreira Rodrigues<br \/>\nmonica.rodrigues@mindflow.pt<br \/>\nPodemos dizer que (quase) todos n\u00f3s j\u00e1 jog\u00e1mos e gamific\u00e1mos experi\u00eancias de aprendizagem, presenciais ou em e-learning. Ou seja, jogar &#8230; jog\u00e1mos. Mas ser\u00e1 que aprendemos? E se sim, quanto aprendemos? E se eu disser que, no m\u00ednimo, \u00e9 poss\u00edvel construir novos conhecimentos com um sucesso superior a 80%? E se eu disser que o sentimento de compet\u00eancia ganho \u00e9 t\u00e3o elevado, que as crian\u00e7as e os jovens desenvolvem um sentido de autonomia percebida e um sentido de compet\u00eancia percebida para aprender, transformando-se em jovens aut\u00f3nomos e auto-motivados? N\u00e3o acredita? Venha conhecer a Inova\u00e7\u00e3o Tecnol\u00f3gica em A\u00e7\u00e3o. Porque, com a tecnologia, a imagina\u00e7\u00e3o n\u00e3o tem limites.<\/p>\n<p>&nbsp;<\/p>\n<p><strong>CF 8 &#8211; Os pais, n\u00f3s e a professora, do WatsApp \u00e0 Teams.<\/strong><br \/>\nSofia Isabel Gra\u00e7a da Rocha Rodrigues<br \/>\nsigrrodrigues@gmail.com<br \/>\nAE Latino Coelho.<br \/>\nNem a pandemia nos parou. Quando percebi que o confinamento estava para durar e com colabora\u00e7\u00e3o dos Encarregados de Educa\u00e7\u00e3o criei um grupo no WhatsApp onde fomos desenvolvendo atividades. Atividades essas sempre orientadas com resultados brilhantes.<\/p>\n<p>&nbsp;<\/p>\n<p><strong>CF 11 &#8211; A Aula Integral<\/strong><br \/>\nDavid Ferreira<br \/>\ndavidferreira@aeaf.edu.pt<br \/>\nAgrupamento de Escolas Alcaides de Faria<br \/>\nAprender e Ensinar sem esfor\u00e7o<\/p>\n<p>&nbsp;<\/p>\n<p><strong>CF 14 &#8211; A plataforma edmodo<\/strong><br \/>\nPaula Maria Silva Porto<br \/>\npaula.porto@esjml.edu.pt<br \/>\nEBS Dr. Jaime Magalh\u00e3es Lima<br \/>\nedmodo &#8211; a plataforma dos mi\u00fados<\/p>\n<p>&nbsp;<\/p>\n<p><strong>CF 17 &#8211; Partilha de uma proposta de aulas em E@D<\/strong><br \/>\nSusana Maria Taboa\u00e7o Pereira de Ara\u00fajo Fernandes Spratley<br \/>\nSusana.spratley@gmail.com<br \/>\nEscola Secund\u00e1ria Jos\u00e9 R\u00e9gio Vila do Conde<br \/>\nDesde 13 de mar\u00e7o de 2020, as escolas deram resposta a uma realidade de ensino virtual. Nesse sentido, cada escola respondeu, aos normativos legais que foram surgindo, como foi poss\u00edvel.<br \/>\nCom esta apresenta\u00e7\u00e3o pretende-se partilhar uma das respostas educativas dadas a este, apelidado E@D. Ser\u00e1 feita uma breve reflex\u00e3o sobre este at\u00edpico 3.\u00b0 Per\u00edodo Letivo.<\/p>\n<p>&nbsp;<\/p>\n<p><strong>CF 20 &#8211; O professor no papel do canivete su\u00ed\u00e7o!<\/strong><br \/>\nTiago Costa<br \/>\ntiago.costa@colegiodeermesinde.edu.pt<br \/>\nCol\u00e9gio de Ermesinde<br \/>\nSeja em Pandemia ou fora dela, n\u00f3s os professores somos sempre multifun\u00e7\u00f5es e de grande adaptabilidade, tam como a preciosa ferramenta do canivete su\u00ed\u00e7o!<br \/>\nNo meu tempo de aluno, algures pelos anos 90 , era uma magia quando o professor pegava numa folha de acetato, colocava no retroprojetor e projetava na parede.<br \/>\nAs coisas foram evoluindo\u2026<\/p>\n<p>&nbsp;<\/p>\n<p><strong>CF 23 &#8211; A virtualiza\u00e7\u00e3o das aulas em fun\u00e7\u00e3o da pandemia da covid-19, por meio da implementa\u00e7\u00e3o de solu\u00e7\u00f5es integradas de comunica\u00e7\u00e3o e colabora\u00e7\u00e3o via G SUITE FOR EDUCATION<\/strong><br \/>\nJuliana da Silva Dias<br \/>\njulianasilvadias7@gmail.com<br \/>\nUniversidade Tiradentes<br \/>\nO trabalho em quest\u00e3o objetiva descrever a percep\u00e7\u00e3o de estudantes matriculados em cursos de gradua\u00e7\u00e3o, que em virtude da pandemia causa pelo corona v\u00edrus, vivenciaram a virtualiza\u00e7\u00e3o das aulas, por meio da implementa\u00e7\u00e3o de solu\u00e7\u00f5es integradas de comunica\u00e7\u00e3o e colabora\u00e7\u00e3o via G Suite for Education, em rela\u00e7\u00e3o as condi\u00e7\u00f5es de aprendizagem, ofertados pela Universidade Tiradentes na cidade de Aracaju no estado de Sergipe\/Brasil. Os resultados revelam que uma das maiores modifica\u00e7\u00f5es na metodologia da aula foi a elimina\u00e7\u00e3o da entrega de trabalhos impressos, o que foi poss\u00edvel com o uso do Google Classroom. Al\u00e9m desta altera\u00e7\u00e3o, destaca-se neste trabalho ferramentas que foram executadas por meio do pacote da G Suite for Education. A pesquisa mostra a facilidade de comunica\u00e7\u00e3o e intera\u00e7\u00e3o com o professor e com os demais estudantes, a din\u00e2mica de entrega e a discuss\u00e3o dos resultados das atividades propostas. Al\u00e9m da constru\u00e7\u00e3o de atividades colaborativas, pois, mesmo n\u00e3o estando fisicamente juntos, os grupos de estudantes desenvolveram e comentaram a resolu\u00e7\u00e3o de problemas simultaneamente, no mesmo arquivo, de forma compartilhada e colaborativa. A pesquisa revelou que por meio da G Suite, o estudante mostra-se mais envolvido com a disciplina e consequentemente com a sua forma\u00e7\u00e3o.<\/p>\n<p>&nbsp;<\/p>\n<p><strong>CF 26 &#8211; \u00a1Diversi\u00f3n a tope en clases de ELE!<\/strong><br \/>\nIsabel de Lurdes Pereira do Cabo; C\u00e1tia Liliana Pimenta Val\u00e9ria<br \/>\nisabel.cabo@aelc-lamego.pt<br \/>\nAE Latino Coelho, Lamego<br \/>\nNesta sequ\u00eancia de aprendizagem trabalharam-se os seguintes dom\u00ednios das Aprendizagens Essenciais de Espanhol nos 7.\u00ba, 8.\u00ba 10.\u00ba e 11.\u00ba anos (n\u00edveis de inicia\u00e7\u00e3o): compreens\u00e3o audiovisual; produ\u00e7\u00e3o oral; produ\u00e7\u00e3o escrita e intercultural. Os dom\u00ednios &#8211; compreens\u00e3o escrita e intera\u00e7\u00e3o oral &#8211; estiveram subjacentes \u00e0 realiza\u00e7\u00e3o de trabalho nas restantes atividades. Foram utilizados os seguintes recursos digitais: LMS Microsoft Teams; TED-Ed Lessons; Flipgrid; Padlet; YouTube.<\/p>\n<p>&nbsp;<\/p>\n<p>&nbsp;<\/p>\n","protected":false},"excerpt":{"rendered":"<p>Sala 7 &#8211; Moderador: Cristina Novo | Comunica\u00e7\u00f5es: CF2, CF5, CF8, CF11, CF14, CF17, CF20, CF23, CF26 &nbsp; CF2 &#8211; Forma\u00e7\u00e3o continuada em ELE em&hellip;<\/p>\n","protected":false},"author":1,"featured_media":0,"parent":17,"menu_order":0,"comment_status":"closed","ping_status":"closed","template":"","meta":[],"_links":{"self":[{"href":"https:\/\/wordpress.educom.pt\/TIC-Portugal-20\/wp-json\/wp\/v2\/pages\/11280"}],"collection":[{"href":"https:\/\/wordpress.educom.pt\/TIC-Portugal-20\/wp-json\/wp\/v2\/pages"}],"about":[{"href":"https:\/\/wordpress.educom.pt\/TIC-Portugal-20\/wp-json\/wp\/v2\/types\/page"}],"author":[{"embeddable":true,"href":"https:\/\/wordpress.educom.pt\/TIC-Portugal-20\/wp-json\/wp\/v2\/users\/1"}],"replies":[{"embeddable":true,"href":"https:\/\/wordpress.educom.pt\/TIC-Portugal-20\/wp-json\/wp\/v2\/comments?post=11280"}],"version-history":[{"count":4,"href":"https:\/\/wordpress.educom.pt\/TIC-Portugal-20\/wp-json\/wp\/v2\/pages\/11280\/revisions"}],"predecessor-version":[{"id":11322,"href":"https:\/\/wordpress.educom.pt\/TIC-Portugal-20\/wp-json\/wp\/v2\/pages\/11280\/revisions\/11322"}],"up":[{"embeddable":true,"href":"https:\/\/wordpress.educom.pt\/TIC-Portugal-20\/wp-json\/wp\/v2\/pages\/17"}],"wp:attachment":[{"href":"https:\/\/wordpress.educom.pt\/TIC-Portugal-20\/wp-json\/wp\/v2\/media?parent=11280"}],"curies":[{"name":"wp","href":"https:\/\/api.w.org\/{rel}","templated":true}]}}