{"id":11373,"date":"2021-06-15T11:59:53","date_gmt":"2021-06-15T10:59:53","guid":{"rendered":"https:\/\/wordpress.educom.pt\/TIC-Portugal-21\/?page_id=11373"},"modified":"2021-06-22T15:55:08","modified_gmt":"2021-06-22T14:55:08","slug":"criacao-de-atividades-interativas-com-h5p","status":"publish","type":"page","link":"https:\/\/wordpress.educom.pt\/TIC-Portugal-21\/programa\/criacao-de-atividades-interativas-com-h5p\/","title":{"rendered":"Cria\u00e7\u00e3o de Atividades Interativas com H5P"},"content":{"rendered":"<p style=\"text-align: center;\">Paulo Gomes<br \/>\npacgom@gmail.com<br \/>\nccTIC Softci\u00eancias \u2013 Coimbra<\/p>\n<p>&nbsp;<\/p>\n<p><span data-sheets-value=\"{&quot;1&quot;:2,&quot;2&quot;:&quot;H5P \u00e9 uma ferramenta colaborativa, gratuita, de c\u00f3digo aberto baseada em JavaScript. H5P \u00e9 uma abrevia\u00e7\u00e3o de HTML5 Package, e facilita a cria\u00e7\u00e3o, partilha e a reutiliza\u00e7\u00e3o de conte\u00fados HTML5 interativos.\\nO H5P \u00e9 um dos recursos que tem despertado muito interesse pelo elevado n\u00famero de atividades diferentes, com diversos n\u00edveis de intera\u00e7\u00e3o e adapt\u00e1vel a diferentes n\u00edveis de ensino, usando interfaces apelativos.\\nO H5P pode ser utilizado de forma isolada ou integrado em plataformas LMS, como o Moodle, estando mesmo integrado nas \u00faltimas vers\u00f5es desta plataforma.\\n\\nApresenta\u00e7\u00e3o do H5P; Cria\u00e7\u00e3o de algumas atividades interativas utilizando o H5P.\\nExplora\u00e7\u00e3o de recursos de aprendizagem e de avalia\u00e7\u00e3o formativa \\nN\u00edveis de integra\u00e7\u00e3o com plataformas LMS&quot;}\" data-sheets-userformat=\"{&quot;2&quot;:513,&quot;3&quot;:{&quot;1&quot;:0},&quot;12&quot;:0}\">H5P \u00e9 uma ferramenta colaborativa, gratuita, de c\u00f3digo aberto baseada em JavaScript. H5P \u00e9 uma abrevia\u00e7\u00e3o de HTML5 Package, e facilita a cria\u00e7\u00e3o, partilha e a reutiliza\u00e7\u00e3o de conte\u00fados HTML5 interativos.<br \/>\nO H5P \u00e9 um dos recursos que tem despertado muito interesse pelo elevado n\u00famero de atividades diferentes, com diversos n\u00edveis de intera\u00e7\u00e3o e adapt\u00e1vel a diferentes n\u00edveis de ensino, usando interfaces apelativos.<br \/>\nO H5P pode ser utilizado de forma isolada ou integrado em plataformas LMS, como o Moodle, estando mesmo integrado nas \u00faltimas vers\u00f5es desta plataforma.<\/span><\/p>\n<p><strong>Conte\u00fados da Sess\u00e3o pr\u00e1tica:<\/strong><\/p>\n<ul>\n<li><span data-sheets-value=\"{&quot;1&quot;:2,&quot;2&quot;:&quot;H5P \u00e9 uma ferramenta colaborativa, gratuita, de c\u00f3digo aberto baseada em JavaScript. H5P \u00e9 uma abrevia\u00e7\u00e3o de HTML5 Package, e facilita a cria\u00e7\u00e3o, partilha e a reutiliza\u00e7\u00e3o de conte\u00fados HTML5 interativos.\\nO H5P \u00e9 um dos recursos que tem despertado muito interesse pelo elevado n\u00famero de atividades diferentes, com diversos n\u00edveis de intera\u00e7\u00e3o e adapt\u00e1vel a diferentes n\u00edveis de ensino, usando interfaces apelativos.\\nO H5P pode ser utilizado de forma isolada ou integrado em plataformas LMS, como o Moodle, estando mesmo integrado nas \u00faltimas vers\u00f5es desta plataforma.\\n\\nApresenta\u00e7\u00e3o do H5P; Cria\u00e7\u00e3o de algumas atividades interativas utilizando o H5P.\\nExplora\u00e7\u00e3o de recursos de aprendizagem e de avalia\u00e7\u00e3o formativa \\nN\u00edveis de integra\u00e7\u00e3o com plataformas LMS&quot;}\" data-sheets-userformat=\"{&quot;2&quot;:513,&quot;3&quot;:{&quot;1&quot;:0},&quot;12&quot;:0}\">Apresenta\u00e7\u00e3o do H5P; <\/span><\/li>\n<li><span data-sheets-value=\"{&quot;1&quot;:2,&quot;2&quot;:&quot;H5P \u00e9 uma ferramenta colaborativa, gratuita, de c\u00f3digo aberto baseada em JavaScript. H5P \u00e9 uma abrevia\u00e7\u00e3o de HTML5 Package, e facilita a cria\u00e7\u00e3o, partilha e a reutiliza\u00e7\u00e3o de conte\u00fados HTML5 interativos.\\nO H5P \u00e9 um dos recursos que tem despertado muito interesse pelo elevado n\u00famero de atividades diferentes, com diversos n\u00edveis de intera\u00e7\u00e3o e adapt\u00e1vel a diferentes n\u00edveis de ensino, usando interfaces apelativos.\\nO H5P pode ser utilizado de forma isolada ou integrado em plataformas LMS, como o Moodle, estando mesmo integrado nas \u00faltimas vers\u00f5es desta plataforma.\\n\\nApresenta\u00e7\u00e3o do H5P; Cria\u00e7\u00e3o de algumas atividades interativas utilizando o H5P.\\nExplora\u00e7\u00e3o de recursos de aprendizagem e de avalia\u00e7\u00e3o formativa \\nN\u00edveis de integra\u00e7\u00e3o com plataformas LMS&quot;}\" data-sheets-userformat=\"{&quot;2&quot;:513,&quot;3&quot;:{&quot;1&quot;:0},&quot;12&quot;:0}\">Cria\u00e7\u00e3o de algumas atividades interativas utilizando o H5P;<\/span><\/li>\n<li><span data-sheets-value=\"{&quot;1&quot;:2,&quot;2&quot;:&quot;H5P \u00e9 uma ferramenta colaborativa, gratuita, de c\u00f3digo aberto baseada em JavaScript. H5P \u00e9 uma abrevia\u00e7\u00e3o de HTML5 Package, e facilita a cria\u00e7\u00e3o, partilha e a reutiliza\u00e7\u00e3o de conte\u00fados HTML5 interativos.\\nO H5P \u00e9 um dos recursos que tem despertado muito interesse pelo elevado n\u00famero de atividades diferentes, com diversos n\u00edveis de intera\u00e7\u00e3o e adapt\u00e1vel a diferentes n\u00edveis de ensino, usando interfaces apelativos.\\nO H5P pode ser utilizado de forma isolada ou integrado em plataformas LMS, como o Moodle, estando mesmo integrado nas \u00faltimas vers\u00f5es desta plataforma.\\n\\nApresenta\u00e7\u00e3o do H5P; Cria\u00e7\u00e3o de algumas atividades interativas utilizando o H5P.\\nExplora\u00e7\u00e3o de recursos de aprendizagem e de avalia\u00e7\u00e3o formativa \\nN\u00edveis de integra\u00e7\u00e3o com plataformas LMS&quot;}\" data-sheets-userformat=\"{&quot;2&quot;:513,&quot;3&quot;:{&quot;1&quot;:0},&quot;12&quot;:0}\">Explora\u00e7\u00e3o de recursos de aprendizagem e de avalia\u00e7\u00e3o formativa;<\/span><\/li>\n<li><span data-sheets-value=\"{&quot;1&quot;:2,&quot;2&quot;:&quot;H5P \u00e9 uma ferramenta colaborativa, gratuita, de c\u00f3digo aberto baseada em JavaScript. H5P \u00e9 uma abrevia\u00e7\u00e3o de HTML5 Package, e facilita a cria\u00e7\u00e3o, partilha e a reutiliza\u00e7\u00e3o de conte\u00fados HTML5 interativos.\\nO H5P \u00e9 um dos recursos que tem despertado muito interesse pelo elevado n\u00famero de atividades diferentes, com diversos n\u00edveis de intera\u00e7\u00e3o e adapt\u00e1vel a diferentes n\u00edveis de ensino, usando interfaces apelativos.\\nO H5P pode ser utilizado de forma isolada ou integrado em plataformas LMS, como o Moodle, estando mesmo integrado nas \u00faltimas vers\u00f5es desta plataforma.\\n\\nApresenta\u00e7\u00e3o do H5P; Cria\u00e7\u00e3o de algumas atividades interativas utilizando o H5P.\\nExplora\u00e7\u00e3o de recursos de aprendizagem e de avalia\u00e7\u00e3o formativa \\nN\u00edveis de integra\u00e7\u00e3o com plataformas LMS&quot;}\" data-sheets-userformat=\"{&quot;2&quot;:513,&quot;3&quot;:{&quot;1&quot;:0},&quot;12&quot;:0}\">N\u00edveis de integra\u00e7\u00e3o com plataformas LMS<\/span><\/li>\n<\/ul>\n<p><strong>N\u00famero m\u00e1ximo de participantes:<\/strong> 40<\/p>\n<p><strong>Requisitos necess\u00e1rios para a participa\u00e7\u00e3o: <\/strong><\/p>\n<ul>\n<li>Computador;<\/li>\n<li>acesso \u00e0 Internet;<\/li>\n<li>registo no website: <a href=\"https:\/\/h5p.org\/\" target=\"_blank\" rel=\"noopener\">https:\/\/h5p.org\/<\/a><\/li>\n<\/ul>\n","protected":false},"excerpt":{"rendered":"<p>Paulo Gomes pacgom@gmail.com ccTIC Softci\u00eancias \u2013 Coimbra &nbsp; H5P \u00e9 uma ferramenta colaborativa, gratuita, de c\u00f3digo aberto baseada em JavaScript. H5P \u00e9 uma abrevia\u00e7\u00e3o de&hellip;<\/p>\n","protected":false},"author":9,"featured_media":0,"parent":17,"menu_order":0,"comment_status":"closed","ping_status":"closed","template":"","meta":[],"_links":{"self":[{"href":"https:\/\/wordpress.educom.pt\/TIC-Portugal-21\/wp-json\/wp\/v2\/pages\/11373"}],"collection":[{"href":"https:\/\/wordpress.educom.pt\/TIC-Portugal-21\/wp-json\/wp\/v2\/pages"}],"about":[{"href":"https:\/\/wordpress.educom.pt\/TIC-Portugal-21\/wp-json\/wp\/v2\/types\/page"}],"author":[{"embeddable":true,"href":"https:\/\/wordpress.educom.pt\/TIC-Portugal-21\/wp-json\/wp\/v2\/users\/9"}],"replies":[{"embeddable":true,"href":"https:\/\/wordpress.educom.pt\/TIC-Portugal-21\/wp-json\/wp\/v2\/comments?post=11373"}],"version-history":[{"count":2,"href":"https:\/\/wordpress.educom.pt\/TIC-Portugal-21\/wp-json\/wp\/v2\/pages\/11373\/revisions"}],"predecessor-version":[{"id":11375,"href":"https:\/\/wordpress.educom.pt\/TIC-Portugal-21\/wp-json\/wp\/v2\/pages\/11373\/revisions\/11375"}],"up":[{"embeddable":true,"href":"https:\/\/wordpress.educom.pt\/TIC-Portugal-21\/wp-json\/wp\/v2\/pages\/17"}],"wp:attachment":[{"href":"https:\/\/wordpress.educom.pt\/TIC-Portugal-21\/wp-json\/wp\/v2\/media?parent=11373"}],"curies":[{"name":"wp","href":"https:\/\/api.w.org\/{rel}","templated":true}]}}