{"id":11393,"date":"2021-06-22T16:44:49","date_gmt":"2021-06-22T15:44:49","guid":{"rendered":"https:\/\/wordpress.educom.pt\/TIC-Portugal-21\/?page_id=11393"},"modified":"2021-07-11T20:28:39","modified_gmt":"2021-07-11T19:28:39","slug":"powerpoint-interativo-com-classpoint","status":"publish","type":"page","link":"https:\/\/wordpress.educom.pt\/TIC-Portugal-21\/programa\/powerpoint-interativo-com-classpoint\/","title":{"rendered":"PowerPoint interativo com ClassPoint"},"content":{"rendered":"<p style=\"text-align: center;\">Filipe Galego*<br \/>\nprof.filipegalego@gmail.com<br \/>\nccTIC Softci\u00eancias \u2013 Coimbra<\/p>\n<p>&nbsp;<\/p>\n<p>O <em>PowerPoint<\/em> ainda \u00e9 a ferramenta de elei\u00e7\u00e3o de muitos professores para apresenta\u00e7\u00e3o de conte\u00fados. O <em>ClassPoint<\/em> \u00e9 um poderoso <em>addon<\/em>, totalmente integrado no <em>PowerPoint<\/em> e que o transforma numa ferramenta interativa. Este permite ao professor realizar v\u00e1rios tipos de quest\u00f5es e atividades interativas, tendo acesso, em tempo real, \u00e0s respostas dos alunos e possibilitando, de forma imediata, a an\u00e1lise e discuss\u00e3o das mesmas com os alunos, aumentando assim a motiva\u00e7\u00e3o e o envolvimento destes nas atividades das aulas.<\/p>\n<p>O <em>ClassPoint<\/em> \u00e9 uma ferramenta potente, simples de usar e muito \u00fatil no ensino a dist\u00e2ncia, mas \u00e9 no ensino presencial que conseguimos tirar o m\u00e1ximo partido de todas as suas funcionalidades.<\/p>\n<p>Os professores inscritos ter\u00e3o acesso a um certificado de presen\u00e7a oficial do <em>ClassPoint**<\/em> e uma licen\u00e7a Pro gratuita durante 3 meses.<\/p>\n<p><strong>Conte\u00fados da Sess\u00e3o pr\u00e1tica:<\/strong><\/p>\n<ul>\n<li><span data-sheets-value=\"{&quot;1&quot;:2,&quot;2&quot;:&quot;H5P \u00e9 uma ferramenta colaborativa, gratuita, de c\u00f3digo aberto baseada em JavaScript. H5P \u00e9 uma abrevia\u00e7\u00e3o de HTML5 Package, e facilita a cria\u00e7\u00e3o, partilha e a reutiliza\u00e7\u00e3o de conte\u00fados HTML5 interativos.\\nO H5P \u00e9 um dos recursos que tem despertado muito interesse pelo elevado n\u00famero de atividades diferentes, com diversos n\u00edveis de intera\u00e7\u00e3o e adapt\u00e1vel a diferentes n\u00edveis de ensino, usando interfaces apelativos.\\nO H5P pode ser utilizado de forma isolada ou integrado em plataformas LMS, como o Moodle, estando mesmo integrado nas \u00faltimas vers\u00f5es desta plataforma.\\n\\nApresenta\u00e7\u00e3o do H5P; Cria\u00e7\u00e3o de algumas atividades interativas utilizando o H5P.\\nExplora\u00e7\u00e3o de recursos de aprendizagem e de avalia\u00e7\u00e3o formativa \\nN\u00edveis de integra\u00e7\u00e3o com plataformas LMS&quot;}\" data-sheets-userformat=\"{&quot;2&quot;:513,&quot;3&quot;:{&quot;1&quot;:0},&quot;12&quot;:0}\">Apresenta\u00e7\u00e3o do <em>ClassPoint<\/em>;<\/span><\/li>\n<li><span data-sheets-value=\"{&quot;1&quot;:2,&quot;2&quot;:&quot;H5P \u00e9 uma ferramenta colaborativa, gratuita, de c\u00f3digo aberto baseada em JavaScript. H5P \u00e9 uma abrevia\u00e7\u00e3o de HTML5 Package, e facilita a cria\u00e7\u00e3o, partilha e a reutiliza\u00e7\u00e3o de conte\u00fados HTML5 interativos.\\nO H5P \u00e9 um dos recursos que tem despertado muito interesse pelo elevado n\u00famero de atividades diferentes, com diversos n\u00edveis de intera\u00e7\u00e3o e adapt\u00e1vel a diferentes n\u00edveis de ensino, usando interfaces apelativos.\\nO H5P pode ser utilizado de forma isolada ou integrado em plataformas LMS, como o Moodle, estando mesmo integrado nas \u00faltimas vers\u00f5es desta plataforma.\\n\\nApresenta\u00e7\u00e3o do H5P; Cria\u00e7\u00e3o de algumas atividades interativas utilizando o H5P.\\nExplora\u00e7\u00e3o de recursos de aprendizagem e de avalia\u00e7\u00e3o formativa \\nN\u00edveis de integra\u00e7\u00e3o com plataformas LMS&quot;}\" data-sheets-userformat=\"{&quot;2&quot;:513,&quot;3&quot;:{&quot;1&quot;:0},&quot;12&quot;:0}\">Demonstra\u00e7\u00e3o das principais funcionalidades do <em>ClassPoint<\/em>;<\/span><\/li>\n<li>Instala\u00e7\u00e3o e cria\u00e7\u00e3o de conta de utilizador;<\/li>\n<li>Cria\u00e7\u00e3o por parte dos inscritos de uma breve apresenta\u00e7\u00e3o, utilizando funcionalidades do ClassPoint;<\/li>\n<li>Partilha de apresenta\u00e7\u00f5es criadas pelos professores inscritos.<\/li>\n<\/ul>\n<p><strong>N\u00famero m\u00e1ximo de participantes:<\/strong>\u00a040<\/p>\n<p><strong>Requisitos necess\u00e1rios para a participa\u00e7\u00e3o:<\/strong><\/p>\n<ul>\n<li>Computador com Windows 7\/8\/10;<\/li>\n<li>Office 2013\/2016\/2019\/365;<\/li>\n<li>Acesso \u00e0 Internet<\/li>\n<\/ul>\n<p>&nbsp;<\/p>\n<p>* Filipe Galego \u00e9 licenciado em Matem\u00e1tica \u2013 Ramo Educacional, pela Faculdade de Ci\u00eancias e Tecnologia da Universidade de Coimbra. Professor do Grupo 500, no Agrupamento de Escolas Martinho \u00c1rias. Exerceu ao longo dos anos, v\u00e1rios cargos de coordena\u00e7\u00e3o nas escolas, tendo tamb\u00e9m lecionado TIC. Formador de professores. Formador Certificado <em>ClassPoint<\/em> e Embaixador <em>ClassPoint<\/em> em Portugal. Autor de auxiliares e manuais de Matem\u00e1tica, pela Areal Editores. Entusiasta de tecnologia.<\/p>\n<p>** Em acumula\u00e7\u00e3o com o certificado solicitado: de participa\u00e7\u00e3o em ACD (professores na carreira docente) ou de participa\u00e7\u00e3o (outros participantes)<\/p>\n","protected":false},"excerpt":{"rendered":"<p>Filipe Galego* prof.filipegalego@gmail.com ccTIC Softci\u00eancias \u2013 Coimbra &nbsp; O PowerPoint ainda \u00e9 a ferramenta de elei\u00e7\u00e3o de muitos professores para apresenta\u00e7\u00e3o de conte\u00fados. O ClassPoint&hellip;<\/p>\n","protected":false},"author":9,"featured_media":0,"parent":17,"menu_order":0,"comment_status":"closed","ping_status":"closed","template":"","meta":[],"_links":{"self":[{"href":"https:\/\/wordpress.educom.pt\/TIC-Portugal-21\/wp-json\/wp\/v2\/pages\/11393"}],"collection":[{"href":"https:\/\/wordpress.educom.pt\/TIC-Portugal-21\/wp-json\/wp\/v2\/pages"}],"about":[{"href":"https:\/\/wordpress.educom.pt\/TIC-Portugal-21\/wp-json\/wp\/v2\/types\/page"}],"author":[{"embeddable":true,"href":"https:\/\/wordpress.educom.pt\/TIC-Portugal-21\/wp-json\/wp\/v2\/users\/9"}],"replies":[{"embeddable":true,"href":"https:\/\/wordpress.educom.pt\/TIC-Portugal-21\/wp-json\/wp\/v2\/comments?post=11393"}],"version-history":[{"count":2,"href":"https:\/\/wordpress.educom.pt\/TIC-Portugal-21\/wp-json\/wp\/v2\/pages\/11393\/revisions"}],"predecessor-version":[{"id":11619,"href":"https:\/\/wordpress.educom.pt\/TIC-Portugal-21\/wp-json\/wp\/v2\/pages\/11393\/revisions\/11619"}],"up":[{"embeddable":true,"href":"https:\/\/wordpress.educom.pt\/TIC-Portugal-21\/wp-json\/wp\/v2\/pages\/17"}],"wp:attachment":[{"href":"https:\/\/wordpress.educom.pt\/TIC-Portugal-21\/wp-json\/wp\/v2\/media?parent=11393"}],"curies":[{"name":"wp","href":"https:\/\/api.w.org\/{rel}","templated":true}]}}