{"id":11439,"date":"2021-06-27T21:18:11","date_gmt":"2021-06-27T20:18:11","guid":{"rendered":"https:\/\/wordpress.educom.pt\/TIC-Portugal-21\/?page_id=11439"},"modified":"2021-06-29T10:12:11","modified_gmt":"2021-06-29T09:12:11","slug":"fomentar-o-trabalho-autonomo-atraves-da-ferramenta-google-sites","status":"publish","type":"page","link":"https:\/\/wordpress.educom.pt\/TIC-Portugal-21\/programa\/fomentar-o-trabalho-autonomo-atraves-da-ferramenta-google-sites\/","title":{"rendered":"Fomentar o trabalho aut\u00f3nomo atrav\u00e9s da ferramenta Google Sites"},"content":{"rendered":"<p style=\"text-align: center;\">Rita Zurrapa<\/p>\n<p style=\"text-align: center;\">zurrapinha@gmail.com<\/p>\n<p style=\"text-align: center;\">ccTIC Univ. Aveiro<\/p>\n<p>&nbsp;<\/p>\n<p>Apresenta\u00e7\u00e3o de dois exemplos de pr\u00e1tica usados na disciplina de Ingl\u00eas, do 3\u00ba ciclo. Apesar de os exemplos serem exemplificativos de uma proposta no ensino das l\u00ednguas estrangeiras, a actividade pr\u00e1tica pode ser usada por qualquer disciplina. No in\u00edcio da sess\u00e3o ser\u00e3o apresentados exemplos de algumas das funcionalidades da ferramenta Google Sites, seguindo-se uma actividade pr\u00e1tica. Actividade pr\u00e1tica: constru\u00e7\u00e3o orientada de um site simples usando a ferramenta Google Sites.<\/p>\n<p>&nbsp;<\/p>\n<p><strong>N\u00famero m\u00e1ximo de participantes:<\/strong>\u00a040<\/p>\n<p><strong>Requisitos necess\u00e1rios para a participa\u00e7\u00e3o:<\/strong><\/p>\n<ul>\n<li>Computador;<\/li>\n<li>acesso \u00e0 Internet;<\/li>\n<li>Acesso ao Google Chrome;<\/li>\n<li>Conta Gmail;<\/li>\n<li>Conhecimentos b\u00e1sicos da utiliza\u00e7\u00e3o da Google Drive.<\/li>\n<\/ul>\n","protected":false},"excerpt":{"rendered":"<p>Rita Zurrapa zurrapinha@gmail.com ccTIC Univ. Aveiro &nbsp; Apresenta\u00e7\u00e3o de dois exemplos de pr\u00e1tica usados na disciplina de Ingl\u00eas, do 3\u00ba ciclo. Apesar de os exemplos&hellip;<\/p>\n","protected":false},"author":9,"featured_media":0,"parent":17,"menu_order":0,"comment_status":"closed","ping_status":"closed","template":"","meta":[],"_links":{"self":[{"href":"https:\/\/wordpress.educom.pt\/TIC-Portugal-21\/wp-json\/wp\/v2\/pages\/11439"}],"collection":[{"href":"https:\/\/wordpress.educom.pt\/TIC-Portugal-21\/wp-json\/wp\/v2\/pages"}],"about":[{"href":"https:\/\/wordpress.educom.pt\/TIC-Portugal-21\/wp-json\/wp\/v2\/types\/page"}],"author":[{"embeddable":true,"href":"https:\/\/wordpress.educom.pt\/TIC-Portugal-21\/wp-json\/wp\/v2\/users\/9"}],"replies":[{"embeddable":true,"href":"https:\/\/wordpress.educom.pt\/TIC-Portugal-21\/wp-json\/wp\/v2\/comments?post=11439"}],"version-history":[{"count":2,"href":"https:\/\/wordpress.educom.pt\/TIC-Portugal-21\/wp-json\/wp\/v2\/pages\/11439\/revisions"}],"predecessor-version":[{"id":11444,"href":"https:\/\/wordpress.educom.pt\/TIC-Portugal-21\/wp-json\/wp\/v2\/pages\/11439\/revisions\/11444"}],"up":[{"embeddable":true,"href":"https:\/\/wordpress.educom.pt\/TIC-Portugal-21\/wp-json\/wp\/v2\/pages\/17"}],"wp:attachment":[{"href":"https:\/\/wordpress.educom.pt\/TIC-Portugal-21\/wp-json\/wp\/v2\/media?parent=11439"}],"curies":[{"name":"wp","href":"https:\/\/api.w.org\/{rel}","templated":true}]}}