{"id":11677,"date":"2021-07-12T08:51:04","date_gmt":"2021-07-12T07:51:04","guid":{"rendered":"https:\/\/wordpress.educom.pt\/TIC-Portugal-21\/?page_id=11677"},"modified":"2021-09-08T14:19:04","modified_gmt":"2021-09-08T13:19:04","slug":"aprender-presencialmente-ou-a-distancia-com-a-app-milage-aprender-na-matematica-e-cidadania-digital","status":"publish","type":"page","link":"https:\/\/wordpress.educom.pt\/TIC-Portugal-21\/programa\/aprender-presencialmente-ou-a-distancia-com-a-app-milage-aprender-na-matematica-e-cidadania-digital\/","title":{"rendered":"Aprender presencialmente ou \u00e0 dist\u00e2ncia com a app MILAGE APRENDER+ na Matem\u00e1tica e Cidadania Digital"},"content":{"rendered":"<p style=\"text-align: center;\">S\u00f3nia Almeida, Cl\u00e1udia Sousa, Ana Paula Alves e Mauro Figueiredo<\/p>\n<p style=\"text-align: center;\">slaraalmeida@gmail.com; claudiamsssousa13@gmail.com ; ana.paula.alves@dge.mec.pt; mfiguei@ualg.pt<\/p>\n<p style=\"text-align: center;\">ccTIC Univ. Minho \u2013 Braga<\/p>\n<p>&nbsp;<\/p>\n<p><span data-sheets-value=\"{&quot;1&quot;:2,&quot;2&quot;:&quot;A app MILAGE APRENDER+ desenvolvida pela Universidade do Algarve est\u00e1 dispon\u00edvel gratuitamente para dispositivos m\u00f3veis (Android e iOS), computadores Windows e Mac.\\nEsta aplica\u00e7\u00e3o disponibiliza um conjunto de materiais para o ensino das disciplinas curriculares, organizados por anos de escolaridade, que podem ser utilizados em aulas presenciais ou \u00e0 dist\u00e2ncia, com total autonomia do aluno. O projeto MILAGE APRENDER+, apoiado pela Dire\u00e7\u00e3o Geral de Educa\u00e7\u00e3o (DGE), Associa\u00e7\u00e3o de Professores de Matem\u00e1tica, Associa\u00e7\u00e3o de Professores de Portugu\u00eas, Associa\u00e7\u00e3o Portuguesa de Imprensa e Centro de Sensibiliza\u00e7\u00e3o SeguraNet, pretende:\\n1.\\tajudar todos os alunos a aprenderem, aproveitando as potencialidades dos smartphones, tablets, computadores, num modelo de ensino presencial e a dist\u00e2ncia, conjugado com um modelo pedag\u00f3gico desenvolvido para motivar os alunos e promover uma aprendizagem ativa, centrada no aluno, com maior autonomia e diferentes estilos de aprendizagem em ambiente gamificado e com v\u00eddeos educacionais.\\n2.\\tdesenvolver uma comunidade de partilha de professores e alunos autores, potenciando o desenvolvimento de recursos personalizados, de compet\u00eancias digitais e transversais que se traduzem em novas pr\u00e1ticas pedag\u00f3gicas.\\n Nesta sess\u00e3o pr\u00e1tica, iremos explorar as principais funcionalidades da app mostrando exemplos de recursos da disciplina de MATEM\u00c1TICA e da \u00e1rea de CIDADANIA DIGITAL, refletindo sobre as possibilidades da sua utiliza\u00e7\u00e3o nos contextos educativos.&quot;}\" data-sheets-userformat=\"{&quot;2&quot;:513,&quot;3&quot;:{&quot;1&quot;:0},&quot;12&quot;:0}\">A app MILAGE APRENDER+ desenvolvida pela Universidade do Algarve est\u00e1 dispon\u00edvel gratuitamente para dispositivos m\u00f3veis (Android e iOS), computadores Windows e Mac. <\/span><\/p>\n<p><span data-sheets-value=\"{&quot;1&quot;:2,&quot;2&quot;:&quot;A app MILAGE APRENDER+ desenvolvida pela Universidade do Algarve est\u00e1 dispon\u00edvel gratuitamente para dispositivos m\u00f3veis (Android e iOS), computadores Windows e Mac.\\nEsta aplica\u00e7\u00e3o disponibiliza um conjunto de materiais para o ensino das disciplinas curriculares, organizados por anos de escolaridade, que podem ser utilizados em aulas presenciais ou \u00e0 dist\u00e2ncia, com total autonomia do aluno. O projeto MILAGE APRENDER+, apoiado pela Dire\u00e7\u00e3o Geral de Educa\u00e7\u00e3o (DGE), Associa\u00e7\u00e3o de Professores de Matem\u00e1tica, Associa\u00e7\u00e3o de Professores de Portugu\u00eas, Associa\u00e7\u00e3o Portuguesa de Imprensa e Centro de Sensibiliza\u00e7\u00e3o SeguraNet, pretende:\\n1.\\tajudar todos os alunos a aprenderem, aproveitando as potencialidades dos smartphones, tablets, computadores, num modelo de ensino presencial e a dist\u00e2ncia, conjugado com um modelo pedag\u00f3gico desenvolvido para motivar os alunos e promover uma aprendizagem ativa, centrada no aluno, com maior autonomia e diferentes estilos de aprendizagem em ambiente gamificado e com v\u00eddeos educacionais.\\n2.\\tdesenvolver uma comunidade de partilha de professores e alunos autores, potenciando o desenvolvimento de recursos personalizados, de compet\u00eancias digitais e transversais que se traduzem em novas pr\u00e1ticas pedag\u00f3gicas.\\n Nesta sess\u00e3o pr\u00e1tica, iremos explorar as principais funcionalidades da app mostrando exemplos de recursos da disciplina de MATEM\u00c1TICA e da \u00e1rea de CIDADANIA DIGITAL, refletindo sobre as possibilidades da sua utiliza\u00e7\u00e3o nos contextos educativos.&quot;}\" data-sheets-userformat=\"{&quot;2&quot;:513,&quot;3&quot;:{&quot;1&quot;:0},&quot;12&quot;:0}\">Esta aplica\u00e7\u00e3o disponibiliza um conjunto de materiais para o ensino das disciplinas curriculares, organizados por anos de escolaridade, que podem ser utilizados em aulas presenciais ou \u00e0 dist\u00e2ncia, com total autonomia do aluno. O projeto MILAGE APRENDER+, apoiado pela Dire\u00e7\u00e3o Geral de Educa\u00e7\u00e3o (DGE), Associa\u00e7\u00e3o de Professores de Matem\u00e1tica, Associa\u00e7\u00e3o de Professores de Portugu\u00eas, Associa\u00e7\u00e3o Portuguesa de Imprensa e Centro de Sensibiliza\u00e7\u00e3o SeguraNet, pretende:<\/span><\/p>\n<ol>\n<li><span data-sheets-value=\"{&quot;1&quot;:2,&quot;2&quot;:&quot;A app MILAGE APRENDER+ desenvolvida pela Universidade do Algarve est\u00e1 dispon\u00edvel gratuitamente para dispositivos m\u00f3veis (Android e iOS), computadores Windows e Mac.\\nEsta aplica\u00e7\u00e3o disponibiliza um conjunto de materiais para o ensino das disciplinas curriculares, organizados por anos de escolaridade, que podem ser utilizados em aulas presenciais ou \u00e0 dist\u00e2ncia, com total autonomia do aluno. O projeto MILAGE APRENDER+, apoiado pela Dire\u00e7\u00e3o Geral de Educa\u00e7\u00e3o (DGE), Associa\u00e7\u00e3o de Professores de Matem\u00e1tica, Associa\u00e7\u00e3o de Professores de Portugu\u00eas, Associa\u00e7\u00e3o Portuguesa de Imprensa e Centro de Sensibiliza\u00e7\u00e3o SeguraNet, pretende:\\n1.\\tajudar todos os alunos a aprenderem, aproveitando as potencialidades dos smartphones, tablets, computadores, num modelo de ensino presencial e a dist\u00e2ncia, conjugado com um modelo pedag\u00f3gico desenvolvido para motivar os alunos e promover uma aprendizagem ativa, centrada no aluno, com maior autonomia e diferentes estilos de aprendizagem em ambiente gamificado e com v\u00eddeos educacionais.\\n2.\\tdesenvolver uma comunidade de partilha de professores e alunos autores, potenciando o desenvolvimento de recursos personalizados, de compet\u00eancias digitais e transversais que se traduzem em novas pr\u00e1ticas pedag\u00f3gicas.\\n Nesta sess\u00e3o pr\u00e1tica, iremos explorar as principais funcionalidades da app mostrando exemplos de recursos da disciplina de MATEM\u00c1TICA e da \u00e1rea de CIDADANIA DIGITAL, refletindo sobre as possibilidades da sua utiliza\u00e7\u00e3o nos contextos educativos.&quot;}\" data-sheets-userformat=\"{&quot;2&quot;:513,&quot;3&quot;:{&quot;1&quot;:0},&quot;12&quot;:0}\">ajudar todos os alunos a aprenderem, aproveitando as potencialidades dos smartphones, tablets, computadores, num modelo de ensino presencial e a dist\u00e2ncia, conjugado com um modelo pedag\u00f3gico desenvolvido para motivar os alunos e promover uma aprendizagem ativa, centrada no aluno, com maior autonomia e diferentes estilos de aprendizagem em ambiente gamificado e com v\u00eddeos educacionais; <\/span><\/li>\n<li><span data-sheets-value=\"{&quot;1&quot;:2,&quot;2&quot;:&quot;A app MILAGE APRENDER+ desenvolvida pela Universidade do Algarve est\u00e1 dispon\u00edvel gratuitamente para dispositivos m\u00f3veis (Android e iOS), computadores Windows e Mac.\\nEsta aplica\u00e7\u00e3o disponibiliza um conjunto de materiais para o ensino das disciplinas curriculares, organizados por anos de escolaridade, que podem ser utilizados em aulas presenciais ou \u00e0 dist\u00e2ncia, com total autonomia do aluno. O projeto MILAGE APRENDER+, apoiado pela Dire\u00e7\u00e3o Geral de Educa\u00e7\u00e3o (DGE), Associa\u00e7\u00e3o de Professores de Matem\u00e1tica, Associa\u00e7\u00e3o de Professores de Portugu\u00eas, Associa\u00e7\u00e3o Portuguesa de Imprensa e Centro de Sensibiliza\u00e7\u00e3o SeguraNet, pretende:\\n1.\\tajudar todos os alunos a aprenderem, aproveitando as potencialidades dos smartphones, tablets, computadores, num modelo de ensino presencial e a dist\u00e2ncia, conjugado com um modelo pedag\u00f3gico desenvolvido para motivar os alunos e promover uma aprendizagem ativa, centrada no aluno, com maior autonomia e diferentes estilos de aprendizagem em ambiente gamificado e com v\u00eddeos educacionais.\\n2.\\tdesenvolver uma comunidade de partilha de professores e alunos autores, potenciando o desenvolvimento de recursos personalizados, de compet\u00eancias digitais e transversais que se traduzem em novas pr\u00e1ticas pedag\u00f3gicas.\\n Nesta sess\u00e3o pr\u00e1tica, iremos explorar as principais funcionalidades da app mostrando exemplos de recursos da disciplina de MATEM\u00c1TICA e da \u00e1rea de CIDADANIA DIGITAL, refletindo sobre as possibilidades da sua utiliza\u00e7\u00e3o nos contextos educativos.&quot;}\" data-sheets-userformat=\"{&quot;2&quot;:513,&quot;3&quot;:{&quot;1&quot;:0},&quot;12&quot;:0}\">desenvolver uma comunidade de partilha de professores e alunos autores, potenciando o desenvolvimento de recursos personalizados, de compet\u00eancias digitais e transversais que se traduzem em novas pr\u00e1ticas pedag\u00f3gicas.<br \/>\nNesta sess\u00e3o pr\u00e1tica, iremos explorar as principais funcionalidades da app mostrando exemplos de recursos da disciplina de MATEM\u00c1TICA e da \u00e1rea de CIDADANIA DIGITAL, refletindo sobre as possibilidades da sua utiliza\u00e7\u00e3o nos contextos educativos.<\/span><\/li>\n<\/ol>\n<p>&nbsp;<\/p>\n<p><span data-sheets-value=\"{&quot;1&quot;:2,&quot;2&quot;:&quot;Destinat\u00e1rios: \\nProfessores de todos os n\u00edveis de ensino. \\n \\nProjeto MILAGE APRENDER+\\nhttps:\/\/www.milage.io\/\\nhttps:\/\/www.facebook.com\/milagelearnplus\/\\n Projeto SeguraNet: Recursos de Cidadania Digital na plataforma MILAGE APRENDER+&quot;}\" data-sheets-userformat=\"{&quot;2&quot;:513,&quot;3&quot;:{&quot;1&quot;:0},&quot;12&quot;:0}\"><br \/>\nProjeto MILAGE APRENDER+<br \/>\n<a href=\"https:\/\/www.milage.io\/\" target=\"_blank\" rel=\"noopener\">https:\/\/www.milage.io\/<\/a><br \/>\n<a href=\"https:\/\/www.facebook.com\/milagelearnplus\/\" target=\"_blank\" rel=\"noopener\">https:\/\/www.facebook.com\/milagelearnplus\/<\/a><br \/>\nProjeto SeguraNet: Recursos de Cidadania Digital na plataforma MILAGE APRENDER+<\/span><\/p>\n<p>&nbsp;<\/p>\n<p><span data-sheets-value=\"{&quot;1&quot;:2,&quot;2&quot;:&quot;A iniciativa Laborat\u00f3rios de Aprendizagem (LA) \u00e9 desenvolvida pela Dire\u00e7\u00e3o-Geral da Educa\u00e7\u00e3o, no \u00e2mbito do projeto Future Classroom Lab (FCL) da European Schoolnet (EUN), e consiste na dissemina\u00e7\u00e3o de metodologias para a integra\u00e7\u00e3o curricular das TIC que foram validadas em pilotos de \u00e2mbito europeu.\\nNesta sess\u00e3o, ap\u00f3s uma breve apresenta\u00e7\u00e3o da iniciativa \\&quot;Laborat\u00f3rios de Aprendizagem\u201d os participantes poder\u00e3o experimentar atividades de aprendizagem que promovem o envolvimento ativo por parte dos alunos, utilizando a plataforma TEDEd Lesson, para a cria\u00e7\u00e3o e partilha de uma aula interativa a partir de um v\u00eddeo TED e\/ou Youtube. No final, ter\u00e3o a oportunidade de refletir sobre a import\u00e2ncia da implementa\u00e7\u00e3o desta pr\u00e1tica pedag\u00f3gica no seu contexto educativo. \\n\\nIniciativa Laborat\u00f3rios de Aprendizagem: https:\/\/www.erte.dge.mec.pt\/laboratorios-de-aprendizagem\\n\\nPlataforma TEDEd Lesson: https:\/\/ed.ted.com\/lessons\\n\\nDestinat\u00e1rios: Professores de todos os n\u00edveis de ensino\\nFormadoras: Ana Paula Alves e L\u00facia Pinheiro\\n&quot;}\" data-sheets-userformat=\"{&quot;2&quot;:513,&quot;3&quot;:{&quot;1&quot;:0},&quot;12&quot;:0}\"><strong>Destinat\u00e1rios:<\/strong>\u00a0Professores de todos os n\u00edveis de ensino<br \/>\n<\/span><\/p>\n<p><strong>N\u00famero m\u00e1ximo de participantes:<\/strong> 20<\/p>\n<p><strong>Requisitos necess\u00e1rios para a participa\u00e7\u00e3o:<\/strong><\/p>\n<ul>\n<li>Computador;<\/li>\n<li>acesso \u00e0 Internet;<\/li>\n<li>Os participantes devem instalar previamente a aplica\u00e7\u00e3o Milage Aprender + nos seus smartphones\/tablets, descarregando a aplica\u00e7\u00e3o atrav\u00e9s da loja Google Play ou App Store.<\/li>\n<\/ul>\n","protected":false},"excerpt":{"rendered":"<p>S\u00f3nia Almeida, Cl\u00e1udia Sousa, Ana Paula Alves e Mauro Figueiredo slaraalmeida@gmail.com; claudiamsssousa13@gmail.com ; ana.paula.alves@dge.mec.pt; mfiguei@ualg.pt ccTIC Univ. Minho \u2013 Braga &nbsp; A app MILAGE APRENDER+&hellip;<\/p>\n","protected":false},"author":9,"featured_media":0,"parent":17,"menu_order":0,"comment_status":"closed","ping_status":"closed","template":"","meta":[],"_links":{"self":[{"href":"https:\/\/wordpress.educom.pt\/TIC-Portugal-21\/wp-json\/wp\/v2\/pages\/11677"}],"collection":[{"href":"https:\/\/wordpress.educom.pt\/TIC-Portugal-21\/wp-json\/wp\/v2\/pages"}],"about":[{"href":"https:\/\/wordpress.educom.pt\/TIC-Portugal-21\/wp-json\/wp\/v2\/types\/page"}],"author":[{"embeddable":true,"href":"https:\/\/wordpress.educom.pt\/TIC-Portugal-21\/wp-json\/wp\/v2\/users\/9"}],"replies":[{"embeddable":true,"href":"https:\/\/wordpress.educom.pt\/TIC-Portugal-21\/wp-json\/wp\/v2\/comments?post=11677"}],"version-history":[{"count":4,"href":"https:\/\/wordpress.educom.pt\/TIC-Portugal-21\/wp-json\/wp\/v2\/pages\/11677\/revisions"}],"predecessor-version":[{"id":11731,"href":"https:\/\/wordpress.educom.pt\/TIC-Portugal-21\/wp-json\/wp\/v2\/pages\/11677\/revisions\/11731"}],"up":[{"embeddable":true,"href":"https:\/\/wordpress.educom.pt\/TIC-Portugal-21\/wp-json\/wp\/v2\/pages\/17"}],"wp:attachment":[{"href":"https:\/\/wordpress.educom.pt\/TIC-Portugal-21\/wp-json\/wp\/v2\/media?parent=11677"}],"curies":[{"name":"wp","href":"https:\/\/api.w.org\/{rel}","templated":true}]}}