{"id":11710,"date":"2021-07-15T09:16:22","date_gmt":"2021-07-15T08:16:22","guid":{"rendered":"https:\/\/wordpress.educom.pt\/TIC-Portugal-21\/?page_id=11710"},"modified":"2021-07-15T09:16:22","modified_gmt":"2021-07-15T08:16:22","slug":"manuais-digitais-no-ae-de-moimenta-da-beira-impacto-pedagogico-da-participacao-no-projeto-piloto","status":"publish","type":"page","link":"https:\/\/wordpress.educom.pt\/TIC-Portugal-21\/programa\/manuais-digitais-no-ae-de-moimenta-da-beira-impacto-pedagogico-da-participacao-no-projeto-piloto\/","title":{"rendered":"Manuais Digitais no AE de Moimenta da Beira \u2013 Impacto pedag\u00f3gico da participa\u00e7\u00e3o no Projeto-Piloto"},"content":{"rendered":"<p style=\"text-align: center;\">Augusto Pereira; Maria Pinheiro<br \/>\naugusto.pereira@escolasmoimenta.pt; m.conceicao.pinheiro@escolasmoimenta.pt<br \/>\nAE Moimenta da Beira<\/p>\n<p>O Agrupamento de Escolas de Moimenta da Beira, conjuntamente com 8 escolas do pa\u00eds, integrou, no ano letivo 2020\/2021, o Projeto-Piloto dos Manuais Digitais.<br \/>\nCom esta apresenta\u00e7\u00e3o pretendemos mostrar o impacto do projeto no agrupamento, designadamente, enquanto contributo para a maturidade digital do Agrupamento e como catalisador de mudan\u00e7as pedag\u00f3gicas que privilegiem a participa\u00e7\u00e3o ativa do aluno na sua aprendizagem e criem ambientes de aprendizagem centrados no aluno.<\/p>\n<p>Dividimos a apresenta\u00e7\u00e3o em 3 partes:<\/p>\n<ol>\n<li>A implementa\u00e7\u00e3o do projeto no nosso agrupamento;<\/li>\n<li>Reflex\u00e3o sobre a implementa\u00e7\u00e3o do mesmo;<\/li>\n<li>O Futuro do projeto na escola.<\/li>\n<\/ol>\n<p>&nbsp;<\/p>\n<p>Augusto Emanuel Proen\u00e7a Pereira &#8211; Subdiretor do AE de Moimenta da Beira;<\/p>\n<p>Maria da Concei\u00e7\u00e3o Mendes Pinheiro &#8211; Coordenadora do Projeto-Piloto Manuais Digitais do AE de Moimenta da Beira<\/p>\n","protected":false},"excerpt":{"rendered":"<p>Augusto Pereira; Maria Pinheiro augusto.pereira@escolasmoimenta.pt; m.conceicao.pinheiro@escolasmoimenta.pt AE Moimenta da Beira O Agrupamento de Escolas de Moimenta da Beira, conjuntamente com 8 escolas do pa\u00eds, integrou,&hellip;<\/p>\n","protected":false},"author":9,"featured_media":0,"parent":17,"menu_order":0,"comment_status":"closed","ping_status":"closed","template":"","meta":[],"_links":{"self":[{"href":"https:\/\/wordpress.educom.pt\/TIC-Portugal-21\/wp-json\/wp\/v2\/pages\/11710"}],"collection":[{"href":"https:\/\/wordpress.educom.pt\/TIC-Portugal-21\/wp-json\/wp\/v2\/pages"}],"about":[{"href":"https:\/\/wordpress.educom.pt\/TIC-Portugal-21\/wp-json\/wp\/v2\/types\/page"}],"author":[{"embeddable":true,"href":"https:\/\/wordpress.educom.pt\/TIC-Portugal-21\/wp-json\/wp\/v2\/users\/9"}],"replies":[{"embeddable":true,"href":"https:\/\/wordpress.educom.pt\/TIC-Portugal-21\/wp-json\/wp\/v2\/comments?post=11710"}],"version-history":[{"count":1,"href":"https:\/\/wordpress.educom.pt\/TIC-Portugal-21\/wp-json\/wp\/v2\/pages\/11710\/revisions"}],"predecessor-version":[{"id":11711,"href":"https:\/\/wordpress.educom.pt\/TIC-Portugal-21\/wp-json\/wp\/v2\/pages\/11710\/revisions\/11711"}],"up":[{"embeddable":true,"href":"https:\/\/wordpress.educom.pt\/TIC-Portugal-21\/wp-json\/wp\/v2\/pages\/17"}],"wp:attachment":[{"href":"https:\/\/wordpress.educom.pt\/TIC-Portugal-21\/wp-json\/wp\/v2\/media?parent=11710"}],"curies":[{"name":"wp","href":"https:\/\/api.w.org\/{rel}","templated":true}]}}