{"id":11979,"date":"2022-05-02T12:43:58","date_gmt":"2022-05-02T11:43:58","guid":{"rendered":"https:\/\/wordpress.educom.pt\/TIC-Portugal-22\/?page_id=11927"},"modified":"2022-06-14T15:17:58","modified_gmt":"2022-06-14T14:17:58","slug":"comunicacoes","status":"publish","type":"page","link":"https:\/\/wordpress.educom.pt\/TIC-Portugal-22\/comunicacoes\/","title":{"rendered":"Comunica\u00e7\u00f5es"},"content":{"rendered":"\n\n\n\r\n<p style=\"text-align: center;\"><strong>\u00a0<\/strong><\/p>\r\n\n\r\n<p style=\"text-align: center;\">Apresentar uma comunica\u00e7\u00e3o<\/p>\r\n\n\r\n<p style=\"text-align: center;\"><strong>\u00a0<\/strong><\/p>\r\n\n\n\n<p style=\"color: rgb(255, 255, 255);\">A realiza\u00e7\u00e3o do TIC@Portugal tem como objetivo juntar professores, educadores e investigadores para uma reflex\u00e3o sobre as pr\u00e1ticas do uso das TIC na Educa\u00e7\u00e3o. Pretende ouvir os educadores e professores que no terreno usam as TIC, atrav\u00e9s da apresenta\u00e7\u00e3o do seu trabalho, e convida especialistas a contribu\u00edrem com o que de mais recente se sabe neste dom\u00ednio. \u00c9 uma oportunidade para se divulgar e debater a utiliza\u00e7\u00e3o das TIC nos processos de ensino e de aprendizagem.<\/p>\n\n\n\n<p style=\"text-align: left; color: rgb(0, 0, 0);\"><span style=\"color: #000000;\"><span style=\"text-align: start;\">Professores, educadores e investigadores s\u00e3o convidados a partilhar o seu trabalho apresentando uma ou mais comunica\u00e7\u00f5es no Encontro. <br>Este ano mantemos os dois formatos de comunica\u00e7\u00e3o: <strong>Convencional<\/strong> e <strong>Flash<\/strong>.<br>No per\u00edodo da manh\u00e3 do dia do TIC@PT haver\u00e1 um momento dedicado \u00e0 apresenta\u00e7\u00e3o das comunica\u00e7\u00f5es, entre as 11h15 e as 12h45.<br><\/span><\/span><span style=\"font-size: 0.875rem; color: rgb(0, 0, 0);\">As apresenta\u00e7\u00f5es poder\u00e3o decorrer totalmente a dist\u00e2ncia (<strong><em>online<\/em><\/strong>) ou localmente nos diversos locais onde se realizar\u00e1 o TIC@Portugal&#8217;22: <strong>Monte de Caparica<\/strong>, <strong>Faro<\/strong> ou <strong>Tarouca<\/strong>.<\/span><span style=\"font-size: 0.875rem; text-align: center;\"><br><em><\/em>Cada comunicador escolher\u00e1 a modalidade de participa\u00e7\u00e3o de acordo com as op\u00e7\u00f5es dispon\u00edveis abaixo: localmente ou <em>online<\/em>.<\/span><\/p>\n\n\n<p style=\"text-align: center;\"><span style=\"color: #ffffff;\">Em 5 minutos de apresenta\u00e7\u00e3o, pressup\u00f5e a partilha de experi\u00eancias TIC em contexto educativo.&nbsp;<\/span><span style=\"color: rgb(255, 255, 255); font-size: 0.875rem;\">O resumo dever\u00e1 indicar o t\u00edtulo e um par\u00e1grafo, com um m\u00e1ximo de 350 caracteres, a descrever a partilha. Esta modalidade de comunica\u00e7\u00e3o n\u00e3o pressup\u00f5e discuss\u00e3o com os restantes participantes.<br>T<\/span><span style=\"color: rgb(255, 255, 255); font-size: 0.875rem;\">ema do Encontro:<\/span><span style=\"color: rgb(255, 255, 255); font-size: 0.875rem;\">&nbsp;<strong>EDUCA\u00c7\u00c3O, FORMA\u00c7\u00c3O E TECNOLOGIAS HOJE: DESAFIOS DA TRANSI\u00c7\u00c3O DIGITAL.<\/strong><\/span><span style=\"color: rgb(255, 255, 255); font-size: 0.875rem;\">&nbsp;<\/span><\/p>\n\n\n<p><span style=\"color: #ffffff;\">Em 15 minutos de apresenta\u00e7\u00e3o mais 5 de discuss\u00e3o, pressup\u00f5e a partilha de metodologias, atividades, ferramentas ou estrat\u00e9gias recorrendo \u00e0s TIC no \u00e2mbito da atividade docente. Sugere-se a partilha dos produtos resultantes das atividades desenvolvidas com os alunos, as mais-valias para o processo de ensino e aprendizagem e os constrangimentos, se os houver. O resumo, com um m\u00e1ximo de 1500 caracteres (incluindo espa\u00e7os), dever\u00e1 ser enviado atrav\u00e9s de formul\u00e1rio.<\/span><\/p>\n<p><\/p>\n\n\n\n\n\n\n\n\n\n\n\n\n\n\n\n\n<p style=\"margin-right: auto; margin-bottom: 1.41575em; margin-left: auto; color: rgb(104, 104, 104); font-family: -apple-system, BlinkMacSystemFont, &quot;Segoe UI&quot;, Roboto, &quot;Helvetica Neue&quot;, Arial, sans-serif; font-size: medium; text-align: start;\">Modelo de apresenta\u00e7\u00e3o sugerido:&nbsp;<span style=\"font-weight: bolder;\"><u><span style=\"color: rgb(30, 75, 117); transition-duration: 0.14s; transition-timing-function: ease-out; transition-property: all;\"><a href=\"https:\/\/wordpress.educom.pt\/TIC-Portugal-22\/wp-content\/uploads\/2022\/05\/modelo-de-diapositivos_TIC@PT22.pptx\">apresenta\u00e7\u00e3o Microsoft PowerPoint<\/a><\/span><\/u><\/span><\/p><p style=\"margin-right: auto; margin-bottom: 1.41575em; margin-left: auto; color: rgb(104, 104, 104); font-family: -apple-system, BlinkMacSystemFont, &quot;Segoe UI&quot;, Roboto, &quot;Helvetica Neue&quot;, Arial, sans-serif; font-size: medium; text-align: start;\">As submiss\u00f5es ser\u00e3o apreciadas pela organiza\u00e7\u00e3o quanto \u00e0 pertin\u00eancia da partilha e a conformidade com o modelo solicitado, n\u00e3o se realizando avalia\u00e7\u00e3o cient\u00edfica das mesmas.<\/p><p style=\"margin-right: auto; margin-bottom: 1.41575em; margin-left: auto; color: rgb(104, 104, 104); font-family: -apple-system, BlinkMacSystemFont, &quot;Segoe UI&quot;, Roboto, &quot;Helvetica Neue&quot;, Arial, sans-serif; font-size: medium; text-align: start;\">A data limite para submiss\u00e3o de&nbsp;<span style=\"font-weight: bolder;\">comunica\u00e7\u00f5es<\/span>&nbsp;\u00e9 a <span style=\"font-weight: bolder;\">30 de junho de 2022<\/span>.<\/p><p style=\"margin-right: auto; margin-bottom: 1.41575em; margin-left: auto; color: rgb(104, 104, 104); font-family: -apple-system, BlinkMacSystemFont, &quot;Segoe UI&quot;, Roboto, &quot;Helvetica Neue&quot;, Arial, sans-serif; font-size: medium; text-align: start;\">A comiss\u00e3o organizadora informar\u00e1, por email, sobre a aceita\u00e7\u00e3o da comunica\u00e7\u00e3o at\u00e9 ao dia 01 de Julho de 2022 e posteriormente informar\u00e1 sobre a respetiva distribui\u00e7\u00e3o pelos diversos locais (Monte de Caparica ou Faro) e salas de videoconfer\u00eancia.<strong><br><br><\/strong><strong style=\"padding: 0px; margin: 0px; overflow-wrap: break-word; color: rgb(0, 0, 0); font-family: &quot;Open Sans&quot;, Helvetica, Arial, sans-serif; font-size: 14px;\">Acredita\u00e7\u00e3o do Encontro<\/strong><br><span style=\"padding: 0px; margin: 0px; overflow-wrap: break-word; font-family: &quot;Open Sans&quot;, Helvetica, Arial, sans-serif; font-size: 14px; color: rgb(0, 0, 0);\">Todos os participantes receber\u00e3o um certificado de participa\u00e7\u00e3o.<br style=\"padding: 0px; margin: 0px; overflow-wrap: break-word;\"><\/span><span style=\"padding: 0px; margin: 0px; overflow-wrap: break-word; font-family: &quot;Open Sans&quot;, Helvetica, Arial, sans-serif; font-size: 0.875rem; color: rgb(0, 0, 0);\">A certifica\u00e7\u00e3o como A\u00e7\u00e3o de Curta Dura\u00e7\u00e3o (ACD), num total de 6h, ser\u00e1 emitida por solicita\u00e7\u00e3o do pr\u00f3prio&nbsp;<\/span><font color=\"#000000\" style=\"padding: 0px; margin: 0px; overflow-wrap: break-word; font-family: &quot;Open Sans&quot;, Helvetica, Arial, sans-serif; font-size: 14px;\">no formul\u00e1rio final de avalia\u00e7\u00e3o &#8211; que ser\u00e1 enviado no final do Encontro por email&nbsp;<\/font><span style=\"padding: 0px; margin: 0px; overflow-wrap: break-word; font-family: &quot;Open Sans&quot;, Helvetica, Arial, sans-serif; font-size: 0.875rem; color: rgb(0, 0, 0);\">e&nbsp;<\/span><span style=\"padding: 0px; margin: 0px; overflow-wrap: break-word; font-family: &quot;Open Sans&quot;, Helvetica, Arial, sans-serif; font-size: 0.875rem; color: rgb(0, 0, 0);\">&nbsp;implica participa\u00e7\u00e3o em todos os momentos do encontro: Abertura, Confer\u00eancia, Comunica\u00e7\u00f5es, Sess\u00f5es pr\u00e1ticas e Encerramento.<\/span><br><\/p>\n\n\n\n\n<h4 style=\"color: rgb(255, 255, 255);\">D\u00favidas e esclarecimentos por:<\/h4>\n\n\n<p><span style=\"color:#ffffff;\">Contacto&nbsp;Email:&nbsp;<\/span><font color=\"#ffffff\">: tic.portugal@educom.pt&nbsp;<\/font><span style=\"color: rgb(255, 255, 255); font-size: 0.875rem;\">Tlm:&nbsp;96 73 01 886 (David Costa)<\/span><\/p>\n\n\n","protected":false},"excerpt":{"rendered":"","protected":false},"author":9,"featured_media":0,"parent":0,"menu_order":0,"comment_status":"closed","ping_status":"closed","template":"","meta":[],"post_mailing_queue_ids":[],"_links":{"self":[{"href":"https:\/\/wordpress.educom.pt\/TIC-Portugal-22\/wp-json\/wp\/v2\/pages\/11979"}],"collection":[{"href":"https:\/\/wordpress.educom.pt\/TIC-Portugal-22\/wp-json\/wp\/v2\/pages"}],"about":[{"href":"https:\/\/wordpress.educom.pt\/TIC-Portugal-22\/wp-json\/wp\/v2\/types\/page"}],"author":[{"embeddable":true,"href":"https:\/\/wordpress.educom.pt\/TIC-Portugal-22\/wp-json\/wp\/v2\/users\/9"}],"replies":[{"embeddable":true,"href":"https:\/\/wordpress.educom.pt\/TIC-Portugal-22\/wp-json\/wp\/v2\/comments?post=11979"}],"version-history":[{"count":38,"href":"https:\/\/wordpress.educom.pt\/TIC-Portugal-22\/wp-json\/wp\/v2\/pages\/11979\/revisions"}],"predecessor-version":[{"id":12396,"href":"https:\/\/wordpress.educom.pt\/TIC-Portugal-22\/wp-json\/wp\/v2\/pages\/11979\/revisions\/12396"}],"wp:attachment":[{"href":"https:\/\/wordpress.educom.pt\/TIC-Portugal-22\/wp-json\/wp\/v2\/media?parent=11979"}],"curies":[{"name":"wp","href":"https:\/\/api.w.org\/{rel}","templated":true}]}}