{"id":12299,"date":"2022-06-02T16:03:31","date_gmt":"2022-06-02T15:03:31","guid":{"rendered":"https:\/\/wordpress.educom.pt\/TIC-Portugal-22\/?page_id=12064"},"modified":"2022-06-15T11:09:41","modified_gmt":"2022-06-15T10:09:41","slug":"sp10oline-cenarios-de-aprendizagem-com-a-app-milage-aprender","status":"publish","type":"page","link":"https:\/\/wordpress.educom.pt\/TIC-Portugal-22\/sp10oline-cenarios-de-aprendizagem-com-a-app-milage-aprender\/","title":{"rendered":"SP Online 8 &#8211; Cen\u00e1rios de aprendizagem com a app MILAGE APRENDER+"},"content":{"rendered":"\r\n\r\n\r\n\r\n\r\n\r\n\r\n<h2>SP Online 8 &#8211; <strong>Cen\u00e1rios de aprendizagem com a app MILAGE APRENDER+<\/strong><\/h2>\r\n<p>&nbsp;<\/p>\r\n\r\n\r\n\r\n<p><strong>Por Mauro Figueiredo, Lara Almeida, Luc\u00edlia Nogueira<\/strong><\/p>\r\n<p dir=\"ltr\" style=\"line-height: 1.2; margin-top: 0pt; margin-bottom: 0pt;\"><span id=\"docs-internal-guid-b7b31577-7fff-be90-fb7c-0d643d24be9e\"><span style=\"font-variant-numeric: normal; font-variant-east-asian: normal; vertical-align: baseline;\"><strong>Centro de Compet\u00eancia da Universidade do Minho<\/strong><\/span><\/span><\/p>\r\n\r\n\r\n\r\n<p dir=\"ltr\" style=\"line-height: 1.2; margin-top: 0pt; margin-bottom: 0pt;\">\u00a0<\/p>\r\n\r\n\r\n\r\n<p dir=\"ltr\" style=\"line-height: 1.38; margin-top: 12pt; margin-bottom: 12pt;\"><span style=\"font-size: 12pt; font-family: 'Times New Roman'; color: #222222; background-color: transparent; font-weight: 400; font-style: normal; font-variant: normal; text-decoration: none; vertical-align: baseline; white-space: pre-wrap;\">Neste workshop vamos utilizar a plataforma MILAGE APRENDER+, na vertente do aluno e do professor, explorando diferentes cen\u00e1rios de aprendizagem que podem ser usados com os alunos em sala de aula.<\/span><\/p>\r\n<p dir=\"ltr\" style=\"line-height: 1.38; margin-top: 12pt; margin-bottom: 12pt;\"><span style=\"font-size: 12pt; font-family: 'Times New Roman'; color: #222222; background-color: transparent; font-weight: 400; font-style: normal; font-variant: normal; text-decoration: none; vertical-align: baseline; white-space: pre-wrap;\">A app MILAGE APRENDER+ desenvolvida pela Universidade do Algarve est\u00e1 dispon\u00edvel gratuitamente para dispositivos m\u00f3veis (Android e iOS), computadores Windows e Mac.<\/span><\/p>\r\n<p dir=\"ltr\" style=\"line-height: 1.38; margin-top: 12pt; margin-bottom: 12pt;\"><span style=\"font-size: 12pt; font-family: 'Times New Roman'; color: #222222; background-color: transparent; font-weight: 400; font-style: normal; font-variant: normal; text-decoration: none; vertical-align: baseline; white-space: pre-wrap;\">Na plataforma MILAGE APRENDER+ est\u00e3o acess\u00edveis recursos do pr\u00e9-escolar ao 12.\u00ba ano de v\u00e1rias disciplinas que podem ser dinamizados pelos professores com os seus alunos promovendo aprendizagens ativas, a diferencia\u00e7\u00e3o pedag\u00f3gica, a autonomia e a motiva\u00e7\u00e3o dos alunos.<\/span><\/p>\r\n<p dir=\"ltr\" style=\"line-height: 1.2; margin-top: 0pt; margin-bottom: 0pt;\">\u00a0<\/p>\r\n<p dir=\"ltr\" style=\"line-height: 1.38; margin-top: 12pt; margin-bottom: 12pt;\"><span style=\"font-size: 12pt; font-family: 'Times New Roman'; color: #222222; background-color: transparent; font-weight: 400; font-style: normal; font-variant: normal; text-decoration: none; vertical-align: baseline; white-space: pre-wrap;\">O projeto MILAGE APRENDER+, apoiado pela Dire\u00e7\u00e3o Geral de Educa\u00e7\u00e3o (DGE), Associa\u00e7\u00e3o de Professores de Matem\u00e1tica, Associa\u00e7\u00e3o de Professores de Portugu\u00eas, Associa\u00e7\u00e3o Portuguesa de Imprensa, Centro de Sensibiliza\u00e7\u00e3o SeguraNet, Sociedade Portuguesa de Matem\u00e1tica, Associa\u00e7\u00e3o Portuguesa de Professores de Ingl\u00eas, Associa\u00e7\u00e3o Portuguesa de Professores de Espanhol L\u00edngua Estrangeira, Plano Nacional de Leitura 2027.<\/span><\/p>\r\n\r\n\r\n\r\n<p><span style=\"font-size: 0.875rem; color: #000000;\"><strong>Requisitos necess\u00e1rios:<\/strong>\u00a0<\/span><\/p>\r\n<p dir=\"ltr\" style=\"line-height: 1.2; margin-top: 0pt; margin-bottom: 0pt;\">\r\n\r\n<\/p>\r\n<p>\u00a0<span style=\"background-color: transparent; color: #222222; font-family: Roboto, sans-serif; font-size: 11pt; white-space: pre-wrap;\">Participantes devem instalar a app MILAGE APRENDER+ no smartphone, tablet ou computador.<\/span><\/p>\r\n<p><span style=\"font-size: 10.5pt; font-family: Roboto, sans-serif; color: #222222; background-color: transparent; font-variant-numeric: normal; font-variant-east-asian: normal; vertical-align: baseline; white-space: pre-wrap;\">\u00a0<\/span><\/p>\r\n<p dir=\"ltr\" style=\"line-height: 1.2; margin-top: 0pt; margin-bottom: 0pt;\">\u00a0<\/p>\r\n<p dir=\"ltr\" style=\"line-height: 1.2; margin-top: 0pt; margin-bottom: 0pt;\">\r\n\r\n<\/p>\r\n<p>&nbsp;<\/p>\r\n<p dir=\"ltr\" style=\"line-height: 1.2; margin-top: 0pt; margin-bottom: 0pt;\">\r\n\r\n<\/p>\r\n<p><strong>Sobre os dinamizadores: <\/strong><\/p>\r\n<p dir=\"ltr\" style=\"line-height: 1.2; margin-top: 0pt; margin-bottom: 0pt;\">\r\n\r\n\r\n\r\n\r\n\r\n\r\n\r\n\r\n\r\n<\/p>\r\n<p dir=\"ltr\" style=\"line-height: 1.38; margin-top: 0pt; margin-bottom: 0pt;\"><span id=\"docs-internal-guid-804204b4-7fff-3dc8-9cb0-b939f1a9117b\"><span style=\"font-size: 12pt; font-family: 'Times New Roman'; color: #222222; background-color: transparent; font-variant-numeric: normal; font-variant-east-asian: normal; vertical-align: baseline; white-space: pre-wrap;\">Mauro Figueiredo \u00e9 professor na Universidade do Algarve. Doutorado em Engenharia Inform\u00e1tica pela Universidade de Salford, Reino Unido. Os seus interesses de investiga\u00e7\u00e3o incidem na utiliza\u00e7\u00e3o das Tecnologias de Informa\u00e7\u00e3o e Comunica\u00e7\u00e3o para a Educa\u00e7\u00e3o, aprendizagem m\u00f3vel, realidade virtual e aumentada. Desenvolveu a plataforma MILAGE APRENDER+ para a aprendizagem m\u00f3vel.<\/span><\/span><\/p>\r\n<p dir=\"ltr\" style=\"line-height: 1.2; margin-top: 0pt; margin-bottom: 0pt;\">\u00a0<\/p>\r\n<p dir=\"ltr\" style=\"line-height: 1.2; margin-top: 0pt; margin-bottom: 0pt;\">\r\n\r\n\r\n\r\n\r\n\r\n\r\n\r\n\r\n\r\n<\/p>\r\n<p dir=\"ltr\" style=\"line-height: 1.38; margin-top: 0pt; margin-bottom: 0pt;\"><span style=\"font-size: 12pt; font-family: Calibri,sans-serif; color: #222222; background-color: transparent; font-weight: 400; font-style: normal; font-variant: normal; text-decoration: none; vertical-align: baseline; white-space: pre-wrap;\">Lara Almeida, licenciada e p\u00f3s graduada pela Universidade do Minho desde 2003, \u00e9 atualmente professora na escola Secund\u00e1ria de Vila Verde, Braga, onde coordena o Clube de Inova\u00e7\u00e3o, coordena o Laborat\u00f3rio de Aprendizagem, integra a equipa do Plano de A\u00e7\u00e3o para o Desenvolvimento Digital e coordena e implementa v\u00e1rios projetos nacionais e internacionais.<\/span><\/p>\r\n<p dir=\"ltr\" style=\"line-height: 1.3800027272727273; text-align: justify; background-color: #ffffff; margin-top: 0pt; margin-bottom: 0pt;\"><span style=\"font-size: 12pt; font-family: Calibri,sans-serif; color: #222222; background-color: transparent; font-weight: 400; font-style: normal; font-variant: normal; text-decoration: none; vertical-align: baseline; white-space: pre-wrap;\">Integra a equipa mentora do projeto Espa\u00e7os de Inova\u00e7\u00e3o em parceria com a Casa do Conhecimento de Vila Verde.\u00a0<\/span><\/p>\r\n<p dir=\"ltr\" style=\"line-height: 1.3800027272727273; text-align: justify; background-color: #ffffff; margin-top: 0pt; margin-bottom: 0pt;\"><span style=\"font-size: 12pt; font-family: Calibri,sans-serif; color: #222222; background-color: transparent; font-weight: 400; font-style: normal; font-variant: normal; text-decoration: none; vertical-align: baseline; white-space: pre-wrap;\">\u00c9 formadora de professores na \u00e1rea espec\u00edfica e de tecnologias educativas. Dinamizou v\u00e1rios cursos de forma\u00e7\u00e3o, a\u00e7\u00f5es de curta dura\u00e7\u00e3o e workshops na \u00e1rea tecnol\u00f3gica e cient\u00edfica.<\/span><\/p>\r\n<p dir=\"ltr\" style=\"line-height: 1.2; margin-top: 0pt; margin-bottom: 0pt;\">\u00a0<\/p>\r\n<p dir=\"ltr\" style=\"line-height: 1.3800027272727273; text-align: justify; background-color: #ffffff; margin-top: 0pt; margin-bottom: 0pt;\"><span style=\"font-size: 12pt; font-family: Calibri,sans-serif; color: #222222; background-color: transparent; font-weight: 400; font-style: normal; font-variant: normal; text-decoration: none; vertical-align: baseline; white-space: pre-wrap;\">\u00c9 embaixadora Milage Aprender + desde 2018 e em 2021 foi destacada pela Dire\u00e7\u00e3o Geral de Educa\u00e7\u00e3o ao Projeto MILAGE desenvolvido pela Universidade do Algarve no \u00e2mbito do programa Erasmus+, onde desenvolve v\u00e1rias atividades, nomeadamente curadoria, constru\u00e7\u00e3o de conte\u00fados pedag\u00f3gicos e de cen\u00e1rios de aprendizagem, forma\u00e7\u00e3o de professores e desenvolvimento de estudos estat\u00edsticos.<\/span><\/p>\r\n<p dir=\"ltr\" style=\"line-height: 1.2; margin-top: 0pt; margin-bottom: 0pt;\">\u00a0<\/p>\r\n<p dir=\"ltr\" style=\"line-height: 1.2; margin-top: 0pt; margin-bottom: 0pt;\">\r\n\r\n\r\n\r\n\r\n\r\n\r\n\r\n\r\n\r\n<\/p>\r\n<p dir=\"ltr\" style=\"line-height: 1.38; margin-top: 0pt; margin-bottom: 0pt;\"><span id=\"docs-internal-guid-17310a39-7fff-452b-cf4e-ff97aa0bf9c4\"><span style=\"font-size: 12pt; font-family: Arial; color: #222222; background-color: transparent; font-variant-numeric: normal; font-variant-east-asian: normal; vertical-align: baseline; white-space: pre-wrap;\">Luc\u00edlia Nogueira<\/span><span style=\"font-size: 12pt; font-family: Arial; color: #222222; background-color: transparent; font-variant-numeric: normal; font-variant-east-asian: normal; vertical-align: baseline; white-space: pre-wrap;\"> \u00e9 mestranda em Educa\u00e7\u00e3o e Inova\u00e7\u00e3o Pedag\u00f3gica, pela Escola Superior de Educa\u00e7\u00e3o e Ci\u00eancias Sociais, no Instituto Polit\u00e9cnico de Leiria e licenciada em Humanidades, pela Faculdade de Filosofia da Universidade Cat\u00f3lica Portuguesa, desde 1993\/1994. Exerce fun\u00e7\u00f5es enquanto docente de Portugu\u00eas desde 2006\/2007 no Agrupamento de Escolas Verde Horizonte em Ma\u00e7\u00e3o e em 2018 integra a equipa do Projeto Comunicar Saberes na qualidade de coordenadora. Em 2020 \u00e9 destacada pela Dire\u00e7\u00e3o Geral de Educa\u00e7\u00e3o ao Projeto MILAGE &#8220;<\/span><span style=\"font-size: 12pt; font-family: Arial; color: #222222; background-color: transparent; font-style: italic; font-variant-numeric: normal; font-variant-east-asian: normal; vertical-align: baseline; white-space: pre-wrap;\">Interactive Mathematics by implementing a Blended-Learning model with Augmented Reality and Game books<\/span><span style=\"font-size: 12pt; font-family: Arial; color: #222222; background-color: transparent; font-variant-numeric: normal; font-variant-east-asian: normal; vertical-align: baseline; white-space: pre-wrap;\">&#8221; desenvolvido pela Universidade do Algarve no \u00e2mbito do programa Erasmus+, onde desenvolve v\u00e1rias atividades, nomeadamente curadoria, constru\u00e7\u00e3o de conte\u00fados pedag\u00f3gicos e de cen\u00e1rios de aprendizagem, em colabora\u00e7\u00e3o com o Plano Nacional de Leitura (PNL2027), \u00a0 forma\u00e7\u00e3o de professores e acompanhamento no seu desenvolvimento profissional e de compet\u00eancias digitais, e gestora de grupos disciplinares no sentido de promover a inova\u00e7\u00e3o pedag\u00f3gica\u00a0 atrav\u00e9s do trabalho colaborativo entre professores de todo o pa\u00eds.<\/span><\/span><\/p>\r\n<p dir=\"ltr\" style=\"line-height: 1.2; margin-top: 0pt; margin-bottom: 0pt;\">\u00a0<\/p>\r\n<p dir=\"ltr\" style=\"line-height: 1.2; margin-top: 0pt; margin-bottom: 0pt;\">\r\n\r\n\r\n\r\n<\/p>","protected":false},"excerpt":{"rendered":"","protected":false},"author":17,"featured_media":0,"parent":0,"menu_order":0,"comment_status":"closed","ping_status":"closed","template":"","meta":[],"post_mailing_queue_ids":[],"_links":{"self":[{"href":"https:\/\/wordpress.educom.pt\/TIC-Portugal-22\/wp-json\/wp\/v2\/pages\/12299"}],"collection":[{"href":"https:\/\/wordpress.educom.pt\/TIC-Portugal-22\/wp-json\/wp\/v2\/pages"}],"about":[{"href":"https:\/\/wordpress.educom.pt\/TIC-Portugal-22\/wp-json\/wp\/v2\/types\/page"}],"author":[{"embeddable":true,"href":"https:\/\/wordpress.educom.pt\/TIC-Portugal-22\/wp-json\/wp\/v2\/users\/17"}],"replies":[{"embeddable":true,"href":"https:\/\/wordpress.educom.pt\/TIC-Portugal-22\/wp-json\/wp\/v2\/comments?post=12299"}],"version-history":[{"count":9,"href":"https:\/\/wordpress.educom.pt\/TIC-Portugal-22\/wp-json\/wp\/v2\/pages\/12299\/revisions"}],"predecessor-version":[{"id":12431,"href":"https:\/\/wordpress.educom.pt\/TIC-Portugal-22\/wp-json\/wp\/v2\/pages\/12299\/revisions\/12431"}],"wp:attachment":[{"href":"https:\/\/wordpress.educom.pt\/TIC-Portugal-22\/wp-json\/wp\/v2\/media?parent=12299"}],"curies":[{"name":"wp","href":"https:\/\/api.w.org\/{rel}","templated":true}]}}