{"id":12342,"date":"2022-06-04T12:26:13","date_gmt":"2022-06-04T11:26:13","guid":{"rendered":"https:\/\/wordpress.educom.pt\/TIC-Portugal-22\/?page_id=12324"},"modified":"2022-07-01T13:02:16","modified_gmt":"2022-07-01T12:02:16","slug":"comunicacoes-flash-online","status":"publish","type":"page","link":"https:\/\/wordpress.educom.pt\/TIC-Portugal-22\/comunicacoes-flash-online\/","title":{"rendered":"Comunica\u00e7\u00f5es Flash &#8211; online"},"content":{"rendered":"\n\n\n\r\n<h2>Comunica\u00e7\u00f5es Flash a decorrer online<\/h2>\r\n\n\r\n<p class=\"MsoNormal\"><span style=\"color: #000000;\">Em 5 minutos de apresenta\u00e7\u00e3o, cada comunicador dever\u00e1 efetuar a partilha de experi\u00eancias TIC em contexto educativo. <br \/>Esta modalidade de comunica\u00e7\u00e3o n\u00e3o pressup\u00f5e discuss\u00e3o com os restantes participantes. <br \/>Tema do Encontro: <strong>EDUCA\u00c7\u00c3O, FORMA\u00c7\u00c3O E TECNOLOGIAS HOJE: DESAFIOS DA TRANSI\u00c7\u00c3O DIGITAL.<\/strong><\/span><\/p>\r\n<p style=\"color: #000000;\">Mais pr\u00f3ximo da data do Encontro informaremos sobre a distribui\u00e7\u00e3o das comunica\u00e7\u00f5es pelas salas.<\/p>\r\n\n\n\n\n\n\n\r\n<p><span style=\"color: #000000;\"><strong>CF online 1 <br \/><\/strong><\/span><span style=\"color: #000000;\"><b>Trabalho colaborativo \u00e0 dist\u00e2ncia de um clique<\/b><\/span><span style=\"color: #000000; font-size: 0.875rem;\">, por Sofia Rodrigues &#8211; AE<\/span><span style=\"color: #000000;\">\u00a0Latino Coelho &#8211; EB de Penude (Penude &#8211; Lamego<\/span><span style=\"color: #000000; font-size: 0.875rem;\">)\u00a0<\/span><\/p>\r\n<p><span style=\"color: #000000;\"><br \/><\/span><span style=\"color: #000000;\">Trabalho colaborativo entre duas escolas atrav\u00e9s de um ebook.<\/span><\/p>\r\n\n\n<p><span style=\"color: #000000;\"><strong>CF online 2<br><\/strong><\/span><font color=\"#000000\"><strong>Science E-Robot<\/strong><\/font><span style=\"font-size: 0.875rem; color: rgb(0, 0, 0);\">, por&nbsp;<\/span><font color=\"#000000\">Paulo Torcato &#8211; AE de Portela e Moscavide<\/font><\/p>\n<p><span style=\"color: #000000;\"><br><\/span><font color=\"#000000\">Este projeto Erasmus+ tem como objetivo desenvolver a literacia cient\u00edfica e contribuir para o desenvolvimento de compet\u00eancias atrav\u00e9s da integra\u00e7\u00e3o da tecnologia da rob\u00f3tica educativa no processo de aprendizagem.<\/font><\/p><p><font color=\"#000000\">Paralelamente, pretende desenvolver uma estrat\u00e9gia inovadora de ensino\/aprendizagem, integrada no contexto educativo dos pa\u00edses parceiros, em que a rob\u00f3tica educativa est\u00e1 integrada para grupos-alvo (10 a 17 anos).<\/font><\/p><p><font color=\"#000000\">Site do projeto: <a href=\"https:\/\/scienceerobot.com\">https:\/\/scienceerobot.com<\/a>.<\/font><\/p>\n\n<p><span style=\"color: #000000;\"><strong>CF online 3<br><\/strong><\/span><span style=\"color: rgb(0, 0, 0); font-weight: 700;\">Atividades de Matem\u00e1tica com recurso a simuladores de rob\u00f4s<\/span><span style=\"font-size: 0.875rem; color: rgb(0, 0, 0);\">, por&nbsp;<\/span><font color=\"#000000\" style=\"font-size: 0.875rem;\">Paulo Torcato &#8211; AE de Portela e Moscavide<\/font><\/p>\n<p><span style=\"color: #000000;\"><br><\/span><span style=\"color: rgb(0, 0, 0);\">Apresenta\u00e7\u00e3o de atividades de Matem\u00e1tica realizadas, em contexto de ensino\/aprendizagem, com o simulador de rob\u00f4s VR VEX. Tratam-se de atividades ligadas \u00e0 geometria e que foram implementadas em turmas do 3.\u00ba Ciclo.<\/span><\/p>\n\n<p><span style=\"color: #000000;\"><strong>CF online 4<br><\/strong><\/span><span style=\"color: rgb(0, 0, 0);\"><b>Programar o Mind para aprender!<\/b><\/span><span style=\"font-size: 0.875rem; color: rgb(0, 0, 0);\">&nbsp;por&nbsp;<\/span><font color=\"#000000\" style=\"font-size: 0.875rem;\">Susana Lucas e Carla Ferreira<\/font><span style=\"font-size: 0.875rem; color: rgb(0, 0, 0);\">&nbsp;&#8211; AE da Lous\u00e3<\/span><\/p>\n<p><span style=\"font-size: 0.875rem; color: rgb(0, 0, 0);\">Partilha de atividades exemplificativas, realizadas com alunos do 1.\u00baCEB do AE de Lous\u00e3<\/span><span style=\"font-size: 0.875rem; color: rgb(0, 0, 0);\">, recorrendo aos rob\u00f4s educativos Mind, no \u00e2mbito de aprendizagens transdisciplinares, implicando conhecimentos de v\u00e1rios dom\u00ednios, destacando-se vantagens da sua utiliza\u00e7\u00e3o em diferentes contextos educativos.&nbsp;<\/span><\/p>\n\n<p><span style=\"color: #000000;\"><strong>CF online 5<br><\/strong><\/span><span style=\"color: rgb(0, 0, 0);\"><strong>Evolu\u00e7\u00e3o da Leitura &#8211; Uma abordagem pr\u00e1tica,&nbsp;<\/strong><\/span><span style=\"font-size: 0.875rem; color: rgb(0, 0, 0);\">&nbsp;por&nbsp;<\/span><font color=\"#000000\" style=\"font-size: 0.875rem;\">Ana Loureiro<\/font><span style=\"font-size: 0.875rem; color: rgb(0, 0, 0);\">&nbsp;&#8211; Col\u00e9gio Vasco da Gama (Melecas)<\/span><\/p>\n<p><span style=\"font-size: 0.875rem; color: rgb(0, 0, 0);\">Como utilizar a evolu\u00e7\u00e3o da leitura associada \u00e0 plataforma TEAMS para monitorizar o progresso dos nossos alunos no que diz respeito \u00e0 leitura em portugu\u00eas e em l\u00edngua estrangeira.&nbsp;<\/span><\/p>\n\n<p><span style=\"color: #000000;\"><strong>CF online 6<br><\/strong><\/span><font color=\"#000000\"><b>Livros digitais colaborativos e inclusivos<\/b><\/font><b style=\"color: rgb(0, 0, 0);\">,&nbsp;<\/b><span data-sheets-value=\"{&quot;1&quot;:2,&quot;2&quot;:&quot;C\u00e1tia Liliana Pimenta Val\u00e9ria&quot;}\" data-sheets-userformat=\"{&quot;2&quot;:513,&quot;3&quot;:{&quot;1&quot;:0},&quot;12&quot;:0}\" style=\"color: rgb(0, 0, 0); font-size: 10pt; font-family: Arial;\">C\u00e1tia Liliana Pimenta Val\u00e9ria&nbsp;<\/span><span style=\"font-size: 0.875rem; color: rgb(0, 0, 0);\">&#8211;&nbsp;<\/span><font color=\"#000000\">Agrupamento de Escolas Dr. Ginestal Machado (Santar\u00e9m)<\/font><\/p>\n<p><font color=\"#000000\">No \u00e2mbito da implementa\u00e7\u00e3o de um cen\u00e1rio de aprendizagem intitulado \u201cPioneras Espa\u00f1olas\u201d, alunos de uma turma de d\u00e9cimo ano de Espanhol, n\u00edvel de continua\u00e7\u00e3o, criaram um livro colaborativo e inclusivo na ferramenta digital Book Creator. O livro digital incorpora as pesquisas e as produ\u00e7\u00f5es escritas e orais colaborativas das hist\u00f3rias de catorze mulheres espanholas que foram pioneiras em diferentes \u00e1reas.&nbsp;<\/font><span style=\"font-size: 0.875rem; color: rgb(0, 0, 0);\">&nbsp;<\/span><\/p>\n\n<p><span style=\"color: #000000;\"><strong>CF online 7<br><\/strong><\/span><font color=\"#000000\"><b>O jornal digital na aprendizagem de PLNM<\/b><\/font><b>,&nbsp;<\/b><span data-sheets-value=\"{&quot;1&quot;:2,&quot;2&quot;:&quot;C\u00e1tia Liliana Pimenta Val\u00e9ria&quot;}\" data-sheets-userformat=\"{&quot;2&quot;:513,&quot;3&quot;:{&quot;1&quot;:0},&quot;12&quot;:0}\" style=\"color: rgb(0, 0, 0); font-size: 10pt; font-family: Arial;\">Ricardo Cruz&nbsp;<\/span><span style=\"font-size: 0.875rem; color: rgb(0, 0, 0);\">&#8211;&nbsp;<\/span><font color=\"#000000\">Agrupamento de Escolas da Moita&nbsp;(Moita)<\/font><\/p>\n<p><span style=\"color: rgb(0, 0, 0); font-family: Arial; font-size: 10pt;\">Nesta partilha, mostrar-se-\u00e1 o projeto de um jornal digital, no \u00e2mbito de um paradigma de aprendizagem ativa, que proporcionou aos alunos de Portugu\u00eas L\u00edngua N\u00e3o Materna (PLNM) da ES da Moita um contexto de aprendizagem, em que o dom\u00ednio da Escrita foi trabalhado, assim como a Intera\u00e7\u00e3o Oral, com recurso a um arquivo podcast, onde os registos dessa intera\u00e7\u00e3o foram realizados em contexto de sala de aula. As plataformas utilizadas foram o Padlet e o Anchor.<\/span><span style=\"font-size: 0.875rem; color: rgb(0, 0, 0);\">&nbsp;<\/span><\/p>\n\n<p><span style=\"color: #000000;\"><strong>CF online 8<br><\/strong><\/span><\/p><p><strong style=\"color: rgb(0, 0, 0); font-size: 0.875rem;\">GeoSound<\/strong><span style=\"color: rgb(0, 0, 0); font-size: 0.875rem;\">, por&nbsp;<\/span><span style=\"color: rgb(0, 0, 0); font-size: 0.875rem;\">V\u00edtor Gir\u00e3o Bastos<\/span><span style=\"color: rgb(0, 0, 0); font-size: 0.875rem;\">&nbsp;&#8211;&nbsp;<\/span><span style=\"color: rgb(0, 0, 0); font-size: 0.875rem;\">Col\u00e9gio Vasco da Gama&nbsp;&#8211;&nbsp;Sintra<\/span><br><\/p><p><span style=\"color: rgb(0, 0, 0);\"><br><\/span><\/p><p><font color=\"#000000\">Os alunos recolhem informa\u00e7\u00e3o sobre os conte\u00fados geogr\u00e1ficos e cantam-nos. Recorrem a m\u00fasicas que gostam e criam novas vers\u00f5es cantando as informa\u00e7\u00f5es mais importantes.<\/font><\/p><p><font color=\"#000000\">As m\u00fasicas passam na r\u00e1dio da escola e acabamos por nos cruzar com alguns que j\u00e1 cantarolam a geografia.<\/font><\/p>\n\n<p><span style=\"color: #000000;\"><strong>CF online 9<br><\/strong><\/span><\/p><p><font color=\"#000000\"><b>Forma\u00e7\u00e3o continuada do professor com foco no letramento digital: urgente e necess\u00e1rio<\/b><\/font><span style=\"color: rgb(0, 0, 0); font-size: 0.875rem;\">, por&nbsp;<\/span><font color=\"#000000\">Bianca Cristina Buse<span style=\"font-size: 0.875rem;\">&nbsp;&#8211;&nbsp;<\/span>Universidade Federal do Paran\u00e1 <span style=\"font-size: 0.875rem;\">&#8211;&nbsp;<\/span>Curitiba-Paran\u00e1-Brasil<\/font><br><\/p><p><span style=\"color:#000000;\">Breve reflex\u00e3o sobre a urg\u00eancia de programas de forma\u00e7\u00e3o continuada de professores com foco no letramento digital, n\u00e3o apenas para conhecimento e uso de ferramentas digitais nas aulas, mas, especialmente, para compreens\u00e3o de que mudar apenas o suporte sem repensar a forma como se ensina n\u00e3o \u00e9 sin\u00f4nimo de inova\u00e7\u00e3o; por isso \u00e9 necess\u00e1ria, para al\u00e9m da inser\u00e7\u00e3o de uma tecnologia digital, a reconfigura\u00e7\u00e3o de estrat\u00e9gias e metodologias usadas para a aplica\u00e7\u00e3o desses recursos.<\/span><br><\/p>\n\n\r\n<p>&nbsp;<\/p>\r\n\n\n\n","protected":false},"excerpt":{"rendered":"","protected":false},"author":9,"featured_media":0,"parent":0,"menu_order":0,"comment_status":"closed","ping_status":"closed","template":"","meta":[],"post_mailing_queue_ids":[],"_links":{"self":[{"href":"https:\/\/wordpress.educom.pt\/TIC-Portugal-22\/wp-json\/wp\/v2\/pages\/12342"}],"collection":[{"href":"https:\/\/wordpress.educom.pt\/TIC-Portugal-22\/wp-json\/wp\/v2\/pages"}],"about":[{"href":"https:\/\/wordpress.educom.pt\/TIC-Portugal-22\/wp-json\/wp\/v2\/types\/page"}],"author":[{"embeddable":true,"href":"https:\/\/wordpress.educom.pt\/TIC-Portugal-22\/wp-json\/wp\/v2\/users\/9"}],"replies":[{"embeddable":true,"href":"https:\/\/wordpress.educom.pt\/TIC-Portugal-22\/wp-json\/wp\/v2\/comments?post=12342"}],"version-history":[{"count":15,"href":"https:\/\/wordpress.educom.pt\/TIC-Portugal-22\/wp-json\/wp\/v2\/pages\/12342\/revisions"}],"predecessor-version":[{"id":12532,"href":"https:\/\/wordpress.educom.pt\/TIC-Portugal-22\/wp-json\/wp\/v2\/pages\/12342\/revisions\/12532"}],"wp:attachment":[{"href":"https:\/\/wordpress.educom.pt\/TIC-Portugal-22\/wp-json\/wp\/v2\/media?parent=12342"}],"curies":[{"name":"wp","href":"https:\/\/api.w.org\/{rel}","templated":true}]}}