{"id":12365,"date":"2022-06-04T14:26:46","date_gmt":"2022-06-04T13:26:46","guid":{"rendered":"https:\/\/wordpress.educom.pt\/TIC-Portugal-22\/?page_id=12324"},"modified":"2022-07-04T15:02:34","modified_gmt":"2022-07-04T14:02:34","slug":"comunicacoes-convencionais-faro","status":"publish","type":"page","link":"https:\/\/wordpress.educom.pt\/TIC-Portugal-22\/comunicacoes-convencionais-faro\/","title":{"rendered":"Comunica\u00e7\u00f5es Convencionais Faro"},"content":{"rendered":"\n\n\n<h2>Comunica\u00e7\u00f5es Convencionais a decorrer na Escola Secund\u00e1ria Tom\u00e1s Cabreira, em Faro<\/h2>\n\r\n<p>&nbsp;<\/p>\r\n\n\r\n<p>Em 15 minutos de apresenta\u00e7\u00e3o mais 5 de discuss\u00e3o, pressup\u00f5e a partilha de metodologias, atividades, ferramentas ou estrat\u00e9gias recorrendo \u00e0s TIC no \u00e2mbito da atividade docente. <br \/>Sugere-se a partilha dos produtos resultantes das atividades desenvolvidas com os alunos, as mais-valias para o processo de ensino e aprendizagem e os constrangimentos, se os houver.\u00a0<br \/>Mais pr\u00f3ximo da data do Encontro informaremos sobre a distribui\u00e7\u00e3o das comunica\u00e7\u00f5es pelas salas.<\/p>\r\n\n\n\n\n\n\n<p><strong style=\"color: rgb(0, 0, 0);\">CC Faro 1<br><\/strong><font color=\"#000000\"><strong>Recursos Digitais no 1. \u00ba Ciclo<\/strong>, por Susana Castro &#8211; AE de Montenegro (Faro)<\/font><br><br><font color=\"#000000\">Ao longo dos \u00faltimos anos tenho participado em projetos Erasmus+ com diversas turmas. Os projetos desenvolvidos t\u00eam por base o desenvolvimento de diversas atividades, nomeadamente envolvendo a componente digital para o ensino e para a aprendizagem no 1.\u00ba ciclo do ensino b\u00e1sico. A comunica\u00e7\u00e3o assentar\u00e1 na partilha de experi\u00eancias no \u00e2mbito dos projetos Erasmus+ atrav\u00e9s da utiliza\u00e7\u00e3o dos recursos digitais no 1.\u00ba ciclo.<\/font><br><\/p>\n\n\n","protected":false},"excerpt":{"rendered":"","protected":false},"author":9,"featured_media":0,"parent":0,"menu_order":0,"comment_status":"closed","ping_status":"closed","template":"","meta":[],"post_mailing_queue_ids":[],"_links":{"self":[{"href":"https:\/\/wordpress.educom.pt\/TIC-Portugal-22\/wp-json\/wp\/v2\/pages\/12365"}],"collection":[{"href":"https:\/\/wordpress.educom.pt\/TIC-Portugal-22\/wp-json\/wp\/v2\/pages"}],"about":[{"href":"https:\/\/wordpress.educom.pt\/TIC-Portugal-22\/wp-json\/wp\/v2\/types\/page"}],"author":[{"embeddable":true,"href":"https:\/\/wordpress.educom.pt\/TIC-Portugal-22\/wp-json\/wp\/v2\/users\/9"}],"replies":[{"embeddable":true,"href":"https:\/\/wordpress.educom.pt\/TIC-Portugal-22\/wp-json\/wp\/v2\/comments?post=12365"}],"version-history":[{"count":3,"href":"https:\/\/wordpress.educom.pt\/TIC-Portugal-22\/wp-json\/wp\/v2\/pages\/12365\/revisions"}],"predecessor-version":[{"id":12559,"href":"https:\/\/wordpress.educom.pt\/TIC-Portugal-22\/wp-json\/wp\/v2\/pages\/12365\/revisions\/12559"}],"wp:attachment":[{"href":"https:\/\/wordpress.educom.pt\/TIC-Portugal-22\/wp-json\/wp\/v2\/media?parent=12365"}],"curies":[{"name":"wp","href":"https:\/\/api.w.org\/{rel}","templated":true}]}}