{"id":12450,"date":"2022-06-21T15:45:58","date_gmt":"2022-06-21T14:45:58","guid":{"rendered":"https:\/\/wordpress.educom.pt\/TIC-Portugal-22\/?page_id=12064"},"modified":"2022-06-21T15:54:23","modified_gmt":"2022-06-21T14:54:23","slug":"sp-online-10-a-inteligencia-artificial-vai-mudar-a-escola","status":"publish","type":"page","link":"https:\/\/wordpress.educom.pt\/TIC-Portugal-22\/sp-online-10-a-inteligencia-artificial-vai-mudar-a-escola\/","title":{"rendered":"SP Online 11 &#8211; A Intelig\u00eancia Artificial vai mudar a Escola?"},"content":{"rendered":"\r\n\r\n\r\n\r\n\r\n\r\n\r\n<h2>SP Online 11 &#8211; <strong>A Intelig\u00eancia Artificial vai mudar a Escola?<\/strong><\/h2>\r\n<p>&nbsp;<\/p>\r\n\r\n\r\n\r\n<p><strong>Por Rui Andrade e<\/strong><strong style=\"font-size: 0.875rem;\"> Jos\u00e9 Nunes<\/strong><\/p>\r\n<p dir=\"ltr\" style=\"line-height: 1.2; margin-top: 0pt; margin-bottom: 0pt;\"><span id=\"docs-internal-guid-b7b31577-7fff-be90-fb7c-0d643d24be9e\"><span style=\"font-variant-numeric: normal; font-variant-east-asian: normal; vertical-align: baseline;\"><strong>Centro de Compet\u00eancia <b>TIC ESE IP Santar\u00e9m<\/b>\u00a0<\/strong><\/span><\/span><\/p>\r\n<p dir=\"ltr\">\u00a0<\/p>\r\n\r\n\r\n\r\n<p><span style=\"font-weight: 400;\">A Intelig\u00eancia Artificial est\u00e1 a mudar a nossa forma de viver, comunicar e interagir, neste sentido, \u00e9 fundamental que os professores possam conhecer e refletir em que consiste esta nova tecnologia, assim como a sua aplica\u00e7\u00e3o no processo de ensino e aprendizagem.<\/span><\/p>\r\n<p><span style=\"font-weight: 400;\">Precisamos de novas metodologias e estrat\u00e9gias pedag\u00f3gicas para preparar os nossos jovens para um mundo em grande evolu\u00e7\u00e3o.<\/span><\/p>\r\n<p><span style=\"font-weight: 400;\">Esta sess\u00e3o visa dar a conhecer um conjunto de recursos e ferramentas para a utiliza\u00e7\u00e3o da IA em contexto educativo, por exemplo, AutoDraw, Google Lens, DeepDreamGenerator, Teachable Machine.<\/span><\/p>\r\n\r\n\r\n\r\n<p><span style=\"font-size: 0.875rem; color: #000000;\"><strong>Requisitos necess\u00e1rios:<\/strong>\u00a0<\/span><\/p>\r\n<p dir=\"ltr\" style=\"line-height: 1.2; margin-top: 0pt; margin-bottom: 0pt;\">\r\n\r\n<\/p>\r\n<p dir=\"ltr\" style=\"line-height: 1.2; margin-top: 0pt; margin-bottom: 0pt;\"><span style=\"font-weight: 400;\">Computador com liga\u00e7\u00e3o \u00e0 Internet e telem\u00f3vel com a App Google Lens.<\/span><\/p>\r\n<p dir=\"ltr\" style=\"line-height: 1.2; margin-top: 0pt; margin-bottom: 0pt;\">\u00a0<\/p>\r\n<p dir=\"ltr\" style=\"line-height: 1.2; margin-top: 0pt; margin-bottom: 0pt;\">\r\n\r\n<\/p>\r\n<p>&nbsp;<\/p>\r\n<p dir=\"ltr\" style=\"line-height: 1.2; margin-top: 0pt; margin-bottom: 0pt;\">\r\n\r\n<\/p>\r\n<p><strong>Sobre os dinamizadores: <\/strong><\/p>\r\n<p dir=\"ltr\" style=\"line-height: 1.2; margin-top: 0pt; margin-bottom: 0pt;\">\r\n\r\n\r\n\r\n\r\n\r\n\r\n\r\n\r\n\r\n<\/p>\r\n<p dir=\"ltr\" style=\"line-height: 1.2; margin-top: 0pt; margin-bottom: 0pt;\">\u00a0<span style=\"background-color: transparent; color: #222222; font-family: Roboto, sans-serif; font-size: 10.5pt; white-space: pre-wrap; text-align: justify;\">Rui Andrade \u00e9 licenciado em Inform\u00e1tica de Gest\u00e3o pelo ISLA e Mestre em Educa\u00e7\u00e3o e Comunica\u00e7\u00e3o Multim\u00e9dia pela Escola Superior de Educa\u00e7\u00e3o de Santar\u00e9m.<\/span><\/p>\r\n<p dir=\"ltr\" style=\"line-height: 1.2; text-align: justify; margin-top: 0pt; margin-bottom: 0pt;\"><span style=\"font-size: 10.5pt; font-family: Roboto, sans-serif; color: #222222; background-color: transparent; font-variant-numeric: normal; font-variant-east-asian: normal; vertical-align: baseline; white-space: pre-wrap;\">Professor do grupo de Inform\u00e1tica, do Quadro do Agrupamento de Escolas S\u00e1 da Bandeira em Santar\u00e9m.<\/span><\/p>\r\n<p dir=\"ltr\" style=\"line-height: 1.2; text-align: justify; margin-top: 0pt; margin-bottom: 0pt;\"><span style=\"font-size: 10.5pt; font-family: Roboto, sans-serif; color: #222222; background-color: transparent; font-variant-numeric: normal; font-variant-east-asian: normal; vertical-align: baseline; white-space: pre-wrap;\">Formador pelo Conselho Cient\u00edfico-Pedag\u00f3gico da Forma\u00e7\u00e3o Cont\u00ednua desde 2008.\u00a0<\/span><\/p>\r\n<p dir=\"ltr\" style=\"line-height: 1.2; text-align: justify; margin-top: 0pt; margin-bottom: 0pt;\"><span style=\"font-size: 10.5pt; font-family: Roboto, sans-serif; color: #222222; background-color: transparent; font-variant-numeric: normal; font-variant-east-asian: normal; vertical-align: baseline; white-space: pre-wrap;\">As suas principais \u00e1reas de interesse s\u00e3o: Programa\u00e7\u00e3o (Python), Intelig\u00eancia Artificial, Bullying\/ Ciberbullying e o Empreendedorismo.<\/span><\/p>\r\n<p dir=\"ltr\" style=\"line-height: 1.2; margin-top: 0pt; margin-bottom: 0pt;\">\u00a0<\/p>\r\n<p dir=\"ltr\" style=\"line-height: 1.2; margin-top: 0pt; margin-bottom: 0pt;\">\u00a0<\/p>\r\n<p dir=\"ltr\" style=\"line-height: 1.2; margin-top: 0pt; margin-bottom: 0pt;\">\u00a0<\/p>\r\n<p dir=\"ltr\" style=\"line-height: 1.2; margin-top: 0pt; margin-bottom: 0pt;\">\r\n\r\n\r\n\r\n\r\n\r\n\r\n\r\n\r\n\r\n<\/p>\r\n<p dir=\"ltr\" style=\"line-height: 1.2; margin-top: 0pt; margin-bottom: 0pt;\">\u00a0<span style=\"font-size: 0.875rem;\">\u00a0<\/span><\/p>\r\n<p dir=\"ltr\" style=\"line-height: 1.2; margin-top: 0pt; margin-bottom: 0pt;\">\u00a0<span style=\"background-color: transparent; color: #222222; font-family: Roboto, sans-serif; font-size: 10.5pt; white-space: pre-wrap; text-align: justify;\">Jos\u00e9 Nunes \u00e9 licenciado em Inform\u00e1tica de Gest\u00e3o pelo ISLA e Mestre em Educa\u00e7\u00e3o e Comunica\u00e7\u00e3o Multim\u00e9dia pela Escola Superior de Educa\u00e7\u00e3o de Santar\u00e9m.<\/span><\/p>\r\n<p dir=\"ltr\" style=\"line-height: 1.2; text-align: justify; margin-top: 0pt; margin-bottom: 0pt;\"><span style=\"font-size: 10.5pt; font-family: Roboto, sans-serif; color: #222222; background-color: transparent; font-variant-numeric: normal; font-variant-east-asian: normal; vertical-align: baseline; white-space: pre-wrap;\">Professor do grupo de Inform\u00e1tica, do Quadro do Agrupamento de Escolas de Salvaterra de Magos. Atualmente em mobilidade a 80% no CCTIC do IP de Santar\u00e9m.<\/span><\/p>\r\n<p dir=\"ltr\" style=\"line-height: 1.2; text-align: justify; margin-top: 0pt; margin-bottom: 0pt;\"><span style=\"font-size: 10.5pt; font-family: Roboto, sans-serif; color: #222222; background-color: transparent; font-variant-numeric: normal; font-variant-east-asian: normal; vertical-align: baseline; white-space: pre-wrap;\">As suas principais \u00e1reas de interesse s\u00e3o: Programa\u00e7\u00e3o, Bases de Dados, Intelig\u00eancia Artificial, plataformas de ensino a dist\u00e2ncia e sua integra\u00e7\u00e3o, nomeadamente a liga\u00e7\u00e3o entre as plataformas Moodle e Teams.<\/span><\/p>\r\n<div><span style=\"font-size: 10.5pt; font-family: Roboto, sans-serif; color: #222222; background-color: transparent; font-variant-numeric: normal; font-variant-east-asian: normal; vertical-align: baseline; white-space: pre-wrap;\">\u00a0<\/span><\/div>\r\n<p dir=\"ltr\" style=\"line-height: 1.2; margin-top: 0pt; margin-bottom: 0pt;\">\u00a0<\/p>\r\n<p dir=\"ltr\" style=\"line-height: 1.2; margin-top: 0pt; margin-bottom: 0pt;\">\r\n\r\n\r\n\r\n<\/p>","protected":false},"excerpt":{"rendered":"","protected":false},"author":17,"featured_media":0,"parent":0,"menu_order":0,"comment_status":"closed","ping_status":"closed","template":"","meta":[],"post_mailing_queue_ids":[],"_links":{"self":[{"href":"https:\/\/wordpress.educom.pt\/TIC-Portugal-22\/wp-json\/wp\/v2\/pages\/12450"}],"collection":[{"href":"https:\/\/wordpress.educom.pt\/TIC-Portugal-22\/wp-json\/wp\/v2\/pages"}],"about":[{"href":"https:\/\/wordpress.educom.pt\/TIC-Portugal-22\/wp-json\/wp\/v2\/types\/page"}],"author":[{"embeddable":true,"href":"https:\/\/wordpress.educom.pt\/TIC-Portugal-22\/wp-json\/wp\/v2\/users\/17"}],"replies":[{"embeddable":true,"href":"https:\/\/wordpress.educom.pt\/TIC-Portugal-22\/wp-json\/wp\/v2\/comments?post=12450"}],"version-history":[{"count":5,"href":"https:\/\/wordpress.educom.pt\/TIC-Portugal-22\/wp-json\/wp\/v2\/pages\/12450\/revisions"}],"predecessor-version":[{"id":12458,"href":"https:\/\/wordpress.educom.pt\/TIC-Portugal-22\/wp-json\/wp\/v2\/pages\/12450\/revisions\/12458"}],"wp:attachment":[{"href":"https:\/\/wordpress.educom.pt\/TIC-Portugal-22\/wp-json\/wp\/v2\/media?parent=12450"}],"curies":[{"name":"wp","href":"https:\/\/api.w.org\/{rel}","templated":true}]}}