{"id":12464,"date":"2022-06-23T10:05:07","date_gmt":"2022-06-23T09:05:07","guid":{"rendered":"https:\/\/wordpress.educom.pt\/TIC-Portugal-22\/?page_id=12064"},"modified":"2022-06-27T12:53:52","modified_gmt":"2022-06-27T11:53:52","slug":"sp-online-12-pear-deck-apresentacoes-interativa-em-tempo-real","status":"publish","type":"page","link":"https:\/\/wordpress.educom.pt\/TIC-Portugal-22\/sp-online-12-pear-deck-apresentacoes-interativa-em-tempo-real\/","title":{"rendered":"SP Online 12 &#8211; Pear Deck: Apresenta\u00e7\u00f5es interativas em tempo real"},"content":{"rendered":"\n\n\n\r\n<h2>SP Online 12 &#8211; <b><i>Pear Deck<\/i><\/b><span style=\"font-weight: 400;\">: Apresenta\u00e7\u00f5es interativas em tempo real<\/span><\/h2>\r\n<p>&nbsp;<\/p>\r\n\n\r\n<p><strong>Por Liliana Melo<\/strong><\/p>\r\n<p dir=\"ltr\" style=\"line-height: 1.2; margin-top: 0pt; margin-bottom: 0pt;\"><span id=\"docs-internal-guid-b7b31577-7fff-be90-fb7c-0d643d24be9e\"><span style=\"font-variant-numeric: normal; font-variant-east-asian: normal; vertical-align: baseline;\"><strong>Centro de Compet\u00eancia EDUCOM\u00a0<\/strong><\/span><\/span><\/p>\r\n<p dir=\"ltr\">\u00a0<\/p>\r\n\n\r\n<p><a href=\"https:\/\/peardeck.com\/\"><span style=\"font-weight: 400;\">Pear Deck<\/span><\/a><span style=\"font-weight: 400;\"> \u00e9 uma ferramenta que permite aos professores criarem apresenta\u00e7\u00f5es<\/span><span style=\"font-weight: 400;\">\u00a0 no Google Slides<\/span><span style=\"font-weight: 400;\"> para melhor interagir com os\u00a0 alunos em tempo real. Pode ser usada presencialmente ou \u00e0 dist\u00e2ncia, de uma forma s\u00edncrona ou ass\u00edncrona. Focada no feedback, nas\u00a0 <\/span><span style=\"font-weight: 400;\">avalia\u00e7\u00f5es formativas e perguntas interativas.<\/span><\/p>\r\n<p><span style=\"font-weight: 400;\">Os alunos podem acompanhar a apresenta\u00e7\u00e3o e responder atrav\u00e9s de um c\u00f3digo. <\/span><\/p>\r\n\n\r\n<p><span style=\"font-size: 0.875rem; color: #000000;\"><strong>Requisitos necess\u00e1rios:<\/strong>\u00a0<\/span><\/p>\r\n<p dir=\"ltr\" style=\"line-height: 1.2; margin-top: 0pt; margin-bottom: 0pt;\">\n<\/p>\r\n<p><span style=\"font-weight: 400;\">Computador\u00a0<\/span><\/p>\r\n<p><span style=\"font-weight: 400;\">Acesso \u00e0 internet<\/span><\/p>\r\n<p dir=\"ltr\" style=\"line-height: 1.2; margin-top: 0pt; margin-bottom: 0pt;\">\u00a0<\/p>\r\n<p dir=\"ltr\" style=\"line-height: 1.2; margin-top: 0pt; margin-bottom: 0pt;\">\n<\/p>\r\n<p>&nbsp;<\/p>\r\n<p dir=\"ltr\" style=\"line-height: 1.2; margin-top: 0pt; margin-bottom: 0pt;\">\n<\/p>\r\n<p><strong>Sobre os dinamizadores: <\/strong><\/p>\r\n<p dir=\"ltr\" style=\"line-height: 1.2; margin-top: 0pt; margin-bottom: 0pt;\">\n\n\n\n\n\n\n\n<\/p>\r\n<p dir=\"ltr\" style=\"line-height: 1.2; margin-top: 0pt; margin-bottom: 0pt;\"><span style=\"background-color: transparent; color: #111111; font-family: Calibri, sans-serif; font-size: 12pt; white-space: pre-wrap; text-align: justify;\">Liliana Manuela Cruz Melo \u00e9 <\/span><span style=\"background-color: transparent; color: #111111; font-family: Calibri, sans-serif; font-size: 12pt; font-weight: bold; white-space: pre-wrap; text-align: justify;\">d<\/span><span style=\"background-color: transparent; color: #111111; font-family: Calibri, sans-serif; font-size: 12pt; white-space: pre-wrap; text-align: justify;\">ocente do grupo 300 e professora bibliotec\u00e1ria no Agrupamento de Escolas de Seia;<\/span><\/p>\r\n<p dir=\"ltr\" style=\"line-height: 1.2; text-align: justify; margin-top: 0pt; margin-bottom: 0pt;\"><span style=\"font-size: 12pt; font-family: Calibri, sans-serif; color: #111111; background-color: transparent; font-variant-numeric: normal; font-variant-east-asian: normal; vertical-align: baseline; white-space: pre-wrap;\">Formadora com Certi\ufb01cado de Registo de Formador, na \u00e1rea e dom\u00ednio: A91 &#8211; Ci\u00eancias Documentais,B115- Tecnologia e Comunica\u00e7\u00e3o Educativa;\u00a0 C13-Tecnologias educativas e C19 Organiza\u00e7\u00e3o das Bibliotecas Escolares.<\/span><\/p>\r\n<p dir=\"ltr\" style=\"line-height: 1.2; text-align: justify; margin-top: 0pt; margin-bottom: 0pt;\"><span style=\"font-size: 12pt; font-family: Calibri, sans-serif; color: #111111; background-color: transparent; font-variant-numeric: normal; font-variant-east-asian: normal; vertical-align: baseline; white-space: pre-wrap;\">Formanda do Mestrado \u201cRecursos Digitais em Educa\u00e7\u00e3o\u201d, pela Escola Superior de Educa\u00e7\u00e3o de Santar\u00e9m;<\/span><\/p>\r\n<p dir=\"ltr\" style=\"line-height: 1.2; text-align: justify; margin-top: 0pt; margin-bottom: 0pt;\"><span style=\"font-size: 12pt; font-family: Calibri, sans-serif; color: #111111; background-color: transparent; font-variant-numeric: normal; font-variant-east-asian: normal; vertical-align: baseline; white-space: pre-wrap;\">P\u00f3s Gradua\u00e7\u00e3o em Ci\u00eancias da Informa\u00e7\u00e3o, pela Universidade Aberta [ 2016 ]<\/span><\/p>\r\n<p dir=\"ltr\" style=\"line-height: 1.2; text-align: justify; margin-top: 0pt; margin-bottom: 0pt;\"><span style=\"font-size: 12pt; font-family: Calibri, sans-serif; color: #111111; background-color: transparent; font-variant-numeric: normal; font-variant-east-asian: normal; vertical-align: baseline; white-space: pre-wrap;\">P\u00f3s-Gradua\u00e7\u00e3o em Gest\u00e3o de Bibliotecas Escolares , ISLA &#8211; Leiria [ 2012 \u2013 2013 ]<\/span><\/p>\r\n<p dir=\"ltr\" style=\"line-height: 1.2; text-align: justify; margin-top: 0pt; margin-bottom: 0pt;\"><span style=\"font-size: 12pt; font-family: Calibri, sans-serif; color: #111111; background-color: transparent; font-variant-numeric: normal; font-variant-east-asian: normal; vertical-align: baseline; white-space: pre-wrap;\">Integrou o Projeto Gulbenkian de Forma\u00e7\u00e3o de Professores para o Desenvolvimento de Bibliotecas Escolares,\u00a0 Funda\u00e7\u00e3o Calouste Gulbenkian, [ 2006 \u2013 2008 ]<\/span><\/p>\r\n<p dir=\"ltr\" style=\"line-height: 1.2; text-align: justify; margin-top: 0pt; margin-bottom: 0pt;\"><span style=\"font-size: 12pt; font-family: Calibri, sans-serif; color: #111111; background-color: transparent; font-variant-numeric: normal; font-variant-east-asian: normal; vertical-align: baseline; white-space: pre-wrap;\">Tem participado em encontros nacionais, nos quais d\u00e1 a conhecer as pr\u00e1ticas da biblioteca como sendo o cora\u00e7\u00e3o da escola.<\/span><\/p>\r\n<p dir=\"ltr\" style=\"line-height: 1.2; text-align: justify; margin-top: 0pt; margin-bottom: 0pt;\"><span style=\"font-size: 12pt; font-family: Calibri, sans-serif; color: #111111; background-color: transparent; font-variant-numeric: normal; font-variant-east-asian: normal; vertical-align: baseline; white-space: pre-wrap;\">Integrou v\u00e1rios projetos no \u00e2mbito do eTwinning.<\/span><\/p>\r\n<p dir=\"ltr\" style=\"line-height: 1.2; margin-top: 0pt; margin-bottom: 0pt;\">\u00a0<\/p>\r\n<p dir=\"ltr\" style=\"line-height: 1.2; margin-top: 0pt; margin-bottom: 0pt;\">\u00a0<\/p>\r\n<p dir=\"ltr\" style=\"line-height: 1.2; margin-top: 0pt; margin-bottom: 0pt;\">\n\n\n\n\n\n\n\n<p><\/p>\n<p dir=\"ltr\" style=\"line-height: 1.2; margin-top: 0pt; margin-bottom: 0pt;\"><span style=\"background-color: transparent; color: rgb(17, 17, 17); font-family: Calibri, sans-serif; font-size: 12pt; white-space: pre-wrap; text-align: justify;\">Alcina Correia \u00e9 licenciada em Humanidades, docente do quadro de Agrupamento de Escolas<\/span><\/p><span id=\"docs-internal-guid-07ca1639-7fff-9fc0-bbf1-7033f06158ad\"><p dir=\"ltr\" style=\"line-height: 1.2; text-align: justify; margin-top: 0pt; margin-bottom: 0pt;\"><span style=\"font-size: 12pt; font-family: Calibri, sans-serif; color: rgb(17, 17, 17); background-color: transparent; font-variant-numeric: normal; font-variant-east-asian: normal; vertical-align: baseline; white-space: pre-wrap;\">Afonso de Albuquerque &#8211; Guarda. Atualmente exerce fun\u00e7\u00f5es de Coordenadora<\/span><\/p><p dir=\"ltr\" style=\"line-height: 1.2; text-align: justify; margin-top: 0pt; margin-bottom: 0pt;\"><span style=\"font-size: 12pt; font-family: Calibri, sans-serif; color: rgb(17, 17, 17); background-color: transparent; font-variant-numeric: normal; font-variant-east-asian: normal; vertical-align: baseline; white-space: pre-wrap;\">Interconcelhia das Bibliotecas Escolares.<\/span><\/p><p><span style=\"font-size: 12pt; font-family: Calibri, sans-serif; color: rgb(17, 17, 17); background-color: transparent; font-variant-numeric: normal; font-variant-east-asian: normal; vertical-align: baseline; white-space: pre-wrap;\"><br><\/span><\/p><\/span>\n<p dir=\"ltr\" style=\"line-height: 1.2; margin-top: 0pt; margin-bottom: 0pt;\">&nbsp;<\/p>\n<p dir=\"ltr\" style=\"line-height: 1.2; margin-top: 0pt; margin-bottom: 0pt;\">&nbsp;<\/p>\n<p dir=\"ltr\" style=\"line-height: 1.2; margin-top: 0pt; margin-bottom: 0pt;\"><\/p>\n\n\n\n\n\n\n","protected":false},"excerpt":{"rendered":"","protected":false},"author":17,"featured_media":0,"parent":0,"menu_order":0,"comment_status":"closed","ping_status":"closed","template":"","meta":[],"post_mailing_queue_ids":[],"_links":{"self":[{"href":"https:\/\/wordpress.educom.pt\/TIC-Portugal-22\/wp-json\/wp\/v2\/pages\/12464"}],"collection":[{"href":"https:\/\/wordpress.educom.pt\/TIC-Portugal-22\/wp-json\/wp\/v2\/pages"}],"about":[{"href":"https:\/\/wordpress.educom.pt\/TIC-Portugal-22\/wp-json\/wp\/v2\/types\/page"}],"author":[{"embeddable":true,"href":"https:\/\/wordpress.educom.pt\/TIC-Portugal-22\/wp-json\/wp\/v2\/users\/17"}],"replies":[{"embeddable":true,"href":"https:\/\/wordpress.educom.pt\/TIC-Portugal-22\/wp-json\/wp\/v2\/comments?post=12464"}],"version-history":[{"count":6,"href":"https:\/\/wordpress.educom.pt\/TIC-Portugal-22\/wp-json\/wp\/v2\/pages\/12464\/revisions"}],"predecessor-version":[{"id":12491,"href":"https:\/\/wordpress.educom.pt\/TIC-Portugal-22\/wp-json\/wp\/v2\/pages\/12464\/revisions\/12491"}],"wp:attachment":[{"href":"https:\/\/wordpress.educom.pt\/TIC-Portugal-22\/wp-json\/wp\/v2\/media?parent=12464"}],"curies":[{"name":"wp","href":"https:\/\/api.w.org\/{rel}","templated":true}]}}