{"id":12521,"date":"2022-07-01T12:16:04","date_gmt":"2022-07-01T11:16:04","guid":{"rendered":"https:\/\/wordpress.educom.pt\/TIC-Portugal-22\/?page_id=12064"},"modified":"2022-07-01T12:39:08","modified_gmt":"2022-07-01T11:39:08","slug":"notas-biograficas-professor-paulo-dias","status":"publish","type":"page","link":"https:\/\/wordpress.educom.pt\/TIC-Portugal-22\/notas-biograficas-professor-paulo-dias\/","title":{"rendered":"Notas biogr\u00e1ficas &#8211; Professor Paulo Dias"},"content":{"rendered":"\r\n\r\n\r\n\r\n\r\n\r\n\r\n<h2>Prof. Doutor Paulo Dias<\/h2>\r\n\r\n\r\n\r\n<p dir=\"ltr\" style=\"line-height: 1.2; margin-top: 0pt; margin-bottom: 0pt;\">Revista Cientifica EDUCOM &#8211; Educa\u00e7\u00e3o, Forma\u00e7\u00e3o e Tecnologias<\/p>\r\n\r\n\r\n\r\n<p>&nbsp;<\/p>\r\n<p dir=\"ltr\" style=\"line-height: 1.2; margin-top: 0pt; margin-bottom: 0pt;\">\r\n\r\n\r\n\r\n\r\n\r\n\r\n\r\n\r\n\r\n<\/p>\r\n<p dir=\"ltr\" style=\"line-height: 1.2; margin-top: 0pt; margin-bottom: 0pt;\">Paulo Maria Bastos da Silva Dias \u00e9 professor catedr\u00e1tico e ex-Reitor da Universidade Aberta de Portugal (dezembro de 2011 a dezembro de 2019). Doutor em Educa\u00e7\u00e3o pela Universidade do Minho, Portugal, em 1990, e Doutor Honoris Causa pela Universidad Nacional Abierta y a Distancia, UNAD, Colombia, em Educaci\u00f3n a Dist\u00e2ncia y Tecnolog\u00eda Instruccional, em 2017. Tem como principal \u00e1rea de investiga\u00e7\u00e3o inova\u00e7\u00e3o em educa\u00e7\u00e3o a dist\u00e2ncia na sociedade digital, e possui mais de cem publica\u00e7\u00f5es em revistas da especialidade, livros e cap\u00edtulos de livros. \u00c9 o atual Diretor da revista cient\u00edfica\u00a0\u201cEduca\u00e7\u00e3o, Forma\u00e7\u00e3o e Tecnologias\u201d.<\/p>\r\n<p dir=\"ltr\" style=\"line-height: 1.2; margin-top: 0pt; margin-bottom: 0pt;\">\u00a0<\/p>\r\n<p dir=\"ltr\" style=\"line-height: 1.2; margin-top: 0pt; margin-bottom: 0pt;\"><\/p>","protected":false},"excerpt":{"rendered":"","protected":false},"author":17,"featured_media":0,"parent":0,"menu_order":0,"comment_status":"closed","ping_status":"closed","template":"","meta":[],"post_mailing_queue_ids":[],"_links":{"self":[{"href":"https:\/\/wordpress.educom.pt\/TIC-Portugal-22\/wp-json\/wp\/v2\/pages\/12521"}],"collection":[{"href":"https:\/\/wordpress.educom.pt\/TIC-Portugal-22\/wp-json\/wp\/v2\/pages"}],"about":[{"href":"https:\/\/wordpress.educom.pt\/TIC-Portugal-22\/wp-json\/wp\/v2\/types\/page"}],"author":[{"embeddable":true,"href":"https:\/\/wordpress.educom.pt\/TIC-Portugal-22\/wp-json\/wp\/v2\/users\/17"}],"replies":[{"embeddable":true,"href":"https:\/\/wordpress.educom.pt\/TIC-Portugal-22\/wp-json\/wp\/v2\/comments?post=12521"}],"version-history":[{"count":7,"href":"https:\/\/wordpress.educom.pt\/TIC-Portugal-22\/wp-json\/wp\/v2\/pages\/12521\/revisions"}],"predecessor-version":[{"id":12531,"href":"https:\/\/wordpress.educom.pt\/TIC-Portugal-22\/wp-json\/wp\/v2\/pages\/12521\/revisions\/12531"}],"wp:attachment":[{"href":"https:\/\/wordpress.educom.pt\/TIC-Portugal-22\/wp-json\/wp\/v2\/media?parent=12521"}],"curies":[{"name":"wp","href":"https:\/\/api.w.org\/{rel}","templated":true}]}}