{"id":12544,"date":"2022-07-04T13:18:03","date_gmt":"2022-07-04T12:18:03","guid":{"rendered":"https:\/\/wordpress.educom.pt\/TIC-Portugal-22\/?page_id=12064"},"modified":"2022-07-04T14:17:26","modified_gmt":"2022-07-04T13:17:26","slug":"sp-online-15-competencias-digitais-para-uma-cidadania-ativa-no-combate-ao-bullying","status":"publish","type":"page","link":"https:\/\/wordpress.educom.pt\/TIC-Portugal-22\/sp-online-15-competencias-digitais-para-uma-cidadania-ativa-no-combate-ao-bullying\/","title":{"rendered":"SP Online 15 &#8211; Compet\u00eancias Digitais para uma cidadania ativa no combate ao Bullying"},"content":{"rendered":"\r\n\r\n\r\n\r\n\r\n\r\n\r\n<h2>SP Online 15 &#8211; <b>Compet\u00eancias Digitais para uma cidadania ativa no combate ao Bullying<\/b><\/h2>\r\n<p>&nbsp;<\/p>\r\n\r\n\r\n\r\n<p><strong>Por\u00a0<\/strong><b>Ana Torres, Cid\u00e1lia Marques e Cristina Novo<\/b><\/p>\r\n<p dir=\"ltr\" style=\"line-height: 1.2; margin-top: 0pt; margin-bottom: 0pt;\"><span id=\"docs-internal-guid-b7b31577-7fff-be90-fb7c-0d643d24be9e\"><span style=\"font-variant-numeric: normal; font-variant-east-asian: normal; vertical-align: baseline;\"><strong>Centro de Compet\u00eancia TIC Instituto Polit\u00e9cnico de Santar\u00e9m\u00a0<\/strong><\/span><\/span><\/p>\r\n<p dir=\"ltr\">\u00a0<\/p>\r\n<p dir=\"ltr\">Este workshop visa dar a conhecer um conjunto de 100 atividades com recursos digitais para a promo\u00e7\u00e3o da cidadania ativa das crian\u00e7as e jovens em contexto educativo.<\/p>\r\n<p dir=\"ltr\">As atividades foram criadas no \u00e2mbito dos projetos Eramus + Me-You-Us e YESI e destinam-se aos 1\u00ba e 2\u00ba ciclos do ensino b\u00e1sico para abordar as tem\u00e1ticas dos Direitos Humanos, da Diversidade, da Inclus\u00e3o e Cidadania Ativa.<\/p>\r\n<p dir=\"ltr\">Propomos um workshop ativo em que os professores ser\u00e3o convidados a assumir o papel dos estudantes na dinamiza\u00e7\u00e3o de 1 das 100 atividades.<\/p>\r\n<p dir=\"ltr\"><span style=\"font-size: 0.875rem;\">\u00a0<\/span><\/p>\r\n<p dir=\"ltr\">Nesta sess\u00e3o pr\u00e1tica iremos apresentar algumas ferramentas digitais para utiliza\u00e7\u00e3o em contextos de aprendizagem colaborativa, procurando explicitar algumas das suas vantagens, tanto na aprendizagem de conte\u00fados espec\u00edficos disciplinares como no desenvolvimento de compet\u00eancias essenciais. Iremos tamb\u00e9m dar alguns exemplos de introdu\u00e7\u00e3o destas ferramentas, atrav\u00e9s de metodologias ativas e da reorganiza\u00e7\u00e3o dos espa\u00e7os de aprendizagem.<\/p>\r\n<p>&nbsp;<\/p>\r\n\r\n\r\n\r\n<p><span style=\"font-size: 0.875rem; color: #000000;\"><strong>Requisitos necess\u00e1rios:<\/strong>\u00a0<\/span><\/p>\r\n<p dir=\"ltr\" style=\"line-height: 1.2; margin-top: 0pt; margin-bottom: 0pt;\">\r\n\r\n<\/p>\r\n<p><span style=\"font-weight: 400;\">Computador\u00a0<\/span><\/p>\r\n<p><span style=\"font-weight: 400;\">Acesso \u00e0 internet<\/span><\/p>\r\n<p dir=\"ltr\" style=\"line-height: 1.2; margin-top: 0pt; margin-bottom: 0pt;\">\u00a0<\/p>\r\n<p dir=\"ltr\" style=\"line-height: 1.2; margin-top: 0pt; margin-bottom: 0pt;\">\u00a0<\/p>\r\n<p dir=\"ltr\" style=\"line-height: 1.2; margin-top: 0pt; margin-bottom: 0pt;\">\u00a0<\/p>\r\n<p dir=\"ltr\" style=\"line-height: 1.2; margin-top: 0pt; margin-bottom: 0pt;\">\r\n\r\n<\/p>\r\n<p>&nbsp;<\/p>\r\n<p dir=\"ltr\" style=\"line-height: 1.2; margin-top: 0pt; margin-bottom: 0pt;\">\r\n\r\n<\/p>\r\n<p><strong>Sobre os dinamizadores: <\/strong><\/p>\r\n<p dir=\"ltr\" style=\"line-height: 1.2; margin-top: 0pt; margin-bottom: 0pt;\">\r\n\r\n\r\n\r\n\r\n\r\n\r\n\r\n\r\n\r\n<\/p>\r\n<p dir=\"ltr\" style=\"text-align: justify; line-height: 1.2; margin-top: 0pt; margin-bottom: 0pt;\"><span style=\"color: #111111; font-family: Calibri, sans-serif;\"><span style=\"font-size: 16px; white-space: pre-wrap;\">Ana Torres \u00e9 professora adjunta, com o t\u00edtulo de especialista em Educa\u00e7\u00e3o e Comunica\u00e7\u00e3o Multim\u00e9dia, no Departamento de Tecnologias Educativas da Escola Superior de Educa\u00e7\u00e3o do Instituto Polit\u00e9cnico de Santar\u00e9m desde 2007. \u00c9 tutora na Universidade Aberta desde 2008 e membro do Polo Literacia Digital e Inclus\u00e3o Social, sediado no IPSantar\u00e9m, uma extens\u00e3o da unidade de investiga\u00e7\u00e3o do Centro de Investiga\u00e7\u00e3o em Artes e Comunica\u00e7\u00e3o do Algarve &#8211; CIAC. A sua \u00e1rea de investiga\u00e7\u00e3o insere-se no \u00e2mbito da Educa\u00e7\u00e3o e Comunica\u00e7\u00e3o Multimedia, MOOC, e-learning, LMS, Tutoria e Forma\u00e7\u00e3o de Professores. Tem experi\u00eancia no desenvolvimento e implementa\u00e7\u00e3o de projetos nacionais e internacionais desde 2013 . Ci\u00eancia ID | ORCID | Scopus Author | ResearcherID.<\/span><\/span><span style=\"font-size: 0.875rem;\">\u00a0<\/span><\/p>\r\n<p dir=\"ltr\" style=\"line-height: 1.2; margin-top: 0pt; margin-bottom: 0pt;\">\u00a0<\/p>\r\n<p dir=\"ltr\" style=\"line-height: 1.2; margin-top: 0pt; margin-bottom: 0pt;\">\u00a0<\/p>\r\n<p dir=\"ltr\" style=\"line-height: 1.2; margin-top: 0pt; margin-bottom: 0pt;\">\u00a0<\/p>\r\n<p dir=\"ltr\" style=\"line-height: 1.2; margin-top: 0pt; margin-bottom: 0pt;\">\r\n\r\n<\/p>\r\n<p dir=\"ltr\" style=\"line-height: 1.2; text-align: justify; margin-top: 0pt; margin-bottom: 0pt;\">\u00a0<\/p>\r\n<p dir=\"ltr\" style=\"line-height: 1.2; margin-top: 0pt; margin-bottom: 0pt;\">\u00a0<\/p>\r\n<p dir=\"ltr\" style=\"line-height: 1.2; margin-top: 0pt; margin-bottom: 0pt;\">\u00a0<\/p>\r\n<p dir=\"ltr\" style=\"line-height: 1.2; margin-top: 0pt; margin-bottom: 0pt;\">\r\n\r\n\r\n\r\n\r\n\r\n\r\n\r\n\r\n\r\n<\/p>\r\n<p dir=\"ltr\" style=\"text-align: justify; line-height: 1.2; margin-top: 0pt; margin-bottom: 0pt;\"><span style=\"color: #111111; font-family: Calibri, sans-serif;\"><span style=\"font-size: 16px; white-space: pre-wrap;\">Cid\u00e1lia Marques \u00e9 Mestre em Ci\u00eancias da Educa\u00e7\u00e3o pela Universidade Cat\u00f3lica Portuguesa. Possui Licenciatura Educa\u00e7\u00e3o Especial Problem\u00e1ticas de Risco e o curso do Magist\u00e9rio Prim\u00e1rio. Conta j\u00e1 com 36 anos de experi\u00eancia como docente do 1\u00ba ciclo e desde 1995 na utiliza\u00e7\u00e3o das TIC em contexto educativo. Outras experi\u00eancias educativas passam pela leciona\u00e7\u00e3o de disciplinas ligadas \u00e0s suas \u00e1reas de especializa\u00e7\u00e3o no ensino superior, nas ESES de Torres Novas e de Santar\u00e9m e no Instituto de Educa\u00e7\u00e3o da Universidade de Lisboa como professor convidado. Neste momento est\u00e1 em mobilidade no Centro de Compet\u00eancia TIC do IP Santar\u00e9m. Como \u00e1reas de interesse principais tem: Utiliza\u00e7\u00e3o das TIC em contexto Educativo, Ambientes Inovadores, Rob\u00f3tica Educativa, Pensamento Computacional e Educa\u00e7\u00e3o Especial.<\/span><\/span><span style=\"font-size: 0.875rem;\">\u00a0<\/span><\/p>\r\n<p dir=\"ltr\" style=\"line-height: 1.2; margin-top: 0pt; margin-bottom: 0pt;\">\u00a0<\/p>\r\n<p dir=\"ltr\" style=\"line-height: 1.2; margin-top: 0pt; margin-bottom: 0pt;\">\u00a0<\/p>\r\n<p dir=\"ltr\" style=\"line-height: 1.2; margin-top: 0pt; margin-bottom: 0pt;\">\r\n\r\n<\/p>\r\n<p dir=\"ltr\" style=\"line-height: 1.2; text-align: justify; margin-top: 0pt; margin-bottom: 0pt;\"><span style=\"font-size: 0.875rem;\">\u00a0<\/span><\/p>\r\n<p dir=\"ltr\" style=\"line-height: 1.2; margin-top: 0pt; margin-bottom: 0pt;\">\u00a0<\/p>\r\n<p dir=\"ltr\" style=\"line-height: 1.2; margin-top: 0pt; margin-bottom: 0pt;\">\r\n\r\n\r\n\r\n\r\n\r\n\r\n\r\n\r\n\r\n<\/p>\r\n<div style=\"font-size: 15px; font-family: Calibri, Arial, Helvetica, sans-serif, serif, EmojiFont; color: #201f1e;\">\r\n<p style=\"font-size: 11pt; font-family: Calibri, sans-serif;\"><span style=\"font-size: 12pt; color: black;\">Cristina Novo \u00e9 Professora Especialista em Educa\u00e7\u00e3o e Comunica\u00e7\u00e3o Multim\u00e9dia no\u00a0<\/span><span style=\"color: black; font-size: 12pt;\">Departamento de Tecnologias Educativas, do Instituto Polit\u00e9cnico de Santar\u00e9m, Escola Superior de Educa\u00e7\u00e3o\u00a0<\/span><span style=\"color: black; font-size: 12pt;\">Coordenadora do Centro de Compet\u00eancia TIC do IP de Santar\u00e9m.<\/span><\/p>\r\n<\/div>\r\n<div style=\"font-size: 15px; font-family: Calibri, Arial, Helvetica, sans-serif, serif, EmojiFont; color: #201f1e;\">\r\n<p style=\"font-size: 11pt; font-family: Calibri, sans-serif;\"><span style=\"font-size: 12pt; color: black;\">Mais de 3 d\u00e9cadas de trabalho e forma\u00e7\u00e3o na \u00e1rea das Tecnologias Educativas, na forma\u00e7\u00e3o inicial, p\u00f3s-graduada e cont\u00ednua de professores, em dom\u00ednios como: recursos educativos digitais, ensino a dist\u00e2ncia e educa\u00e7\u00e3o para a inclus\u00e3o e para a seguran\u00e7a e cidadania digital. Neste \u00e2mbito, tem produzido recursos educativos digitais, participado em projetos nacionais e internacionais, publicado artigos, intervindo igualmente em in\u00fameras confer\u00eancias e encontros nacionais e internacionais.<\/span><\/p>\r\n<p style=\"font-size: 11pt; font-family: Calibri, sans-serif;\"><span style=\"font-size: 12pt; color: black;\">Nos \u00faltimos 3 anos, tem pautado a sua a\u00e7\u00e3o como professora e investigadora convidada na Universidade de Santiago, em Cabo Verde, onde tem trabalhado na \u00e1rea das Tecnologias Educativas em especial no dom\u00ednio da Seguran\u00e7a e Cidadania Digital e com articula\u00e7\u00e3o com os agrupamentos de escolas da ilha de Santiago.<\/span><\/p>\r\n<\/div>\r\n<p dir=\"ltr\" style=\"line-height: 1.2; margin-top: 0pt; margin-bottom: 0pt;\">\u00a0<\/p>\r\n<p dir=\"ltr\" style=\"line-height: 1.2; margin-top: 0pt; margin-bottom: 0pt;\">\u00a0<\/p>\r\n<p dir=\"ltr\" style=\"line-height: 1.2; margin-top: 0pt; margin-bottom: 0pt;\">\r\n\r\n<\/p>\r\n<p dir=\"ltr\" style=\"line-height: 1.2; text-align: justify; margin-top: 0pt; margin-bottom: 0pt;\"><span style=\"font-size: 0.875rem;\">\u00a0<\/span><\/p>\r\n<p dir=\"ltr\" style=\"line-height: 1.2; margin-top: 0pt; margin-bottom: 0pt;\">\u00a0<\/p>\r\n<p dir=\"ltr\" style=\"line-height: 1.2; margin-top: 0pt; margin-bottom: 0pt;\">\r\n\r\n\r\n\r\n<\/p>","protected":false},"excerpt":{"rendered":"","protected":false},"author":17,"featured_media":0,"parent":0,"menu_order":0,"comment_status":"closed","ping_status":"closed","template":"","meta":[],"post_mailing_queue_ids":[],"_links":{"self":[{"href":"https:\/\/wordpress.educom.pt\/TIC-Portugal-22\/wp-json\/wp\/v2\/pages\/12544"}],"collection":[{"href":"https:\/\/wordpress.educom.pt\/TIC-Portugal-22\/wp-json\/wp\/v2\/pages"}],"about":[{"href":"https:\/\/wordpress.educom.pt\/TIC-Portugal-22\/wp-json\/wp\/v2\/types\/page"}],"author":[{"embeddable":true,"href":"https:\/\/wordpress.educom.pt\/TIC-Portugal-22\/wp-json\/wp\/v2\/users\/17"}],"replies":[{"embeddable":true,"href":"https:\/\/wordpress.educom.pt\/TIC-Portugal-22\/wp-json\/wp\/v2\/comments?post=12544"}],"version-history":[{"count":5,"href":"https:\/\/wordpress.educom.pt\/TIC-Portugal-22\/wp-json\/wp\/v2\/pages\/12544\/revisions"}],"predecessor-version":[{"id":12552,"href":"https:\/\/wordpress.educom.pt\/TIC-Portugal-22\/wp-json\/wp\/v2\/pages\/12544\/revisions\/12552"}],"wp:attachment":[{"href":"https:\/\/wordpress.educom.pt\/TIC-Portugal-22\/wp-json\/wp\/v2\/media?parent=12544"}],"curies":[{"name":"wp","href":"https:\/\/api.w.org\/{rel}","templated":true}]}}