{"id":12561,"date":"2022-07-04T15:47:12","date_gmt":"2022-07-04T14:47:12","guid":{"rendered":"https:\/\/wordpress.educom.pt\/TIC-Portugal-22\/?page_id=12064"},"modified":"2022-07-04T15:54:16","modified_gmt":"2022-07-04T14:54:16","slug":"notas-biograficas-david-costa","status":"publish","type":"page","link":"https:\/\/wordpress.educom.pt\/TIC-Portugal-22\/notas-biograficas-david-costa\/","title":{"rendered":"Notas biogr\u00e1ficas &#8211; David Costa"},"content":{"rendered":"\n\n\n\r\n<h2>David Filipe Costa\u00a0<\/h2>\r\n\n\r\n<p dir=\"ltr\" style=\"line-height: 1.2; margin-top: 0pt; margin-bottom: 0pt;\">\u00a0EDUCOM &#8211; Associa\u00e7\u00e3o Portuguesa de Telem\u00e1tica Educativa<\/p>\r\n\n\r\n<p>&nbsp;<\/p>\r\n<p dir=\"ltr\" style=\"line-height: 1.2; margin-top: 0pt; margin-bottom: 0pt;\">\n\n\n\n\n\n\n\n<p dir=\"ltr\" style=\"line-height: 1.2; margin-top: 0pt; margin-bottom: 0pt;\"><font color=\"#222222\" face=\"Roboto, sans-serif\"><span style=\"font-size: 13.3333px; white-space: pre-wrap;\">David Costa \u00e9 Professor do 1.\u00ba ciclo e formador na \u00e1rea do digital, desde 1996. \u00c9 Especializado em Administra\u00e7\u00e3o Escolar (2004) pelo INUAF, Mestre em Tecnologias Educativas (2018) e doutorando em TIC na Educa\u00e7\u00e3o (2020-\u2026) pelo IE-UL. Integra a dire\u00e7\u00e3o do N\u00facleo do Algarve da Associa\u00e7\u00e3o de Professores de Matem\u00e1tica e \u00e9 vice-presidente da Dire\u00e7\u00e3o da EDUCOM \u2013 Associa\u00e7\u00e3o Portuguesa de Telem\u00e1tica Educativa, associa\u00e7\u00e3o que promove o uso educativo inovador das tecnologias e ambientes digitais.<\/span><\/font><br><\/p>\n<p dir=\"ltr\" style=\"line-height: 1.2; margin-top: 0pt; margin-bottom: 0pt;\"><\/p>\n<p dir=\"ltr\" style=\"line-height: 1.2; margin-top: 0pt; margin-bottom: 0pt;\"><font color=\"#222222\" face=\"Roboto, sans-serif\"><span style=\"font-size: 13.3333px; white-space: pre-wrap;\">Em fun\u00e7\u00f5es no ccTIC Educom desde 2017\/2018, desenvolve o seu trabalho essencialmente na \u00e1rea de forma\u00e7\u00e3o cont\u00ednua de professores e no desenvolvimento de atividades no \u00e2mbito da cidadania digital para alunos; desenvolve, acompanha e monitoriza projetos no \u00e2mbito da educa\u00e7\u00e3o digital e das tecnologias educativas.<\/span><\/font><br><\/p>\n<p dir=\"ltr\" style=\"line-height: 1.2; margin-top: 0pt; margin-bottom: 0pt;\"><\/p>\n\n\n","protected":false},"excerpt":{"rendered":"","protected":false},"author":9,"featured_media":0,"parent":0,"menu_order":0,"comment_status":"closed","ping_status":"closed","template":"","meta":[],"post_mailing_queue_ids":[],"_links":{"self":[{"href":"https:\/\/wordpress.educom.pt\/TIC-Portugal-22\/wp-json\/wp\/v2\/pages\/12561"}],"collection":[{"href":"https:\/\/wordpress.educom.pt\/TIC-Portugal-22\/wp-json\/wp\/v2\/pages"}],"about":[{"href":"https:\/\/wordpress.educom.pt\/TIC-Portugal-22\/wp-json\/wp\/v2\/types\/page"}],"author":[{"embeddable":true,"href":"https:\/\/wordpress.educom.pt\/TIC-Portugal-22\/wp-json\/wp\/v2\/users\/9"}],"replies":[{"embeddable":true,"href":"https:\/\/wordpress.educom.pt\/TIC-Portugal-22\/wp-json\/wp\/v2\/comments?post=12561"}],"version-history":[{"count":2,"href":"https:\/\/wordpress.educom.pt\/TIC-Portugal-22\/wp-json\/wp\/v2\/pages\/12561\/revisions"}],"predecessor-version":[{"id":12565,"href":"https:\/\/wordpress.educom.pt\/TIC-Portugal-22\/wp-json\/wp\/v2\/pages\/12561\/revisions\/12565"}],"wp:attachment":[{"href":"https:\/\/wordpress.educom.pt\/TIC-Portugal-22\/wp-json\/wp\/v2\/media?parent=12561"}],"curies":[{"name":"wp","href":"https:\/\/api.w.org\/{rel}","templated":true}]}}