{"id":12576,"date":"2022-07-04T20:03:13","date_gmt":"2022-07-04T19:03:13","guid":{"rendered":"https:\/\/wordpress.educom.pt\/TIC-Portugal-22\/?page_id=12064"},"modified":"2022-07-04T20:03:13","modified_gmt":"2022-07-04T19:03:13","slug":"sp-monte-de-caparica-2-a-aplicacao-das-ferramentas-nearpod-e-flipgrid-no-contexto-de-ensino-e-aprendizagem","status":"publish","type":"page","link":"https:\/\/wordpress.educom.pt\/TIC-Portugal-22\/sp-monte-de-caparica-2-a-aplicacao-das-ferramentas-nearpod-e-flipgrid-no-contexto-de-ensino-e-aprendizagem\/","title":{"rendered":"SP Monte de Caparica 2 &#8211; A Aplica\u00e7\u00e3o das ferramentas Nearpod e Flipgrid no contexto de ensino e Aprendizagem"},"content":{"rendered":"\r\n\r\n\r\n\r\n\r\n\r\n\r\n<h2>SP Monte de Caparica 2 &#8211; A aplica\u00e7\u00e3o das ferramentas Nearpod e Flipgrid no contexto de ensino e Aprendizagem<\/h2>\r\n\r\n\r\n\r\n<p><strong>Por Carla Oliveira<\/strong><\/p>\r\n<p dir=\"ltr\" style=\"line-height: 1.2; margin-top: 0pt; margin-bottom: 0pt;\"><span id=\"docs-internal-guid-b7b31577-7fff-be90-fb7c-0d643d24be9e\"><span style=\"font-variant-numeric: normal; font-variant-east-asian: normal; vertical-align: baseline;\"><strong>Centro de Compet\u00eancia EDUCOM &#8211; Monte de Caparica<\/strong><\/span><\/span><\/p>\r\n\r\n\r\n\r\n<p dir=\"ltr\" style=\"line-height: 1.2; margin-top: 0pt; margin-bottom: 0pt;\">\u00a0<\/p>\r\n\r\n\r\n\r\n<p dir=\"ltr\" style=\"line-height: 1.2; margin-top: 0pt; margin-bottom: 0pt;\"><span style=\"color: #222222; font-family: Roboto, sans-serif;\"><span style=\"white-space: pre-wrap;\">As ferramentas Nearpod e Flipgrid permitem a cria\u00e7\u00e3o de recursos digitais motivadores e apelativos que levam os alunos a serem os principais agentes ativos no seu processo de aprendizagem.<\/span><\/span><span style=\"font-size: 0.875rem;\">\u00a0<\/span><\/p>\r\n<p dir=\"ltr\" style=\"line-height: 1.2; margin-top: 0pt; margin-bottom: 0pt;\">\u00a0<\/p>\r\n\r\n\r\n\r\n<p><span style=\"font-size: 0.875rem; color: #000000;\"><strong>Requisitos necess\u00e1rios:<\/strong>\u00a0<\/span><\/p>\r\n<p dir=\"ltr\" style=\"line-height: 1.2; margin-top: 0pt; margin-bottom: 0pt;\">\r\n\r\n<\/p>\r\n<p>&nbsp;<\/p>\r\n<p dir=\"ltr\" style=\"line-height: 1.2; margin-top: 0pt; margin-bottom: 0pt;\"><span style=\"font-size: 10.5pt; font-family: Roboto, sans-serif; color: #222222; background-color: transparent; font-variant-numeric: normal; font-variant-east-asian: normal; vertical-align: baseline; white-space: pre-wrap;\">Computador e liga\u00e7\u00e3o \u00e0 Internet. <\/span><\/p>\r\n<p>&nbsp;<\/p>\r\n<p dir=\"ltr\" style=\"line-height: 1.2; margin-top: 0pt; margin-bottom: 0pt;\">\u00a0<\/p>\r\n<p dir=\"ltr\" style=\"line-height: 1.2; margin-top: 0pt; margin-bottom: 0pt;\">\r\n\r\n<\/p>\r\n<p><strong>Sobre os dinamizadores: <\/strong><\/p>\r\n<p dir=\"ltr\" style=\"line-height: 1.2; margin-top: 0pt; margin-bottom: 0pt;\">\r\n\r\n\r\n\r\n\r\n\r\n\r\n\r\n\r\n\r\n<\/p>\r\n<p dir=\"ltr\" style=\"line-height: 1.2; margin-top: 0pt; margin-bottom: 0pt;\"><span style=\"background-color: transparent; font-size: 10.5pt; color: #222222; font-family: Roboto, sans-serif; white-space: pre-wrap;\">Carla Oliveira \u00e9 docente e <\/span><span style=\"color: #222222; font-family: Roboto, sans-serif;\"><span style=\"white-space: pre-wrap;\">Formadora. Concluiu em 2005 a licenciatura em Tecnologias de Informa\u00e7\u00e3o Empresarial. Ingressou em 2006 no Ensino at\u00e9 ao presente e come\u00e7ou a exercer fun\u00e7\u00f5es de Formadora de professores desde 2007. Em 2011 concluiu um mestrado em tecnologias e metodologias e em e-learning.<\/span><\/span><\/p>\r\n<p dir=\"ltr\" style=\"line-height: 1.2; margin-top: 0pt; margin-bottom: 0pt;\">\u00a0<\/p>\r\n<p dir=\"ltr\" style=\"line-height: 1.2; margin-top: 0pt; margin-bottom: 0pt;\"><\/p>","protected":false},"excerpt":{"rendered":"","protected":false},"author":17,"featured_media":0,"parent":0,"menu_order":0,"comment_status":"closed","ping_status":"closed","template":"","meta":[],"post_mailing_queue_ids":[],"_links":{"self":[{"href":"https:\/\/wordpress.educom.pt\/TIC-Portugal-22\/wp-json\/wp\/v2\/pages\/12576"}],"collection":[{"href":"https:\/\/wordpress.educom.pt\/TIC-Portugal-22\/wp-json\/wp\/v2\/pages"}],"about":[{"href":"https:\/\/wordpress.educom.pt\/TIC-Portugal-22\/wp-json\/wp\/v2\/types\/page"}],"author":[{"embeddable":true,"href":"https:\/\/wordpress.educom.pt\/TIC-Portugal-22\/wp-json\/wp\/v2\/users\/17"}],"replies":[{"embeddable":true,"href":"https:\/\/wordpress.educom.pt\/TIC-Portugal-22\/wp-json\/wp\/v2\/comments?post=12576"}],"version-history":[{"count":3,"href":"https:\/\/wordpress.educom.pt\/TIC-Portugal-22\/wp-json\/wp\/v2\/pages\/12576\/revisions"}],"predecessor-version":[{"id":12580,"href":"https:\/\/wordpress.educom.pt\/TIC-Portugal-22\/wp-json\/wp\/v2\/pages\/12576\/revisions\/12580"}],"wp:attachment":[{"href":"https:\/\/wordpress.educom.pt\/TIC-Portugal-22\/wp-json\/wp\/v2\/media?parent=12576"}],"curies":[{"name":"wp","href":"https:\/\/api.w.org\/{rel}","templated":true}]}}