{"id":12586,"date":"2022-07-04T20:23:12","date_gmt":"2022-07-04T19:23:12","guid":{"rendered":"https:\/\/wordpress.educom.pt\/TIC-Portugal-22\/?page_id=12064"},"modified":"2022-07-04T20:29:22","modified_gmt":"2022-07-04T19:29:22","slug":"sp-monte-de-caparica-4-duas-aplicacoes-para-a-inovacao-plickers-e-genially","status":"publish","type":"page","link":"https:\/\/wordpress.educom.pt\/TIC-Portugal-22\/sp-monte-de-caparica-4-duas-aplicacoes-para-a-inovacao-plickers-e-genially\/","title":{"rendered":"SP Monte de Caparica 4 &#8211; Duas aplica\u00e7\u00f5es para a inova\u00e7\u00e3o: Plickers e Genially"},"content":{"rendered":"\n\n\n\r\n<h2>SP Monte de Caparica 4 &#8211; Duas aplica\u00e7\u00f5es para a inova\u00e7\u00e3o: Plickers e Genially<\/h2>\r\n\n\r\n<p><strong>Por Carolina Pereira e Leonor Lu\u00eds<\/strong><\/p>\r\n<p dir=\"ltr\" style=\"line-height: 1.2; margin-top: 0pt; margin-bottom: 0pt;\"><span id=\"docs-internal-guid-b7b31577-7fff-be90-fb7c-0d643d24be9e\"><span style=\"font-variant-numeric: normal; font-variant-east-asian: normal; vertical-align: baseline;\"><strong>Centro de Compet\u00eancia EDUCOM &#8211; Monte de Caparica<\/strong><\/span><\/span><\/p>\r\n\n\r\n<p dir=\"ltr\" style=\"line-height: 1.2; margin-top: 0pt; margin-bottom: 0pt;\">\u00a0<\/p>\r\n\n\r\n<p dir=\"ltr\" style=\"line-height: 1.2; margin-top: 0pt; margin-bottom: 0pt;\">O Projeto Escol@s Digitais tem como finalidade estimular e apoiar a transforma\u00e7\u00e3o digital nas escolas p\u00fablicas do 1\u00ba Ciclo do Ensino B\u00e1sico da rede p\u00fablica municipal da Amadora atrav\u00e9s da integra\u00e7\u00e3o de tecnologias digitais no seu curr\u00edculo escolar.<br \/>Por forma a atingir esse mesmo fim, o Projeto tem por base 3 eixos, nomeadamente: <br \/>Observat\u00f3rio Amadora Digital;<br \/>Certifica\u00e7\u00e3o Digital;<br \/>Aprender Com Tecnologias.<br \/>Assim sendo, neste Encontro o foco ir\u00e1 incidir-se no 3\u00ba eixo &#8211; Aprender Com Tecnologias Digitais &#8211; onde foram desenvolvidos 2 workshops tendo em conta a ausculta\u00e7\u00e3o das necessidades dos professores do 1\u00ba Ciclo do Ensino B\u00e1sico. Deste modo, o primeiro momento tem como intuito a explora\u00e7\u00e3o da ferramenta Plickers, sendo que esta permite a cria\u00e7\u00e3o de exerc\u00edcios e a respetiva recolha de respostas da turma face a esse mesmo exerc\u00edcio. J\u00e1 o segundo momento prende-se com a explora\u00e7\u00e3o da ferramenta Genially, sendo que esta proporciona ao seu utilizador a cria\u00e7\u00e3o de v\u00e1rios tipos de conte\u00fado interativo.<\/p>\r\n<p dir=\"ltr\" style=\"line-height: 1.2; margin-top: 0pt; margin-bottom: 0pt;\">\u00a0<\/p>\r\n\n\r\n<p><span style=\"font-size: 0.875rem; color: #000000;\"><strong>Requisitos necess\u00e1rios:<\/strong>\u00a0<\/span><\/p>\r\n<p dir=\"ltr\" style=\"line-height: 1.2; margin-top: 0pt; margin-bottom: 0pt;\">\n<\/p>\r\n<p>&nbsp;<\/p>\r\n<p dir=\"ltr\" style=\"line-height: 1.2; margin-top: 0pt; margin-bottom: 0pt;\"><span style=\"font-size: 10.5pt; font-family: Roboto, sans-serif; color: #222222; background-color: transparent; font-variant-numeric: normal; font-variant-east-asian: normal; vertical-align: baseline; white-space: pre-wrap;\">Computador e liga\u00e7\u00e3o \u00e0 Internet. <\/span><\/p>\r\n<p>&nbsp;<\/p>\r\n<p dir=\"ltr\" style=\"line-height: 1.2; margin-top: 0pt; margin-bottom: 0pt;\">\u00a0<\/p>\r\n<p dir=\"ltr\" style=\"line-height: 1.2; margin-top: 0pt; margin-bottom: 0pt;\">\n<\/p>\r\n<p><strong>Sobre os dinamizadores: <\/strong><\/p>\r\n<p dir=\"ltr\" style=\"line-height: 1.2; margin-top: 0pt; margin-bottom: 0pt;\">\n\n\n\n\n\n\n\n<font color=\"#222222\" face=\"Roboto, sans-serif\"><span style=\"white-space: pre-wrap;\">Carolina Pereira \u00e9 Doutorada em Educa\u00e7\u00e3o e Docente do ensino superior desde 2001. Desde 2009 Professora do IE Ulisboa. Trabalha e estuda modelos de ensino a dist\u00e2ncia e a integra\u00e7\u00e3o das tecnologias no ensino e aprendizagem.<\/span><\/font>&nbsp;<p dir=\"ltr\" style=\"line-height: 1.2; margin-top: 0pt; margin-bottom: 0pt;\"><span style=\"font-size: 0.875rem;\">&nbsp;<\/span><br><\/p>\n<p dir=\"ltr\" style=\"line-height: 1.2; margin-top: 0pt; margin-bottom: 0pt;\">&nbsp;<\/p>\n<p dir=\"ltr\" style=\"line-height: 1.2; margin-top: 0pt; margin-bottom: 0pt;\">&nbsp;<\/p>\n<p dir=\"ltr\" style=\"line-height: 1.2; margin-top: 0pt; margin-bottom: 0pt;\"><\/p>\n\n\n\n\n\n\n\n<p dir=\"ltr\" style=\"line-height: 1.2; margin-top: 0pt; margin-bottom: 0pt;\"><font color=\"#222222\" face=\"Roboto, sans-serif\"><span style=\"white-space: pre-wrap;\">Leonor Lu\u00eds \u00e9 licenciada em Educa\u00e7\u00e3o e Forma\u00e7\u00e3o pelo Instituto de Educa\u00e7\u00e3o da Universidade de Lisboa. Atualmente Mestranda em Educa\u00e7\u00e3o e Forma\u00e7\u00e3o com especializa\u00e7\u00e3o em Organiza\u00e7\u00e3o e Gest\u00e3o da Educa\u00e7\u00e3o e da Forma\u00e7\u00e3o do Instituto de Educa\u00e7\u00e3o da Universidade de Lisboa. Membro da Equipa do Projeto Escol@s Digitais.&nbsp;<\/span><\/font><\/p><div><font color=\"#222222\" face=\"Roboto, sans-serif\"><span style=\"white-space: pre-wrap;\">&nbsp;<\/span><\/font><br><\/div>\n<p dir=\"ltr\" style=\"line-height: 1.2; margin-top: 0pt; margin-bottom: 0pt;\">&nbsp;<\/p>\n<p dir=\"ltr\" style=\"line-height: 1.2; margin-top: 0pt; margin-bottom: 0pt;\">&nbsp;<\/p>\n<p dir=\"ltr\" style=\"line-height: 1.2; margin-top: 0pt; margin-bottom: 0pt;\"><\/p>\n\n\n","protected":false},"excerpt":{"rendered":"","protected":false},"author":17,"featured_media":0,"parent":0,"menu_order":0,"comment_status":"closed","ping_status":"closed","template":"","meta":[],"post_mailing_queue_ids":[],"_links":{"self":[{"href":"https:\/\/wordpress.educom.pt\/TIC-Portugal-22\/wp-json\/wp\/v2\/pages\/12586"}],"collection":[{"href":"https:\/\/wordpress.educom.pt\/TIC-Portugal-22\/wp-json\/wp\/v2\/pages"}],"about":[{"href":"https:\/\/wordpress.educom.pt\/TIC-Portugal-22\/wp-json\/wp\/v2\/types\/page"}],"author":[{"embeddable":true,"href":"https:\/\/wordpress.educom.pt\/TIC-Portugal-22\/wp-json\/wp\/v2\/users\/17"}],"replies":[{"embeddable":true,"href":"https:\/\/wordpress.educom.pt\/TIC-Portugal-22\/wp-json\/wp\/v2\/comments?post=12586"}],"version-history":[{"count":3,"href":"https:\/\/wordpress.educom.pt\/TIC-Portugal-22\/wp-json\/wp\/v2\/pages\/12586\/revisions"}],"predecessor-version":[{"id":12591,"href":"https:\/\/wordpress.educom.pt\/TIC-Portugal-22\/wp-json\/wp\/v2\/pages\/12586\/revisions\/12591"}],"wp:attachment":[{"href":"https:\/\/wordpress.educom.pt\/TIC-Portugal-22\/wp-json\/wp\/v2\/media?parent=12586"}],"curies":[{"name":"wp","href":"https:\/\/api.w.org\/{rel}","templated":true}]}}