{"id":1015,"date":"2023-06-15T14:35:33","date_gmt":"2023-06-15T14:35:33","guid":{"rendered":"https:\/\/wordpress.educom.pt\/TIC-Portugal-23\/?page_id=1015"},"modified":"2023-06-15T14:38:06","modified_gmt":"2023-06-15T14:38:06","slug":"cc1seia-projeto","status":"publish","type":"page","link":"https:\/\/wordpress.educom.pt\/TIC-Portugal-23\/cc1seia-projeto\/","title":{"rendered":"Projeto &#8211; Vamos conhecer os pa\u00edses europeus"},"content":{"rendered":"\t\t<div data-elementor-type=\"wp-page\" data-elementor-id=\"1015\" class=\"elementor elementor-1015\">\n\t\t\t\t\t\t\t<div class=\"elementor-element elementor-element-9f4961d e-con-boxed e-flex e-con\" data-id=\"9f4961d\" data-element_type=\"container\" data-settings=\"{&quot;content_width&quot;:&quot;boxed&quot;}\">\n\t\t\t\t\t<div class=\"e-con-inner\">\n\t\t\t\t<div class=\"elementor-element elementor-element-fdebc36 elementor-widget elementor-widget-heading\" data-id=\"fdebc36\" data-element_type=\"widget\" data-widget_type=\"heading.default\">\n\t\t\t\t<div class=\"elementor-widget-container\">\n\t\t\t<style>\/*! elementor - v3.13.1 - 09-05-2023 *\/\n.elementor-heading-title{padding:0;margin:0;line-height:1}.elementor-widget-heading .elementor-heading-title[class*=elementor-size-]>a{color:inherit;font-size:inherit;line-height:inherit}.elementor-widget-heading .elementor-heading-title.elementor-size-small{font-size:15px}.elementor-widget-heading .elementor-heading-title.elementor-size-medium{font-size:19px}.elementor-widget-heading .elementor-heading-title.elementor-size-large{font-size:29px}.elementor-widget-heading .elementor-heading-title.elementor-size-xl{font-size:39px}.elementor-widget-heading .elementor-heading-title.elementor-size-xxl{font-size:59px}<\/style><h6 class=\"elementor-heading-title elementor-size-default\">Comunica\u00e7\u00e3o Convencional - TIC@Portugal'23 - Seia<\/h6>\t\t<\/div>\n\t\t\t\t<\/div>\n\t\t\t\t<div class=\"elementor-element elementor-element-d58c4f4 elementor-invisible elementor-widget elementor-widget-text-editor\" data-id=\"d58c4f4\" data-element_type=\"widget\" data-settings=\"{&quot;_animation&quot;:&quot;fadeInDown&quot;}\" data-widget_type=\"text-editor.default\">\n\t\t\t\t<div class=\"elementor-widget-container\">\n\t\t\t<style>\/*! elementor - v3.13.1 - 09-05-2023 *\/\n.elementor-widget-text-editor.elementor-drop-cap-view-stacked .elementor-drop-cap{background-color:#69727d;color:#fff}.elementor-widget-text-editor.elementor-drop-cap-view-framed .elementor-drop-cap{color:#69727d;border:3px solid;background-color:transparent}.elementor-widget-text-editor:not(.elementor-drop-cap-view-default) .elementor-drop-cap{margin-top:8px}.elementor-widget-text-editor:not(.elementor-drop-cap-view-default) .elementor-drop-cap-letter{width:1em;height:1em}.elementor-widget-text-editor .elementor-drop-cap{float:left;text-align:center;line-height:1;font-size:50px}.elementor-widget-text-editor .elementor-drop-cap-letter{display:inline-block}<\/style>\t\t\t\t<p>Por <strong>Fernando Vasques<\/strong><span data-sheets-value=\"{&quot;1&quot;:2,&quot;2&quot;:&quot;Patr\u00edcia Alexandra Lu\u00edsa Viegas&quot;}\" data-sheets-userformat=\"{&quot;2&quot;:8897,&quot;3&quot;:{&quot;1&quot;:0},&quot;9&quot;:1,&quot;10&quot;:0,&quot;12&quot;:0,&quot;16&quot;:12}\">, Conservat\u00f3rio de M\u00fasica da Covilh\u00e3<\/span><\/p>\t\t\t\t\t\t<\/div>\n\t\t\t\t<\/div>\n\t\t\t\t<div class=\"elementor-element elementor-element-66218f0 elementor-invisible elementor-widget elementor-widget-text-editor\" data-id=\"66218f0\" data-element_type=\"widget\" data-settings=\"{&quot;_animation&quot;:&quot;fadeInUp&quot;}\" data-widget_type=\"text-editor.default\">\n\t\t\t\t<div class=\"elementor-widget-container\">\n\t\t\t\t\t\t\t<p>Este \u00e9 um projeto interdisciplinar desenvolvido por uma turma de 3.\u00ba ano do Conservat\u00f3rio de M\u00fasica da Covilh\u00e3 nas aulas de Portugu\u00eas, Matem\u00e1tica e Estudo do Meio.<br \/>Este trabalho teve origem na curiosidade dos alunos em aprender algo mais sobre alguns pa\u00edses europeus. A partir da\u00ed, desenvolveu-se um projeto em que os alunos foram os atores principais na defini\u00e7\u00e3o das etapas, na pesquisa e constru\u00e7\u00e3o do produto final como uma viagem no Google Earth. <br \/>Usamos a metodologia trabalho projeto como apoio, onde toda as fases ficaram registadas. <br \/>Com este trabalho conseguimos desenvolver a colabora\u00e7\u00e3o, a comunica\u00e7\u00e3o, a compet\u00eancia de saber pesquisar e usar o pensamento cr\u00edtico para perceber se \u00e9 importante, como tamb\u00e9m a no\u00e7\u00e3o espacial e geogr\u00e1fica dos alunos. <br \/>Podem consultar o projeto em: <a href=\"https:\/\/tinyurl.com\/cc48fe7d\" target=\"_blank\" rel=\"noopener\">https:\/\/tinyurl.com\/cc48fe7d<\/a> <br \/>A estrutura do trabalho est\u00e1 organizada por ordem alfab\u00e9tica. Primeiro surge a localiza\u00e7\u00e3o do pa\u00eds, de seguida uma breve apresenta\u00e7\u00e3o do mesmo e para finalizar temos a possibilidade de visitar tr\u00eas monumentos.<\/p>\t\t\t\t\t\t<\/div>\n\t\t\t\t<\/div>\n\t\t\t\t\t<\/div>\n\t\t\t\t<\/div>\n\t\t\t\t\t\t\t<\/div>\n\t\t","protected":false},"excerpt":{"rendered":"<p>Comunica\u00e7\u00e3o Convencional &#8211; TIC@Portugal&#8217;23 &#8211; Seia Por Fernando Vasques, Conservat\u00f3rio de M\u00fasica da Covilh\u00e3 Este \u00e9 um projeto interdisciplinar desenvolvido por uma turma de 3.\u00ba ano do Conservat\u00f3rio de M\u00fasica da Covilh\u00e3 nas aulas de Portugu\u00eas, Matem\u00e1tica e Estudo do Meio.Este trabalho teve origem na curiosidade dos alunos em aprender algo mais sobre alguns pa\u00edses europeus. A partir da\u00ed, desenvolveu-se um projeto em que os alunos foram os atores principais na defini\u00e7\u00e3o das etapas, na pesquisa e constru\u00e7\u00e3o do produto final como uma viagem no Google Earth. Usamos a metodologia trabalho projeto como apoio, onde toda as fases ficaram registadas.\u2026<\/p>\n","protected":false},"author":2,"featured_media":0,"parent":0,"menu_order":0,"comment_status":"closed","ping_status":"closed","template":"","meta":{"footnotes":""},"class_list":["post-1015","page","type-page","status-publish","hentry"],"blocksy_meta":"","_links":{"self":[{"href":"https:\/\/wordpress.educom.pt\/TIC-Portugal-23\/wp-json\/wp\/v2\/pages\/1015","targetHints":{"allow":["GET"]}}],"collection":[{"href":"https:\/\/wordpress.educom.pt\/TIC-Portugal-23\/wp-json\/wp\/v2\/pages"}],"about":[{"href":"https:\/\/wordpress.educom.pt\/TIC-Portugal-23\/wp-json\/wp\/v2\/types\/page"}],"author":[{"embeddable":true,"href":"https:\/\/wordpress.educom.pt\/TIC-Portugal-23\/wp-json\/wp\/v2\/users\/2"}],"replies":[{"embeddable":true,"href":"https:\/\/wordpress.educom.pt\/TIC-Portugal-23\/wp-json\/wp\/v2\/comments?post=1015"}],"version-history":[{"count":4,"href":"https:\/\/wordpress.educom.pt\/TIC-Portugal-23\/wp-json\/wp\/v2\/pages\/1015\/revisions"}],"predecessor-version":[{"id":1020,"href":"https:\/\/wordpress.educom.pt\/TIC-Portugal-23\/wp-json\/wp\/v2\/pages\/1015\/revisions\/1020"}],"wp:attachment":[{"href":"https:\/\/wordpress.educom.pt\/TIC-Portugal-23\/wp-json\/wp\/v2\/media?parent=1015"}],"curies":[{"name":"wp","href":"https:\/\/api.w.org\/{rel}","templated":true}]}}