{"id":1380,"date":"2023-06-19T12:57:56","date_gmt":"2023-06-19T12:57:56","guid":{"rendered":"https:\/\/wordpress.educom.pt\/TIC-Portugal-23\/?page_id=1380"},"modified":"2023-06-19T13:08:14","modified_gmt":"2023-06-19T13:08:14","slug":"spsantarem-siima","status":"publish","type":"page","link":"https:\/\/wordpress.educom.pt\/TIC-Portugal-23\/spsantarem-siima\/","title":{"rendered":"Avalia\u00e7\u00e3o Interativa com a SIMA"},"content":{"rendered":"\t\t<div data-elementor-type=\"wp-page\" data-elementor-id=\"1380\" class=\"elementor elementor-1380\">\n\t\t\t\t\t\t\t<div class=\"elementor-element elementor-element-9f4961d e-con-boxed e-flex e-con\" data-id=\"9f4961d\" data-element_type=\"container\" data-settings=\"{&quot;content_width&quot;:&quot;boxed&quot;}\">\n\t\t\t\t\t<div class=\"e-con-inner\">\n\t\t\t\t<div class=\"elementor-element elementor-element-fdebc36 elementor-widget elementor-widget-heading\" data-id=\"fdebc36\" data-element_type=\"widget\" data-widget_type=\"heading.default\">\n\t\t\t\t<div class=\"elementor-widget-container\">\n\t\t\t<style>\/*! elementor - v3.13.1 - 09-05-2023 *\/\n.elementor-heading-title{padding:0;margin:0;line-height:1}.elementor-widget-heading .elementor-heading-title[class*=elementor-size-]>a{color:inherit;font-size:inherit;line-height:inherit}.elementor-widget-heading .elementor-heading-title.elementor-size-small{font-size:15px}.elementor-widget-heading .elementor-heading-title.elementor-size-medium{font-size:19px}.elementor-widget-heading .elementor-heading-title.elementor-size-large{font-size:29px}.elementor-widget-heading .elementor-heading-title.elementor-size-xl{font-size:39px}.elementor-widget-heading .elementor-heading-title.elementor-size-xxl{font-size:59px}<\/style><h6 class=\"elementor-heading-title elementor-size-default\">Sess\u00e3o Pr\u00e1tica - TIC@Portugal'23 - Santar\u00e9m - Escola Superior de Educa\u00e7\u00e3o de Santar\u00e9m<\/h6>\t\t<\/div>\n\t\t\t\t<\/div>\n\t\t\t\t<div class=\"elementor-element elementor-element-d58c4f4 elementor-invisible elementor-widget elementor-widget-text-editor\" data-id=\"d58c4f4\" data-element_type=\"widget\" data-settings=\"{&quot;_animation&quot;:&quot;fadeInDown&quot;}\" data-widget_type=\"text-editor.default\">\n\t\t\t\t<div class=\"elementor-widget-container\">\n\t\t\t<style>\/*! elementor - v3.13.1 - 09-05-2023 *\/\n.elementor-widget-text-editor.elementor-drop-cap-view-stacked .elementor-drop-cap{background-color:#69727d;color:#fff}.elementor-widget-text-editor.elementor-drop-cap-view-framed .elementor-drop-cap{color:#69727d;border:3px solid;background-color:transparent}.elementor-widget-text-editor:not(.elementor-drop-cap-view-default) .elementor-drop-cap{margin-top:8px}.elementor-widget-text-editor:not(.elementor-drop-cap-view-default) .elementor-drop-cap-letter{width:1em;height:1em}.elementor-widget-text-editor .elementor-drop-cap{float:left;text-align:center;line-height:1;font-size:50px}.elementor-widget-text-editor .elementor-drop-cap-letter{display:inline-block}<\/style>\t\t\t\t<p>Por <strong>Bruno Conde<\/strong> &#8211; CCEMS e AE Domingos Sequeira<\/p>\t\t\t\t\t\t<\/div>\n\t\t\t\t<\/div>\n\t\t\t\t<div class=\"elementor-element elementor-element-66218f0 elementor-invisible elementor-widget elementor-widget-text-editor\" data-id=\"66218f0\" data-element_type=\"widget\" data-settings=\"{&quot;_animation&quot;:&quot;fadeInUp&quot;}\" data-widget_type=\"text-editor.default\">\n\t\t\t\t<div class=\"elementor-widget-container\">\n\t\t\t\t\t\t\t<p>As ferramentas de avalia\u00e7\u00e3o digitais (Kahoot, Quizizz, Forms, entre outras) potenciam um maior envolvimento dos alunos e a possibilidade de o professor monitorizar as aprendizagens em tempo real. Assim, verifica-se uma maior efici\u00eancia nos processos de aprendizagem e um simult\u00e2neo refor\u00e7o do papel do professor como mediador desses processos. A aplica\u00e7\u00e3o SIMA destaca-se das demais por permitir a utiliza\u00e7\u00e3o de dispositivos m\u00f3veis dos alunos, com ou sem liga\u00e7\u00e3o \u00e0 Internet.<\/p><p><strong>Destinat\u00e1rios:<\/strong>\u00a0transversal a todos os ciclos e disciplinas<\/p><p><strong>Requisitos de participa\u00e7\u00e3o:<\/strong> computador (preferencial) ou tablet\/telem\u00f3vel<\/p>\t\t\t\t\t\t<\/div>\n\t\t\t\t<\/div>\n\t\t\t\t\t<\/div>\n\t\t\t\t<\/div>\n\t\t\t\t\t\t\t<\/div>\n\t\t","protected":false},"excerpt":{"rendered":"<p>Sess\u00e3o Pr\u00e1tica &#8211; TIC@Portugal&#8217;23 &#8211; Santar\u00e9m &#8211; Escola Superior de Educa\u00e7\u00e3o de Santar\u00e9m Por Bruno Conde &#8211; CCEMS e AE Domingos Sequeira As ferramentas de avalia\u00e7\u00e3o digitais (Kahoot, Quizizz, Forms, entre outras) potenciam um maior envolvimento dos alunos e a possibilidade de o professor monitorizar as aprendizagens em tempo real. Assim, verifica-se uma maior efici\u00eancia nos processos de aprendizagem e um simult\u00e2neo refor\u00e7o do papel do professor como mediador desses processos. A aplica\u00e7\u00e3o SIMA destaca-se das demais por permitir a utiliza\u00e7\u00e3o de dispositivos m\u00f3veis dos alunos, com ou sem liga\u00e7\u00e3o \u00e0 Internet. Destinat\u00e1rios:\u00a0transversal a todos os ciclos e disciplinas Requisitos\u2026<\/p>\n","protected":false},"author":2,"featured_media":0,"parent":0,"menu_order":0,"comment_status":"closed","ping_status":"closed","template":"","meta":{"footnotes":""},"class_list":["post-1380","page","type-page","status-publish","hentry"],"blocksy_meta":"","_links":{"self":[{"href":"https:\/\/wordpress.educom.pt\/TIC-Portugal-23\/wp-json\/wp\/v2\/pages\/1380","targetHints":{"allow":["GET"]}}],"collection":[{"href":"https:\/\/wordpress.educom.pt\/TIC-Portugal-23\/wp-json\/wp\/v2\/pages"}],"about":[{"href":"https:\/\/wordpress.educom.pt\/TIC-Portugal-23\/wp-json\/wp\/v2\/types\/page"}],"author":[{"embeddable":true,"href":"https:\/\/wordpress.educom.pt\/TIC-Portugal-23\/wp-json\/wp\/v2\/users\/2"}],"replies":[{"embeddable":true,"href":"https:\/\/wordpress.educom.pt\/TIC-Portugal-23\/wp-json\/wp\/v2\/comments?post=1380"}],"version-history":[{"count":7,"href":"https:\/\/wordpress.educom.pt\/TIC-Portugal-23\/wp-json\/wp\/v2\/pages\/1380\/revisions"}],"predecessor-version":[{"id":1393,"href":"https:\/\/wordpress.educom.pt\/TIC-Portugal-23\/wp-json\/wp\/v2\/pages\/1380\/revisions\/1393"}],"wp:attachment":[{"href":"https:\/\/wordpress.educom.pt\/TIC-Portugal-23\/wp-json\/wp\/v2\/media?parent=1380"}],"curies":[{"name":"wp","href":"https:\/\/api.w.org\/{rel}","templated":true}]}}