{"id":1492,"date":"2023-06-19T18:41:57","date_gmt":"2023-06-19T18:41:57","guid":{"rendered":"https:\/\/wordpress.educom.pt\/TIC-Portugal-23\/?page_id=1492"},"modified":"2023-06-19T18:43:56","modified_gmt":"2023-06-19T18:43:56","slug":"sp2setubal-simuladores","status":"publish","type":"page","link":"https:\/\/wordpress.educom.pt\/TIC-Portugal-23\/sp2setubal-simuladores\/","title":{"rendered":"Programa\u00e7\u00e3o e Simuladores de Rob\u00f4s no Ensino de Matem\u00e1tica"},"content":{"rendered":"\t\t<div data-elementor-type=\"wp-page\" data-elementor-id=\"1492\" class=\"elementor elementor-1492\">\n\t\t\t\t\t\t\t<div class=\"elementor-element elementor-element-9f4961d e-con-boxed e-flex e-con\" data-id=\"9f4961d\" data-element_type=\"container\" data-settings=\"{&quot;content_width&quot;:&quot;boxed&quot;}\">\n\t\t\t\t\t<div class=\"e-con-inner\">\n\t\t\t\t<div class=\"elementor-element elementor-element-fdebc36 elementor-widget elementor-widget-heading\" data-id=\"fdebc36\" data-element_type=\"widget\" data-widget_type=\"heading.default\">\n\t\t\t\t<div class=\"elementor-widget-container\">\n\t\t\t<style>\/*! elementor - v3.13.1 - 09-05-2023 *\/\n.elementor-heading-title{padding:0;margin:0;line-height:1}.elementor-widget-heading .elementor-heading-title[class*=elementor-size-]>a{color:inherit;font-size:inherit;line-height:inherit}.elementor-widget-heading .elementor-heading-title.elementor-size-small{font-size:15px}.elementor-widget-heading .elementor-heading-title.elementor-size-medium{font-size:19px}.elementor-widget-heading .elementor-heading-title.elementor-size-large{font-size:29px}.elementor-widget-heading .elementor-heading-title.elementor-size-xl{font-size:39px}.elementor-widget-heading .elementor-heading-title.elementor-size-xxl{font-size:59px}<\/style><h6 class=\"elementor-heading-title elementor-size-default\">Sess\u00e3o Pr\u00e1tica - TIC@Portugal'23 - Set\u00fabal<\/h6>\t\t<\/div>\n\t\t\t\t<\/div>\n\t\t\t\t<div class=\"elementor-element elementor-element-d58c4f4 elementor-invisible elementor-widget elementor-widget-text-editor\" data-id=\"d58c4f4\" data-element_type=\"widget\" data-settings=\"{&quot;_animation&quot;:&quot;fadeInDown&quot;}\" data-widget_type=\"text-editor.default\">\n\t\t\t\t<div class=\"elementor-widget-container\">\n\t\t\t<style>\/*! elementor - v3.13.1 - 09-05-2023 *\/\n.elementor-widget-text-editor.elementor-drop-cap-view-stacked .elementor-drop-cap{background-color:#69727d;color:#fff}.elementor-widget-text-editor.elementor-drop-cap-view-framed .elementor-drop-cap{color:#69727d;border:3px solid;background-color:transparent}.elementor-widget-text-editor:not(.elementor-drop-cap-view-default) .elementor-drop-cap{margin-top:8px}.elementor-widget-text-editor:not(.elementor-drop-cap-view-default) .elementor-drop-cap-letter{width:1em;height:1em}.elementor-widget-text-editor .elementor-drop-cap{float:left;text-align:center;line-height:1;font-size:50px}.elementor-widget-text-editor .elementor-drop-cap-letter{display:inline-block}<\/style>\t\t\t\t<p>Por<strong> Paulo Torcato<\/strong>, Agrupamento de Escolas de Portela e Moscavide<\/p>\t\t\t\t\t\t<\/div>\n\t\t\t\t<\/div>\n\t\t\t\t<div class=\"elementor-element elementor-element-66218f0 elementor-invisible elementor-widget elementor-widget-text-editor\" data-id=\"66218f0\" data-element_type=\"widget\" data-settings=\"{&quot;_animation&quot;:&quot;fadeInUp&quot;}\" data-widget_type=\"text-editor.default\">\n\t\t\t\t<div class=\"elementor-widget-container\">\n\t\t\t\t\t\t\t<p>Utilizando linguagens visuais, associadas a simuladores de rob\u00f4s (Open Roberta Lab e VEX VR), ser\u00e3o realizadas atividades no \u00e2mbito da Matem\u00e1tica. Assim, para al\u00e9m de levar os alunos a desenvolver o conhecimento l\u00f3gico-dedutivo e algumas compet\u00eancias do s\u00e9culo XXI, os mesmos consolidam as aprendizagens essenciais na \u00e1rea da Matem\u00e1tica.<\/p><p><strong>Limite:<\/strong> 20 docentes<\/p>\t\t\t\t\t\t<\/div>\n\t\t\t\t<\/div>\n\t\t\t\t\t<\/div>\n\t\t\t\t<\/div>\n\t\t\t\t\t\t\t<\/div>\n\t\t","protected":false},"excerpt":{"rendered":"<p>Sess\u00e3o Pr\u00e1tica &#8211; TIC@Portugal&#8217;23 &#8211; Set\u00fabal Por Paulo Torcato, Agrupamento de Escolas de Portela e Moscavide Utilizando linguagens visuais, associadas a simuladores de rob\u00f4s (Open Roberta Lab e VEX VR), ser\u00e3o realizadas atividades no \u00e2mbito da Matem\u00e1tica. Assim, para al\u00e9m de levar os alunos a desenvolver o conhecimento l\u00f3gico-dedutivo e algumas compet\u00eancias do s\u00e9culo XXI, os mesmos consolidam as aprendizagens essenciais na \u00e1rea da Matem\u00e1tica. Limite: 20 docentes<\/p>\n","protected":false},"author":2,"featured_media":0,"parent":0,"menu_order":0,"comment_status":"closed","ping_status":"closed","template":"","meta":{"footnotes":""},"class_list":["post-1492","page","type-page","status-publish","hentry"],"blocksy_meta":"","_links":{"self":[{"href":"https:\/\/wordpress.educom.pt\/TIC-Portugal-23\/wp-json\/wp\/v2\/pages\/1492","targetHints":{"allow":["GET"]}}],"collection":[{"href":"https:\/\/wordpress.educom.pt\/TIC-Portugal-23\/wp-json\/wp\/v2\/pages"}],"about":[{"href":"https:\/\/wordpress.educom.pt\/TIC-Portugal-23\/wp-json\/wp\/v2\/types\/page"}],"author":[{"embeddable":true,"href":"https:\/\/wordpress.educom.pt\/TIC-Portugal-23\/wp-json\/wp\/v2\/users\/2"}],"replies":[{"embeddable":true,"href":"https:\/\/wordpress.educom.pt\/TIC-Portugal-23\/wp-json\/wp\/v2\/comments?post=1492"}],"version-history":[{"count":4,"href":"https:\/\/wordpress.educom.pt\/TIC-Portugal-23\/wp-json\/wp\/v2\/pages\/1492\/revisions"}],"predecessor-version":[{"id":1499,"href":"https:\/\/wordpress.educom.pt\/TIC-Portugal-23\/wp-json\/wp\/v2\/pages\/1492\/revisions\/1499"}],"wp:attachment":[{"href":"https:\/\/wordpress.educom.pt\/TIC-Portugal-23\/wp-json\/wp\/v2\/media?parent=1492"}],"curies":[{"name":"wp","href":"https:\/\/api.w.org\/{rel}","templated":true}]}}