{"id":1559,"date":"2023-06-19T20:49:51","date_gmt":"2023-06-19T20:49:51","guid":{"rendered":"https:\/\/wordpress.educom.pt\/TIC-Portugal-23\/?page_id=1559"},"modified":"2023-06-19T20:51:37","modified_gmt":"2023-06-19T20:51:37","slug":"sp5coimbra-micro-bit","status":"publish","type":"page","link":"https:\/\/wordpress.educom.pt\/TIC-Portugal-23\/sp5coimbra-micro-bit\/","title":{"rendered":"Projetos interativos com micro:bit"},"content":{"rendered":"\t\t<div data-elementor-type=\"wp-page\" data-elementor-id=\"1559\" class=\"elementor elementor-1559\">\n\t\t\t\t\t\t\t<div class=\"elementor-element elementor-element-9f4961d e-con-boxed e-flex e-con\" data-id=\"9f4961d\" data-element_type=\"container\" data-settings=\"{&quot;content_width&quot;:&quot;boxed&quot;}\">\n\t\t\t\t\t<div class=\"e-con-inner\">\n\t\t\t\t<div class=\"elementor-element elementor-element-fdebc36 elementor-widget elementor-widget-heading\" data-id=\"fdebc36\" data-element_type=\"widget\" data-widget_type=\"heading.default\">\n\t\t\t\t<div class=\"elementor-widget-container\">\n\t\t\t<style>\/*! elementor - v3.13.1 - 09-05-2023 *\/\n.elementor-heading-title{padding:0;margin:0;line-height:1}.elementor-widget-heading .elementor-heading-title[class*=elementor-size-]>a{color:inherit;font-size:inherit;line-height:inherit}.elementor-widget-heading .elementor-heading-title.elementor-size-small{font-size:15px}.elementor-widget-heading .elementor-heading-title.elementor-size-medium{font-size:19px}.elementor-widget-heading .elementor-heading-title.elementor-size-large{font-size:29px}.elementor-widget-heading .elementor-heading-title.elementor-size-xl{font-size:39px}.elementor-widget-heading .elementor-heading-title.elementor-size-xxl{font-size:59px}<\/style><h6 class=\"elementor-heading-title elementor-size-default\">Sess\u00e3o Pr\u00e1tica - TIC@Portugal'23 - Coimbra - Escola Secund\u00e1ria de Avelar Brotero<\/h6>\t\t<\/div>\n\t\t\t\t<\/div>\n\t\t\t\t<div class=\"elementor-element elementor-element-d58c4f4 elementor-invisible elementor-widget elementor-widget-text-editor\" data-id=\"d58c4f4\" data-element_type=\"widget\" data-settings=\"{&quot;_animation&quot;:&quot;fadeInDown&quot;}\" data-widget_type=\"text-editor.default\">\n\t\t\t\t<div class=\"elementor-widget-container\">\n\t\t\t<style>\/*! elementor - v3.13.1 - 09-05-2023 *\/\n.elementor-widget-text-editor.elementor-drop-cap-view-stacked .elementor-drop-cap{background-color:#69727d;color:#fff}.elementor-widget-text-editor.elementor-drop-cap-view-framed .elementor-drop-cap{color:#69727d;border:3px solid;background-color:transparent}.elementor-widget-text-editor:not(.elementor-drop-cap-view-default) .elementor-drop-cap{margin-top:8px}.elementor-widget-text-editor:not(.elementor-drop-cap-view-default) .elementor-drop-cap-letter{width:1em;height:1em}.elementor-widget-text-editor .elementor-drop-cap{float:left;text-align:center;line-height:1;font-size:50px}.elementor-widget-text-editor .elementor-drop-cap-letter{display:inline-block}<\/style>\t\t\t\t<p>Por <b>Jo\u00e3o S\u00e1<\/b>, Escola Secund\u00e1ria de Avelar Brotero<\/p>\t\t\t\t\t\t<\/div>\n\t\t\t\t<\/div>\n\t\t\t\t<div class=\"elementor-element elementor-element-66218f0 elementor-invisible elementor-widget elementor-widget-text-editor\" data-id=\"66218f0\" data-element_type=\"widget\" data-settings=\"{&quot;_animation&quot;:&quot;fadeInUp&quot;}\" data-widget_type=\"text-editor.default\">\n\t\t\t\t<div class=\"elementor-widget-container\">\n\t\t\t\t\t\t\t<p>O micro:bit \u00e9 um computador de bolso, contido numa pequena placa, com dimens\u00e3o menor que a um cart\u00e3o de cr\u00e9dito. Foi desenvolvido pela BBC e tem alcan\u00e7ado um grande sucesso mundial. Ajuda a perceber como o software e o hardware funcionam juntos, podendo ser utilizado por crian\u00e7as desde o primeiro ciclo at\u00e9 ao ensino secund\u00e1rio, com programa\u00e7\u00e3o por blocos ou na linguagem <em>python<\/em>. A placa micro:bit disp\u00f5e de um ecr\u00e3 de LEDs, bot\u00f5es, sensores e outras funcionalidades para interagir com o mundo f\u00edsico. Este pequeno computador \u00e9 um excelente auxiliar para ensinar e aprender programa\u00e7\u00e3o, concretizando projetos STEAM com criatividade e inovando. \u00c9 uma fonte de est\u00edmulo \u00e0 aprendizagem, ao desenvolvimento do racioc\u00ednio e do pensamento computacional. Exploraremos esta placa realizando atividades pr\u00e1ticas.<\/p>\t\t\t\t\t\t<\/div>\n\t\t\t\t<\/div>\n\t\t\t\t<div class=\"elementor-element elementor-element-13d4022 elementor-widget-divider--view-line elementor-widget elementor-widget-divider\" data-id=\"13d4022\" data-element_type=\"widget\" data-widget_type=\"divider.default\">\n\t\t\t\t<div class=\"elementor-widget-container\">\n\t\t\t<style>\/*! elementor - v3.13.1 - 09-05-2023 *\/\n.elementor-widget-divider{--divider-border-style:none;--divider-border-width:1px;--divider-color:#0c0d0e;--divider-icon-size:20px;--divider-element-spacing:10px;--divider-pattern-height:24px;--divider-pattern-size:20px;--divider-pattern-url:none;--divider-pattern-repeat:repeat-x}.elementor-widget-divider .elementor-divider{display:flex}.elementor-widget-divider .elementor-divider__text{font-size:15px;line-height:1;max-width:95%}.elementor-widget-divider .elementor-divider__element{margin:0 var(--divider-element-spacing);flex-shrink:0}.elementor-widget-divider .elementor-icon{font-size:var(--divider-icon-size)}.elementor-widget-divider .elementor-divider-separator{display:flex;margin:0;direction:ltr}.elementor-widget-divider--view-line_icon .elementor-divider-separator,.elementor-widget-divider--view-line_text .elementor-divider-separator{align-items:center}.elementor-widget-divider--view-line_icon .elementor-divider-separator:after,.elementor-widget-divider--view-line_icon .elementor-divider-separator:before,.elementor-widget-divider--view-line_text .elementor-divider-separator:after,.elementor-widget-divider--view-line_text .elementor-divider-separator:before{display:block;content:\"\";border-bottom:0;flex-grow:1;border-top:var(--divider-border-width) var(--divider-border-style) var(--divider-color)}.elementor-widget-divider--element-align-left .elementor-divider .elementor-divider-separator>.elementor-divider__svg:first-of-type{flex-grow:0;flex-shrink:100}.elementor-widget-divider--element-align-left .elementor-divider-separator:before{content:none}.elementor-widget-divider--element-align-left .elementor-divider__element{margin-left:0}.elementor-widget-divider--element-align-right .elementor-divider .elementor-divider-separator>.elementor-divider__svg:last-of-type{flex-grow:0;flex-shrink:100}.elementor-widget-divider--element-align-right .elementor-divider-separator:after{content:none}.elementor-widget-divider--element-align-right .elementor-divider__element{margin-right:0}.elementor-widget-divider:not(.elementor-widget-divider--view-line_text):not(.elementor-widget-divider--view-line_icon) .elementor-divider-separator{border-top:var(--divider-border-width) var(--divider-border-style) var(--divider-color)}.elementor-widget-divider--separator-type-pattern{--divider-border-style:none}.elementor-widget-divider--separator-type-pattern.elementor-widget-divider--view-line .elementor-divider-separator,.elementor-widget-divider--separator-type-pattern:not(.elementor-widget-divider--view-line) .elementor-divider-separator:after,.elementor-widget-divider--separator-type-pattern:not(.elementor-widget-divider--view-line) .elementor-divider-separator:before,.elementor-widget-divider--separator-type-pattern:not([class*=elementor-widget-divider--view]) .elementor-divider-separator{width:100%;min-height:var(--divider-pattern-height);-webkit-mask-size:var(--divider-pattern-size) 100%;mask-size:var(--divider-pattern-size) 100%;-webkit-mask-repeat:var(--divider-pattern-repeat);mask-repeat:var(--divider-pattern-repeat);background-color:var(--divider-color);-webkit-mask-image:var(--divider-pattern-url);mask-image:var(--divider-pattern-url)}.elementor-widget-divider--no-spacing{--divider-pattern-size:auto}.elementor-widget-divider--bg-round{--divider-pattern-repeat:round}.rtl .elementor-widget-divider .elementor-divider__text{direction:rtl}.e-con-inner>.elementor-widget-divider,.e-con>.elementor-widget-divider{width:var(--container-widget-width,100%);--flex-grow:var(--container-widget-flex-grow)}<\/style>\t\t<div class=\"elementor-divider\">\n\t\t\t<span class=\"elementor-divider-separator\">\n\t\t\t\t\t\t<\/span>\n\t\t<\/div>\n\t\t\t\t<\/div>\n\t\t\t\t<\/div>\n\t\t\t\t<div class=\"elementor-element elementor-element-f8af89e elementor-invisible elementor-widget elementor-widget-text-editor\" data-id=\"f8af89e\" data-element_type=\"widget\" data-settings=\"{&quot;_animation&quot;:&quot;fadeInUp&quot;}\" data-widget_type=\"text-editor.default\">\n\t\t\t\t<div class=\"elementor-widget-container\">\n\t\t\t\t\t\t\t<p><strong>Jo\u00e3o S\u00e1<\/strong> \u00e9 pai (de duas filhas), marido, cidad\u00e3o, questionador e perseguidor de respostas. Profissionalmente, tem sido professor de inform\u00e1tica e coordenador do Clube PRODE (Programa\u00e7\u00e3o, Rob\u00f3tica e Design), na Escola Secund\u00e1ria de Avelar Brotero, em Coimbra. Como formador de professores, tem dinamizado in\u00fameras a\u00e7\u00f5es de forma\u00e7\u00e3o em tecnologias educativas, capacita\u00e7\u00e3o digital, ambientes educativos inovadores, programa\u00e7\u00e3o, rob\u00f3tica e projetos STEAM. Gosta de se olhar como algu\u00e9m movido por prop\u00f3sitos, pelo sentido que procura dar em tudo o que faz. Inquieto e irreverente, segue questionando na incessante melhoria e na busca de equil\u00edbrios.<\/p>\t\t\t\t\t\t<\/div>\n\t\t\t\t<\/div>\n\t\t\t\t\t<\/div>\n\t\t\t\t<\/div>\n\t\t\t\t\t\t\t<\/div>\n\t\t","protected":false},"excerpt":{"rendered":"<p>Sess\u00e3o Pr\u00e1tica &#8211; TIC@Portugal&#8217;23 &#8211; Coimbra &#8211; Escola Secund\u00e1ria de Avelar Brotero Por Jo\u00e3o S\u00e1, Escola Secund\u00e1ria de Avelar Brotero O micro:bit \u00e9 um computador de bolso, contido numa pequena placa, com dimens\u00e3o menor que a um cart\u00e3o de cr\u00e9dito. Foi desenvolvido pela BBC e tem alcan\u00e7ado um grande sucesso mundial. Ajuda a perceber como o software e o hardware funcionam juntos, podendo ser utilizado por crian\u00e7as desde o primeiro ciclo at\u00e9 ao ensino secund\u00e1rio, com programa\u00e7\u00e3o por blocos ou na linguagem python. A placa micro:bit disp\u00f5e de um ecr\u00e3 de LEDs, bot\u00f5es, sensores e outras funcionalidades para interagir com\u2026<\/p>\n","protected":false},"author":2,"featured_media":0,"parent":0,"menu_order":0,"comment_status":"closed","ping_status":"closed","template":"","meta":{"footnotes":""},"class_list":["post-1559","page","type-page","status-publish","hentry"],"blocksy_meta":"","_links":{"self":[{"href":"https:\/\/wordpress.educom.pt\/TIC-Portugal-23\/wp-json\/wp\/v2\/pages\/1559","targetHints":{"allow":["GET"]}}],"collection":[{"href":"https:\/\/wordpress.educom.pt\/TIC-Portugal-23\/wp-json\/wp\/v2\/pages"}],"about":[{"href":"https:\/\/wordpress.educom.pt\/TIC-Portugal-23\/wp-json\/wp\/v2\/types\/page"}],"author":[{"embeddable":true,"href":"https:\/\/wordpress.educom.pt\/TIC-Portugal-23\/wp-json\/wp\/v2\/users\/2"}],"replies":[{"embeddable":true,"href":"https:\/\/wordpress.educom.pt\/TIC-Portugal-23\/wp-json\/wp\/v2\/comments?post=1559"}],"version-history":[{"count":4,"href":"https:\/\/wordpress.educom.pt\/TIC-Portugal-23\/wp-json\/wp\/v2\/pages\/1559\/revisions"}],"predecessor-version":[{"id":1564,"href":"https:\/\/wordpress.educom.pt\/TIC-Portugal-23\/wp-json\/wp\/v2\/pages\/1559\/revisions\/1564"}],"wp:attachment":[{"href":"https:\/\/wordpress.educom.pt\/TIC-Portugal-23\/wp-json\/wp\/v2\/media?parent=1559"}],"curies":[{"name":"wp","href":"https:\/\/api.w.org\/{rel}","templated":true}]}}