{"id":253,"date":"2023-05-05T13:08:58","date_gmt":"2023-05-05T13:08:58","guid":{"rendered":"https:\/\/wordpress.educom.pt\/TIC-Portugal-23\/?page_id=253"},"modified":"2023-06-28T15:13:08","modified_gmt":"2023-06-28T15:13:08","slug":"ticportugal23-2-2","status":"publish","type":"page","link":"https:\/\/wordpress.educom.pt\/TIC-Portugal-23\/ticportugal23-2-2\/","title":{"rendered":"Organiza\u00e7\u00e3o"},"content":{"rendered":"\t\t<div data-elementor-type=\"wp-page\" data-elementor-id=\"253\" class=\"elementor elementor-253\">\n\t\t\t\t\t\t\t<div class=\"elementor-element elementor-element-641be70 e-con-full e-flex e-con\" data-id=\"641be70\" data-element_type=\"container\" data-settings=\"{&quot;content_width&quot;:&quot;full&quot;,&quot;background_background&quot;:&quot;classic&quot;}\">\n\t\t\t\t<div class=\"elementor-element elementor-element-53be319d animated-slow elementor-invisible elementor-widget elementor-widget-heading\" data-id=\"53be319d\" data-element_type=\"widget\" data-settings=\"{&quot;_animation&quot;:&quot;slideInUp&quot;}\" data-widget_type=\"heading.default\">\n\t\t\t\t<div class=\"elementor-widget-container\">\n\t\t\t<style>\/*! elementor - v3.13.1 - 09-05-2023 *\/\n.elementor-heading-title{padding:0;margin:0;line-height:1}.elementor-widget-heading .elementor-heading-title[class*=elementor-size-]>a{color:inherit;font-size:inherit;line-height:inherit}.elementor-widget-heading .elementor-heading-title.elementor-size-small{font-size:15px}.elementor-widget-heading .elementor-heading-title.elementor-size-medium{font-size:19px}.elementor-widget-heading .elementor-heading-title.elementor-size-large{font-size:29px}.elementor-widget-heading .elementor-heading-title.elementor-size-xl{font-size:39px}.elementor-widget-heading .elementor-heading-title.elementor-size-xxl{font-size:59px}<\/style><h6 class=\"elementor-heading-title elementor-size-xxl\">TIC@PORTUGAL'23<\/h6>\t\t<\/div>\n\t\t\t\t<\/div>\n\t\t\t\t<\/div>\n\t\t<div class=\"elementor-element elementor-element-759ce66 e-con-boxed e-flex e-con\" data-id=\"759ce66\" data-element_type=\"container\" data-settings=\"{&quot;content_width&quot;:&quot;boxed&quot;}\">\n\t\t\t\t\t<div class=\"e-con-inner\">\n\t\t<div class=\"elementor-element elementor-element-e176e8a e-con-full animated-fast e-flex elementor-invisible e-con\" data-id=\"e176e8a\" data-element_type=\"container\" data-settings=\"{&quot;content_width&quot;:&quot;full&quot;,&quot;animation&quot;:&quot;fadeInLeft&quot;}\">\n\t\t\t\t<div class=\"elementor-element elementor-element-14650f6 elementor-widget__width-initial elementor-widget elementor-widget-counter\" data-id=\"14650f6\" data-element_type=\"widget\" data-widget_type=\"counter.default\">\n\t\t\t\t<div class=\"elementor-widget-container\">\n\t\t\t<style>\/*! elementor - v3.13.1 - 09-05-2023 *\/\n.elementor-counter .elementor-counter-number-wrapper{display:flex;font-size:69px;font-weight:600;line-height:1}.elementor-counter .elementor-counter-number-prefix,.elementor-counter .elementor-counter-number-suffix{flex-grow:1;white-space:pre-wrap}.elementor-counter .elementor-counter-number-prefix{text-align:right}.elementor-counter .elementor-counter-number-suffix{text-align:left}.elementor-counter .elementor-counter-title{text-align:center;font-size:19px;font-weight:400;line-height:2.5}<\/style>\t\t<div class=\"elementor-counter\">\n\t\t\t<div class=\"elementor-counter-number-wrapper\">\n\t\t\t\t<span class=\"elementor-counter-number-prefix\"><\/span>\n\t\t\t\t<span class=\"elementor-counter-number\" data-duration=\"600\" data-to-value=\"5\" data-from-value=\"0\" data-delimiter=\",\">0<\/span>\n\t\t\t\t<span class=\"elementor-counter-number-suffix\"><\/span>\n\t\t\t<\/div>\n\t\t\t\t\t\t\t<div class=\"elementor-counter-title\">JULHO<\/div>\n\t\t\t\t\t<\/div>\n\t\t\t\t<\/div>\n\t\t\t\t<\/div>\n\t\t\t\t<div class=\"elementor-element elementor-element-7bba5e1 elementor-widget elementor-widget-counter\" data-id=\"7bba5e1\" data-element_type=\"widget\" data-widget_type=\"counter.default\">\n\t\t\t\t<div class=\"elementor-widget-container\">\n\t\t\t\t\t<div class=\"elementor-counter\">\n\t\t\t<div class=\"elementor-counter-number-wrapper\">\n\t\t\t\t<span class=\"elementor-counter-number-prefix\">20<\/span>\n\t\t\t\t<span class=\"elementor-counter-number\" data-duration=\"2000\" data-to-value=\"23\" data-from-value=\"0\" data-delimiter=\",\">0<\/span>\n\t\t\t\t<span class=\"elementor-counter-number-suffix\"><\/span>\n\t\t\t<\/div>\n\t\t\t\t\t<\/div>\n\t\t\t\t<\/div>\n\t\t\t\t<\/div>\n\t\t\t\t<\/div>\n\t\t<div class=\"elementor-element elementor-element-85366a2 e-con-full e-flex e-con\" data-id=\"85366a2\" data-element_type=\"container\" data-settings=\"{&quot;content_width&quot;:&quot;full&quot;}\">\n\t\t\t\t<div class=\"elementor-element elementor-element-7394bb4 animated-fast elementor-invisible elementor-widget elementor-widget-heading\" data-id=\"7394bb4\" data-element_type=\"widget\" data-settings=\"{&quot;_animation&quot;:&quot;slideInRight&quot;}\" data-widget_type=\"heading.default\">\n\t\t\t\t<div class=\"elementor-widget-container\">\n\t\t\t<h4 class=\"elementor-heading-title elementor-size-medium\">EDUCOM \u2013 Associa\u00e7\u00e3o Portuguesa de Telem\u00e1tica Educativa<\/h4>\t\t<\/div>\n\t\t\t\t<\/div>\n\t\t\t\t<div class=\"elementor-element elementor-element-d036072 animated-slow elementor-invisible elementor-widget elementor-widget-text-editor\" data-id=\"d036072\" data-element_type=\"widget\" data-settings=\"{&quot;_animation&quot;:&quot;fadeInRight&quot;}\" data-widget_type=\"text-editor.default\">\n\t\t\t\t<div class=\"elementor-widget-container\">\n\t\t\t<style>\/*! elementor - v3.13.1 - 09-05-2023 *\/\n.elementor-widget-text-editor.elementor-drop-cap-view-stacked .elementor-drop-cap{background-color:#69727d;color:#fff}.elementor-widget-text-editor.elementor-drop-cap-view-framed .elementor-drop-cap{color:#69727d;border:3px solid;background-color:transparent}.elementor-widget-text-editor:not(.elementor-drop-cap-view-default) .elementor-drop-cap{margin-top:8px}.elementor-widget-text-editor:not(.elementor-drop-cap-view-default) .elementor-drop-cap-letter{width:1em;height:1em}.elementor-widget-text-editor .elementor-drop-cap{float:left;text-align:center;line-height:1;font-size:50px}.elementor-widget-text-editor .elementor-drop-cap-letter{display:inline-block}<\/style>\t\t\t\t<p>Jo\u00e3o Correia de Freitas<br \/>David Costa<br \/>V\u00edtor Godinho Lopes<br \/>Jo\u00e3o Mouro<\/p><p><strong>Email:<\/strong>\u00a0<a href=\"mailto:tic.portugal@educom.pt\">tic.portugal@educom.pt<\/a><\/p><p><strong>Acredita\u00e7\u00e3o do Encontro:\u00a0<\/strong><span style=\"font-size: inherit; text-align: inherit; background-color: var(--palettecolor7); color: var(--color); font-family: var(--fontFamily); font-style: var(--fontStyle, inherit); font-weight: var(--fontWeight); letter-spacing: var(--letterSpacing); text-transform: var(--textTransform);\">Todos os participantes receber\u00e3o um certificado de participa\u00e7\u00e3o. <\/span>A certifica\u00e7\u00e3o como A\u00e7\u00e3o de Curta Dura\u00e7\u00e3o (ACD), num total de 6h, ser\u00e1 emitida por solicita\u00e7\u00e3o do pr\u00f3prio\u00a0no formul\u00e1rio final de avalia\u00e7\u00e3o &#8211; que ser\u00e1 enviado no final do Encontro por email\u00a0e\u00a0\u00a0implica participa\u00e7\u00e3o em todos os momentos do encontro: Abertura, Confer\u00eancia, Comunica\u00e7\u00f5es, Sess\u00f5es pr\u00e1ticas e Encerramento.<\/p>\t\t\t\t\t\t<\/div>\n\t\t\t\t<\/div>\n\t\t\t\t<\/div>\n\t\t\t\t\t<\/div>\n\t\t\t\t<\/div>\n\t\t<div class=\"elementor-element elementor-element-be9e721 e-con-boxed e-flex e-con\" data-id=\"be9e721\" data-element_type=\"container\" data-settings=\"{&quot;content_width&quot;:&quot;boxed&quot;}\">\n\t\t\t\t\t<div class=\"e-con-inner\">\n\t\t<div class=\"elementor-element elementor-element-efd6d09 e-con-full e-flex e-con\" data-id=\"efd6d09\" data-element_type=\"container\" data-settings=\"{&quot;content_width&quot;:&quot;full&quot;}\">\n\t\t<div class=\"elementor-element elementor-element-fbff4d3 e-con-full e-flex e-con\" data-id=\"fbff4d3\" data-element_type=\"container\" data-settings=\"{&quot;content_width&quot;:&quot;full&quot;}\">\n\t\t\t\t<div class=\"elementor-element elementor-element-c1144af animated-fast elementor-invisible elementor-widget elementor-widget-heading\" data-id=\"c1144af\" data-element_type=\"widget\" data-settings=\"{&quot;_animation&quot;:&quot;slideInRight&quot;}\" data-widget_type=\"heading.default\">\n\t\t\t\t<div class=\"elementor-widget-container\">\n\t\t\t<h4 class=\"elementor-heading-title elementor-size-medium\">Centros de Compet\u00eancia:<\/h4>\t\t<\/div>\n\t\t\t\t<\/div>\n\t\t\t\t<div class=\"elementor-element elementor-element-708eae9 animated-slow elementor-invisible elementor-widget elementor-widget-text-editor\" data-id=\"708eae9\" data-element_type=\"widget\" data-settings=\"{&quot;_animation&quot;:&quot;fadeInRight&quot;}\" data-widget_type=\"text-editor.default\">\n\t\t\t\t<div class=\"elementor-widget-container\">\n\t\t\t\t\t\t\t<p><a href=\"https:\/\/educom.pt\/site\/sobre\/centro-de-competencias\/\" target=\"_blank\" rel=\"noopener\">Centro de Compet\u00eancia da Educom<\/a><br \/><a href=\"http:\/\/projectos.ese.ips.pt\/cctic\/\" target=\"_blank\" rel=\"noopener\">Centro de Compet\u00eancia da ESE\/IP de Set\u00fabal<\/a><br \/><a href=\"https:\/\/cctic.ese.ipsantarem.pt\/cctic\/\" target=\"_blank\" rel=\"noopener\">Centro de Compet\u00eancia da ESE\/IP de Santar\u00e9m<\/a><br \/><a href=\"https:\/\/www.ua.pt\/pt\/cctic\/\" target=\"_blank\" rel=\"noopener\">Centro de Compet\u00eancia da Universidade de Aveiro<\/a><br \/><a href=\"https:\/\/www.uevora.pt\/servicos\/Centro-de-Competencia-TIC-da-Universidade-de-Evora\" target=\"_blank\" rel=\"noopener\">Centro de Compet\u00eancia da Universidade de \u00c9vora<\/a><br \/><a href=\"https:\/\/www.nonio.uminho.pt\/\" target=\"_blank\" rel=\"noopener\">Centro de Compet\u00eancia da Universidade do Minho<\/a><br \/><a href=\"https:\/\/softciencias.pt\/wp\/\" target=\"_blank\" rel=\"noopener\">Centro de Compet\u00eancia Softci\u00eancias<\/a><br \/><a href=\"http:\/\/c2ti.ie.ulisboa.pt\/centro\/\" target=\"_blank\" rel=\"noopener\">Centro de Compet\u00eancia C2TI IE Univ. Lisboa<\/a><br \/><a href=\"https:\/\/ese.ipb.pt\/\" target=\"_blank\" rel=\"noopener\">Centro de Compet\u00eancia ESE\/IP de Bragan\u00e7a<\/a><br \/><a href=\"https:\/\/www.ccems.pt\/\" target=\"_blank\" rel=\"noopener\">Centro de Compet\u00eancia entre Mar e Serra &#8211; Leiria<\/a><br \/><a href=\"https:\/\/cctic.ipcb.pt\/\" target=\"_blank\" rel=\"noopener\">Centro de Compet\u00eancia ESE\/IP de Castelo Branco<\/a><br \/><a href=\"http:\/\/cctic.esev.ipv.pt\/\" target=\"_blank\" rel=\"noopener\">Centro de Compet\u00eancia ESE\/IP de Viseu<\/a><\/p>\t\t\t\t\t\t<\/div>\n\t\t\t\t<\/div>\n\t\t\t\t<\/div>\n\t\t\t\t<div class=\"elementor-element elementor-element-7b7450d elementor-widget-divider--view-line elementor-widget elementor-widget-divider\" data-id=\"7b7450d\" data-element_type=\"widget\" data-widget_type=\"divider.default\">\n\t\t\t\t<div class=\"elementor-widget-container\">\n\t\t\t<style>\/*! elementor - v3.13.1 - 09-05-2023 *\/\n.elementor-widget-divider{--divider-border-style:none;--divider-border-width:1px;--divider-color:#0c0d0e;--divider-icon-size:20px;--divider-element-spacing:10px;--divider-pattern-height:24px;--divider-pattern-size:20px;--divider-pattern-url:none;--divider-pattern-repeat:repeat-x}.elementor-widget-divider .elementor-divider{display:flex}.elementor-widget-divider .elementor-divider__text{font-size:15px;line-height:1;max-width:95%}.elementor-widget-divider .elementor-divider__element{margin:0 var(--divider-element-spacing);flex-shrink:0}.elementor-widget-divider .elementor-icon{font-size:var(--divider-icon-size)}.elementor-widget-divider .elementor-divider-separator{display:flex;margin:0;direction:ltr}.elementor-widget-divider--view-line_icon .elementor-divider-separator,.elementor-widget-divider--view-line_text .elementor-divider-separator{align-items:center}.elementor-widget-divider--view-line_icon .elementor-divider-separator:after,.elementor-widget-divider--view-line_icon .elementor-divider-separator:before,.elementor-widget-divider--view-line_text .elementor-divider-separator:after,.elementor-widget-divider--view-line_text .elementor-divider-separator:before{display:block;content:\"\";border-bottom:0;flex-grow:1;border-top:var(--divider-border-width) var(--divider-border-style) var(--divider-color)}.elementor-widget-divider--element-align-left .elementor-divider .elementor-divider-separator>.elementor-divider__svg:first-of-type{flex-grow:0;flex-shrink:100}.elementor-widget-divider--element-align-left .elementor-divider-separator:before{content:none}.elementor-widget-divider--element-align-left .elementor-divider__element{margin-left:0}.elementor-widget-divider--element-align-right .elementor-divider .elementor-divider-separator>.elementor-divider__svg:last-of-type{flex-grow:0;flex-shrink:100}.elementor-widget-divider--element-align-right .elementor-divider-separator:after{content:none}.elementor-widget-divider--element-align-right .elementor-divider__element{margin-right:0}.elementor-widget-divider:not(.elementor-widget-divider--view-line_text):not(.elementor-widget-divider--view-line_icon) .elementor-divider-separator{border-top:var(--divider-border-width) var(--divider-border-style) var(--divider-color)}.elementor-widget-divider--separator-type-pattern{--divider-border-style:none}.elementor-widget-divider--separator-type-pattern.elementor-widget-divider--view-line .elementor-divider-separator,.elementor-widget-divider--separator-type-pattern:not(.elementor-widget-divider--view-line) .elementor-divider-separator:after,.elementor-widget-divider--separator-type-pattern:not(.elementor-widget-divider--view-line) .elementor-divider-separator:before,.elementor-widget-divider--separator-type-pattern:not([class*=elementor-widget-divider--view]) .elementor-divider-separator{width:100%;min-height:var(--divider-pattern-height);-webkit-mask-size:var(--divider-pattern-size) 100%;mask-size:var(--divider-pattern-size) 100%;-webkit-mask-repeat:var(--divider-pattern-repeat);mask-repeat:var(--divider-pattern-repeat);background-color:var(--divider-color);-webkit-mask-image:var(--divider-pattern-url);mask-image:var(--divider-pattern-url)}.elementor-widget-divider--no-spacing{--divider-pattern-size:auto}.elementor-widget-divider--bg-round{--divider-pattern-repeat:round}.rtl .elementor-widget-divider .elementor-divider__text{direction:rtl}.e-con-inner>.elementor-widget-divider,.e-con>.elementor-widget-divider{width:var(--container-widget-width,100%);--flex-grow:var(--container-widget-flex-grow)}<\/style>\t\t<div class=\"elementor-divider\">\n\t\t\t<span class=\"elementor-divider-separator\">\n\t\t\t\t\t\t<\/span>\n\t\t<\/div>\n\t\t\t\t<\/div>\n\t\t\t\t<\/div>\n\t\t\t\t<div class=\"elementor-element elementor-element-78aeffa elementor-widget elementor-widget-text-editor\" data-id=\"78aeffa\" data-element_type=\"widget\" data-widget_type=\"text-editor.default\">\n\t\t\t\t<div class=\"elementor-widget-container\">\n\t\t\t\t\t\t\t<p style=\"text-align: center;\">Quaisquer d\u00favidas poder\u00e3o ser esclarecidas por email:\u00a0<strong>tic.portugal@educom.pt\u00a0<\/strong>ou por telefone:\u00a0<strong>96 73 01 886<\/strong>\u00a0\u2013 David Costa.<\/p>\t\t\t\t\t\t<\/div>\n\t\t\t\t<\/div>\n\t\t\t\t<div class=\"elementor-element elementor-element-6f88e91 elementor-view-default elementor-widget elementor-widget-icon\" data-id=\"6f88e91\" data-element_type=\"widget\" data-widget_type=\"icon.default\">\n\t\t\t\t<div class=\"elementor-widget-container\">\n\t\t\t\t\t<div class=\"elementor-icon-wrapper\">\n\t\t\t<div class=\"elementor-icon\">\n\t\t\t<svg aria-hidden=\"true\" class=\"e-font-icon-svg e-fas-question\" viewBox=\"0 0 384 512\" xmlns=\"http:\/\/www.w3.org\/2000\/svg\"><path d=\"M202.021 0C122.202 0 70.503 32.703 29.914 91.026c-7.363 10.58-5.093 25.086 5.178 32.874l43.138 32.709c10.373 7.865 25.132 6.026 33.253-4.148 25.049-31.381 43.63-49.449 82.757-49.449 30.764 0 68.816 19.799 68.816 49.631 0 22.552-18.617 34.134-48.993 51.164-35.423 19.86-82.299 44.576-82.299 106.405V320c0 13.255 10.745 24 24 24h72.471c13.255 0 24-10.745 24-24v-5.773c0-42.86 125.268-44.645 125.268-160.627C377.504 66.256 286.902 0 202.021 0zM192 373.459c-38.196 0-69.271 31.075-69.271 69.271 0 38.195 31.075 69.27 69.271 69.27s69.271-31.075 69.271-69.271-31.075-69.27-69.271-69.27z\"><\/path><\/svg>\t\t\t<\/div>\n\t\t<\/div>\n\t\t\t\t<\/div>\n\t\t\t\t<\/div>\n\t\t\t\t<\/div>\n\t\t\t\t\t<\/div>\n\t\t\t\t<\/div>\n\t\t\t\t\t\t\t<\/div>\n\t\t","protected":false},"excerpt":{"rendered":"<p>TIC@PORTUGAL&#8217;23 0 JULHO 20 0 EDUCOM \u2013 Associa\u00e7\u00e3o Portuguesa de Telem\u00e1tica Educativa Jo\u00e3o Correia de FreitasDavid CostaV\u00edtor Godinho LopesJo\u00e3o Mouro Email:\u00a0tic.portugal@educom.pt Acredita\u00e7\u00e3o do Encontro:\u00a0Todos os participantes receber\u00e3o um certificado de participa\u00e7\u00e3o. A certifica\u00e7\u00e3o como A\u00e7\u00e3o de Curta Dura\u00e7\u00e3o (ACD), num total de 6h, ser\u00e1 emitida por solicita\u00e7\u00e3o do pr\u00f3prio\u00a0no formul\u00e1rio final de avalia\u00e7\u00e3o &#8211; que ser\u00e1 enviado no final do Encontro por email\u00a0e\u00a0\u00a0implica participa\u00e7\u00e3o em todos os momentos do encontro: Abertura, Confer\u00eancia, Comunica\u00e7\u00f5es, Sess\u00f5es pr\u00e1ticas e Encerramento. Centros de Compet\u00eancia: Centro de Compet\u00eancia da EducomCentro de Compet\u00eancia da ESE\/IP de Set\u00fabalCentro de Compet\u00eancia da ESE\/IP de Santar\u00e9mCentro de Compet\u00eancia da\u2026<\/p>\n","protected":false},"author":2,"featured_media":0,"parent":0,"menu_order":0,"comment_status":"closed","ping_status":"closed","template":"elementor_header_footer","meta":{"footnotes":""},"class_list":["post-253","page","type-page","status-publish","hentry"],"blocksy_meta":"","_links":{"self":[{"href":"https:\/\/wordpress.educom.pt\/TIC-Portugal-23\/wp-json\/wp\/v2\/pages\/253","targetHints":{"allow":["GET"]}}],"collection":[{"href":"https:\/\/wordpress.educom.pt\/TIC-Portugal-23\/wp-json\/wp\/v2\/pages"}],"about":[{"href":"https:\/\/wordpress.educom.pt\/TIC-Portugal-23\/wp-json\/wp\/v2\/types\/page"}],"author":[{"embeddable":true,"href":"https:\/\/wordpress.educom.pt\/TIC-Portugal-23\/wp-json\/wp\/v2\/users\/2"}],"replies":[{"embeddable":true,"href":"https:\/\/wordpress.educom.pt\/TIC-Portugal-23\/wp-json\/wp\/v2\/comments?post=253"}],"version-history":[{"count":19,"href":"https:\/\/wordpress.educom.pt\/TIC-Portugal-23\/wp-json\/wp\/v2\/pages\/253\/revisions"}],"predecessor-version":[{"id":2102,"href":"https:\/\/wordpress.educom.pt\/TIC-Portugal-23\/wp-json\/wp\/v2\/pages\/253\/revisions\/2102"}],"wp:attachment":[{"href":"https:\/\/wordpress.educom.pt\/TIC-Portugal-23\/wp-json\/wp\/v2\/media?parent=253"}],"curies":[{"name":"wp","href":"https:\/\/api.w.org\/{rel}","templated":true}]}}