{"id":1309,"date":"2024-06-19T08:05:02","date_gmt":"2024-06-19T08:05:02","guid":{"rendered":"https:\/\/wordpress.educom.pt\/TIC-Portugal-23\/?page_id=1309"},"modified":"2024-07-02T08:25:51","modified_gmt":"2024-07-02T08:25:51","slug":"workshop-spa2","status":"publish","type":"page","link":"https:\/\/wordpress.educom.pt\/TIC-Portugal-24\/workshop-spa2\/","title":{"rendered":"Educa\u00e7\u00e3o Digital e IA: Fundamentos e Aplica\u00e7\u00f5es"},"content":{"rendered":"\t\t<div data-elementor-type=\"wp-page\" data-elementor-id=\"1309\" class=\"elementor elementor-1309\">\n\t\t\t\t<div class=\"elementor-element elementor-element-9f4961d e-flex e-con-boxed e-con e-parent\" data-id=\"9f4961d\" data-element_type=\"container\" data-e-type=\"container\">\n\t\t\t\t\t<div class=\"e-con-inner\">\n\t\t\t\t<div class=\"elementor-element elementor-element-fdebc36 elementor-widget elementor-widget-heading\" data-id=\"fdebc36\" data-element_type=\"widget\" data-e-type=\"widget\" data-widget_type=\"heading.default\">\n\t\t\t\t<div class=\"elementor-widget-container\">\n\t\t\t\t\t<h6 class=\"elementor-heading-title elementor-size-default\">Sess\u00e3o Pr\u00e1tica SP.A2 - Albufeira.<\/h6>\t\t\t\t<\/div>\n\t\t\t\t<\/div>\n\t\t\t\t<div class=\"elementor-element elementor-element-d58c4f4 elementor-invisible elementor-widget elementor-widget-text-editor\" data-id=\"d58c4f4\" data-element_type=\"widget\" data-e-type=\"widget\" data-settings=\"{&quot;_animation&quot;:&quot;fadeInDown&quot;}\" data-widget_type=\"text-editor.default\">\n\t\t\t\t<div class=\"elementor-widget-container\">\n\t\t\t\t\t\t\t\t\t<p>Por <b>M\u00f3nica Aldeia<\/b><\/p>\t\t\t\t\t\t\t\t<\/div>\n\t\t\t\t<\/div>\n\t\t\t\t<div class=\"elementor-element elementor-element-66218f0 elementor-invisible elementor-widget elementor-widget-text-editor\" data-id=\"66218f0\" data-element_type=\"widget\" data-e-type=\"widget\" data-settings=\"{&quot;_animation&quot;:&quot;fadeInUp&quot;}\" data-widget_type=\"text-editor.default\">\n\t\t\t\t<div class=\"elementor-widget-container\">\n\t\t\t\t\t\t\t\t\t<p>O trabalho pr\u00e1tico deste workshop visa proporcionar aos docentes de todos os grupos de recrutamento uma compreens\u00e3o abrangente dos conceitos gerais e aplica\u00e7\u00f5es da IA na educa\u00e7\u00e3o, assim como uma reflex\u00e3o sobre os desafios \u00e9ticos que esta tecnologia implica no contexto\u00a0educativo.<\/p>\t\t\t\t\t\t\t\t<\/div>\n\t\t\t\t<\/div>\n\t\t\t\t\t<\/div>\n\t\t\t\t<\/div>\n\t\t\t\t<\/div>\n\t\t","protected":false},"excerpt":{"rendered":"<p>Sess\u00e3o Pr\u00e1tica SP.A2 &#8211; Albufeira. Por M\u00f3nica Aldeia O trabalho pr\u00e1tico deste workshop visa proporcionar aos docentes de todos os grupos de recrutamento uma compreens\u00e3o abrangente dos conceitos gerais e aplica\u00e7\u00f5es da IA na educa\u00e7\u00e3o, assim como uma reflex\u00e3o sobre os desafios \u00e9ticos que esta tecnologia implica no contexto\u00a0educativo.<\/p>\n","protected":false},"author":123456,"featured_media":0,"parent":0,"menu_order":0,"comment_status":"closed","ping_status":"closed","template":"","meta":{"footnotes":""},"class_list":["post-1309","page","type-page","status-publish","hentry"],"blocksy_meta":"","_links":{"self":[{"href":"https:\/\/wordpress.educom.pt\/TIC-Portugal-24\/wp-json\/wp\/v2\/pages\/1309","targetHints":{"allow":["GET"]}}],"collection":[{"href":"https:\/\/wordpress.educom.pt\/TIC-Portugal-24\/wp-json\/wp\/v2\/pages"}],"about":[{"href":"https:\/\/wordpress.educom.pt\/TIC-Portugal-24\/wp-json\/wp\/v2\/types\/page"}],"author":[{"embeddable":true,"href":"https:\/\/wordpress.educom.pt\/TIC-Portugal-24\/wp-json\/wp\/v2\/users\/123456"}],"replies":[{"embeddable":true,"href":"https:\/\/wordpress.educom.pt\/TIC-Portugal-24\/wp-json\/wp\/v2\/comments?post=1309"}],"version-history":[{"count":9,"href":"https:\/\/wordpress.educom.pt\/TIC-Portugal-24\/wp-json\/wp\/v2\/pages\/1309\/revisions"}],"predecessor-version":[{"id":2616,"href":"https:\/\/wordpress.educom.pt\/TIC-Portugal-24\/wp-json\/wp\/v2\/pages\/1309\/revisions\/2616"}],"wp:attachment":[{"href":"https:\/\/wordpress.educom.pt\/TIC-Portugal-24\/wp-json\/wp\/v2\/media?parent=1309"}],"curies":[{"name":"wp","href":"https:\/\/api.w.org\/{rel}","templated":true}]}}