{"id":1868,"date":"2024-06-22T14:20:42","date_gmt":"2024-06-22T14:20:42","guid":{"rendered":"https:\/\/wordpress.educom.pt\/TIC-Portugal-23\/?page_id=1868"},"modified":"2024-07-02T11:53:12","modified_gmt":"2024-07-02T11:53:12","slug":"workshop-spa1","status":"publish","type":"page","link":"https:\/\/wordpress.educom.pt\/TIC-Portugal-24\/workshop-spa1\/","title":{"rendered":"Atelier RoboticArte como ferramenta inclusiva"},"content":{"rendered":"\t\t<div data-elementor-type=\"wp-page\" data-elementor-id=\"1868\" class=\"elementor elementor-1868\">\n\t\t\t\t<div class=\"elementor-element elementor-element-9f4961d e-flex e-con-boxed e-con e-parent\" data-id=\"9f4961d\" data-element_type=\"container\" data-e-type=\"container\">\n\t\t\t\t\t<div class=\"e-con-inner\">\n\t\t\t\t<div class=\"elementor-element elementor-element-fdebc36 elementor-widget elementor-widget-heading\" data-id=\"fdebc36\" data-element_type=\"widget\" data-e-type=\"widget\" data-widget_type=\"heading.default\">\n\t\t\t\t<div class=\"elementor-widget-container\">\n\t\t\t\t\t<h6 class=\"elementor-heading-title elementor-size-default\">Sess\u00e3o Pr\u00e1tica SP.A1 - Albufeira<\/h6>\t\t\t\t<\/div>\n\t\t\t\t<\/div>\n\t\t\t\t<div class=\"elementor-element elementor-element-d58c4f4 elementor-invisible elementor-widget elementor-widget-text-editor\" data-id=\"d58c4f4\" data-element_type=\"widget\" data-e-type=\"widget\" data-settings=\"{&quot;_animation&quot;:&quot;fadeInDown&quot;}\" data-widget_type=\"text-editor.default\">\n\t\t\t\t<div class=\"elementor-widget-container\">\n\t\t\t\t\t\t\t\t\t<p>Por\u00a0<span style=\"text-align: var(--text-align); background-color: var(--palettecolor7); color: var(--color); font-size: inherit; font-family: var(--fontFamily); font-style: var(--fontStyle, inherit); font-weight: var(--fontWeight); letter-spacing: var(--letterSpacing); text-transform: var(--textTransform);\">Joana Jac\u00f3 e Pedro Sousa<\/span><\/p>\t\t\t\t\t\t\t\t<\/div>\n\t\t\t\t<\/div>\n\t\t\t\t<div class=\"elementor-element elementor-element-66218f0 elementor-widget elementor-widget-text-editor\" data-id=\"66218f0\" data-element_type=\"widget\" data-e-type=\"widget\" data-settings=\"{&quot;_animation&quot;:&quot;none&quot;}\" data-widget_type=\"text-editor.default\">\n\t\t\t\t<div class=\"elementor-widget-container\">\n\t\t\t\t\t\t\t\t\t<p>Um workshop imersivo, dinamizado pelo atelier RoboticArte, onde os presentes poder\u00e3o, com recurso a um simples kit tecnol\u00f3gico, aprender novas compet\u00eancias para proporcionar aos alunos experi\u00eancias interativas.<\/p><p><strong>Requisitos de participa\u00e7\u00e3o:<\/strong> necess\u00e1rio que os professores se fa\u00e7am acompanhar de computadores com acesso \u00e0 internet<\/p>\t\t\t\t\t\t\t\t<\/div>\n\t\t\t\t<\/div>\n\t\t\t\t\t<\/div>\n\t\t\t\t<\/div>\n\t\t\t\t<\/div>\n\t\t","protected":false},"excerpt":{"rendered":"<p>Sess\u00e3o Pr\u00e1tica SP.A1 &#8211; Albufeira Por\u00a0Joana Jac\u00f3 e Pedro Sousa Um workshop imersivo, dinamizado pelo atelier RoboticArte, onde os presentes poder\u00e3o, com recurso a um simples kit tecnol\u00f3gico, aprender novas compet\u00eancias para proporcionar aos alunos experi\u00eancias interativas. Requisitos de participa\u00e7\u00e3o: necess\u00e1rio que os professores se fa\u00e7am acompanhar de computadores com acesso \u00e0 internet<\/p>\n","protected":false},"author":123456,"featured_media":0,"parent":0,"menu_order":0,"comment_status":"closed","ping_status":"closed","template":"","meta":{"footnotes":""},"class_list":["post-1868","page","type-page","status-publish","hentry"],"blocksy_meta":"","_links":{"self":[{"href":"https:\/\/wordpress.educom.pt\/TIC-Portugal-24\/wp-json\/wp\/v2\/pages\/1868","targetHints":{"allow":["GET"]}}],"collection":[{"href":"https:\/\/wordpress.educom.pt\/TIC-Portugal-24\/wp-json\/wp\/v2\/pages"}],"about":[{"href":"https:\/\/wordpress.educom.pt\/TIC-Portugal-24\/wp-json\/wp\/v2\/types\/page"}],"author":[{"embeddable":true,"href":"https:\/\/wordpress.educom.pt\/TIC-Portugal-24\/wp-json\/wp\/v2\/users\/123456"}],"replies":[{"embeddable":true,"href":"https:\/\/wordpress.educom.pt\/TIC-Portugal-24\/wp-json\/wp\/v2\/comments?post=1868"}],"version-history":[{"count":12,"href":"https:\/\/wordpress.educom.pt\/TIC-Portugal-24\/wp-json\/wp\/v2\/pages\/1868\/revisions"}],"predecessor-version":[{"id":2627,"href":"https:\/\/wordpress.educom.pt\/TIC-Portugal-24\/wp-json\/wp\/v2\/pages\/1868\/revisions\/2627"}],"wp:attachment":[{"href":"https:\/\/wordpress.educom.pt\/TIC-Portugal-24\/wp-json\/wp\/v2\/media?parent=1868"}],"curies":[{"name":"wp","href":"https:\/\/api.w.org\/{rel}","templated":true}]}}