{"id":203,"date":"2024-05-02T15:22:04","date_gmt":"2024-05-02T15:22:04","guid":{"rendered":"https:\/\/wordpress.educom.pt\/TIC-Portugal-23\/?page_id=203"},"modified":"2024-06-25T15:39:13","modified_gmt":"2024-06-25T15:39:13","slug":"ticportugal24-2-3","status":"publish","type":"page","link":"https:\/\/wordpress.educom.pt\/TIC-Portugal-24\/ticportugal24-2-3\/","title":{"rendered":"TIC@PT &#8211; Hist\u00f3rico"},"content":{"rendered":"\t\t<div data-elementor-type=\"wp-page\" data-elementor-id=\"203\" class=\"elementor elementor-203\">\n\t\t\t\t<div class=\"elementor-element elementor-element-641be70 e-con-full e-flex e-con e-parent\" data-id=\"641be70\" data-element_type=\"container\" data-e-type=\"container\" data-settings=\"{&quot;background_background&quot;:&quot;classic&quot;}\">\n\t\t\t\t<div class=\"elementor-element elementor-element-53be319d animated-slow elementor-invisible elementor-widget elementor-widget-heading\" data-id=\"53be319d\" data-element_type=\"widget\" data-e-type=\"widget\" data-settings=\"{&quot;_animation&quot;:&quot;slideInUp&quot;}\" data-widget_type=\"heading.default\">\n\t\t\t\t<div class=\"elementor-widget-container\">\n\t\t\t\t\t<h6 class=\"elementor-heading-title elementor-size-xxl\">TIC@PORTUGAL<\/h6>\t\t\t\t<\/div>\n\t\t\t\t<\/div>\n\t\t\t\t<\/div>\n\t\t<div class=\"elementor-element elementor-element-759ce66 e-flex e-con-boxed e-con e-parent\" data-id=\"759ce66\" data-element_type=\"container\" data-e-type=\"container\">\n\t\t\t\t\t<div class=\"e-con-inner\">\n\t\t<div class=\"elementor-element elementor-element-85366a2 e-con-full e-flex e-con e-parent\" data-id=\"85366a2\" data-element_type=\"container\" data-e-type=\"container\" data-settings=\"{&quot;animation&quot;:&quot;none&quot;}\">\n\t\t\t\t<div class=\"elementor-element elementor-element-d036072 animated-slow elementor-invisible elementor-widget elementor-widget-text-editor\" data-id=\"d036072\" data-element_type=\"widget\" data-e-type=\"widget\" data-settings=\"{&quot;_animation&quot;:&quot;fadeInRight&quot;}\" data-widget_type=\"text-editor.default\">\n\t\t\t\t<div class=\"elementor-widget-container\">\n\t\t\t\t\t\t\t\t\t<p style=\"box-sizing: inherit; margin-bottom: 0px; word-break: break-word; overflow-wrap: break-word; color: #777777; font-family: 'Open Sans', Helvetica, Arial, sans-serif; font-size: 14px; text-align: start; background-color: #ffffff;\">O Encontro\u00a0TIC@Portugal\u00a0\u00e9 iniciativa da Associa\u00e7\u00e3o EDUCOM \u2013 APTE (Associa\u00e7\u00e3o Portuguesa de Telem\u00e1tica Educativa), atrav\u00e9s do seu Centro de Compet\u00eancia TIC e do seu Centro de Forma\u00e7\u00e3o de Professores.<br style=\"box-sizing: inherit; padding: 0px; margin: 0px; overflow-wrap: break-word;\" \/><br style=\"box-sizing: inherit; padding: 0px; margin: 0px; overflow-wrap: break-word;\" \/><\/p>\n<p style=\"margin-bottom: 24px; word-break: break-word; overflow-wrap: break-word; color: #777777; font-family: 'Open Sans', Helvetica, Arial, sans-serif; font-size: 14px; text-align: start; background-color: #ffffff;\">Este evento tem como objetivo refletir sobre as pr\u00e1ticas do uso das TIC na Educa\u00e7\u00e3o. Pretende ouvir os\u00a0educadores e professores\u00a0que no terreno usam as TIC, atrav\u00e9s da apresenta\u00e7\u00e3o do seu trabalho, e convida\u00a0especialistas\u00a0a contribu\u00edrem com o que de mais recente se sabe neste dom\u00ednio. \u00c9 uma oportunidade para se divulgar e debater a\u00a0utiliza\u00e7\u00e3o das TIC nos processos de ensino e de aprendizagem.<\/p>\n<p style=\"margin-bottom: 24px; word-break: break-word; overflow-wrap: break-word; color: #777777; font-family: 'Open Sans', Helvetica, Arial, sans-serif; font-size: 14px; text-align: start; background-color: #ffffff;\">Tem um car\u00e1ter\u00a0nacional e descentralizado, a levar a cabo em colabora\u00e7\u00e3o com diversos Centros de Compet\u00eancia TIC da\u00a0<a style=\"box-sizing: inherit; background-color: transparent; color: #3d7bba; touch-action: manipulation; outline: none; padding: 0px; margin: 0px; overflow-wrap: break-word;\" href=\"https:\/\/erte.dge.mec.pt\/centros-de-competencia-tic\">ERTE\/Dire\u00e7\u00e3o-Geral da Educa\u00e7\u00e3o<\/a>\u00a0do Minist\u00e9rio da Educa\u00e7\u00e3o e das Institui\u00e7\u00f5es do Ensino Superior (localizados em Braga, Bragan\u00e7a, Coimbra, Aveiro, Viseu, Leiria, Santar\u00e9m, Castelo Branco, Lisboa, Set\u00fabal e \u00c9vora) que integram e complementam, com sess\u00f5es locais e\/ou por videoconfer\u00eancia, esta iniciativa da EDUCOM.<\/p>\t\t\t\t\t\t\t\t<\/div>\n\t\t\t\t<\/div>\n\t\t\t\t<\/div>\n\t\t\t\t\t<\/div>\n\t\t\t\t<\/div>\n\t\t<div class=\"elementor-element elementor-element-2d22cdd e-flex e-con-boxed e-con e-parent\" data-id=\"2d22cdd\" data-element_type=\"container\" data-e-type=\"container\">\n\t\t\t\t\t<div class=\"e-con-inner\">\n\t\t<div class=\"elementor-element elementor-element-36d2577 e-con-full e-flex e-con e-parent\" data-id=\"36d2577\" data-element_type=\"container\" data-e-type=\"container\">\n\t\t\t\t<div class=\"elementor-element elementor-element-80d02cf elementor-button-success elementor-align-justify elementor-widget elementor-widget-button\" data-id=\"80d02cf\" data-element_type=\"widget\" data-e-type=\"widget\" data-widget_type=\"button.default\">\n\t\t\t\t<div class=\"elementor-widget-container\">\n\t\t\t\t\t\t\t\t\t<div class=\"elementor-button-wrapper\">\n\t\t\t\t\t<a class=\"elementor-button elementor-button-link elementor-size-sm\" href=\"https:\/\/wordpress.educom.pt\/TIC-Portugal-23\/\" target=\"_blank\">\n\t\t\t\t\t\t<span class=\"elementor-button-content-wrapper\">\n\t\t\t\t\t\t\t\t\t<span class=\"elementor-button-text\">TIC@Portugal'23<\/span>\n\t\t\t\t\t<\/span>\n\t\t\t\t\t<\/a>\n\t\t\t\t<\/div>\n\t\t\t\t\t\t\t\t<\/div>\n\t\t\t\t<\/div>\n\t\t\t\t<\/div>\n\t\t<div class=\"elementor-element elementor-element-00847ce e-con-full e-flex e-con e-parent\" data-id=\"00847ce\" data-element_type=\"container\" data-e-type=\"container\">\n\t\t\t\t<div class=\"elementor-element elementor-element-253c4cc elementor-button-success elementor-align-justify elementor-widget elementor-widget-button\" data-id=\"253c4cc\" data-element_type=\"widget\" data-e-type=\"widget\" data-widget_type=\"button.default\">\n\t\t\t\t<div class=\"elementor-widget-container\">\n\t\t\t\t\t\t\t\t\t<div class=\"elementor-button-wrapper\">\n\t\t\t\t\t<a class=\"elementor-button elementor-button-link elementor-size-sm\" href=\"https:\/\/wordpress.educom.pt\/TIC-Portugal-22\/\" target=\"_blank\">\n\t\t\t\t\t\t<span class=\"elementor-button-content-wrapper\">\n\t\t\t\t\t\t\t\t\t<span class=\"elementor-button-text\">TIC@Portugal'22<\/span>\n\t\t\t\t\t<\/span>\n\t\t\t\t\t<\/a>\n\t\t\t\t<\/div>\n\t\t\t\t\t\t\t\t<\/div>\n\t\t\t\t<\/div>\n\t\t\t\t<\/div>\n\t\t<div class=\"elementor-element elementor-element-b3309d5 e-con-full e-flex e-con e-parent\" data-id=\"b3309d5\" data-element_type=\"container\" data-e-type=\"container\">\n\t\t\t\t<div class=\"elementor-element elementor-element-c813269 elementor-button-success elementor-align-justify elementor-widget elementor-widget-button\" data-id=\"c813269\" data-element_type=\"widget\" data-e-type=\"widget\" data-widget_type=\"button.default\">\n\t\t\t\t<div class=\"elementor-widget-container\">\n\t\t\t\t\t\t\t\t\t<div class=\"elementor-button-wrapper\">\n\t\t\t\t\t<a class=\"elementor-button elementor-button-link elementor-size-sm\" href=\"https:\/\/wordpress.educom.pt\/TIC-Portugal-21\/\" target=\"_blank\">\n\t\t\t\t\t\t<span class=\"elementor-button-content-wrapper\">\n\t\t\t\t\t\t\t\t\t<span class=\"elementor-button-text\">TIC@Portugal'21<\/span>\n\t\t\t\t\t<\/span>\n\t\t\t\t\t<\/a>\n\t\t\t\t<\/div>\n\t\t\t\t\t\t\t\t<\/div>\n\t\t\t\t<\/div>\n\t\t\t\t<\/div>\n\t\t<div class=\"elementor-element elementor-element-5f308fb e-con-full e-flex e-con e-parent\" data-id=\"5f308fb\" data-element_type=\"container\" data-e-type=\"container\">\n\t\t\t\t<div class=\"elementor-element elementor-element-753ac7e elementor-button-success elementor-align-justify elementor-widget elementor-widget-button\" data-id=\"753ac7e\" data-element_type=\"widget\" data-e-type=\"widget\" data-widget_type=\"button.default\">\n\t\t\t\t<div class=\"elementor-widget-container\">\n\t\t\t\t\t\t\t\t\t<div class=\"elementor-button-wrapper\">\n\t\t\t\t\t<a class=\"elementor-button elementor-button-link elementor-size-sm\" href=\"https:\/\/wordpress.educom.pt\/TIC-Portugal-20\/\" target=\"_blank\">\n\t\t\t\t\t\t<span class=\"elementor-button-content-wrapper\">\n\t\t\t\t\t\t\t\t\t<span class=\"elementor-button-text\">TIC@Portugal'20<\/span>\n\t\t\t\t\t<\/span>\n\t\t\t\t\t<\/a>\n\t\t\t\t<\/div>\n\t\t\t\t\t\t\t\t<\/div>\n\t\t\t\t<\/div>\n\t\t\t\t<\/div>\n\t\t<div class=\"elementor-element elementor-element-b14004b e-con-full e-flex e-con e-parent\" data-id=\"b14004b\" data-element_type=\"container\" data-e-type=\"container\">\n\t\t\t\t<div class=\"elementor-element elementor-element-9f7a0e7 elementor-button-success elementor-align-justify elementor-widget elementor-widget-button\" data-id=\"9f7a0e7\" data-element_type=\"widget\" data-e-type=\"widget\" data-widget_type=\"button.default\">\n\t\t\t\t<div class=\"elementor-widget-container\">\n\t\t\t\t\t\t\t\t\t<div class=\"elementor-button-wrapper\">\n\t\t\t\t\t<a class=\"elementor-button elementor-button-link elementor-size-sm\" href=\"https:\/\/wordpress.educom.pt\/TIC-Portugal-19\/\" target=\"_blank\">\n\t\t\t\t\t\t<span class=\"elementor-button-content-wrapper\">\n\t\t\t\t\t\t\t\t\t<span class=\"elementor-button-text\">TIC@Portugal'19<\/span>\n\t\t\t\t\t<\/span>\n\t\t\t\t\t<\/a>\n\t\t\t\t<\/div>\n\t\t\t\t\t\t\t\t<\/div>\n\t\t\t\t<\/div>\n\t\t\t\t<\/div>\n\t\t<div class=\"elementor-element elementor-element-73496e7 e-con-full e-flex e-con e-parent\" data-id=\"73496e7\" data-element_type=\"container\" data-e-type=\"container\">\n\t\t\t\t<div class=\"elementor-element elementor-element-5e99893 elementor-button-success elementor-align-justify elementor-widget elementor-widget-button\" data-id=\"5e99893\" data-element_type=\"widget\" data-e-type=\"widget\" data-widget_type=\"button.default\">\n\t\t\t\t<div class=\"elementor-widget-container\">\n\t\t\t\t\t\t\t\t\t<div class=\"elementor-button-wrapper\">\n\t\t\t\t\t<a class=\"elementor-button elementor-button-link elementor-size-sm\" href=\"https:\/\/wordpress.educom.pt\/TIC-Portugal-18\/\" target=\"_blank\">\n\t\t\t\t\t\t<span class=\"elementor-button-content-wrapper\">\n\t\t\t\t\t\t\t\t\t<span class=\"elementor-button-text\">TIC@Portugal'18<\/span>\n\t\t\t\t\t<\/span>\n\t\t\t\t\t<\/a>\n\t\t\t\t<\/div>\n\t\t\t\t\t\t\t\t<\/div>\n\t\t\t\t<\/div>\n\t\t\t\t<\/div>\n\t\t<div class=\"elementor-element elementor-element-4befdd4 e-con-full e-flex e-con e-parent\" data-id=\"4befdd4\" data-element_type=\"container\" data-e-type=\"container\">\n\t\t\t\t<div class=\"elementor-element elementor-element-68e1173 elementor-button-success elementor-align-justify elementor-widget elementor-widget-button\" data-id=\"68e1173\" data-element_type=\"widget\" data-e-type=\"widget\" data-widget_type=\"button.default\">\n\t\t\t\t<div class=\"elementor-widget-container\">\n\t\t\t\t\t\t\t\t\t<div class=\"elementor-button-wrapper\">\n\t\t\t\t\t<a class=\"elementor-button elementor-button-link elementor-size-sm\" href=\"https:\/\/wordpress.educom.pt\/TIC-Portugal-17\/\" target=\"_blank\">\n\t\t\t\t\t\t<span class=\"elementor-button-content-wrapper\">\n\t\t\t\t\t\t\t\t\t<span class=\"elementor-button-text\">TIC@Portugal'17<\/span>\n\t\t\t\t\t<\/span>\n\t\t\t\t\t<\/a>\n\t\t\t\t<\/div>\n\t\t\t\t\t\t\t\t<\/div>\n\t\t\t\t<\/div>\n\t\t\t\t<\/div>\n\t\t<div class=\"elementor-element elementor-element-6a05332 e-con-full e-flex e-con e-parent\" data-id=\"6a05332\" data-element_type=\"container\" data-e-type=\"container\">\n\t\t\t\t<div class=\"elementor-element elementor-element-0cdd35a elementor-button-success elementor-align-justify elementor-widget elementor-widget-button\" data-id=\"0cdd35a\" data-element_type=\"widget\" data-e-type=\"widget\" data-widget_type=\"button.default\">\n\t\t\t\t<div class=\"elementor-widget-container\">\n\t\t\t\t\t\t\t\t\t<div class=\"elementor-button-wrapper\">\n\t\t\t\t\t<a class=\"elementor-button elementor-button-link elementor-size-sm\" href=\"https:\/\/wordpress.educom.pt\/TIC-Portugal-16\/\" target=\"_blank\">\n\t\t\t\t\t\t<span class=\"elementor-button-content-wrapper\">\n\t\t\t\t\t\t\t\t\t<span class=\"elementor-button-text\">TIC@Portugal'16<\/span>\n\t\t\t\t\t<\/span>\n\t\t\t\t\t<\/a>\n\t\t\t\t<\/div>\n\t\t\t\t\t\t\t\t<\/div>\n\t\t\t\t<\/div>\n\t\t\t\t<\/div>\n\t\t<div class=\"elementor-element elementor-element-4d21400 e-con-full e-flex e-con e-parent\" data-id=\"4d21400\" data-element_type=\"container\" data-e-type=\"container\">\n\t\t\t\t<div class=\"elementor-element elementor-element-0fa8fb8 elementor-button-success elementor-align-justify elementor-widget elementor-widget-button\" data-id=\"0fa8fb8\" data-element_type=\"widget\" data-e-type=\"widget\" data-widget_type=\"button.default\">\n\t\t\t\t<div class=\"elementor-widget-container\">\n\t\t\t\t\t\t\t\t\t<div class=\"elementor-button-wrapper\">\n\t\t\t\t\t<a class=\"elementor-button elementor-button-link elementor-size-sm\" href=\"https:\/\/wordpress.educom.pt\/TIC-Portugal-15\/\" target=\"_blank\">\n\t\t\t\t\t\t<span class=\"elementor-button-content-wrapper\">\n\t\t\t\t\t\t\t\t\t<span class=\"elementor-button-text\">TIC@Portugal'15<\/span>\n\t\t\t\t\t<\/span>\n\t\t\t\t\t<\/a>\n\t\t\t\t<\/div>\n\t\t\t\t\t\t\t\t<\/div>\n\t\t\t\t<\/div>\n\t\t\t\t<\/div>\n\t\t<div class=\"elementor-element elementor-element-b2a9b4e e-con-full e-flex e-con e-parent\" data-id=\"b2a9b4e\" data-element_type=\"container\" data-e-type=\"container\">\n\t\t\t\t<div class=\"elementor-element elementor-element-00f9dfe elementor-button-success elementor-align-justify elementor-widget elementor-widget-button\" data-id=\"00f9dfe\" data-element_type=\"widget\" data-e-type=\"widget\" data-widget_type=\"button.default\">\n\t\t\t\t<div class=\"elementor-widget-container\">\n\t\t\t\t\t\t\t\t\t<div class=\"elementor-button-wrapper\">\n\t\t\t\t\t<a class=\"elementor-button elementor-button-link elementor-size-sm\" href=\"https:\/\/wordpress.educom.pt\/TIC-Portugal-14\/\" target=\"_blank\">\n\t\t\t\t\t\t<span class=\"elementor-button-content-wrapper\">\n\t\t\t\t\t\t\t\t\t<span class=\"elementor-button-text\">TIC@Portugal'14<\/span>\n\t\t\t\t\t<\/span>\n\t\t\t\t\t<\/a>\n\t\t\t\t<\/div>\n\t\t\t\t\t\t\t\t<\/div>\n\t\t\t\t<\/div>\n\t\t\t\t<\/div>\n\t\t\t\t\t<\/div>\n\t\t\t\t<\/div>\n\t\t\t\t<\/div>\n\t\t","protected":false},"excerpt":{"rendered":"<p>TIC@PORTUGAL O Encontro\u00a0TIC@Portugal\u00a0\u00e9 iniciativa da Associa\u00e7\u00e3o EDUCOM \u2013 APTE (Associa\u00e7\u00e3o Portuguesa de Telem\u00e1tica Educativa), atrav\u00e9s do seu Centro de Compet\u00eancia TIC e do seu Centro de Forma\u00e7\u00e3o de Professores. Este evento tem como objetivo refletir sobre as pr\u00e1ticas do uso das TIC na Educa\u00e7\u00e3o. Pretende ouvir os\u00a0educadores e professores\u00a0que no terreno usam as TIC, atrav\u00e9s da apresenta\u00e7\u00e3o do seu trabalho, e convida\u00a0especialistas\u00a0a contribu\u00edrem com o que de mais recente se sabe neste dom\u00ednio. \u00c9 uma oportunidade para se divulgar e debater a\u00a0utiliza\u00e7\u00e3o das TIC nos processos de ensino e de aprendizagem. Tem um car\u00e1ter\u00a0nacional e descentralizado, a levar a cabo\u2026<\/p>\n","protected":false},"author":123456,"featured_media":0,"parent":0,"menu_order":0,"comment_status":"closed","ping_status":"closed","template":"elementor_header_footer","meta":{"footnotes":""},"class_list":["post-203","page","type-page","status-publish","hentry"],"blocksy_meta":"","_links":{"self":[{"href":"https:\/\/wordpress.educom.pt\/TIC-Portugal-24\/wp-json\/wp\/v2\/pages\/203","targetHints":{"allow":["GET"]}}],"collection":[{"href":"https:\/\/wordpress.educom.pt\/TIC-Portugal-24\/wp-json\/wp\/v2\/pages"}],"about":[{"href":"https:\/\/wordpress.educom.pt\/TIC-Portugal-24\/wp-json\/wp\/v2\/types\/page"}],"author":[{"embeddable":true,"href":"https:\/\/wordpress.educom.pt\/TIC-Portugal-24\/wp-json\/wp\/v2\/users\/123456"}],"replies":[{"embeddable":true,"href":"https:\/\/wordpress.educom.pt\/TIC-Portugal-24\/wp-json\/wp\/v2\/comments?post=203"}],"version-history":[{"count":95,"href":"https:\/\/wordpress.educom.pt\/TIC-Portugal-24\/wp-json\/wp\/v2\/pages\/203\/revisions"}],"predecessor-version":[{"id":2523,"href":"https:\/\/wordpress.educom.pt\/TIC-Portugal-24\/wp-json\/wp\/v2\/pages\/203\/revisions\/2523"}],"wp:attachment":[{"href":"https:\/\/wordpress.educom.pt\/TIC-Portugal-24\/wp-json\/wp\/v2\/media?parent=203"}],"curies":[{"name":"wp","href":"https:\/\/api.w.org\/{rel}","templated":true}]}}