{"id":2179,"date":"2024-06-30T14:42:35","date_gmt":"2024-06-30T14:42:35","guid":{"rendered":"https:\/\/wordpress.educom.pt\/TIC-Portugal-23\/?page_id=2179"},"modified":"2024-07-02T07:46:05","modified_gmt":"2024-07-02T07:46:05","slug":"workshop-spo9","status":"publish","type":"page","link":"https:\/\/wordpress.educom.pt\/TIC-Portugal-24\/workshop-spo9\/","title":{"rendered":"Cria\u00e7\u00e3o de Conte\u00fados Multim\u00e9dia"},"content":{"rendered":"\t\t<div data-elementor-type=\"wp-page\" data-elementor-id=\"2179\" class=\"elementor elementor-2179\">\n\t\t\t\t<div class=\"elementor-element elementor-element-9f4961d e-flex e-con-boxed e-con e-parent\" data-id=\"9f4961d\" data-element_type=\"container\" data-e-type=\"container\">\n\t\t\t\t\t<div class=\"e-con-inner\">\n\t\t\t\t<div class=\"elementor-element elementor-element-fdebc36 elementor-widget elementor-widget-heading\" data-id=\"fdebc36\" data-element_type=\"widget\" data-e-type=\"widget\" data-widget_type=\"heading.default\">\n\t\t\t\t<div class=\"elementor-widget-container\">\n\t\t\t\t\t<h6 class=\"elementor-heading-title elementor-size-default\">Sess\u00e3o Pr\u00e1tica SP.O9 - Online.<\/h6>\t\t\t\t<\/div>\n\t\t\t\t<\/div>\n\t\t\t\t<div class=\"elementor-element elementor-element-d58c4f4 elementor-invisible elementor-widget elementor-widget-text-editor\" data-id=\"d58c4f4\" data-element_type=\"widget\" data-e-type=\"widget\" data-settings=\"{&quot;_animation&quot;:&quot;fadeInDown&quot;}\" data-widget_type=\"text-editor.default\">\n\t\t\t\t<div class=\"elementor-widget-container\">\n\t\t\t\t\t\t\t\t\t<p>Por <b>Lu\u00eds Varela<\/b><\/p>\t\t\t\t\t\t\t\t<\/div>\n\t\t\t\t<\/div>\n\t\t\t\t<div class=\"elementor-element elementor-element-66218f0 elementor-widget elementor-widget-text-editor\" data-id=\"66218f0\" data-element_type=\"widget\" data-e-type=\"widget\" data-settings=\"{&quot;_animation&quot;:&quot;none&quot;}\" data-widget_type=\"text-editor.default\">\n\t\t\t\t<div class=\"elementor-widget-container\">\n\t\t\t\t\t\t\t\t\t<p>Workshop sobre a cria\u00e7\u00e3o de recursos e conte\u00fados multim\u00e9dia, com uma vertente muito pr\u00e1tica de cria\u00e7\u00e3o de produtos interativos com finalidade pedag\u00f3gica.<\/p><p>Durante a sess\u00e3o, ser\u00e3o lan\u00e7ados desafios pr\u00e1ticos adaptados ao contexto de cada participante, permitindo-lhe criar projetos personalizados e relevantes. Evento \u00fatil para conhecer e aprimorar compet\u00eancias digitais e transformar a abordagem educativa com ferramentas multim\u00e9dia\u00a0interativas.<\/p>\t\t\t\t\t\t\t\t<\/div>\n\t\t\t\t<\/div>\n\t\t\t\t\t<\/div>\n\t\t\t\t<\/div>\n\t\t\t\t<\/div>\n\t\t","protected":false},"excerpt":{"rendered":"<p>Sess\u00e3o Pr\u00e1tica SP.O9 &#8211; Online. Por Lu\u00eds Varela Workshop sobre a cria\u00e7\u00e3o de recursos e conte\u00fados multim\u00e9dia, com uma vertente muito pr\u00e1tica de cria\u00e7\u00e3o de produtos interativos com finalidade pedag\u00f3gica. Durante a sess\u00e3o, ser\u00e3o lan\u00e7ados desafios pr\u00e1ticos adaptados ao contexto de cada participante, permitindo-lhe criar projetos personalizados e relevantes. Evento \u00fatil para conhecer e aprimorar compet\u00eancias digitais e transformar a abordagem educativa com ferramentas multim\u00e9dia\u00a0interativas.<\/p>\n","protected":false},"author":123456,"featured_media":0,"parent":0,"menu_order":0,"comment_status":"closed","ping_status":"closed","template":"","meta":{"footnotes":""},"class_list":["post-2179","page","type-page","status-publish","hentry"],"blocksy_meta":"","_links":{"self":[{"href":"https:\/\/wordpress.educom.pt\/TIC-Portugal-24\/wp-json\/wp\/v2\/pages\/2179","targetHints":{"allow":["GET"]}}],"collection":[{"href":"https:\/\/wordpress.educom.pt\/TIC-Portugal-24\/wp-json\/wp\/v2\/pages"}],"about":[{"href":"https:\/\/wordpress.educom.pt\/TIC-Portugal-24\/wp-json\/wp\/v2\/types\/page"}],"author":[{"embeddable":true,"href":"https:\/\/wordpress.educom.pt\/TIC-Portugal-24\/wp-json\/wp\/v2\/users\/123456"}],"replies":[{"embeddable":true,"href":"https:\/\/wordpress.educom.pt\/TIC-Portugal-24\/wp-json\/wp\/v2\/comments?post=2179"}],"version-history":[{"count":8,"href":"https:\/\/wordpress.educom.pt\/TIC-Portugal-24\/wp-json\/wp\/v2\/pages\/2179\/revisions"}],"predecessor-version":[{"id":2591,"href":"https:\/\/wordpress.educom.pt\/TIC-Portugal-24\/wp-json\/wp\/v2\/pages\/2179\/revisions\/2591"}],"wp:attachment":[{"href":"https:\/\/wordpress.educom.pt\/TIC-Portugal-24\/wp-json\/wp\/v2\/media?parent=2179"}],"curies":[{"name":"wp","href":"https:\/\/api.w.org\/{rel}","templated":true}]}}