{"id":2288,"date":"2024-06-03T20:37:05","date_gmt":"2024-06-03T20:37:05","guid":{"rendered":"https:\/\/wordpress.educom.pt\/TIC-Portugal-23\/?page_id=2288"},"modified":"2024-07-02T07:49:59","modified_gmt":"2024-07-02T07:49:59","slug":"workshop-spm2","status":"publish","type":"page","link":"https:\/\/wordpress.educom.pt\/TIC-Portugal-24\/workshop-spm2\/","title":{"rendered":"Workshop: SPM2"},"content":{"rendered":"\t\t<div data-elementor-type=\"wp-page\" data-elementor-id=\"2288\" class=\"elementor elementor-2288\">\n\t\t\t\t<div class=\"elementor-element elementor-element-9f4961d e-flex e-con-boxed e-con e-parent\" data-id=\"9f4961d\" data-element_type=\"container\" data-e-type=\"container\">\n\t\t\t\t\t<div class=\"e-con-inner\">\n\t\t\t\t<div class=\"elementor-element elementor-element-fdebc36 elementor-widget elementor-widget-heading\" data-id=\"fdebc36\" data-element_type=\"widget\" data-e-type=\"widget\" data-widget_type=\"heading.default\">\n\t\t\t\t<div class=\"elementor-widget-container\">\n\t\t\t\t\t<h6 class=\"elementor-heading-title elementor-size-default\">Sess\u00e3o Pr\u00e1tica SP.M2 - Monte da Caparica.<\/h6>\t\t\t\t<\/div>\n\t\t\t\t<\/div>\n\t\t\t\t<div class=\"elementor-element elementor-element-d58c4f4 elementor-invisible elementor-widget elementor-widget-text-editor\" data-id=\"d58c4f4\" data-element_type=\"widget\" data-e-type=\"widget\" data-settings=\"{&quot;_animation&quot;:&quot;fadeInDown&quot;}\" data-widget_type=\"text-editor.default\">\n\t\t\t\t<div class=\"elementor-widget-container\">\n\t\t\t\t\t\t\t\t\t<p>Por <b>Paulo Torcato<\/b><\/p>\t\t\t\t\t\t\t\t<\/div>\n\t\t\t\t<\/div>\n\t\t\t\t<div class=\"elementor-element elementor-element-66218f0 elementor-widget elementor-widget-text-editor\" data-id=\"66218f0\" data-element_type=\"widget\" data-e-type=\"widget\" data-settings=\"{&quot;_animation&quot;:&quot;none&quot;}\" data-widget_type=\"text-editor.default\">\n\t\t\t\t<div class=\"elementor-widget-container\">\n\t\t\t\t\t\t\t\t\t<p>Em resposta \u00e0 evolu\u00e7\u00e3o do panorama educativo num mundo em r\u00e1pida mudan\u00e7a, as metodologias ativas s\u00e3o abordagens cruciais para promover a aquisi\u00e7\u00e3o de compet\u00eancias essenciais do s\u00e9culo XXI. A educa\u00e7\u00e3o STEAM tem como objetivo dotar os alunos de pensamento cr\u00edtico, capacidade de resolu\u00e7\u00e3o de problemas e criatividade, vitais para os desafios do s\u00e9culo XXI.<br \/>As atividades propostas promovem o pensamento computacional, a programa\u00e7\u00e3o e as compet\u00eancias de machine learning atrav\u00e9s da plataforma Pictoblox.<\/p><p dir=\"ltr\"><strong>Requisitos de participa\u00e7\u00e3o:<\/strong>\u00a0Os participantes devem ter computador com o Pictoblox instalado e com acesso \u00e0 internet.<\/p><p dir=\"ltr\"><b>Pictoblox<\/b>:\u00a0<a href=\"https:\/\/thestempedia.com\/product\/pictoblox\/download-pictoblox\/\">https:\/\/thestempedia.com\/product\/pictoblox\/download-pictoblox\/<\/a>\u00a0<\/p>\t\t\t\t\t\t\t\t<\/div>\n\t\t\t\t<\/div>\n\t\t\t\t\t<\/div>\n\t\t\t\t<\/div>\n\t\t\t\t<\/div>\n\t\t","protected":false},"excerpt":{"rendered":"<p>Sess\u00e3o Pr\u00e1tica SP.M2 &#8211; Monte da Caparica. Por Paulo Torcato Em resposta \u00e0 evolu\u00e7\u00e3o do panorama educativo num mundo em r\u00e1pida mudan\u00e7a, as metodologias ativas s\u00e3o abordagens cruciais para promover a aquisi\u00e7\u00e3o de compet\u00eancias essenciais do s\u00e9culo XXI. A educa\u00e7\u00e3o STEAM tem como objetivo dotar os alunos de pensamento cr\u00edtico, capacidade de resolu\u00e7\u00e3o de problemas e criatividade, vitais para os desafios do s\u00e9culo XXI.As atividades propostas promovem o pensamento computacional, a programa\u00e7\u00e3o e as compet\u00eancias de machine learning atrav\u00e9s da plataforma Pictoblox. Requisitos de participa\u00e7\u00e3o:\u00a0Os participantes devem ter computador com o Pictoblox instalado e com acesso \u00e0 internet. Pictoblox:\u00a0https:\/\/thestempedia.com\/product\/pictoblox\/download-pictoblox\/\u00a0<\/p>\n","protected":false},"author":123456,"featured_media":0,"parent":0,"menu_order":0,"comment_status":"closed","ping_status":"closed","template":"","meta":{"footnotes":""},"class_list":["post-2288","page","type-page","status-publish","hentry"],"blocksy_meta":"","_links":{"self":[{"href":"https:\/\/wordpress.educom.pt\/TIC-Portugal-24\/wp-json\/wp\/v2\/pages\/2288","targetHints":{"allow":["GET"]}}],"collection":[{"href":"https:\/\/wordpress.educom.pt\/TIC-Portugal-24\/wp-json\/wp\/v2\/pages"}],"about":[{"href":"https:\/\/wordpress.educom.pt\/TIC-Portugal-24\/wp-json\/wp\/v2\/types\/page"}],"author":[{"embeddable":true,"href":"https:\/\/wordpress.educom.pt\/TIC-Portugal-24\/wp-json\/wp\/v2\/users\/123456"}],"replies":[{"embeddable":true,"href":"https:\/\/wordpress.educom.pt\/TIC-Portugal-24\/wp-json\/wp\/v2\/comments?post=2288"}],"version-history":[{"count":21,"href":"https:\/\/wordpress.educom.pt\/TIC-Portugal-24\/wp-json\/wp\/v2\/pages\/2288\/revisions"}],"predecessor-version":[{"id":2603,"href":"https:\/\/wordpress.educom.pt\/TIC-Portugal-24\/wp-json\/wp\/v2\/pages\/2288\/revisions\/2603"}],"wp:attachment":[{"href":"https:\/\/wordpress.educom.pt\/TIC-Portugal-24\/wp-json\/wp\/v2\/media?parent=2288"}],"curies":[{"name":"wp","href":"https:\/\/api.w.org\/{rel}","templated":true}]}}