{"id":2307,"date":"2024-06-03T20:43:54","date_gmt":"2024-06-03T20:43:54","guid":{"rendered":"https:\/\/wordpress.educom.pt\/TIC-Portugal-23\/?page_id=2307"},"modified":"2024-07-04T05:50:29","modified_gmt":"2024-07-04T05:50:29","slug":"workshop-spm1-2","status":"publish","type":"page","link":"https:\/\/wordpress.educom.pt\/TIC-Portugal-24\/workshop-spm1-2\/","title":{"rendered":"Genially: uma ferramenta para a Educa\u00e7\u00e3o Digital"},"content":{"rendered":"\t\t<div data-elementor-type=\"wp-page\" data-elementor-id=\"2307\" class=\"elementor elementor-2307\">\n\t\t\t\t<div class=\"elementor-element elementor-element-9f4961d e-flex e-con-boxed e-con e-parent\" data-id=\"9f4961d\" data-element_type=\"container\" data-e-type=\"container\">\n\t\t\t\t\t<div class=\"e-con-inner\">\n\t\t\t\t<div class=\"elementor-element elementor-element-fdebc36 elementor-widget elementor-widget-heading\" data-id=\"fdebc36\" data-element_type=\"widget\" data-e-type=\"widget\" data-widget_type=\"heading.default\">\n\t\t\t\t<div class=\"elementor-widget-container\">\n\t\t\t\t\t<h6 class=\"elementor-heading-title elementor-size-default\">Sess\u00e3o Pr\u00e1tica - SP.M1 -  Monte da Caparica<\/h6>\t\t\t\t<\/div>\n\t\t\t\t<\/div>\n\t\t\t\t<div class=\"elementor-element elementor-element-d58c4f4 elementor-invisible elementor-widget elementor-widget-text-editor\" data-id=\"d58c4f4\" data-element_type=\"widget\" data-e-type=\"widget\" data-settings=\"{&quot;_animation&quot;:&quot;fadeInDown&quot;}\" data-widget_type=\"text-editor.default\">\n\t\t\t\t<div class=\"elementor-widget-container\">\n\t\t\t\t\t\t\t\t\t<p>Por <strong>Leonor Lu\u00eds<\/strong><\/p>\t\t\t\t\t\t\t\t<\/div>\n\t\t\t\t<\/div>\n\t\t\t\t<div class=\"elementor-element elementor-element-66218f0 elementor-widget elementor-widget-text-editor\" data-id=\"66218f0\" data-element_type=\"widget\" data-e-type=\"widget\" data-settings=\"{&quot;_animation&quot;:&quot;none&quot;}\" data-widget_type=\"text-editor.default\">\n\t\t\t\t<div class=\"elementor-widget-container\">\n\t\t\t\t\t\t\t\t\t<div><p>A Educa\u00e7\u00e3o Digital \u00e9 um tema que tem vindo a ser debatido, tanto em contexto europeu como nacional e que pretende promover a adapta\u00e7\u00e3o dos pr\u00f3prios sistemas de ensino e forma\u00e7\u00e3o aos demais desafios tecnol\u00f3gicos. Cientes de ser um processo de adapta\u00e7\u00e3o demorado, apresentamos neste workshop uma ferramenta que consideramos de f\u00e1cil acesso e que prontamente se ajusta a qualquer disciplina ou proposta de trabalho, capaz de criar uma harmonia entre a sala de aula e o digital.<br \/>Sendo este workshop de car\u00e1ter interativo, \u00e9 esperado que os participantes iniciem os primeiros passos na cria\u00e7\u00e3o ou adapta\u00e7\u00e3o de conte\u00fados pass\u00edveis de serem utilizados tanto em contexto de sala de aula, como fora desta.<\/p><\/div><div><strong>Requisitos de participa\u00e7\u00e3o:<\/strong> Os participantes devem ter computador com acesso \u00e0 internet.<\/div>\t\t\t\t\t\t\t\t<\/div>\n\t\t\t\t<\/div>\n\t\t\t\t\t<\/div>\n\t\t\t\t<\/div>\n\t\t\t\t<\/div>\n\t\t","protected":false},"excerpt":{"rendered":"<p>Sess\u00e3o Pr\u00e1tica &#8211; SP.M1 &#8211; Monte da Caparica Por Leonor Lu\u00eds A Educa\u00e7\u00e3o Digital \u00e9 um tema que tem vindo a ser debatido, tanto em contexto europeu como nacional e que pretende promover a adapta\u00e7\u00e3o dos pr\u00f3prios sistemas de ensino e forma\u00e7\u00e3o aos demais desafios tecnol\u00f3gicos. Cientes de ser um processo de adapta\u00e7\u00e3o demorado, apresentamos neste workshop uma ferramenta que consideramos de f\u00e1cil acesso e que prontamente se ajusta a qualquer disciplina ou proposta de trabalho, capaz de criar uma harmonia entre a sala de aula e o digital.Sendo este workshop de car\u00e1ter interativo, \u00e9 esperado que os participantes iniciem\u2026<\/p>\n","protected":false},"author":123456,"featured_media":0,"parent":0,"menu_order":0,"comment_status":"closed","ping_status":"closed","template":"","meta":{"footnotes":""},"class_list":["post-2307","page","type-page","status-publish","hentry"],"blocksy_meta":"","_links":{"self":[{"href":"https:\/\/wordpress.educom.pt\/TIC-Portugal-24\/wp-json\/wp\/v2\/pages\/2307","targetHints":{"allow":["GET"]}}],"collection":[{"href":"https:\/\/wordpress.educom.pt\/TIC-Portugal-24\/wp-json\/wp\/v2\/pages"}],"about":[{"href":"https:\/\/wordpress.educom.pt\/TIC-Portugal-24\/wp-json\/wp\/v2\/types\/page"}],"author":[{"embeddable":true,"href":"https:\/\/wordpress.educom.pt\/TIC-Portugal-24\/wp-json\/wp\/v2\/users\/123456"}],"replies":[{"embeddable":true,"href":"https:\/\/wordpress.educom.pt\/TIC-Portugal-24\/wp-json\/wp\/v2\/comments?post=2307"}],"version-history":[{"count":8,"href":"https:\/\/wordpress.educom.pt\/TIC-Portugal-24\/wp-json\/wp\/v2\/pages\/2307\/revisions"}],"predecessor-version":[{"id":2661,"href":"https:\/\/wordpress.educom.pt\/TIC-Portugal-24\/wp-json\/wp\/v2\/pages\/2307\/revisions\/2661"}],"wp:attachment":[{"href":"https:\/\/wordpress.educom.pt\/TIC-Portugal-24\/wp-json\/wp\/v2\/media?parent=2307"}],"curies":[{"name":"wp","href":"https:\/\/api.w.org\/{rel}","templated":true}]}}