{"id":253,"date":"2024-05-05T13:08:58","date_gmt":"2024-05-05T13:08:58","guid":{"rendered":"https:\/\/wordpress.educom.pt\/TIC-Portugal-23\/?page_id=253"},"modified":"2024-07-16T15:02:00","modified_gmt":"2024-07-16T15:02:00","slug":"ticportugal24-2-2","status":"publish","type":"page","link":"https:\/\/wordpress.educom.pt\/TIC-Portugal-24\/ticportugal24-2-2\/","title":{"rendered":"Organiza\u00e7\u00e3o"},"content":{"rendered":"\t\t<div data-elementor-type=\"wp-page\" data-elementor-id=\"253\" class=\"elementor elementor-253\">\n\t\t\t\t<div class=\"elementor-element elementor-element-641be70 e-con-full e-flex e-con e-parent\" data-id=\"641be70\" data-element_type=\"container\" data-e-type=\"container\" data-settings=\"{&quot;background_background&quot;:&quot;classic&quot;}\">\n\t\t\t\t<div class=\"elementor-element elementor-element-53be319d animated-slow elementor-invisible elementor-widget elementor-widget-heading\" data-id=\"53be319d\" data-element_type=\"widget\" data-e-type=\"widget\" data-settings=\"{&quot;_animation&quot;:&quot;slideInUp&quot;}\" data-widget_type=\"heading.default\">\n\t\t\t\t<div class=\"elementor-widget-container\">\n\t\t\t\t\t<h6 class=\"elementor-heading-title elementor-size-xxl\">TIC@PORTUGAL'24<\/h6>\t\t\t\t<\/div>\n\t\t\t\t<\/div>\n\t\t\t\t<\/div>\n\t\t<div class=\"elementor-element elementor-element-759ce66 e-flex e-con-boxed e-con e-parent\" data-id=\"759ce66\" data-element_type=\"container\" data-e-type=\"container\">\n\t\t\t\t\t<div class=\"e-con-inner\">\n\t\t<div class=\"elementor-element elementor-element-8a7b811 e-con-full e-flex e-con e-parent\" data-id=\"8a7b811\" data-element_type=\"container\" data-e-type=\"container\">\n\t\t<div class=\"elementor-element elementor-element-e176e8a e-con-full animated-fast e-flex e-con e-parent\" data-id=\"e176e8a\" data-element_type=\"container\" data-e-type=\"container\" data-settings=\"{&quot;animation&quot;:&quot;none&quot;}\">\n\t\t\t\t<div class=\"elementor-element elementor-element-14650f6 elementor-widget__width-initial elementor-widget elementor-widget-counter\" data-id=\"14650f6\" data-element_type=\"widget\" data-e-type=\"widget\" data-widget_type=\"counter.default\">\n\t\t\t\t<div class=\"elementor-widget-container\">\n\t\t\t\t\t\t\t<div class=\"elementor-counter\">\n\t\t\t<div class=\"elementor-counter-title\">JULHO<\/div>\t\t\t<div class=\"elementor-counter-number-wrapper\">\n\t\t\t\t<span class=\"elementor-counter-number-prefix\"><\/span>\n\t\t\t\t<span class=\"elementor-counter-number\" data-duration=\"600\" data-to-value=\"5\" data-from-value=\"0\" data-delimiter=\",\">0<\/span>\n\t\t\t\t<span class=\"elementor-counter-number-suffix\"><\/span>\n\t\t\t<\/div>\n\t\t<\/div>\n\t\t\t\t\t\t<\/div>\n\t\t\t\t<\/div>\n\t\t\t\t<div class=\"elementor-element elementor-element-7bba5e1 elementor-widget elementor-widget-counter\" data-id=\"7bba5e1\" data-element_type=\"widget\" data-e-type=\"widget\" data-widget_type=\"counter.default\">\n\t\t\t\t<div class=\"elementor-widget-container\">\n\t\t\t\t\t\t\t<div class=\"elementor-counter\">\n\t\t\t\t\t\t<div class=\"elementor-counter-number-wrapper\">\n\t\t\t\t<span class=\"elementor-counter-number-prefix\">20<\/span>\n\t\t\t\t<span class=\"elementor-counter-number\" data-duration=\"2000\" data-to-value=\"24\" data-from-value=\"24\">24<\/span>\n\t\t\t\t<span class=\"elementor-counter-number-suffix\"><\/span>\n\t\t\t<\/div>\n\t\t<\/div>\n\t\t\t\t\t\t<\/div>\n\t\t\t\t<\/div>\n\t\t\t\t<\/div>\n\t\t\t\t<div class=\"elementor-element elementor-element-1e62689 elementor-widget-divider--view-line elementor-widget elementor-widget-divider\" data-id=\"1e62689\" data-element_type=\"widget\" data-e-type=\"widget\" data-widget_type=\"divider.default\">\n\t\t\t\t<div class=\"elementor-widget-container\">\n\t\t\t\t\t\t\t<div class=\"elementor-divider\">\n\t\t\t<span class=\"elementor-divider-separator\">\n\t\t\t\t\t\t<\/span>\n\t\t<\/div>\n\t\t\t\t\t\t<\/div>\n\t\t\t\t<\/div>\n\t\t<div class=\"elementor-element elementor-element-5c837da e-flex e-con-boxed e-con e-parent\" data-id=\"5c837da\" data-element_type=\"container\" data-e-type=\"container\">\n\t\t\t\t\t<div class=\"e-con-inner\">\n\t\t\t\t<div class=\"elementor-element elementor-element-6ed4cbd elementor-widget elementor-widget-image\" data-id=\"6ed4cbd\" data-element_type=\"widget\" data-e-type=\"widget\" data-widget_type=\"image.default\">\n\t\t\t\t<div class=\"elementor-widget-container\">\n\t\t\t\t\t\t\t\t\t\t\t\t\t\t\t<img fetchpriority=\"high\" decoding=\"async\" width=\"214\" height=\"300\" src=\"https:\/\/wordpress.educom.pt\/TIC-Portugal-24\/wp-content\/uploads\/2024\/06\/Cartaz-TIC_PT24-v06-214x300.png\" class=\"attachment-medium size-medium wp-image-2427\" alt=\"Cartaz\" srcset=\"https:\/\/wordpress.educom.pt\/TIC-Portugal-24\/wp-content\/uploads\/2024\/06\/Cartaz-TIC_PT24-v06-214x300.png 214w, https:\/\/wordpress.educom.pt\/TIC-Portugal-24\/wp-content\/uploads\/2024\/06\/Cartaz-TIC_PT24-v06-730x1024.png 730w, https:\/\/wordpress.educom.pt\/TIC-Portugal-24\/wp-content\/uploads\/2024\/06\/Cartaz-TIC_PT24-v06-768x1077.png 768w, https:\/\/wordpress.educom.pt\/TIC-Portugal-24\/wp-content\/uploads\/2024\/06\/Cartaz-TIC_PT24-v06.png 866w\" sizes=\"(max-width: 214px) 100vw, 214px\" \/>\t\t\t\t\t\t\t\t\t\t\t\t\t\t\t<\/div>\n\t\t\t\t<\/div>\n\t\t\t\t\t<\/div>\n\t\t\t\t<\/div>\n\t\t\t\t<\/div>\n\t\t<div class=\"elementor-element elementor-element-85366a2 e-con-full e-flex e-con e-parent\" data-id=\"85366a2\" data-element_type=\"container\" data-e-type=\"container\" data-settings=\"{&quot;animation&quot;:&quot;none&quot;}\">\n\t\t\t\t<div class=\"elementor-element elementor-element-7394bb4 animated-fast elementor-invisible elementor-widget elementor-widget-heading\" data-id=\"7394bb4\" data-element_type=\"widget\" data-e-type=\"widget\" data-settings=\"{&quot;_animation&quot;:&quot;slideInRight&quot;}\" data-widget_type=\"heading.default\">\n\t\t\t\t<div class=\"elementor-widget-container\">\n\t\t\t\t\t<h4 class=\"elementor-heading-title elementor-size-medium\">EDUCOM \u2013 Associa\u00e7\u00e3o Portuguesa de Telem\u00e1tica Educativa<\/h4>\t\t\t\t<\/div>\n\t\t\t\t<\/div>\n\t\t\t\t<div class=\"elementor-element elementor-element-d036072 animated-slow elementor-invisible elementor-widget elementor-widget-text-editor\" data-id=\"d036072\" data-element_type=\"widget\" data-e-type=\"widget\" data-settings=\"{&quot;_animation&quot;:&quot;fadeInRight&quot;}\" data-widget_type=\"text-editor.default\">\n\t\t\t\t<div class=\"elementor-widget-container\">\n\t\t\t\t\t\t\t\t\t<ul>\n<li>Jo\u00e3o Correia de Freitas<\/li>\n<li>Carolina Pereira<\/li>\n<li>V\u00edtor Godinho Lopes<\/li>\n<\/ul>\n<p><strong>Secretariado Albufeira:<\/strong><\/p>\n<ul>\n<li>Anabela Furet<\/li>\n<li>Joana Jac\u00f3<\/li>\n<li>M\u00f3nica Aldeia<\/li>\n<\/ul>\n<p><strong>Secretariado Monte da Caparica:<\/strong><\/p>\n<ul>\n<li>Carla Paci\u00eancia<\/li>\n<li>Carla B.<\/li>\n<li>M\u00f3nica Bate<\/li>\n<li>V\u00edtor Godinho<\/li>\n<\/ul>\n<div>\n<p style=\"margin-bottom: var(--content-spacing);\"><strong>Secretariado On-line:<\/strong><\/p>\n<ul style=\"list-style-type: var(--listStyleType, disc); padding-inline-start: var(--listIndent);\">\n<li style=\"font-size: 16px;\">Lu\u00eds Valente<\/li>\n<li>V\u00edtor Godinho<\/li>\n<\/ul>\n<\/div>\t\t\t\t\t\t\t\t<\/div>\n\t\t\t\t<\/div>\n\t\t<div class=\"elementor-element elementor-element-ea66c42 e-flex e-con-boxed e-con e-parent\" data-id=\"ea66c42\" data-element_type=\"container\" data-e-type=\"container\">\n\t\t\t\t\t<div class=\"e-con-inner\">\n\t\t\t\t<div class=\"elementor-element elementor-element-1e54ea8 elementor-widget elementor-widget-text-editor\" data-id=\"1e54ea8\" data-element_type=\"widget\" data-e-type=\"widget\" data-widget_type=\"text-editor.default\">\n\t\t\t\t<div class=\"elementor-widget-container\">\n\t\t\t\t\t\t\t\t\t<p style=\"margin-bottom: var(--content-spacing); font-size: 16px; text-align: start;\"><strong>Email:<\/strong>\u00a0<a style=\"transition: var(--transition);\" href=\"mailto:tic.portugal@educom.pt\">tic.portugal@educom.pt<\/a><\/p><p style=\"font-size: 16px; text-align: start;\"><strong>Acredita\u00e7\u00e3o do Encontro:\u00a0<\/strong><span style=\"font-size: inherit; text-align: inherit; background-color: var(--palettecolor7); color: var(--color); font-family: var(--fontFamily); font-style: var(--fontStyle, inherit); font-weight: var(--fontWeight); letter-spacing: var(--letterSpacing); text-transform: var(--textTransform);\">Todos os participantes receber\u00e3o um certificado de participa\u00e7\u00e3o.\u00a0<\/span>Aos participantes que no ato de inscri\u00e7\u00e3o solicitaram certifica\u00e7\u00e3o como A\u00e7\u00e3o de Curta Dura\u00e7\u00e3o (ACD), num total de 6h, ser\u00e1 emitido e enviado o respetivo certificado.\u00a0<\/p>\t\t\t\t\t\t\t\t<\/div>\n\t\t\t\t<\/div>\n\t\t\t\t\t<\/div>\n\t\t\t\t<\/div>\n\t\t\t\t<\/div>\n\t\t\t\t\t<\/div>\n\t\t\t\t<\/div>\n\t\t<div class=\"elementor-element elementor-element-be9e721 e-flex e-con-boxed e-con e-parent\" data-id=\"be9e721\" data-element_type=\"container\" data-e-type=\"container\">\n\t\t\t\t\t<div class=\"e-con-inner\">\n\t\t<div class=\"elementor-element elementor-element-efd6d09 e-con-full e-flex e-con e-parent\" data-id=\"efd6d09\" data-element_type=\"container\" data-e-type=\"container\" data-settings=\"{&quot;animation&quot;:&quot;none&quot;}\">\n\t\t<div class=\"elementor-element elementor-element-fbff4d3 e-con-full e-flex e-con e-parent\" data-id=\"fbff4d3\" data-element_type=\"container\" data-e-type=\"container\">\n\t\t\t\t<div class=\"elementor-element elementor-element-c1144af animated-fast elementor-invisible elementor-widget elementor-widget-heading\" data-id=\"c1144af\" data-element_type=\"widget\" data-e-type=\"widget\" data-settings=\"{&quot;_animation&quot;:&quot;slideInRight&quot;}\" data-widget_type=\"heading.default\">\n\t\t\t\t<div class=\"elementor-widget-container\">\n\t\t\t\t\t<h4 class=\"elementor-heading-title elementor-size-medium\">Centros de Compet\u00eancia:<\/h4>\t\t\t\t<\/div>\n\t\t\t\t<\/div>\n\t\t\t\t<div class=\"elementor-element elementor-element-708eae9 animated-slow elementor-invisible elementor-widget elementor-widget-text-editor\" data-id=\"708eae9\" data-element_type=\"widget\" data-e-type=\"widget\" data-settings=\"{&quot;_animation&quot;:&quot;fadeInRight&quot;}\" data-widget_type=\"text-editor.default\">\n\t\t\t\t<div class=\"elementor-widget-container\">\n\t\t\t\t\t\t\t\t\t<p><a href=\"https:\/\/educom.pt\/site\/sobre\/centro-de-competencias\/\" target=\"_blank\" rel=\"noopener\">Centro de Compet\u00eancia da Educom<\/a><br \/><a href=\"http:\/\/projectos.ese.ips.pt\/cctic\/\" target=\"_blank\" rel=\"noopener\">Centro de Compet\u00eancia da ESE\/IP de Set\u00fabal<\/a><br \/><a href=\"https:\/\/cctic.ese.ipsantarem.pt\/cctic\/\" target=\"_blank\" rel=\"noopener\">Centro de Compet\u00eancia da ESE\/IP de Santar\u00e9m<\/a><br \/><a href=\"https:\/\/www.ua.pt\/pt\/cctic\/\" target=\"_blank\" rel=\"noopener\">Centro de Compet\u00eancia da Universidade de Aveiro<\/a><br \/><a href=\"https:\/\/www.uevora.pt\/servicos\/Centro-de-Competencia-TIC-da-Universidade-de-Evora\" target=\"_blank\" rel=\"noopener\">Centro de Compet\u00eancia da Universidade de \u00c9vora<\/a><br \/><a href=\"https:\/\/www.nonio.uminho.pt\/\" target=\"_blank\" rel=\"noopener\">Centro de Compet\u00eancia da Universidade do Minho<\/a><br \/><a href=\"https:\/\/softciencias.pt\/wp\/\" target=\"_blank\" rel=\"noopener\">Centro de Compet\u00eancia Softci\u00eancias<\/a><br \/><a href=\"http:\/\/c2ti.ie.ulisboa.pt\/centro\/\" target=\"_blank\" rel=\"noopener\">Centro de Compet\u00eancia C2TI IE Univ. Lisboa<\/a><br \/><a href=\"https:\/\/ese.ipb.pt\/\" target=\"_blank\" rel=\"noopener\">Centro de Compet\u00eancia ESE\/IP de Bragan\u00e7a<\/a><br \/><a href=\"https:\/\/www.ccems.pt\/\" target=\"_blank\" rel=\"noopener\">Centro de Compet\u00eancia entre Mar e Serra &#8211; Leiria<\/a><br \/><a href=\"https:\/\/cctic.ipcb.pt\/\" target=\"_blank\" rel=\"noopener\">Centro de Compet\u00eancia ESE\/IP de Castelo Branco<\/a><br \/><a href=\"http:\/\/cctic.esev.ipv.pt\/\" target=\"_blank\" rel=\"noopener\">Centro de Compet\u00eancia ESE\/IP de Viseu<\/a><\/p>\t\t\t\t\t\t\t\t<\/div>\n\t\t\t\t<\/div>\n\t\t\t\t<\/div>\n\t\t\t\t<div class=\"elementor-element elementor-element-7b7450d elementor-widget-divider--view-line elementor-widget elementor-widget-divider\" data-id=\"7b7450d\" data-element_type=\"widget\" data-e-type=\"widget\" data-widget_type=\"divider.default\">\n\t\t\t\t<div class=\"elementor-widget-container\">\n\t\t\t\t\t\t\t<div class=\"elementor-divider\">\n\t\t\t<span class=\"elementor-divider-separator\">\n\t\t\t\t\t\t<\/span>\n\t\t<\/div>\n\t\t\t\t\t\t<\/div>\n\t\t\t\t<\/div>\n\t\t\t\t<div class=\"elementor-element elementor-element-78aeffa elementor-widget elementor-widget-text-editor\" data-id=\"78aeffa\" data-element_type=\"widget\" data-e-type=\"widget\" data-widget_type=\"text-editor.default\">\n\t\t\t\t<div class=\"elementor-widget-container\">\n\t\t\t\t\t\t\t\t\t<p style=\"text-align: center;\">Quaisquer d\u00favidas poder\u00e3o ser esclarecidas por email:\u00a0<strong>tic.portugal@educom.pt\u00a0<\/strong>ou por telefone: <strong>96 50 28 719<\/strong> \u2013 V\u00edtor Godinho.<\/p>\t\t\t\t\t\t\t\t<\/div>\n\t\t\t\t<\/div>\n\t\t\t\t<div class=\"elementor-element elementor-element-6f88e91 elementor-view-default elementor-widget elementor-widget-icon\" data-id=\"6f88e91\" data-element_type=\"widget\" data-e-type=\"widget\" data-widget_type=\"icon.default\">\n\t\t\t\t<div class=\"elementor-widget-container\">\n\t\t\t\t\t\t\t<div class=\"elementor-icon-wrapper\">\n\t\t\t<div class=\"elementor-icon\">\n\t\t\t<svg aria-hidden=\"true\" class=\"e-font-icon-svg e-fas-question\" viewBox=\"0 0 384 512\" xmlns=\"http:\/\/www.w3.org\/2000\/svg\"><path d=\"M202.021 0C122.202 0 70.503 32.703 29.914 91.026c-7.363 10.58-5.093 25.086 5.178 32.874l43.138 32.709c10.373 7.865 25.132 6.026 33.253-4.148 25.049-31.381 43.63-49.449 82.757-49.449 30.764 0 68.816 19.799 68.816 49.631 0 22.552-18.617 34.134-48.993 51.164-35.423 19.86-82.299 44.576-82.299 106.405V320c0 13.255 10.745 24 24 24h72.471c13.255 0 24-10.745 24-24v-5.773c0-42.86 125.268-44.645 125.268-160.627C377.504 66.256 286.902 0 202.021 0zM192 373.459c-38.196 0-69.271 31.075-69.271 69.271 0 38.195 31.075 69.27 69.271 69.27s69.271-31.075 69.271-69.271-31.075-69.27-69.271-69.27z\"><\/path><\/svg>\t\t\t<\/div>\n\t\t<\/div>\n\t\t\t\t\t\t<\/div>\n\t\t\t\t<\/div>\n\t\t\t\t<\/div>\n\t\t\t\t\t<\/div>\n\t\t\t\t<\/div>\n\t\t\t\t<\/div>\n\t\t","protected":false},"excerpt":{"rendered":"<p>TIC@PORTUGAL&#8217;24 0 JULHO 20 24 EDUCOM \u2013 Associa\u00e7\u00e3o Portuguesa de Telem\u00e1tica Educativa Jo\u00e3o Correia de Freitas Carolina Pereira V\u00edtor Godinho Lopes Secretariado Albufeira: Anabela Furet Joana Jac\u00f3 M\u00f3nica Aldeia Secretariado Monte da Caparica: Carla Paci\u00eancia Carla B. M\u00f3nica Bate V\u00edtor Godinho Secretariado On-line: Lu\u00eds Valente V\u00edtor Godinho Email:\u00a0tic.portugal@educom.pt Acredita\u00e7\u00e3o do Encontro:\u00a0Todos os participantes receber\u00e3o um certificado de participa\u00e7\u00e3o.\u00a0Aos participantes que no ato de inscri\u00e7\u00e3o solicitaram certifica\u00e7\u00e3o como A\u00e7\u00e3o de Curta Dura\u00e7\u00e3o (ACD), num total de 6h, ser\u00e1 emitido e enviado o respetivo certificado.\u00a0 Centros de Compet\u00eancia: Centro de Compet\u00eancia da EducomCentro de Compet\u00eancia da ESE\/IP de Set\u00fabalCentro de Compet\u00eancia da\u2026<\/p>\n","protected":false},"author":123456,"featured_media":0,"parent":0,"menu_order":0,"comment_status":"closed","ping_status":"closed","template":"elementor_header_footer","meta":{"footnotes":""},"class_list":["post-253","page","type-page","status-publish","hentry"],"blocksy_meta":"","_links":{"self":[{"href":"https:\/\/wordpress.educom.pt\/TIC-Portugal-24\/wp-json\/wp\/v2\/pages\/253","targetHints":{"allow":["GET"]}}],"collection":[{"href":"https:\/\/wordpress.educom.pt\/TIC-Portugal-24\/wp-json\/wp\/v2\/pages"}],"about":[{"href":"https:\/\/wordpress.educom.pt\/TIC-Portugal-24\/wp-json\/wp\/v2\/types\/page"}],"author":[{"embeddable":true,"href":"https:\/\/wordpress.educom.pt\/TIC-Portugal-24\/wp-json\/wp\/v2\/users\/123456"}],"replies":[{"embeddable":true,"href":"https:\/\/wordpress.educom.pt\/TIC-Portugal-24\/wp-json\/wp\/v2\/comments?post=253"}],"version-history":[{"count":46,"href":"https:\/\/wordpress.educom.pt\/TIC-Portugal-24\/wp-json\/wp\/v2\/pages\/253\/revisions"}],"predecessor-version":[{"id":2751,"href":"https:\/\/wordpress.educom.pt\/TIC-Portugal-24\/wp-json\/wp\/v2\/pages\/253\/revisions\/2751"}],"wp:attachment":[{"href":"https:\/\/wordpress.educom.pt\/TIC-Portugal-24\/wp-json\/wp\/v2\/media?parent=253"}],"curies":[{"name":"wp","href":"https:\/\/api.w.org\/{rel}","templated":true}]}}