{"id":303,"date":"2024-06-21T07:40:01","date_gmt":"2024-06-21T07:40:01","guid":{"rendered":"https:\/\/wordpress.educom.pt\/TIC-Portugal-23\/?page_id=303"},"modified":"2025-07-04T01:31:05","modified_gmt":"2025-07-04T01:31:05","slug":"ticportugal25-4","status":"publish","type":"page","link":"https:\/\/wordpress.educom.pt\/TIC-Portugal-25\/ticportugal25-4\/","title":{"rendered":"Inscri\u00e7\u00f5es"},"content":{"rendered":"\t\t<div data-elementor-type=\"wp-page\" data-elementor-id=\"303\" class=\"elementor elementor-303\">\n\t\t\t\t<div class=\"elementor-element elementor-element-641be70 e-con-full e-flex e-con e-parent\" data-id=\"641be70\" data-element_type=\"container\" data-e-type=\"container\" data-settings=\"{&quot;background_background&quot;:&quot;classic&quot;}\">\n\t\t\t\t<div class=\"elementor-element elementor-element-53be319d animated-slow elementor-invisible elementor-widget elementor-widget-heading\" data-id=\"53be319d\" data-element_type=\"widget\" data-e-type=\"widget\" data-settings=\"{&quot;_animation&quot;:&quot;fadeIn&quot;}\" data-widget_type=\"heading.default\">\n\t\t\t\t<div class=\"elementor-widget-container\">\n\t\t\t\t\t<h6 class=\"elementor-heading-title elementor-size-xxl\">TIC@PORTUGAL'25<\/h6>\t\t\t\t<\/div>\n\t\t\t\t<\/div>\n\t\t\t\t<\/div>\n\t\t<div class=\"elementor-element elementor-element-759ce66 e-flex e-con-boxed e-con e-parent\" data-id=\"759ce66\" data-element_type=\"container\" data-e-type=\"container\" data-settings=\"{&quot;background_background&quot;:&quot;classic&quot;}\">\n\t\t\t\t\t<div class=\"e-con-inner\">\n\t\t<div class=\"elementor-element elementor-element-e176e8a e-con-full animated-fast e-flex e-con e-child\" data-id=\"e176e8a\" data-element_type=\"container\" data-e-type=\"container\" data-settings=\"{&quot;animation&quot;:&quot;none&quot;}\">\n\t\t\t\t<div class=\"elementor-element elementor-element-14650f6 elementor-widget__width-initial elementor-widget elementor-widget-counter\" data-id=\"14650f6\" data-element_type=\"widget\" data-e-type=\"widget\" data-widget_type=\"counter.default\">\n\t\t\t\t<div class=\"elementor-widget-container\">\n\t\t\t\t\t\t\t<div class=\"elementor-counter\">\n\t\t\t<div class=\"elementor-counter-title\">JULHO<\/div>\t\t\t<div class=\"elementor-counter-number-wrapper\">\n\t\t\t\t<span class=\"elementor-counter-number-prefix\"><\/span>\n\t\t\t\t<span class=\"elementor-counter-number\" data-duration=\"1000\" data-to-value=\"4\" data-from-value=\"0\">0<\/span>\n\t\t\t\t<span class=\"elementor-counter-number-suffix\"><\/span>\n\t\t\t<\/div>\n\t\t<\/div>\n\t\t\t\t\t\t<\/div>\n\t\t\t\t<\/div>\n\t\t\t\t<div class=\"elementor-element elementor-element-7bba5e1 elementor-widget elementor-widget-counter\" data-id=\"7bba5e1\" data-element_type=\"widget\" data-e-type=\"widget\" data-widget_type=\"counter.default\">\n\t\t\t\t<div class=\"elementor-widget-container\">\n\t\t\t\t\t\t\t<div class=\"elementor-counter\">\n\t\t\t\t\t\t<div class=\"elementor-counter-number-wrapper\">\n\t\t\t\t<span class=\"elementor-counter-number-prefix\">20<\/span>\n\t\t\t\t<span class=\"elementor-counter-number\" data-duration=\"2000\" data-to-value=\"25\" data-from-value=\"25\">25<\/span>\n\t\t\t\t<span class=\"elementor-counter-number-suffix\"><\/span>\n\t\t\t<\/div>\n\t\t<\/div>\n\t\t\t\t\t\t<\/div>\n\t\t\t\t<\/div>\n\t\t\t\t<\/div>\n\t\t<div class=\"elementor-element elementor-element-85366a2 e-con-full e-flex e-con e-child\" data-id=\"85366a2\" data-element_type=\"container\" data-e-type=\"container\">\n\t\t\t\t<div class=\"elementor-element elementor-element-7394bb4 animated-fast elementor-invisible elementor-widget elementor-widget-heading\" data-id=\"7394bb4\" data-element_type=\"widget\" data-e-type=\"widget\" data-settings=\"{&quot;_animation&quot;:&quot;fadeIn&quot;}\" data-widget_type=\"heading.default\">\n\t\t\t\t<div class=\"elementor-widget-container\">\n\t\t\t\t\t<h4 class=\"elementor-heading-title elementor-size-xl\">INSCRI\u00c7\u00c3O<\/h4>\t\t\t\t<\/div>\n\t\t\t\t<\/div>\n\t\t\t\t<div class=\"elementor-element elementor-element-d036072 animated-slow elementor-widget elementor-widget-text-editor\" data-id=\"d036072\" data-element_type=\"widget\" data-e-type=\"widget\" data-settings=\"{&quot;_animation&quot;:&quot;none&quot;}\" data-widget_type=\"text-editor.default\">\n\t\t\t\t<div class=\"elementor-widget-container\">\n\t\t\t\t\t\t\t\t\t<p>O TIC@Portugal&#8217;25 ir\u00e1 decorrer presencialmente no <strong>Monte de Caparica<\/strong> e <strong>Albufeira<\/strong> e tamb\u00e9m <strong><i>online<\/i><\/strong>.<\/p><p><span style=\"font-size: inherit; text-align: inherit; color: var(--color); font-family: var(--fontFamily); font-style: var(--fontStyle, inherit); font-weight: var(--fontWeight); letter-spacing: var(--letterSpacing); text-transform: var(--textTransform);\">A Inscri\u00e7\u00e3o \u00e9 gratuita, mas obrigat\u00f3ria para poder garantir a sua participa\u00e7\u00e3o, uma vez que h\u00e1 limite de participantes.<\/span><\/p><p style=\"text-align: center;\"><strong>Data limite para inscri\u00e7\u00e3o:<\/strong> 1 de julho de 2025<\/p>\t\t\t\t\t\t\t\t<\/div>\n\t\t\t\t<\/div>\n\t\t\t\t<\/div>\n\t\t\t\t\t<\/div>\n\t\t\t\t<\/div>\n\t\t<div class=\"elementor-element elementor-element-a4724df e-flex e-con-boxed e-con e-parent\" data-id=\"a4724df\" data-element_type=\"container\" data-e-type=\"container\" data-settings=\"{&quot;background_background&quot;:&quot;classic&quot;}\">\n\t\t\t\t\t<div class=\"e-con-inner\">\n\t\t<div class=\"elementor-element elementor-element-0d11faf e-con-full e-flex elementor-invisible e-con e-child\" data-id=\"0d11faf\" data-element_type=\"container\" data-e-type=\"container\" data-settings=\"{&quot;background_background&quot;:&quot;classic&quot;,&quot;animation&quot;:&quot;fadeInDown&quot;,&quot;animation_delay&quot;:300}\">\n\t\t\t\t<div class=\"elementor-element elementor-element-4ec0918 elementor-widget elementor-widget-heading\" data-id=\"4ec0918\" data-element_type=\"widget\" data-e-type=\"widget\" data-widget_type=\"heading.default\">\n\t\t\t\t<div class=\"elementor-widget-container\">\n\t\t\t\t\t<h3 class=\"elementor-heading-title elementor-size-default\"><a href=\"#monte\">MONTE DE CAPARICA<\/a><\/h3>\t\t\t\t<\/div>\n\t\t\t\t<\/div>\n\t\t\t\t<div class=\"elementor-element elementor-element-4d92841 elementor-widget elementor-widget-text-editor\" data-id=\"4d92841\" data-element_type=\"widget\" data-e-type=\"widget\" data-widget_type=\"text-editor.default\">\n\t\t\t\t<div class=\"elementor-widget-container\">\n\t\t\t\t\t\t\t\t\t<p style=\"text-align: center;\"><span style=\"color: #ccffff;\">Inscri\u00e7\u00f5es\u00a0fechadas<\/span><\/p>\t\t\t\t\t\t\t\t<\/div>\n\t\t\t\t<\/div>\n\t\t\t\t<\/div>\n\t\t<div class=\"elementor-element elementor-element-cb71089 e-con-full e-flex elementor-invisible e-con e-child\" data-id=\"cb71089\" data-element_type=\"container\" data-e-type=\"container\" data-settings=\"{&quot;background_background&quot;:&quot;classic&quot;,&quot;animation&quot;:&quot;fadeInDown&quot;,&quot;animation_delay&quot;:900}\">\n\t\t\t\t<div class=\"elementor-element elementor-element-a22b2c0 elementor-widget elementor-widget-heading\" data-id=\"a22b2c0\" data-element_type=\"widget\" data-e-type=\"widget\" data-widget_type=\"heading.default\">\n\t\t\t\t<div class=\"elementor-widget-container\">\n\t\t\t\t\t<h3 class=\"elementor-heading-title elementor-size-default\"><a href=\"#faro\">Albufeira<\/a><\/h3>\t\t\t\t<\/div>\n\t\t\t\t<\/div>\n\t\t\t\t<div class=\"elementor-element elementor-element-c26d1b5 elementor-widget elementor-widget-text-editor\" data-id=\"c26d1b5\" data-element_type=\"widget\" data-e-type=\"widget\" data-widget_type=\"text-editor.default\">\n\t\t\t\t<div class=\"elementor-widget-container\">\n\t\t\t\t\t\t\t\t\t<p style=\"text-align: center;\"><span style=\"color: #ccffff;\">Inscri\u00e7\u00f5es fechadas<\/span><\/p>\t\t\t\t\t\t\t\t<\/div>\n\t\t\t\t<\/div>\n\t\t\t\t<\/div>\n\t\t<div class=\"elementor-element elementor-element-98b6ac3 e-con-full e-flex elementor-invisible e-con e-child\" data-id=\"98b6ac3\" data-element_type=\"container\" data-e-type=\"container\" data-settings=\"{&quot;background_background&quot;:&quot;classic&quot;,&quot;animation&quot;:&quot;fadeInDown&quot;,&quot;animation_delay&quot;:1200}\">\n\t\t\t\t<div class=\"elementor-element elementor-element-a3d2df5 elementor-widget elementor-widget-heading\" data-id=\"a3d2df5\" data-element_type=\"widget\" data-e-type=\"widget\" data-widget_type=\"heading.default\">\n\t\t\t\t<div class=\"elementor-widget-container\">\n\t\t\t\t\t<h3 class=\"elementor-heading-title elementor-size-default\"><a href=\"#online\">ONLINE<\/a><\/h3>\t\t\t\t<\/div>\n\t\t\t\t<\/div>\n\t\t\t\t<div class=\"elementor-element elementor-element-e47b96c elementor-widget elementor-widget-text-editor\" data-id=\"e47b96c\" data-element_type=\"widget\" data-e-type=\"widget\" data-widget_type=\"text-editor.default\">\n\t\t\t\t<div class=\"elementor-widget-container\">\n\t\t\t\t\t\t\t\t\t<p style=\"text-align: center;\"><span style=\"color: #003366;\">Inscri\u00e7\u00f5es fechadas<\/span><\/p>\t\t\t\t\t\t\t\t<\/div>\n\t\t\t\t<\/div>\n\t\t\t\t<\/div>\n\t\t\t\t\t<\/div>\n\t\t\t\t<\/div>\n\t\t<div class=\"elementor-element elementor-element-e500f21 animated-slow e-flex e-con-boxed e-con e-parent\" data-id=\"e500f21\" data-element_type=\"container\" data-e-type=\"container\" data-settings=\"{&quot;background_background&quot;:&quot;classic&quot;,&quot;animation&quot;:&quot;none&quot;,&quot;animation_delay&quot;:300}\">\n\t\t\t\t\t<div class=\"e-con-inner\">\n\t\t\t\t<div class=\"elementor-element elementor-element-e5f7579 elementor-widget__width-initial elementor-widget elementor-widget-heading\" data-id=\"e5f7579\" data-element_type=\"widget\" data-e-type=\"widget\" id=\"monte\" data-settings=\"{&quot;_animation&quot;:&quot;none&quot;}\" data-widget_type=\"heading.default\">\n\t\t\t\t<div class=\"elementor-widget-container\">\n\t\t\t\t\t<h3 class=\"elementor-heading-title elementor-size-large\"><br>MONTE DE CAPARICA<\/h3>\t\t\t\t<\/div>\n\t\t\t\t<\/div>\n\t\t<div class=\"elementor-element elementor-element-8bb93d1 e-con-full e-flex e-con e-child\" data-id=\"8bb93d1\" data-element_type=\"container\" data-e-type=\"container\" data-settings=\"{&quot;background_background&quot;:&quot;classic&quot;,&quot;animation&quot;:&quot;none&quot;}\">\n\t\t\t\t<div class=\"elementor-element elementor-element-dfda076 elementor-widget elementor-widget-text-editor\" data-id=\"dfda076\" data-element_type=\"widget\" data-e-type=\"widget\" data-widget_type=\"text-editor.default\">\n\t\t\t\t<div class=\"elementor-widget-container\">\n\t\t\t\t\t\t\t\t\t<p>Sob a responsabilidade do ccTIC EDUCOM<\/p>\t\t\t\t\t\t\t\t<\/div>\n\t\t\t\t<\/div>\n\t\t\t\t<div class=\"elementor-element elementor-element-7e690e5 elementor-widget elementor-widget-text-editor\" data-id=\"7e690e5\" data-element_type=\"widget\" data-e-type=\"widget\" id=\"monte\" data-widget_type=\"text-editor.default\">\n\t\t\t\t<div class=\"elementor-widget-container\">\n\t\t\t\t\t\t\t\t\t<p><strong>Local<\/strong>: AE da Caparica<\/p>\t\t\t\t\t\t\t\t<\/div>\n\t\t\t\t<\/div>\n\t\t\t\t<div class=\"elementor-element elementor-element-ff4540b elementor-widget elementor-widget-text-editor\" data-id=\"ff4540b\" data-element_type=\"widget\" data-e-type=\"widget\" data-widget_type=\"text-editor.default\">\n\t\t\t\t<div class=\"elementor-widget-container\">\n\t\t\t\t\t\t\t\t\t<p style=\"text-align: left;\"><strong>Inscri\u00e7\u00f5es: aceder ao formul\u00e1rio<\/strong><\/p>\t\t\t\t\t\t\t\t<\/div>\n\t\t\t\t<\/div>\n\t\t\t\t<\/div>\n\t\t\t\t\t<\/div>\n\t\t\t\t<\/div>\n\t\t<div class=\"elementor-element elementor-element-3b85332 animated-slow e-flex e-con-boxed e-con e-parent\" data-id=\"3b85332\" data-element_type=\"container\" data-e-type=\"container\" data-settings=\"{&quot;background_background&quot;:&quot;classic&quot;,&quot;animation&quot;:&quot;none&quot;,&quot;animation_delay&quot;:300}\">\n\t\t\t\t\t<div class=\"e-con-inner\">\n\t\t\t\t<div class=\"elementor-element elementor-element-a74f70d elementor-widget__width-initial elementor-widget elementor-widget-heading\" data-id=\"a74f70d\" data-element_type=\"widget\" data-e-type=\"widget\" id=\"faro\" data-settings=\"{&quot;_animation&quot;:&quot;none&quot;}\" data-widget_type=\"heading.default\">\n\t\t\t\t<div class=\"elementor-widget-container\">\n\t\t\t\t\t<h3 class=\"elementor-heading-title elementor-size-large\"><br><br>Albufeira<\/h3>\t\t\t\t<\/div>\n\t\t\t\t<\/div>\n\t\t<div class=\"elementor-element elementor-element-1153771 e-con-full e-flex e-con e-child\" data-id=\"1153771\" data-element_type=\"container\" data-e-type=\"container\" data-settings=\"{&quot;background_background&quot;:&quot;classic&quot;,&quot;animation&quot;:&quot;none&quot;}\">\n\t\t\t\t<div class=\"elementor-element elementor-element-07b7df6 elementor-widget elementor-widget-text-editor\" data-id=\"07b7df6\" data-element_type=\"widget\" data-e-type=\"widget\" data-widget_type=\"text-editor.default\">\n\t\t\t\t<div class=\"elementor-widget-container\">\n\t\t\t\t\t\t\t\t\t<p>Sob a responsabilidade do ccTIC EDUCOM<\/p>\t\t\t\t\t\t\t\t<\/div>\n\t\t\t\t<\/div>\n\t\t\t\t<div class=\"elementor-element elementor-element-9b5ea31 elementor-widget elementor-widget-text-editor\" data-id=\"9b5ea31\" data-element_type=\"widget\" data-e-type=\"widget\" data-widget_type=\"text-editor.default\">\n\t\t\t\t<div class=\"elementor-widget-container\">\n\t\t\t\t\t\t\t\t\t<p><strong>Local<\/strong>: Escola B\u00e1sica da Guia, pertencente ao Agrupamento de Escolas Albufeira\u00a0Poente<span style=\"font-size: inherit; text-align: inherit; color: var(--color); font-family: var(--fontFamily); font-style: var(--fontStyle, inherit); font-weight: var(--fontWeight); letter-spacing: var(--letterSpacing); text-transform: var(--textTransform);\">\u00a0(<\/span><a href=\"https:\/\/maps.app.goo.gl\/rj1eT3Y2tLqjCxeg6\" target=\"_blank\" rel=\"noopener\"><span style=\"text-decoration-line: underline;\">Google Maps<\/span><\/a><span style=\"font-size: inherit; text-align: inherit; color: var(--color); font-family: var(--fontFamily); font-style: var(--fontStyle, inherit); font-weight: var(--fontWeight); letter-spacing: var(--letterSpacing); text-transform: var(--textTransform);\">)<\/span><\/p>\t\t\t\t\t\t\t\t<\/div>\n\t\t\t\t<\/div>\n\t\t\t\t<div class=\"elementor-element elementor-element-6e9f25a elementor-widget elementor-widget-text-editor\" data-id=\"6e9f25a\" data-element_type=\"widget\" data-e-type=\"widget\" data-widget_type=\"text-editor.default\">\n\t\t\t\t<div class=\"elementor-widget-container\">\n\t\t\t\t\t\t\t\t\t<p style=\"text-align: left;\"><strong>Inscri\u00e7\u00f5es: aceder ao formul\u00e1rio<\/strong><\/p>\t\t\t\t\t\t\t\t<\/div>\n\t\t\t\t<\/div>\n\t\t\t\t<\/div>\n\t\t\t\t\t<\/div>\n\t\t\t\t<\/div>\n\t\t<div class=\"elementor-element elementor-element-1752c47 animated-slow e-flex e-con-boxed e-con e-parent\" data-id=\"1752c47\" data-element_type=\"container\" data-e-type=\"container\" data-settings=\"{&quot;background_background&quot;:&quot;classic&quot;,&quot;animation&quot;:&quot;none&quot;,&quot;animation_delay&quot;:300}\">\n\t\t\t\t\t<div class=\"e-con-inner\">\n\t\t\t\t<div class=\"elementor-element elementor-element-3372022 elementor-widget__width-initial elementor-widget elementor-widget-heading\" data-id=\"3372022\" data-element_type=\"widget\" data-e-type=\"widget\" id=\"online\" data-settings=\"{&quot;_animation&quot;:&quot;none&quot;}\" data-widget_type=\"heading.default\">\n\t\t\t\t<div class=\"elementor-widget-container\">\n\t\t\t\t\t<h3 class=\"elementor-heading-title elementor-size-large\"><br><br><br>ONLINE<\/h3>\t\t\t\t<\/div>\n\t\t\t\t<\/div>\n\t\t<div class=\"elementor-element elementor-element-4c72834 e-con-full e-flex e-con e-child\" data-id=\"4c72834\" data-element_type=\"container\" data-e-type=\"container\" data-settings=\"{&quot;background_background&quot;:&quot;classic&quot;,&quot;animation&quot;:&quot;none&quot;}\">\n\t\t\t\t<div class=\"elementor-element elementor-element-811595f elementor-widget elementor-widget-text-editor\" data-id=\"811595f\" data-element_type=\"widget\" data-e-type=\"widget\" data-widget_type=\"text-editor.default\">\n\t\t\t\t<div class=\"elementor-widget-container\">\n\t\t\t\t\t\t\t\t\t<p>Sob a responsabilidade do ccTIC EDUCOM em colabora\u00e7\u00e3o com os ccTIC da Universidade do Minho, Instituto Polit\u00e9cnico de Bragan\u00e7a, Entre Mar e Serra, Instituto Polit\u00e9cnico de Castelo Branco, Instituto Polit\u00e9cnico de Viseu<\/p>\t\t\t\t\t\t\t\t<\/div>\n\t\t\t\t<\/div>\n\t\t\t\t<div class=\"elementor-element elementor-element-d114723 elementor-widget elementor-widget-text-editor\" data-id=\"d114723\" data-element_type=\"widget\" data-e-type=\"widget\" data-widget_type=\"text-editor.default\">\n\t\t\t\t<div class=\"elementor-widget-container\">\n\t\t\t\t\t\t\t\t\t<p><strong>Local<\/strong>: <em>online<\/em> (plataforma\u00a0 Zoom)<\/p>\t\t\t\t\t\t\t\t<\/div>\n\t\t\t\t<\/div>\n\t\t\t\t<div class=\"elementor-element elementor-element-35b354e elementor-widget elementor-widget-text-editor\" data-id=\"35b354e\" data-element_type=\"widget\" data-e-type=\"widget\" data-widget_type=\"text-editor.default\">\n\t\t\t\t<div class=\"elementor-widget-container\">\n\t\t\t\t\t\t\t\t\t<p style=\"text-align: left;\"><strong>Inscri\u00e7\u00f5es: aceder ao formul\u00e1rio<\/strong><\/p>\t\t\t\t\t\t\t\t<\/div>\n\t\t\t\t<\/div>\n\t\t\t\t<div class=\"elementor-element elementor-element-0dddd4b elementor-widget elementor-widget-text-editor\" data-id=\"0dddd4b\" data-element_type=\"widget\" data-e-type=\"widget\" data-widget_type=\"text-editor.default\">\n\t\t\t\t<div class=\"elementor-widget-container\">\n\t\t\t\t\t\t\t\t\t<p style=\"text-align: left;\"><span style=\"font-size: inherit; text-align: inherit; color: var(--color); font-family: var(--fontFamily); font-style: var(--fontStyle, inherit); font-weight: var(--fontWeight); letter-spacing: var(--letterSpacing); text-transform: var(--textTransform);\">As vagas (limitadas) destinam-se preferencialmente a participantes fora de Portugal ou a participantes distantes dos locais onde se realiza o TIC@PT\u201925 com presen\u00e7a f\u00edsica: Monte de Caparica e Albufeira.<\/span><\/p>\t\t\t\t\t\t\t\t<\/div>\n\t\t\t\t<\/div>\n\t\t\t\t<\/div>\n\t\t\t\t\t<\/div>\n\t\t\t\t<\/div>\n\t\t<div class=\"elementor-element elementor-element-be9e721 e-flex e-con-boxed e-con e-parent\" data-id=\"be9e721\" data-element_type=\"container\" data-e-type=\"container\">\n\t\t\t\t\t<div class=\"e-con-inner\">\n\t\t<div class=\"elementor-element elementor-element-efd6d09 e-con-full e-flex e-con e-child\" data-id=\"efd6d09\" data-element_type=\"container\" data-e-type=\"container\">\n\t\t\t\t<div class=\"elementor-element elementor-element-7b7450d elementor-widget-divider--view-line elementor-widget elementor-widget-divider\" data-id=\"7b7450d\" data-element_type=\"widget\" data-e-type=\"widget\" data-widget_type=\"divider.default\">\n\t\t\t\t<div class=\"elementor-widget-container\">\n\t\t\t\t\t\t\t<div class=\"elementor-divider\">\n\t\t\t<span class=\"elementor-divider-separator\">\n\t\t\t\t\t\t<\/span>\n\t\t<\/div>\n\t\t\t\t\t\t<\/div>\n\t\t\t\t<\/div>\n\t\t\t\t<div class=\"elementor-element elementor-element-6f88e91 elementor-view-default elementor-widget elementor-widget-icon\" data-id=\"6f88e91\" data-element_type=\"widget\" data-e-type=\"widget\" data-widget_type=\"icon.default\">\n\t\t\t\t<div class=\"elementor-widget-container\">\n\t\t\t\t\t\t\t<div class=\"elementor-icon-wrapper\">\n\t\t\t<div class=\"elementor-icon\">\n\t\t\t<svg aria-hidden=\"true\" class=\"e-font-icon-svg e-fas-question\" viewBox=\"0 0 384 512\" xmlns=\"http:\/\/www.w3.org\/2000\/svg\"><path d=\"M202.021 0C122.202 0 70.503 32.703 29.914 91.026c-7.363 10.58-5.093 25.086 5.178 32.874l43.138 32.709c10.373 7.865 25.132 6.026 33.253-4.148 25.049-31.381 43.63-49.449 82.757-49.449 30.764 0 68.816 19.799 68.816 49.631 0 22.552-18.617 34.134-48.993 51.164-35.423 19.86-82.299 44.576-82.299 106.405V320c0 13.255 10.745 24 24 24h72.471c13.255 0 24-10.745 24-24v-5.773c0-42.86 125.268-44.645 125.268-160.627C377.504 66.256 286.902 0 202.021 0zM192 373.459c-38.196 0-69.271 31.075-69.271 69.271 0 38.195 31.075 69.27 69.271 69.27s69.271-31.075 69.271-69.271-31.075-69.27-69.271-69.27z\"><\/path><\/svg>\t\t\t<\/div>\n\t\t<\/div>\n\t\t\t\t\t\t<\/div>\n\t\t\t\t<\/div>\n\t\t\t\t<div class=\"elementor-element elementor-element-78aeffa elementor-widget elementor-widget-text-editor\" data-id=\"78aeffa\" data-element_type=\"widget\" data-e-type=\"widget\" data-widget_type=\"text-editor.default\">\n\t\t\t\t<div class=\"elementor-widget-container\">\n\t\t\t\t\t\t\t\t\t<p style=\"text-align: center;\">Quaisquer d\u00favidas poder\u00e3o ser esclarecidas por email:\u00a0<strong>tic.portugal@educom.pt<\/strong><\/p>\t\t\t\t\t\t\t\t<\/div>\n\t\t\t\t<\/div>\n\t\t\t\t<\/div>\n\t\t\t\t\t<\/div>\n\t\t\t\t<\/div>\n\t\t\t\t<\/div>\n\t\t","protected":false},"excerpt":{"rendered":"<p>TIC@PORTUGAL&#8217;25 JULHO 0 20 25 INSCRI\u00c7\u00c3O O TIC@Portugal&#8217;25 ir\u00e1 decorrer presencialmente no Monte de Caparica e Albufeira e tamb\u00e9m online. A Inscri\u00e7\u00e3o \u00e9 gratuita, mas obrigat\u00f3ria para poder garantir a sua participa\u00e7\u00e3o, uma vez que h\u00e1 limite de participantes. Data limite para inscri\u00e7\u00e3o: 1 de julho de 2025 MONTE DE CAPARICA Inscri\u00e7\u00f5es\u00a0fechadas Albufeira Inscri\u00e7\u00f5es fechadas ONLINE Inscri\u00e7\u00f5es fechadas MONTE DE CAPARICA Sob a responsabilidade do ccTIC EDUCOM Local: AE da Caparica Inscri\u00e7\u00f5es: aceder ao formul\u00e1rio Albufeira Sob a responsabilidade do ccTIC EDUCOM Local: Escola B\u00e1sica da Guia, pertencente ao Agrupamento de Escolas Albufeira\u00a0Poente\u00a0(Google Maps) Inscri\u00e7\u00f5es: aceder ao formul\u00e1rio ONLINE Sob\u2026<\/p>\n","protected":false},"author":123456,"featured_media":0,"parent":0,"menu_order":0,"comment_status":"closed","ping_status":"closed","template":"elementor_header_footer","meta":{"footnotes":""},"class_list":["post-303","page","type-page","status-publish","hentry"],"blocksy_meta":"","_links":{"self":[{"href":"https:\/\/wordpress.educom.pt\/TIC-Portugal-25\/wp-json\/wp\/v2\/pages\/303","targetHints":{"allow":["GET"]}}],"collection":[{"href":"https:\/\/wordpress.educom.pt\/TIC-Portugal-25\/wp-json\/wp\/v2\/pages"}],"about":[{"href":"https:\/\/wordpress.educom.pt\/TIC-Portugal-25\/wp-json\/wp\/v2\/types\/page"}],"author":[{"embeddable":true,"href":"https:\/\/wordpress.educom.pt\/TIC-Portugal-25\/wp-json\/wp\/v2\/users\/123456"}],"replies":[{"embeddable":true,"href":"https:\/\/wordpress.educom.pt\/TIC-Portugal-25\/wp-json\/wp\/v2\/comments?post=303"}],"version-history":[{"count":292,"href":"https:\/\/wordpress.educom.pt\/TIC-Portugal-25\/wp-json\/wp\/v2\/pages\/303\/revisions"}],"predecessor-version":[{"id":2810,"href":"https:\/\/wordpress.educom.pt\/TIC-Portugal-25\/wp-json\/wp\/v2\/pages\/303\/revisions\/2810"}],"wp:attachment":[{"href":"https:\/\/wordpress.educom.pt\/TIC-Portugal-25\/wp-json\/wp\/v2\/media?parent=303"}],"curies":[{"name":"wp","href":"https:\/\/api.w.org\/{rel}","templated":true}]}}